{"id":13047,"date":"2024-03-29T16:32:11","date_gmt":"2024-03-29T09:32:11","guid":{"rendered":"https:\/\/b2c.fairs.vn\/?post_type=product&#038;p=13047"},"modified":"2024-04-04T09:36:29","modified_gmt":"2024-04-04T02:36:29","slug":"nem-tre-em","status":"publish","type":"product","link":"https:\/\/b2c.fairs.vn\/en\/product\/nem-tre-em\/","title":{"rendered":"N\u1ec7m tr\u1ebb em"},"content":{"rendered":"<p>L\u1ef1a ch\u1ecdn n\u1ec7m cho con lu\u00f4n l\u00e0 \u0111i\u1ec1u \u0111\u01b0\u1ee3c c\u00e1c \u00f4ng b\u1ed1, b\u00e0 m\u1eb9 ch\u00fa \u00fd. Ch\u1ea5t li\u1ec7u cao su thi\u00ean nhi\u00ean \u0111\u01b0\u1ee3c x\u1eed l\u00fd tr\u00ean d\u00e2y chuy\u1ec1n s\u1ea3n xu\u1ea5t hi\u1ec7n \u0111\u1ea1i c\u1ee7a DORUFOAM s\u1ebd gi\u00fap b\u00e9 y\u00eau t\u00ecm \u0111\u01b0\u1ee3c c\u1ea3m gi\u00e1c d\u1ec5 ch\u1ecbu, d\u1ec5 d\u00e0ng \u0111i v\u00e0o gi\u1ea5c ng\u1ee7 v\u00e0 \u00edt qu\u1ea5y kh\u00f3c h\u01a1n. Nguy\u00ean li\u1ec7u ho\u00e0n to\u00e0n t\u1ef1 nhi\u00ean r\u1ea5t an to\u00e0n khi s\u1eed d\u1ee5ng cho b\u00e9.<\/p>\n<p>N\u1ec7m cao su thi\u00ean nhi\u00ean DORUFOAM s\u1ea3n xu\u1ea5t tr\u00ean d\u00e2y chuy\u1ec1n c\u00f4ng ngh\u1ec7 \u0111\u01b0\u1ee3c chuy\u1ec3n giao t\u1eeb Malaysia v\u1edbi c\u00e1c m\u00e1y m\u00f3c hi\u1ec7n \u0111\u1ea1i \u0111\u01b0\u1ee3c nh\u1eadp kh\u1ea9u t\u1eeb \u0110\u1ee9c V\u1edbi quy tr\u00ecnh s\u1ea3n xu\u1ea5t kh\u00e9p k\u00edn t\u1eeb kh\u00e2u ch\u1ecdn gi\u1ed1ng- tr\u1ed3ng tr\u1ecdt \u2013 khai th\u00e1c \u2013 ch\u1ebf bi\u1ebfn m\u1ee7 ly t\u00e2m t\u1eeb C\u00f4ng Ty C\u1ed5 Ph\u1ea7n Cao Su \u0110\u1ed3ng Ph\u00fa \u2013 c\u00f4ng ty m\u1eb9 v\u00e0 cho ra c\u00e1c s\u1ea3n ph\u1ea9m n\u1ec7m- g\u1ed1i DORUFOAM t\u1eeb C\u00f4ng Ty C\u1ed5 Ph\u1ea7n Cao Su K\u1ef9 Thu\u1eadt \u0110\u1ed3ng Ph\u00fa \u2013 c\u00f4ng ty con \u0111\u1ea3m b\u1ea3o lu\u00f4n mang \u0111\u1ebfn ch\u1ea5t l\u01b0\u1ee3ng t\u1ed1t nh\u1ea5t v\u00e0 s\u1ef1 an t\u00f2an tuy\u1ec7t \u0111\u1ed1i cho ng\u01b0\u1eddi ti\u00eau d\u00f9ng.<\/p>\n<p>S\u1ea3n ph\u1ea9m \u0111\u01b0\u1ee3c s\u1ea3n xu\u1ea5t t\u1eeb 100% cao su thi\u00ean nhi\u00ean.<\/p>\n<p>&#8211; C\u00e1c s\u1ea3n ph\u1ea9m n\u1ec7m &#8211; g\u1ed1i v\u1edbi c\u1ea5u tr\u00fac t\u1eeb h\u00e0ng tri\u1ec7u b\u1ecdt kh\u00ed li ti t\u1ea1o s\u1ef1 th\u00f4ng tho\u00e1ng khi n\u1eb1m, \u0111\u1ed9 \u0111\u00e0n h\u1ed3i t\u1ed1t, gi\u00fap cho l\u01b0ng \u1edf t\u01b0 th\u1ebf \u1ed5n \u0111\u1ecbnh v\u00e0 kh\u00f4ng \u0111au l\u01b0ng, nh\u1eb9 nh\u00e0ng ru \u00eam gi\u1ea5c ng\u1ee7 c\u1ee7a b\u1ea1n.<\/p>\n<p>&#8211; V\u1edbi \u0111\u1eb7c t\u00ednh \u01b0u vi\u1ec7t c\u1ee7a cao su thi\u00ean nhi\u00ean, n\u1ec7m DORUFOAM mang \u0111\u1ebfn gi\u1ea5c ng\u1ee7 ngon, kh\u00f4ng \u1ea3nh h\u01b0\u1edfng b\u1edfi s\u1ef1 tr\u0103n tr\u1edf c\u1ee7a ng\u01b0\u1eddi b\u00ean c\u1ea1nh.<\/p>\n<div class=\"google-auto-placed ap_container\">\n<p>&nbsp;<\/p>\n<div id=\"aswift_1_host\"><iframe id=\"aswift_1\" tabindex=\"0\" title=\"Advertisement\" src=\"https:\/\/googleads.g.doubleclick.net\/pagead\/ads?client=ca-pub-3418485559994520&amp;output=html&amp;h=280&amp;adk=147251041&amp;adf=2080259547&amp;pi=t.aa~a.4156823300~i.5~rp.4&amp;w=755&amp;fwrn=4&amp;fwrnh=100&amp;lmt=1711704561&amp;num_ads=1&amp;rafmt=1&amp;armr=3&amp;sem=mc&amp;pwprc=2745642318&amp;ad_type=text_image&amp;format=755x280&amp;url=https%3A%2F%2Fdorufoam.com%2Fproducts%2Fnem-tre-em&amp;fwr=0&amp;pra=3&amp;rh=189&amp;rw=755&amp;rpe=1&amp;resp_fmts=3&amp;wgl=1&amp;fa=27&amp;uach=WyJXaW5kb3dzIiwiMTAuMC4wIiwieDg2IiwiIiwiMTIzLjAuNjMxMi41OSIsbnVsbCwwLG51bGwsIjY0IixbWyJHb29nbGUgQ2hyb21lIiwiMTIzLjAuNjMxMi41OSJdLFsiTm90OkEtQnJhbmQiLCI4LjAuMC4wIl0sWyJDaHJvbWl1bSIsIjEyMy4wLjYzMTIuNTkiXV0sMF0.&amp;dt=1711704561324&amp;bpp=2&amp;bdt=1105&amp;idt=-M&amp;shv=r20240327&amp;mjsv=m202403200101&amp;ptt=9&amp;saldr=aa&amp;abxe=1&amp;cookie=ID%3D255a3a2c1cc6fb40%3AT%3D1711704436%3ART%3D1711704436%3AS%3DALNI_MYpeK8lAzePfiwDBRJNUdjTG0LC5w&amp;gpic=UID%3D00000d748bb94180%3AT%3D1711704436%3ART%3D1711704436%3AS%3DALNI_MYIFSfqlXxnmCt958wu_7doRv3t2g&amp;eo_id_str=ID%3D4bc1f840ccbecdcc%3AT%3D1711704436%3ART%3D1711704436%3AS%3DAA-AfjaP242Nk5JU0_C9Ehyo_nlK&amp;prev_fmts=0x0&amp;nras=2&amp;correlator=5254816594551&amp;frm=20&amp;pv=1&amp;ga_vid=1223679853.1711704436&amp;ga_sid=1711704561&amp;ga_hid=1425954019&amp;ga_fc=1&amp;u_tz=420&amp;u_his=8&amp;u_h=864&amp;u_w=1536&amp;u_ah=824&amp;u_aw=1536&amp;u_cd=24&amp;u_sd=1.25&amp;dmc=8&amp;adx=525&amp;ady=1154&amp;biw=1519&amp;bih=738&amp;scr_x=0&amp;scr_y=0&amp;eid=44759876%2C44759927%2C44759837%2C44795921%2C95325426%2C31082130%2C95321963%2C95321868%2C95328825%2C31078663%2C31078665%2C31078668%2C31078670&amp;oid=2&amp;pvsid=2976597623998042&amp;tmod=1662609918&amp;uas=0&amp;nvt=1&amp;ref=https%3A%2F%2Fdorufoam.com%2Fcollections%2Fnem&amp;fc=1408&amp;brdim=0%2C0%2C0%2C0%2C1536%2C0%2C1536%2C824%2C1536%2C738&amp;vis=1&amp;rsz=%7C%7Cs%7C&amp;abl=NS&amp;fu=128&amp;bc=31&amp;bz=1&amp;td=1&amp;psd=W251bGwsbnVsbCxudWxsLDNd&amp;nt=1&amp;ifi=2&amp;uci=a!2&amp;btvi=1&amp;fsb=1&amp;dtd=7\" name=\"aswift_1\" width=\"755\" height=\"0\" frameborder=\"0\" marginwidth=\"0\" marginheight=\"0\" scrolling=\"no\" sandbox=\"allow-forms allow-popups allow-popups-to-escape-sandbox allow-same-origin allow-scripts allow-top-navigation-by-user-activation\" data-google-container-id=\"a!2\" aria-label=\"Advertisement\" data-google-query-id=\"CI3el7OUmYUDFTbpTAId1L0Ocw\" data-load-complete=\"true\" data-mce-fragment=\"1\"><\/iframe><\/div>\n<p>&nbsp;<\/p>\n<\/div>\n<p>&#8211; S\u1ea3n ph\u1ea9m \u0111\u1ea1t ti\u00eau chu\u1ea9n ch\u1ea5t l\u01b0\u1ee3ng ISO 9001:2008.<\/p>\n<div class=\"google-auto-placed ap_container\">\n<p>&nbsp;<\/p>\n<div id=\"aswift_2_host\"><iframe id=\"aswift_2\" tabindex=\"0\" title=\"Advertisement\" src=\"https:\/\/googleads.g.doubleclick.net\/pagead\/ads?client=ca-pub-3418485559994520&amp;output=html&amp;h=280&amp;adk=147251041&amp;adf=3592816564&amp;pi=t.aa~a.4156823300~i.6~rp.4&amp;w=755&amp;fwrn=4&amp;fwrnh=100&amp;lmt=1711704561&amp;num_ads=1&amp;rafmt=1&amp;armr=3&amp;sem=mc&amp;pwprc=2745642318&amp;ad_type=text_image&amp;format=755x280&amp;url=https%3A%2F%2Fdorufoam.com%2Fproducts%2Fnem-tre-em&amp;fwr=0&amp;pra=3&amp;rh=189&amp;rw=755&amp;rpe=1&amp;resp_fmts=3&amp;wgl=1&amp;fa=27&amp;uach=WyJXaW5kb3dzIiwiMTAuMC4wIiwieDg2IiwiIiwiMTIzLjAuNjMxMi41OSIsbnVsbCwwLG51bGwsIjY0IixbWyJHb29nbGUgQ2hyb21lIiwiMTIzLjAuNjMxMi41OSJdLFsiTm90OkEtQnJhbmQiLCI4LjAuMC4wIl0sWyJDaHJvbWl1bSIsIjEyMy4wLjYzMTIuNTkiXV0sMF0.&amp;dt=1711704561324&amp;bpp=1&amp;bdt=1105&amp;idt=1&amp;shv=r20240327&amp;mjsv=m202403200101&amp;ptt=9&amp;saldr=aa&amp;abxe=1&amp;cookie=ID%3D255a3a2c1cc6fb40%3AT%3D1711704436%3ART%3D1711704436%3AS%3DALNI_MYpeK8lAzePfiwDBRJNUdjTG0LC5w&amp;gpic=UID%3D00000d748bb94180%3AT%3D1711704436%3ART%3D1711704436%3AS%3DALNI_MYIFSfqlXxnmCt958wu_7doRv3t2g&amp;eo_id_str=ID%3D4bc1f840ccbecdcc%3AT%3D1711704436%3ART%3D1711704436%3AS%3DAA-AfjaP242Nk5JU0_C9Ehyo_nlK&amp;prev_fmts=0x0%2C755x280&amp;nras=3&amp;correlator=5254816594551&amp;frm=20&amp;pv=1&amp;ga_vid=1223679853.1711704436&amp;ga_sid=1711704561&amp;ga_hid=1425954019&amp;ga_fc=1&amp;u_tz=420&amp;u_his=8&amp;u_h=864&amp;u_w=1536&amp;u_ah=824&amp;u_aw=1536&amp;u_cd=24&amp;u_sd=1.25&amp;dmc=8&amp;adx=525&amp;ady=1475&amp;biw=1519&amp;bih=738&amp;scr_x=0&amp;scr_y=0&amp;eid=44759876%2C44759927%2C44759837%2C44795921%2C95325426%2C31082130%2C95321963%2C95321868%2C95328825%2C31078663%2C31078665%2C31078668%2C31078670&amp;oid=2&amp;pvsid=2976597623998042&amp;tmod=1662609918&amp;uas=0&amp;nvt=1&amp;ref=https%3A%2F%2Fdorufoam.com%2Fcollections%2Fnem&amp;fc=1408&amp;brdim=0%2C0%2C0%2C0%2C1536%2C0%2C1536%2C824%2C1536%2C738&amp;vis=1&amp;rsz=%7C%7Cs%7C&amp;abl=NS&amp;fu=128&amp;bc=31&amp;bz=1&amp;td=1&amp;psd=W251bGwsbnVsbCxudWxsLDNd&amp;nt=1&amp;ifi=3&amp;uci=a!3&amp;btvi=2&amp;fsb=1&amp;dtd=16\" name=\"aswift_2\" width=\"755\" height=\"0\" frameborder=\"0\" marginwidth=\"0\" marginheight=\"0\" scrolling=\"no\" sandbox=\"allow-forms allow-popups allow-popups-to-escape-sandbox allow-same-origin allow-scripts allow-top-navigation-by-user-activation\" data-google-container-id=\"a!3\" aria-label=\"Advertisement\" data-google-query-id=\"CLiVmLOUmYUDFWMmewcdfuYMwg\" data-load-complete=\"true\" data-mce-fragment=\"1\"><\/iframe><\/div>\n<p>&nbsp;<\/p>\n<\/div>\n<p>&#8211; S\u1ea3n ph\u1ea9m \u0111\u1ea1t ch\u1ee9ng nh\u1eadn ph\u00f9 h\u1ee3p ti\u00eau chu\u1ea9n MS 679-2011 do vi\u1ec7n RRIMCORP, m\u1ed9t trong nh\u1eefng vi\u1ec7n cao su h\u00e0ng \u0111\u1ea7u th\u1ebf gi\u1edbi c\u1ea5p.<\/p>\n<p>&#8211; C\u00f3 nhi\u1ec1u quy c\u00e1ch kh\u00e1c nhau \u0111\u1ec3 l\u1ef1a ch\u1ecdn. Gi\u00e1 tr\u00ean \u0111\u00e3 bao g\u1ed3m \u00e1o b\u1ecdc n\u1ec7m .<\/p>","protected":false},"excerpt":{"rendered":"<p>L\u1ef1a ch\u1ecdn n\u1ec7m cho con lu\u00f4n l\u00e0 \u0111i\u1ec1u \u0111\u01b0\u1ee3c c\u00e1c \u00f4ng b\u1ed1, b\u00e0 m\u1eb9 ch\u00fa \u00fd. Ch\u1ea5t li\u1ec7u cao su<\/p>","protected":false},"featured_media":13053,"comment_status":"open","ping_status":"closed","template":"","meta":{"_acf_changed":false},"product_cat":[520,400,366,398,367],"product_tag":[],"class_list":{"0":"post-13047","1":"product","2":"type-product","3":"status-publish","4":"has-post-thumbnail","6":"product_cat-nha-cua-doi-song","7":"product_cat-noi-that","8":"product_cat-hang-cnnt-cap-qg","9":"product_cat-san-pham-cnnt-tb-cap-qg-2021","10":"product_cat-hang-cnnt-cap-qg-2023","12":"first","13":"instock","14":"shipping-taxable","15":"purchasable","16":"product-type-simple"},"acf":[],"_links":{"self":[{"href":"https:\/\/b2c.fairs.vn\/en\/wp-json\/wp\/v2\/product\/13047","targetHints":{"allow":["GET"]}}],"collection":[{"href":"https:\/\/b2c.fairs.vn\/en\/wp-json\/wp\/v2\/product"}],"about":[{"href":"https:\/\/b2c.fairs.vn\/en\/wp-json\/wp\/v2\/types\/product"}],"replies":[{"embeddable":true,"href":"https:\/\/b2c.fairs.vn\/en\/wp-json\/wp\/v2\/comments?post=13047"}],"version-history":[{"count":0,"href":"https:\/\/b2c.fairs.vn\/en\/wp-json\/wp\/v2\/product\/13047\/revisions"}],"wp:featuredmedia":[{"embeddable":true,"href":"https:\/\/b2c.fairs.vn\/en\/wp-json\/wp\/v2\/media\/13053"}],"wp:attachment":[{"href":"https:\/\/b2c.fairs.vn\/en\/wp-json\/wp\/v2\/media?parent=13047"}],"wp:term":[{"taxonomy":"product_cat","embeddable":true,"href":"https:\/\/b2c.fairs.vn\/en\/wp-json\/wp\/v2\/product_cat?post=13047"},{"taxonomy":"product_tag","embeddable":true,"href":"https:\/\/b2c.fairs.vn\/en\/wp-json\/wp\/v2\/product_tag?post=13047"}],"curies":[{"name":"wp","href":"https:\/\/api.w.org\/{rel}","templated":true}]}}