{"id":13022,"date":"2024-03-29T16:31:53","date_gmt":"2024-03-29T09:31:53","guid":{"rendered":"https:\/\/b2c.fairs.vn\/?post_type=product&#038;p=13022"},"modified":"2024-04-19T10:28:26","modified_gmt":"2024-04-19T03:28:26","slug":"tra-sam-day-ngoc-linh-dato","status":"publish","type":"product","link":"https:\/\/b2c.fairs.vn\/en\/product\/tra-sam-day-ngoc-linh-dato\/","title":{"rendered":"Tr\u00e0 s\u00e2m d\u00e2y Ng\u1ecdc Linh DATO"},"content":{"rendered":"<ul>\n<li><strong>Tr\u1ecdng l\u01b0\u1ee3ng:\u00a0<\/strong>50g (2gx25 t\u00fai l\u1ecdc)<\/li>\n<li><strong>Th\u00e0nh ph\u1ea7n:<\/strong>\u00a095% s\u00e2m d\u00e2y Ng\u1ecdc Linh, 5% tam th\u1ea5t.<\/li>\n<li><strong>C\u00f4ng d\u1ee5ng:\u00a0<\/strong>T\u0103ng c\u01b0\u1eddng h\u1ec7 mi\u1ec5n d\u1ecbch, gi\u1ea3m cholesterol, ch\u1ed1ng l\u00e3o ho\u00e1, gi\u1ea3m c\u0103ng th\u1eb3ng, \u0103n ngon ng\u1ee7 ngon<\/li>\n<li><strong>H\u01b0\u1edbng d\u1eabn s\u1eed d\u1ee5ng:<\/strong><\/li>\n<li>\u2013 Cho g\u00f3i tr\u00e0 v\u00e0o 200ml n\u01b0\u1edbc s\u00f4i. Ch\u1edd 3-5 ph\u00fat l\u00e0 d\u00f9ng \u0111\u01b0\u1ee3c.<\/li>\n<li>\u2013 C\u00f3 th\u1ec3 s\u1eed d\u1ee5ng n\u00f3ng ho\u1eb7c l\u1ea1nh, ho\u1eb7c k\u1ebft h\u1ee3p v\u1edbi \u0111\u01b0\u1eddng ph\u00e8n, cam th\u1ea3o, x\u00ed mu\u1ed9i, cam\u2026<\/li>\n<li><strong>H\u1ea1n s\u1eed d\u1ee5ng:<\/strong>\u00a02 n\u0103m t\u1eeb ng\u00e0y s\u1ea3n xu\u1ea5t<\/li>\n<\/ul>","protected":false},"excerpt":{"rendered":"<p>Tr\u1ecdng l\u01b0\u1ee3ng:\u00a050g (2gx25 t\u00fai l\u1ecdc) Th\u00e0nh ph\u1ea7n:\u00a095% s\u00e2m d\u00e2y Ng\u1ecdc Linh, 5% tam th\u1ea5t. C\u00f4ng d\u1ee5ng:\u00a0T\u0103ng c\u01b0\u1eddng h\u1ec7 mi\u1ec5n d\u1ecbch,<\/p>","protected":false},"featured_media":13049,"comment_status":"open","ping_status":"closed","template":"","meta":{"_acf_changed":false},"product_cat":[321,366,367,22,323],"product_tag":[],"class_list":{"0":"post-13022","1":"product","2":"type-product","3":"status-publish","4":"has-post-thumbnail","6":"product_cat-che","7":"product_cat-hang-cnnt-cap-qg","8":"product_cat-hang-cnnt-cap-qg-2023","9":"product_cat-sanphamthucpham","10":"product_cat-san-pham-tra-tu-thuc-vat-khac","12":"first","13":"instock","14":"shipping-taxable","15":"purchasable","16":"product-type-simple"},"acf":[],"_links":{"self":[{"href":"https:\/\/b2c.fairs.vn\/en\/wp-json\/wp\/v2\/product\/13022","targetHints":{"allow":["GET"]}}],"collection":[{"href":"https:\/\/b2c.fairs.vn\/en\/wp-json\/wp\/v2\/product"}],"about":[{"href":"https:\/\/b2c.fairs.vn\/en\/wp-json\/wp\/v2\/types\/product"}],"replies":[{"embeddable":true,"href":"https:\/\/b2c.fairs.vn\/en\/wp-json\/wp\/v2\/comments?post=13022"}],"version-history":[{"count":0,"href":"https:\/\/b2c.fairs.vn\/en\/wp-json\/wp\/v2\/product\/13022\/revisions"}],"wp:featuredmedia":[{"embeddable":true,"href":"https:\/\/b2c.fairs.vn\/en\/wp-json\/wp\/v2\/media\/13049"}],"wp:attachment":[{"href":"https:\/\/b2c.fairs.vn\/en\/wp-json\/wp\/v2\/media?parent=13022"}],"wp:term":[{"taxonomy":"product_cat","embeddable":true,"href":"https:\/\/b2c.fairs.vn\/en\/wp-json\/wp\/v2\/product_cat?post=13022"},{"taxonomy":"product_tag","embeddable":true,"href":"https:\/\/b2c.fairs.vn\/en\/wp-json\/wp\/v2\/product_tag?post=13022"}],"curies":[{"name":"wp","href":"https:\/\/api.w.org\/{rel}","templated":true}]}}