{"id":13018,"date":"2024-03-29T16:22:03","date_gmt":"2024-03-29T09:22:03","guid":{"rendered":"https:\/\/b2c.fairs.vn\/?post_type=product&#038;p=13018"},"modified":"2024-04-01T17:17:37","modified_gmt":"2024-04-01T10:17:37","slug":"banh-pia-nhan-dau-xanh-quang-tran","status":"publish","type":"product","link":"https:\/\/b2c.fairs.vn\/en\/product\/banh-pia-nhan-dau-xanh-quang-tran\/","title":{"rendered":"B\u00e1nh P\u00eda nh\u00e2n d\u1eadu xanh Qu\u00e3ng Tr\u00e2n"},"content":{"rendered":"<p>B\u00e1nh P\u00eda \u0111\u01b0\u1ee3c l\u00e0m ch\u1ee7 y\u1ebfu t\u1eeb \u0111\u1eadu xanh, l\u00f2ng \u0111\u1ecf tr\u1ee9ng mu\u1ed1i, b\u1ed9t m\u00ec v\u00e0 quan tr\u1ecdng nh\u1ea5t l\u00e0 s\u1ea7u ri\u00eang h\u00f2a quy\u1ec7n trong t\u1eebng chi\u1ebfc b\u00e1nh t\u1ea1o n\u00ean h\u01b0\u01a1ng v\u1ecb \u0111\u1eb7c tr\u01b0ng c\u1ee7a lo\u1ea1i b\u00e1nh n\u00e0y.<\/p>\n<p>B\u00e1nh p\u00eda nh\u00e2n \u0111\u1eadu xanh Qu\u00e3ng Tr\u00e2n c\u00f3 v\u1ecb ng\u1ecdt nh\u1eb9 c\u1ee7a \u0111\u1eadu xanh v\u00e0 v\u1ecb b\u00f9i c\u1ee7a s\u1ea7u ri\u00eang v\u00e0 \u0111\u1eadm \u0111\u00e0 c\u1ee7a tr\u1ee9ng, l\u1edbp v\u1ecf b\u00e1nh m\u1ec1m d\u1ebbo, m\u1ecfng manh nh\u01b0ng \u0111o\u00e0n k\u1ebft \u00f4m l\u1ea5y nh\u00e2n b\u00e1nh th\u01a1m ng\u1ecdt b\u00ean trong.<\/p>\n<p>Th\u01b0\u1edfng th\u1ee9c b\u00e1nh p\u00eda c\u00f9ng m\u1ed9t t\u00e1ch tr\u00e0 n\u00f3ng m\u1edbi th\u1ea5y h\u1ebft \u0111\u01b0\u1ee3c gi\u00e1 tr\u1ecb c\u1ee7a lo\u1ea1i b\u00e1nh n\u00e0y, v\u1ecb \u0111\u0103ng \u0111\u1eafng, thanh tao c\u1ee7a tr\u00e0 l\u00e0m b\u1eadt d\u1eady h\u01b0\u01a1ng th\u01a1m, v\u1ecb ng\u1ecdt b\u00f9i lan ra tr\u00ean \u0111\u1ea7u l\u01b0\u1ee1i\u2026<\/p>\n<p><strong>C\u01a1 s\u1edf s\u1ea3n xu\u1ea5t:<\/strong>\u00a0C\u00f4ng ty TNHH Qu\u00e3ng Tr\u00e2n, x\u00e3 An Hi\u1ec7p, huy\u1ec7n Ch\u00e2u Th\u00e0nh, t\u1ec9nh S\u00f3c Tr\u0103ng.<\/p>","protected":false},"excerpt":{"rendered":"<p>B\u00e1nh P\u00eda \u0111\u01b0\u1ee3c l\u00e0m ch\u1ee7 y\u1ebfu t\u1eeb \u0111\u1eadu xanh, l\u00f2ng \u0111\u1ecf tr\u1ee9ng mu\u1ed1i, b\u1ed9t m\u00ec v\u00e0 quan tr\u1ecdng nh\u1ea5t l\u00e0<\/p>","protected":false},"featured_media":13013,"comment_status":"open","ping_status":"closed","template":"","meta":{"_acf_changed":false},"product_cat":[315,317,366,447,446,22,313],"product_tag":[],"class_list":{"0":"post-13018","1":"product","2":"type-product","3":"status-publish","4":"has-post-thumbnail","6":"product_cat-che-bien-tu-gao-ngu-coc","7":"product_cat-che-bien-tu-thit-trung-sua-thuy-san-cac-san-pham-tu-mat-ong-mat-khac-va-nong-san-thuc-pham-khac","8":"product_cat-hang-cnnt-cap-qg","9":"product_cat-san-pham-cnnt-tb-cap-qg-2017","10":"product_cat-san-pham-cnnt-tb-cap-qg-2019","11":"product_cat-sanphamthucpham","12":"product_cat-thuc-pham-che-bien","14":"first","15":"instock","16":"shipping-taxable","17":"purchasable","18":"product-type-simple"},"acf":[],"_links":{"self":[{"href":"https:\/\/b2c.fairs.vn\/en\/wp-json\/wp\/v2\/product\/13018","targetHints":{"allow":["GET"]}}],"collection":[{"href":"https:\/\/b2c.fairs.vn\/en\/wp-json\/wp\/v2\/product"}],"about":[{"href":"https:\/\/b2c.fairs.vn\/en\/wp-json\/wp\/v2\/types\/product"}],"replies":[{"embeddable":true,"href":"https:\/\/b2c.fairs.vn\/en\/wp-json\/wp\/v2\/comments?post=13018"}],"version-history":[{"count":0,"href":"https:\/\/b2c.fairs.vn\/en\/wp-json\/wp\/v2\/product\/13018\/revisions"}],"wp:featuredmedia":[{"embeddable":true,"href":"https:\/\/b2c.fairs.vn\/en\/wp-json\/wp\/v2\/media\/13013"}],"wp:attachment":[{"href":"https:\/\/b2c.fairs.vn\/en\/wp-json\/wp\/v2\/media?parent=13018"}],"wp:term":[{"taxonomy":"product_cat","embeddable":true,"href":"https:\/\/b2c.fairs.vn\/en\/wp-json\/wp\/v2\/product_cat?post=13018"},{"taxonomy":"product_tag","embeddable":true,"href":"https:\/\/b2c.fairs.vn\/en\/wp-json\/wp\/v2\/product_tag?post=13018"}],"curies":[{"name":"wp","href":"https:\/\/api.w.org\/{rel}","templated":true}]}}