{"id":12965,"date":"2024-03-29T16:36:29","date_gmt":"2024-03-29T09:36:29","guid":{"rendered":"https:\/\/b2c.fairs.vn\/?post_type=product&#038;p=12965"},"modified":"2024-03-29T16:38:44","modified_gmt":"2024-03-29T09:38:44","slug":"nuoc-ep-thanh-long-do-len-men-500ml","status":"publish","type":"product","link":"https:\/\/b2c.fairs.vn\/en\/product\/nuoc-ep-thanh-long-do-len-men-500ml\/","title":{"rendered":"N\u01b0\u1edbc \u00e9p thanh long \u0111\u1ecf l\u00ean men &#8211; 500ml"},"content":{"rendered":"<div class=\"x11i5rnm xat24cr x1mh8g0r x1vvkbs xtlvy1s x126k92a\">\n<div dir=\"auto\">&#8211; CH\u1ed0NG UNG TH\u01af<\/div>\n<div dir=\"auto\">Tr\u00e1i Thanh long r\u1ea5t gi\u00e0u ch\u1ea5t ch\u1ed1ng oxy h\u00f3a, qua \u0111\u00f3 g\u00f3p ph\u1ea7n ng\u0103n ng\u1eeba ung th\u01b0 hi\u1ec7u qu\u1ea3<\/div>\n<\/div>\n<div class=\"x11i5rnm xat24cr x1mh8g0r x1vvkbs xtlvy1s x126k92a\">\n<div dir=\"auto\">&#8211; CH\u1ed0NG B\u1ec6NH TI\u1ec2U \u0110\u01af\u1edcNG<\/div>\n<div dir=\"auto\">\u0110\u01b0\u1ee3c b\u00e1c s\u0129 khuy\u1ebfn kh\u00edch n\u00ean d\u00f9ng v\u1edbi li\u1ec1u l\u01b0\u1ee3ng ph\u00f9 h\u1ee3p, c\u00e1c ch\u1ea5t x\u01a1 trong Thanh long gi\u00fap ki\u1ec3m so\u00e1t v\u00e0 ph\u00f2ng ch\u1ed1ng ti\u1ec3u \u0111\u01b0\u1eddng hi\u1ec7u qu\u1ea3<\/div>\n<\/div>\n<div class=\"x11i5rnm xat24cr x1mh8g0r x1vvkbs xtlvy1s x126k92a\">\n<div dir=\"auto\">&#8211; T\u1ed0T CHO M\u1eaeT<\/div>\n<div dir=\"auto\">Thanh long r\u1ea5t gi\u00e0u vitamin A \u1edf d\u1ea1ng carotene- lo\u1ea1i ch\u1ea5t c\u1ea7n thi\u1ebft cho v\u00f5ng m\u1ea1c, \u0111\u1ed9 s\u00e1ng v\u00e0 t\u1ea7m nh\u00ecn c\u1ee7a m\u1eaft, gi\u00fap duy tr\u00ec v\u00e0 c\u1ea3i thi\u1ec7n th\u1ecb l\u1ef1c<\/div>\n<\/div>\n<div class=\"x11i5rnm xat24cr x1mh8g0r x1vvkbs xtlvy1s x126k92a\">\n<div dir=\"auto\">&#8211; NG\u1eeaA L\u00c3O H\u00d3A<\/div>\n<div dir=\"auto\">Lo\u1ea1i tr\u00e1i c\u00e2y n\u00e0y gi\u00fap da lu\u00f4n c\u0103ng kh\u1ecfe. \u0110\u1eb7c bi\u1ec7t l\u00e0 khi k\u1ebft h\u1ee3p v\u1edbi m\u1eadt ong<\/div>\n<\/div>\n<div class=\"x11i5rnm xat24cr x1mh8g0r x1vvkbs xtlvy1s x126k92a\">\n<div dir=\"auto\">&#8211; T\u1ed0T CHO TIM M\u1ea0CH<\/div>\n<div dir=\"auto\">Thanh Long gi\u00fap gi\u1ea3m cholesterol x\u1ea5u, t\u0103ng cholesterol t\u1ed1t. \u0110\u1ed3ng th\u1eddi r\u1ea5t gi\u00e0u ch\u1ea5t b\u00e9o kh\u00f4ng b\u00e3o h\u00f2a \u0111\u01a1n, gi\u00fap tr\u00e1i tim lu\u00f4n kh\u1ecfe m\u1ea1nh<\/div>\n<\/div>\n<div class=\"x11i5rnm xat24cr x1mh8g0r x1vvkbs xtlvy1s x126k92a\">\n<div dir=\"auto\">&#8211; GI\u1ea2M VI\u00caM KH\u1edaP<\/div>\n<div dir=\"auto\">\u0110\u01b0\u1ee3c g\u1ecdi l\u00e0 tr\u00e1i c\u00e2y ch\u1ed1ng vi\u00eam, Thanh long \u0111\u01b0\u1ee3c khuy\u1ebfn kh\u00edch b\u1ed5 sung v\u00e0o ch\u1ebf \u0111\u1ed9 \u0103n u\u1ed1ng h\u1eb1ng ng\u00e0y d\u00e0nh cho ng\u01b0\u1eddi vi\u00eam kh\u1edbp<\/div>\n<\/div>","protected":false},"excerpt":{"rendered":"<p>&#8211; CH\u1ed0NG UNG TH\u01af Tr\u00e1i Thanh long r\u1ea5t gi\u00e0u ch\u1ea5t ch\u1ed1ng oxy h\u00f3a, qua \u0111\u00f3 g\u00f3p ph\u1ea7n ng\u0103n ng\u1eeba ung<\/p>","protected":false},"featured_media":13057,"comment_status":"open","ping_status":"closed","template":"","meta":{"_acf_changed":false},"product_cat":[325,326,328,366,398],"product_tag":[],"class_list":{"0":"post-12965","1":"product","2":"type-product","3":"status-publish","4":"has-post-thumbnail","6":"product_cat-san-pham-do-uong","7":"product_cat-do-uong-co-con","8":"product_cat-do-uong-co-con-khac","9":"product_cat-hang-cnnt-cap-qg","10":"product_cat-san-pham-cnnt-tb-cap-qg-2021","12":"first","13":"instock","14":"shipping-taxable","15":"product-type-simple"},"acf":[],"_links":{"self":[{"href":"https:\/\/b2c.fairs.vn\/en\/wp-json\/wp\/v2\/product\/12965","targetHints":{"allow":["GET"]}}],"collection":[{"href":"https:\/\/b2c.fairs.vn\/en\/wp-json\/wp\/v2\/product"}],"about":[{"href":"https:\/\/b2c.fairs.vn\/en\/wp-json\/wp\/v2\/types\/product"}],"replies":[{"embeddable":true,"href":"https:\/\/b2c.fairs.vn\/en\/wp-json\/wp\/v2\/comments?post=12965"}],"version-history":[{"count":0,"href":"https:\/\/b2c.fairs.vn\/en\/wp-json\/wp\/v2\/product\/12965\/revisions"}],"wp:featuredmedia":[{"embeddable":true,"href":"https:\/\/b2c.fairs.vn\/en\/wp-json\/wp\/v2\/media\/13057"}],"wp:attachment":[{"href":"https:\/\/b2c.fairs.vn\/en\/wp-json\/wp\/v2\/media?parent=12965"}],"wp:term":[{"taxonomy":"product_cat","embeddable":true,"href":"https:\/\/b2c.fairs.vn\/en\/wp-json\/wp\/v2\/product_cat?post=12965"},{"taxonomy":"product_tag","embeddable":true,"href":"https:\/\/b2c.fairs.vn\/en\/wp-json\/wp\/v2\/product_tag?post=12965"}],"curies":[{"name":"wp","href":"https:\/\/api.w.org\/{rel}","templated":true}]}}