{"id":12953,"date":"2024-03-29T16:30:31","date_gmt":"2024-03-29T09:30:31","guid":{"rendered":"https:\/\/b2c.fairs.vn\/?post_type=product&#038;p=12953"},"modified":"2024-03-29T16:30:31","modified_gmt":"2024-03-29T09:30:31","slug":"tom-kho-sinh-thai","status":"publish","type":"product","link":"https:\/\/b2c.fairs.vn\/en\/product\/tom-kho-sinh-thai\/","title":{"rendered":"T\u00f4m Kh\u00f4 Sinh Th\u00e1i"},"content":{"rendered":"<p><strong>TH\u00d4NG TIN S\u1ea2N PH\u1ea8M<\/strong><\/p>\n<p><strong>Xu\u1ea5t x\u1ee9:<\/strong>\u00a0HTX T\u00e0i Th\u1ecbnh Ph\u00e1t Farm t\u1ea1i N\u0103m C\u0103n \u2013 C\u00e0 Mau<\/p>\n<div class=\"bps-product-details-col col-right\">\n<p><strong>Th\u00e0nh ph\u1ea7n:<\/strong>\u00a0T\u00f4m \u0111\u1ea5t t\u01b0\u01a1i, mu\u1ed1i \u0103n.<\/p>\n<p><strong>Quy c\u00e1ch:<\/strong> 200g-500g\/h\u1ed9p<\/p>\n<p><strong>\u0110\u01a1n v\u1ecb t\u00ednh:<\/strong>\u00a0H\u1ed9p<\/p>\n<p><strong>S\u1eed d\u1ee5ng:<\/strong>\u00a0D\u00f9ng n\u1ea5u canh ho\u1eb7c ng\u00e2m c\u00f9ng v\u1edbi d\u01b0a ki\u1ec7u<\/p>\n<p><strong>B\u1ea3o qu\u1ea3n:<\/strong>\u00a0B\u1ea3o qu\u1ea3n n\u01a1i kh\u00f4 r\u00e1o, tho\u00e1ng m\u00e1t ho\u1eb7c ng\u0103n m\u00e1t t\u1ee7 l\u1ea1nh.<\/p>\n<\/div>","protected":false},"excerpt":{"rendered":"<p><strong>TH\u00d4NG TIN S\u1ea2N PH\u1ea8M<\/strong><\/p>\n<p><strong>Xu\u1ea5t x\u1ee9:<\/strong>\u00a0HTX T\u00e0i Th\u1ecbnh Ph\u00e1t Farm t\u1ea1i N\u0103m C\u0103n \u2013 C\u00e0 Mau<\/p>\n<div class=\"bps-product-details-col col-right\">\n<p><strong>Th\u00e0nh ph\u1ea7n:<\/strong>\u00a0T\u00f4m \u0111\u1ea5t t\u01b0\u01a1i, mu\u1ed1i \u0103n.<\/p>\n<p><strong>Quy c\u00e1ch:<\/strong> 200g -500g\/h\u1ed9p<\/p>\n<p><strong>\u0110\u01a1n v\u1ecb t\u00ednh:<\/strong>\u00a0H\u1ed9p<\/p>\n<p><strong>S\u1eed d\u1ee5ng:<\/strong>\u00a0D\u00f9ng n\u1ea5u canh ho\u1eb7c ng\u00e2m c\u00f9ng v\u1edbi d\u01b0a ki\u1ec7u<\/p>\n<p><strong>B\u1ea3o qu\u1ea3n:<\/strong>\u00a0B\u1ea3o qu\u1ea3n n\u01a1i kh\u00f4 r\u00e1o, tho\u00e1ng m\u00e1t ho\u1eb7c ng\u0103n m\u00e1t t\u1ee7 l\u1ea1nh.<\/p>\n<\/div>","protected":false},"featured_media":12980,"comment_status":"open","ping_status":"closed","template":"","meta":{"_acf_changed":false},"product_cat":[317,366,398,22,313],"product_tag":[],"class_list":{"0":"post-12953","1":"product","2":"type-product","3":"status-publish","4":"has-post-thumbnail","6":"product_cat-che-bien-tu-thit-trung-sua-thuy-san-cac-san-pham-tu-mat-ong-mat-khac-va-nong-san-thuc-pham-khac","7":"product_cat-hang-cnnt-cap-qg","8":"product_cat-san-pham-cnnt-tb-cap-qg-2021","9":"product_cat-sanphamthucpham","10":"product_cat-thuc-pham-che-bien","12":"first","13":"instock","14":"shipping-taxable","15":"purchasable","16":"product-type-variable","17":"has-default-attributes"},"acf":[],"_links":{"self":[{"href":"https:\/\/b2c.fairs.vn\/en\/wp-json\/wp\/v2\/product\/12953","targetHints":{"allow":["GET"]}}],"collection":[{"href":"https:\/\/b2c.fairs.vn\/en\/wp-json\/wp\/v2\/product"}],"about":[{"href":"https:\/\/b2c.fairs.vn\/en\/wp-json\/wp\/v2\/types\/product"}],"replies":[{"embeddable":true,"href":"https:\/\/b2c.fairs.vn\/en\/wp-json\/wp\/v2\/comments?post=12953"}],"version-history":[{"count":0,"href":"https:\/\/b2c.fairs.vn\/en\/wp-json\/wp\/v2\/product\/12953\/revisions"}],"wp:featuredmedia":[{"embeddable":true,"href":"https:\/\/b2c.fairs.vn\/en\/wp-json\/wp\/v2\/media\/12980"}],"wp:attachment":[{"href":"https:\/\/b2c.fairs.vn\/en\/wp-json\/wp\/v2\/media?parent=12953"}],"wp:term":[{"taxonomy":"product_cat","embeddable":true,"href":"https:\/\/b2c.fairs.vn\/en\/wp-json\/wp\/v2\/product_cat?post=12953"},{"taxonomy":"product_tag","embeddable":true,"href":"https:\/\/b2c.fairs.vn\/en\/wp-json\/wp\/v2\/product_tag?post=12953"}],"curies":[{"name":"wp","href":"https:\/\/api.w.org\/{rel}","templated":true}]}}