{"id":12949,"date":"2024-03-29T16:07:17","date_gmt":"2024-03-29T09:07:17","guid":{"rendered":"https:\/\/b2c.fairs.vn\/?post_type=product&#038;p=12949"},"modified":"2024-03-29T16:07:18","modified_gmt":"2024-03-29T09:07:18","slug":"gao-tai-nguyen-thanh-tri-hieu-phu-khang","status":"publish","type":"product","link":"https:\/\/b2c.fairs.vn\/en\/product\/gao-tai-nguyen-thanh-tri-hieu-phu-khang\/","title":{"rendered":"G\u1ea1o t\u00e0i nguy\u00ean Th\u1ea1nh Tr\u1ecb hi\u1ec7u Ph\u00fa Khang"},"content":{"rendered":"<p>\u0110\u00e2y l\u00e0 gi\u1ed1ng l\u00faa c\u00f3 \u0111\u1eb7c \u0111i\u1ec3m l\u00e0 kh\u1ea3 n\u0103ng ch\u1ed1ng ch\u1ecbu t\u1ed1t v\u1edbi c\u00e1c y\u1ebfu t\u1ed1 b\u1ea5t thu\u1eadn c\u1ee7a th\u1eddi ti\u1ebft, g\u1ea1o T\u00e0i nguy\u00ean c\u00f3 h\u1ea1t thon, nh\u1ecf, ng\u1ecdt c\u01a1m, m\u1ec1m, x\u1ed1p, v\u1ecb \u0111\u1eadm v\u00e0 \u0111\u1eb7c bi\u1ec7t l\u00e0 khi \u0111\u1ec3 qua \u0111\u00eam, ch\u1ea5t l\u01b0\u1ee3ng c\u01a1m v\u1eabn gi\u1eef nguy\u00ean h\u01b0\u01a1ng v\u1ecb nh\u01b0 l\u00fac v\u1eeba m\u1edbi n\u1ea5u ch\u00edn n\u00ean s\u1ea3n ph\u1ea9m g\u1ea1o T\u00e0i Nguy\u00ean hi\u1ec7u Ph\u00fa Khang ng\u00e0y c\u00e0ng \u0111\u01b0\u1ee3c ng\u01b0\u1eddi ti\u00eau d\u00f9ng l\u1ef1a ch\u1ecdn.<\/p>","protected":false},"excerpt":{"rendered":"<p>\u0110\u00e2y l\u00e0 gi\u1ed1ng l\u00faa c\u00f3 \u0111\u1eb7c \u0111i\u1ec3m l\u00e0 kh\u1ea3 n\u0103ng ch\u1ed1ng ch\u1ecbu t\u1ed1t v\u1edbi c\u00e1c y\u1ebfu t\u1ed1 b\u1ea5t thu\u1eadn c\u1ee7a<\/p>","protected":false},"featured_media":12950,"comment_status":"open","ping_status":"closed","template":"","meta":{"_acf_changed":false},"product_cat":[311,366,446,22,310],"product_tag":[479],"class_list":{"0":"post-12949","1":"product","2":"type-product","3":"status-publish","4":"has-post-thumbnail","6":"product_cat-gao-ngu-coc-hat-so-che-khac","7":"product_cat-hang-cnnt-cap-qg","8":"product_cat-san-pham-cnnt-tb-cap-qg-2019","9":"product_cat-sanphamthucpham","10":"product_cat-thuc-pham-tho-so-che","11":"product_tag-gao","13":"first","14":"instock","15":"shipping-taxable","16":"product-type-simple"},"acf":[],"_links":{"self":[{"href":"https:\/\/b2c.fairs.vn\/en\/wp-json\/wp\/v2\/product\/12949","targetHints":{"allow":["GET"]}}],"collection":[{"href":"https:\/\/b2c.fairs.vn\/en\/wp-json\/wp\/v2\/product"}],"about":[{"href":"https:\/\/b2c.fairs.vn\/en\/wp-json\/wp\/v2\/types\/product"}],"replies":[{"embeddable":true,"href":"https:\/\/b2c.fairs.vn\/en\/wp-json\/wp\/v2\/comments?post=12949"}],"version-history":[{"count":0,"href":"https:\/\/b2c.fairs.vn\/en\/wp-json\/wp\/v2\/product\/12949\/revisions"}],"wp:featuredmedia":[{"embeddable":true,"href":"https:\/\/b2c.fairs.vn\/en\/wp-json\/wp\/v2\/media\/12950"}],"wp:attachment":[{"href":"https:\/\/b2c.fairs.vn\/en\/wp-json\/wp\/v2\/media?parent=12949"}],"wp:term":[{"taxonomy":"product_cat","embeddable":true,"href":"https:\/\/b2c.fairs.vn\/en\/wp-json\/wp\/v2\/product_cat?post=12949"},{"taxonomy":"product_tag","embeddable":true,"href":"https:\/\/b2c.fairs.vn\/en\/wp-json\/wp\/v2\/product_tag?post=12949"}],"curies":[{"name":"wp","href":"https:\/\/api.w.org\/{rel}","templated":true}]}}