{"id":12946,"date":"2024-03-29T16:09:30","date_gmt":"2024-03-29T09:09:30","guid":{"rendered":"https:\/\/b2c.fairs.vn\/?post_type=product&#038;p=12946"},"modified":"2024-04-23T15:45:33","modified_gmt":"2024-04-23T08:45:33","slug":"hat-nem-tu-thit-happy","status":"publish","type":"product","link":"https:\/\/b2c.fairs.vn\/en\/product\/hat-nem-tu-thit-happy\/","title":{"rendered":"H\u1ea1t n\u00eam t\u1eeb th\u1ecbt Happy"},"content":{"rendered":"<p>H\u1ea1t n\u00eam t\u1eeb th\u1ecbt Happy \u0111\u01b0\u1ee3c s\u1ea3n xu\u1ea5t d\u01b0\u1edbi d\u00e2y chuy\u1ec1n c\u00f4ng ngh\u1ec7 hi\u1ec7n \u0111\u1ea1i, v\u1edbi c\u00e1c th\u00e0nh ph\u1ea7n nguy\u00ean li\u1ec7u \u0111\u01b0\u1ee3c ch\u1ecdn l\u1ecdc, ngu\u1ed3n g\u1ed1c t\u1ef1 nhi\u00ean, \u0111\u1ea3m b\u1ea3o v\u1ec7 sinh an to\u00e0n th\u1ef1c ph\u1ea9m, th\u1ef1c s\u1ef1 l\u00e0 ng\u01b0\u1eddi b\u1ea1n kh\u00f4ng th\u1ec3 thi\u1ebfu trong m\u1ecdi m\u00f3n \u0103n. H\u1ea1t n\u00eam t\u1eeb th\u1ecbt Happy l\u00e0 gi\u1ea3i ph\u00e1p tin c\u1eady v\u00e0 ti\u1ec7n d\u1ee5ng cho nh\u1eefng ng\u01b0\u1eddi n\u1ed9i tr\u1ee3, mang l\u1ea1i b\u1eefa \u0103n ngon cho m\u1ecdi gia \u0111\u00ecnh.<\/p>\n<p><strong>Th\u00e0nh ph\u1ea7n:<\/strong><br \/>\nMu\u1ed1i, \u0111\u01b0\u1eddng tinh luy\u1ec7n, ch\u1ea5t \u0111i\u1ec1u v\u1ecb (621, 631, 627), tinh b\u1ed9t, b\u1ed9t th\u1ecbt, \u0111\u1ea1m th\u1ef1c v\u1eadt th\u1ee7y ph\u00e2n, h\u01b0\u01a1ng t\u1ef1 nhi\u00ean t\u1ed5ng h\u1ee3p. Ho\u00e0n to\u00e0n kh\u00f4ng ch\u1ee9a ch\u1ea5t b\u1ea3o qu\u1ea3n, ph\u1ee5 gia.<\/p>\n<p><strong>H\u01b0\u1edbng d\u1eabn s\u1eed d\u1ee5ng:<\/strong><\/p>\n<ul>\n<li>D\u00f9ng \u0111\u1ec3 \u01b0\u1edbp th\u1ef1c ph\u1ea9m, x\u00e0o rau c\u1ee7, n\u00eam canh s\u00fap ho\u1eb7c pha th\u00e0nh n\u01b0\u1edbc ch\u1ea5m cho v\u1eeba kh\u1ea9u v\u1ecb.<\/li>\n<li>N\u1ea5u canh: d\u00f9ng 1 ho\u1eb7c 2 mu\u1ed7ng c\u00e0 ph\u00ea \u0111\u1ec3 n\u1ea5u m\u1ed9t n\u1ed3i canh\/ 1l\u00edt n\u01b0\u1edbc.<\/li>\n<li>X\u00e0o: d\u00f9ng 1 ho\u1eb7c 2 mu\u1ed7ng c\u00e0 ph\u00ea \u0111\u1ec3 x\u00e0o 500gr rau c\u1ee7.<\/li>\n<li>\u01af\u1edbp: d\u00f9ng 1 ho\u1eb7c 2 mu\u1ed7ng c\u00e0 ph\u00ea cho 250gr th\u1ecbt<\/li>\n<li>Quy c\u00e1ch: 215gr, 450gr, 950gr, 10kg, 25kg ho\u1eb7c theo y\u00eau c\u1ea7u c\u1ee7a kh\u00e1ch h\u00e0ng.<\/li>\n<\/ul>","protected":false},"excerpt":{"rendered":"<p>H\u1ea1t n\u00eam t\u1eeb th\u1ecbt Happy \u0111\u01b0\u1ee3c s\u1ea3n xu\u1ea5t d\u01b0\u1edbi d\u00e2y chuy\u1ec1n c\u00f4ng ngh\u1ec7 hi\u1ec7n \u0111\u1ea1i, v\u1edbi c\u00e1c th\u00e0nh ph\u1ea7n nguy\u00ean<\/p>","protected":false},"featured_media":12935,"comment_status":"open","ping_status":"closed","template":"","meta":{"_acf_changed":false},"product_cat":[318,320,366,398,22],"product_tag":[],"class_list":{"0":"post-12946","1":"product","2":"type-product","3":"status-publish","4":"has-post-thumbnail","6":"product_cat-gia-vi","7":"product_cat-gia-vi-khac","8":"product_cat-hang-cnnt-cap-qg","9":"product_cat-san-pham-cnnt-tb-cap-qg-2021","10":"product_cat-sanphamthucpham","12":"first","13":"instock","14":"shipping-taxable","15":"product-type-simple"},"acf":[],"_links":{"self":[{"href":"https:\/\/b2c.fairs.vn\/en\/wp-json\/wp\/v2\/product\/12946","targetHints":{"allow":["GET"]}}],"collection":[{"href":"https:\/\/b2c.fairs.vn\/en\/wp-json\/wp\/v2\/product"}],"about":[{"href":"https:\/\/b2c.fairs.vn\/en\/wp-json\/wp\/v2\/types\/product"}],"replies":[{"embeddable":true,"href":"https:\/\/b2c.fairs.vn\/en\/wp-json\/wp\/v2\/comments?post=12946"}],"version-history":[{"count":0,"href":"https:\/\/b2c.fairs.vn\/en\/wp-json\/wp\/v2\/product\/12946\/revisions"}],"wp:featuredmedia":[{"embeddable":true,"href":"https:\/\/b2c.fairs.vn\/en\/wp-json\/wp\/v2\/media\/12935"}],"wp:attachment":[{"href":"https:\/\/b2c.fairs.vn\/en\/wp-json\/wp\/v2\/media?parent=12946"}],"wp:term":[{"taxonomy":"product_cat","embeddable":true,"href":"https:\/\/b2c.fairs.vn\/en\/wp-json\/wp\/v2\/product_cat?post=12946"},{"taxonomy":"product_tag","embeddable":true,"href":"https:\/\/b2c.fairs.vn\/en\/wp-json\/wp\/v2\/product_tag?post=12946"}],"curies":[{"name":"wp","href":"https:\/\/api.w.org\/{rel}","templated":true}]}}