{"id":12924,"date":"2024-03-29T16:02:43","date_gmt":"2024-03-29T09:02:43","guid":{"rendered":"https:\/\/b2c.fairs.vn\/?post_type=product&#038;p=12924"},"modified":"2024-03-29T16:02:44","modified_gmt":"2024-03-29T09:02:44","slug":"hat-nem-nam-dong-co-thuan-chay-golds","status":"publish","type":"product","link":"https:\/\/b2c.fairs.vn\/en\/product\/hat-nem-nam-dong-co-thuan-chay-golds\/","title":{"rendered":"H\u1ea1t n\u00eam n\u1ea5m \u0111\u00f4ng c\u00f4 thu\u1ea7n chay GOLD&#8217;S"},"content":{"rendered":"<p style=\"font-weight: 400;\">H\u1ea1t n\u00eam n\u1ea5m \u0111\u00f4ng c\u00f4 thu\u1ea7n chay Gold\u2019s \u0111\u01b0\u1ee3c s\u1ea3n xu\u1ea5t t\u1eeb n\u1ea5m \u0111\u00f4ng c\u00f4 v\u00e0 c\u00e1c lo\u1ea1i rau c\u1ee7 t\u01b0\u01a1i. V\u1edbi c\u00e1c th\u00e0nh ph\u1ea7n nguy\u00ean li\u1ec7u cao c\u1ea5p, ngu\u1ed3n g\u1ed1c t\u1ef1 nhi\u00ean, ho\u00e0n to\u00e0n thu\u1ea7n chay, H\u1ea1t n\u00eam n\u1ea5m \u0111\u00f4ng c\u00f4 thu\u1ea7n chay Gold\u2019s \u0111\u1ea3m b\u1ea3o:<\/p>\n<ul style=\"font-weight: 400;\">\n<li>KH\u00d4NG CH\u1ee8A CH\u1ea4T B\u1ea2O QU\u1ea2N, PH\u1ee4 GIA.<\/li>\n<li>KH\u00d4NG CH\u1ee8A CH\u1ea4T T\u1ea0O M\u00c0U.<\/li>\n<li>S\u1ea2N XU\u1ea4T T\u1eea N\u1ea4M \u0110\u00d4NG C\u00d4 V\u00c0 C\u00c1C LO\u1ea0I RAU C\u1ee6 T\u01af\u01a0I C\u00d3 NGU\u1ed2N G\u1ed0C \u0110\u1ea2M B\u1ea2O, R\u00d5 R\u00c0NG, AN TO\u00c0N CHO NG\u01af\u1edcI S\u1eec D\u1ee4NG.<\/li>\n<li>HO\u00c0N TO\u00c0N THU\u1ea6N CHAY.<\/li>\n<\/ul>\n<p style=\"font-weight: 400;\"><strong>Th\u00e0nh ph\u1ea7n:<\/strong><\/p>\n<p style=\"font-weight: 400;\">N\u1ea5m \u0111\u00f4ng c\u00f4, rau c\u1ee7 t\u01b0\u01a1i, mu\u1ed1i, \u0111\u01b0\u1eddng tinh luy\u1ec7n, ch\u1ea5t \u0111i\u1ec1u v\u1ecb (621, 631, 627), \u0111\u1ea1m th\u1ef1c v\u1eadt th\u1ee7y ph\u00e2n.<\/p>\n<p style=\"font-weight: 400;\"><strong>H\u01b0\u1edbng d\u1eabn s\u1eed d\u1ee5ng:<\/strong><\/p>\n<p style=\"font-weight: 400;\">D\u00f9ng \u0111\u1ec3 \u01b0\u1edbp th\u1ef1c ph\u1ea9m, x\u00e0o rau c\u1ee7, n\u00eam canh s\u00fap ho\u1eb7c pha th\u00e0nh n\u01b0\u1edbc ch\u1ea5m cho v\u1eeba kh\u1ea9u v\u1ecb.<\/p>\n<ul style=\"font-weight: 400;\">\n<li>N\u1ea5u canh: d\u00f9ng 1 ho\u1eb7c 2 mu\u1ed7ng c\u00e0 ph\u00ea \u0111\u1ec3 n\u1ea5u m\u1ed9t n\u1ed3i canh\/ 1l\u00edt n\u01b0\u1edbc.<\/li>\n<li>X\u00e0o: d\u00f9ng 1 ho\u1eb7c 2 mu\u1ed7ng c\u00e0 ph\u00ea \u0111\u1ec3 x\u00e0o 500gr rau c\u1ee7.<\/li>\n<li>\u01af\u1edbp: d\u00f9ng 1 ho\u1eb7c 2 mu\u1ed7ng c\u00e0 ph\u00ea cho 250gr th\u1ef1c ph\u1ea9m<\/li>\n<\/ul>\n<p style=\"font-weight: 400;\">","protected":false},"excerpt":{"rendered":"<p>H\u1ea1t n\u00eam n\u1ea5m \u0111\u00f4ng c\u00f4 thu\u1ea7n chay Gold\u2019s \u0111\u01b0\u1ee3c s\u1ea3n xu\u1ea5t t\u1eeb n\u1ea5m \u0111\u00f4ng c\u00f4 v\u00e0 c\u00e1c lo\u1ea1i rau c\u1ee7<\/p>","protected":false},"featured_media":12936,"comment_status":"open","ping_status":"closed","template":"","meta":{"_acf_changed":false},"product_cat":[318,320,366,398,22],"product_tag":[],"class_list":{"0":"post-12924","1":"product","2":"type-product","3":"status-publish","4":"has-post-thumbnail","6":"product_cat-gia-vi","7":"product_cat-gia-vi-khac","8":"product_cat-hang-cnnt-cap-qg","9":"product_cat-san-pham-cnnt-tb-cap-qg-2021","10":"product_cat-sanphamthucpham","12":"first","13":"instock","14":"shipping-taxable","15":"product-type-simple"},"acf":[],"_links":{"self":[{"href":"https:\/\/b2c.fairs.vn\/en\/wp-json\/wp\/v2\/product\/12924","targetHints":{"allow":["GET"]}}],"collection":[{"href":"https:\/\/b2c.fairs.vn\/en\/wp-json\/wp\/v2\/product"}],"about":[{"href":"https:\/\/b2c.fairs.vn\/en\/wp-json\/wp\/v2\/types\/product"}],"replies":[{"embeddable":true,"href":"https:\/\/b2c.fairs.vn\/en\/wp-json\/wp\/v2\/comments?post=12924"}],"version-history":[{"count":0,"href":"https:\/\/b2c.fairs.vn\/en\/wp-json\/wp\/v2\/product\/12924\/revisions"}],"wp:featuredmedia":[{"embeddable":true,"href":"https:\/\/b2c.fairs.vn\/en\/wp-json\/wp\/v2\/media\/12936"}],"wp:attachment":[{"href":"https:\/\/b2c.fairs.vn\/en\/wp-json\/wp\/v2\/media?parent=12924"}],"wp:term":[{"taxonomy":"product_cat","embeddable":true,"href":"https:\/\/b2c.fairs.vn\/en\/wp-json\/wp\/v2\/product_cat?post=12924"},{"taxonomy":"product_tag","embeddable":true,"href":"https:\/\/b2c.fairs.vn\/en\/wp-json\/wp\/v2\/product_tag?post=12924"}],"curies":[{"name":"wp","href":"https:\/\/api.w.org\/{rel}","templated":true}]}}