{"id":12886,"date":"2024-03-29T15:51:07","date_gmt":"2024-03-29T08:51:07","guid":{"rendered":"https:\/\/b2c.fairs.vn\/?post_type=product&#038;p=12886"},"modified":"2024-03-29T15:51:08","modified_gmt":"2024-03-29T08:51:08","slug":"gao-nep-cai-hoa-vang-quy-huong","status":"publish","type":"product","link":"https:\/\/b2c.fairs.vn\/en\/product\/gao-nep-cai-hoa-vang-quy-huong\/","title":{"rendered":"G\u1ea1o n\u1ebfp c\u00e1i hoa v\u00e0ng Q\u00fay H\u01b0\u01a1ng"},"content":{"rendered":"<p>G\u1ea1o N\u1ebfp c\u00e1i hoa v\u00e0ng Q\u00fay H\u01b0\u01a1ng l\u00e0 s\u1ea3n v\u1eadt x\u1ee9 Thanh, d\u00f9ng \u0111\u1ec3 ti\u1ebfn Vua (tri\u1ec1u \u0111\u1ea1i nh\u00e0 Nguy\u1ec5n) nay \u0111\u01b0\u1ee3c ph\u1ee5c h\u1ed3i ngu\u1ed3n gen \u0111\u01b0a v\u00e0o s\u1ea3n xu\u1ea5t tr\u00ean v\u00f9ng nguy\u00ean li\u1ec7u c\u00e1nh \u0111\u1ed3ng m\u1eabu l\u1edbn t\u1ea1i x\u00e3 H\u00e0 Long, huy\u1ec7n H\u00e0 Trung, t\u1ec9nh Thanh H\u00f3a \u0111\u1ec3 t\u1ea1o ra s\u1ea3n ph\u1ea9m an to\u00e0n th\u01a1m ngon theo ti\u00eau chu\u1ea9n VietGAP.<\/p>\n<p>C\u00f4ng ty C\u1ed5 ph\u1ea7n th\u01b0\u01a1ng m\u1ea1i Sao Khu\u00ea l\u00e0 \u0111\u01a1n v\u1ecb \u0111\u1ed9c quy\u1ec1n ph\u00e2n ph\u1ed1i v\u00e0 ph\u00e1t tri\u1ec3n th\u01b0\u01a1ng hi\u1ec7u tr\u00ean th\u1ecb tr\u01b0\u1eddng trong v\u00e0 ngo\u00e0i n\u01b0\u1edbc.<\/p>\n<p>G\u1ea1o N\u1ebfp c\u00e1i hoa v\u00e0ng Qu\u00fd H\u01b0\u01a1ng, v\u00ec s\u1ee9c kh\u1ecfe c\u1ed9ng \u0111\u1ed3ng! H\u00e3y th\u01b0\u1edfng th\u1ee9c v\u00e0 c\u1ea3m nh\u1eadn.<\/p>","protected":false},"excerpt":{"rendered":"<p>G\u1ea1o N\u1ebfp c\u00e1i hoa v\u00e0ng Q\u00fay H\u01b0\u01a1ng l\u00e0 s\u1ea3n v\u1eadt x\u1ee9 Thanh, d\u00f9ng \u0111\u1ec3 ti\u1ebfn Vua (tri\u1ec1u \u0111\u1ea1i nh\u00e0 Nguy\u1ec5n)<\/p>","protected":false},"featured_media":12887,"comment_status":"open","ping_status":"closed","template":"","meta":{"_acf_changed":false},"product_cat":[366,398,22,310],"product_tag":[],"class_list":{"0":"post-12886","1":"product","2":"type-product","3":"status-publish","4":"has-post-thumbnail","6":"product_cat-hang-cnnt-cap-qg","7":"product_cat-san-pham-cnnt-tb-cap-qg-2021","8":"product_cat-sanphamthucpham","9":"product_cat-thuc-pham-tho-so-che","11":"first","12":"instock","13":"shipping-taxable","14":"purchasable","15":"product-type-variable","16":"has-default-attributes"},"acf":[],"_links":{"self":[{"href":"https:\/\/b2c.fairs.vn\/en\/wp-json\/wp\/v2\/product\/12886","targetHints":{"allow":["GET"]}}],"collection":[{"href":"https:\/\/b2c.fairs.vn\/en\/wp-json\/wp\/v2\/product"}],"about":[{"href":"https:\/\/b2c.fairs.vn\/en\/wp-json\/wp\/v2\/types\/product"}],"replies":[{"embeddable":true,"href":"https:\/\/b2c.fairs.vn\/en\/wp-json\/wp\/v2\/comments?post=12886"}],"version-history":[{"count":0,"href":"https:\/\/b2c.fairs.vn\/en\/wp-json\/wp\/v2\/product\/12886\/revisions"}],"wp:featuredmedia":[{"embeddable":true,"href":"https:\/\/b2c.fairs.vn\/en\/wp-json\/wp\/v2\/media\/12887"}],"wp:attachment":[{"href":"https:\/\/b2c.fairs.vn\/en\/wp-json\/wp\/v2\/media?parent=12886"}],"wp:term":[{"taxonomy":"product_cat","embeddable":true,"href":"https:\/\/b2c.fairs.vn\/en\/wp-json\/wp\/v2\/product_cat?post=12886"},{"taxonomy":"product_tag","embeddable":true,"href":"https:\/\/b2c.fairs.vn\/en\/wp-json\/wp\/v2\/product_tag?post=12886"}],"curies":[{"name":"wp","href":"https:\/\/api.w.org\/{rel}","templated":true}]}}