{"id":12880,"date":"2024-03-29T15:47:48","date_gmt":"2024-03-29T08:47:48","guid":{"rendered":"https:\/\/b2c.fairs.vn\/?post_type=product&#038;p=12880"},"modified":"2024-03-29T15:47:49","modified_gmt":"2024-03-29T08:47:49","slug":"hat-dieu-rang-muoi-3","status":"publish","type":"product","link":"https:\/\/b2c.fairs.vn\/en\/product\/hat-dieu-rang-muoi-3\/","title":{"rendered":"H\u1ea1t \u0111i\u1ec1u rang mu\u1ed1i"},"content":{"rendered":"<p><strong>Tr\u1ecdng l\u01b0\u1ee3ng:<\/strong>\u00a0250 gr, c\u00f2n v\u1ecf l\u1ee5a<br \/>\n<strong>Th\u00e0nh ph\u1ea7n:<\/strong>\u00a0H\u1ea1t \u0111i\u1ec1u: 99,5%, mu\u1ed1i: 0.5%<br \/>\n<strong>H\u01b0\u1edbng d\u1eabn s\u1eed d\u1ee5ng:<\/strong>\u00a0\u0102n li\u1ec1n ho\u1eb7c ch\u1ebf bi\u1ebfn c\u00e1c lo\u1ea1i th\u1ef1c ph\u1ea9m, m\u00f3n \u0103n kh\u00e1c<br \/>\n<strong>H\u1ea1n s\u1eed d\u1ee5ng:<\/strong>\u00a012 th\u00e1ng k\u1ec3 t\u1eeb ng\u00e0y s\u1ea3n xu\u1ea5t<br \/>\n<strong>Th\u01b0\u01a1ng hi\u1ec7u:\u00a0<\/strong>Ho\u00e0ng Ph\u00fa<\/p>\n<p>H\u1ea1t \u0111i\u1ec1u c\u00f2n\u00a0 v\u1ecf l\u1ee5a, 100 % H\u1ea1t \u0111i\u1ec1u Vi\u1ec7t, \u0111\u01b0\u1ee3c ch\u1ebf bi\u1ebfn theo ph\u01b0\u01a1ng ph\u00e1p truy\u1ec1n th\u1ed1ng( rang b\u1eb1ng than c\u1ee7i),Tuy\u1ec7t \u0111\u1ed1i kh\u00f4ng s\u1eed d\u1ee5ng ch\u1ea5t b\u1ea3o qu\u1ea3n.<br \/>\nBao b\u00ec: b\u00ean ngo\u00e0i l\u00e0 t\u00fai gi\u1ea5y th\u00e2n thi\u1ec7n m\u00f4i tr\u01b0\u1eddng,ghi \u0111\u1ea7y \u0111\u1ee7 th\u00f4ng tin s\u1ea3n ph\u1ea9m tr\u00ean bao b\u00ec ( m\u1eb7t ti\u1ebfng Anh, m\u1eb7t ti\u1ebfng Vi\u1ec7t), b\u00ean trong T\u00fai nh\u1ef1a PA H\u00fat ch\u00e2n kh\u00f4ng.<br \/>\nD\u1ec5 v\u1eadn chuy\u1ec3n \u0111i xa v\u00e0 s\u1eed d\u1ee5ng trong 1 n\u0103m v\u1eabn gi\u1eef \u0111\u01b0\u1ee3c h\u01b0\u01a1ngv\u1ecb \u0111\u1eb7c tr\u01b0ng c\u1ee7a H\u1ea1t \u0111i\u1ec1u. Ph\u00f9 h\u1ee3p th\u1ecb tr\u01b0\u1eddng xu\u1ea5t kh\u1ea9u.<\/p>","protected":false},"excerpt":{"rendered":"<p>Tr\u1ecdng l\u01b0\u1ee3ng:\u00a0250 gr, c\u00f2n v\u1ecf l\u1ee5a Th\u00e0nh ph\u1ea7n:\u00a0H\u1ea1t \u0111i\u1ec1u: 99,5%, mu\u1ed1i: 0.5% H\u01b0\u1edbng d\u1eabn s\u1eed d\u1ee5ng:\u00a0\u0102n li\u1ec1n ho\u1eb7c ch\u1ebf bi\u1ebfn<\/p>","protected":false},"featured_media":12891,"comment_status":"open","ping_status":"closed","template":"","meta":{"_acf_changed":false},"product_cat":[314,366,367,22,313],"product_tag":[],"class_list":{"0":"post-12880","1":"product","2":"type-product","3":"status-publish","4":"has-post-thumbnail","6":"product_cat-do-an-nhanh","7":"product_cat-hang-cnnt-cap-qg","8":"product_cat-hang-cnnt-cap-qg-2023","9":"product_cat-sanphamthucpham","10":"product_cat-thuc-pham-che-bien","12":"first","13":"instock","14":"shipping-taxable","15":"product-type-simple"},"acf":[],"_links":{"self":[{"href":"https:\/\/b2c.fairs.vn\/en\/wp-json\/wp\/v2\/product\/12880","targetHints":{"allow":["GET"]}}],"collection":[{"href":"https:\/\/b2c.fairs.vn\/en\/wp-json\/wp\/v2\/product"}],"about":[{"href":"https:\/\/b2c.fairs.vn\/en\/wp-json\/wp\/v2\/types\/product"}],"replies":[{"embeddable":true,"href":"https:\/\/b2c.fairs.vn\/en\/wp-json\/wp\/v2\/comments?post=12880"}],"version-history":[{"count":0,"href":"https:\/\/b2c.fairs.vn\/en\/wp-json\/wp\/v2\/product\/12880\/revisions"}],"wp:featuredmedia":[{"embeddable":true,"href":"https:\/\/b2c.fairs.vn\/en\/wp-json\/wp\/v2\/media\/12891"}],"wp:attachment":[{"href":"https:\/\/b2c.fairs.vn\/en\/wp-json\/wp\/v2\/media?parent=12880"}],"wp:term":[{"taxonomy":"product_cat","embeddable":true,"href":"https:\/\/b2c.fairs.vn\/en\/wp-json\/wp\/v2\/product_cat?post=12880"},{"taxonomy":"product_tag","embeddable":true,"href":"https:\/\/b2c.fairs.vn\/en\/wp-json\/wp\/v2\/product_tag?post=12880"}],"curies":[{"name":"wp","href":"https:\/\/api.w.org\/{rel}","templated":true}]}}