{"id":12877,"date":"2024-03-29T15:42:24","date_gmt":"2024-03-29T08:42:24","guid":{"rendered":"https:\/\/b2c.fairs.vn\/?post_type=product&#038;p=12877"},"modified":"2024-04-10T14:14:46","modified_gmt":"2024-04-10T07:14:46","slug":"than-sinh-hoc","status":"publish","type":"product","link":"https:\/\/b2c.fairs.vn\/en\/product\/than-sinh-hoc\/","title":{"rendered":"Than sinh h\u1ecdc"},"content":{"rendered":"<p>S\u1ea3n ph\u1ea9m than sinh h\u1ecdc l\u00e0m t\u1eeb l\u00f5i ng\u00f4 c\u00f3 nhi\u1ec7t l\u01b0\u1ee3ng t\u1eeb 7.000 &#8211; 8.500 calo\/kg, cao h\u01a1n m\u1ed9t s\u1ed1 lo\u1ea1i than c\u00e1m, than b\u00f9n, than non v\u00e0 m\u1ed9t s\u1ed1 lo\u1ea1i than \u0111ang khai th\u00e1c t\u1ea1i c\u00e1c m\u1ecf than Su\u1ed1i B\u00e0ng, M\u01b0\u1eddng L\u1ef1m, T\u00f4 Pan&#8230; tr\u00ean \u0111\u1ecba b\u00e0n t\u1ec9nh S\u01a1n La. Th\u1eddi gian ch\u00e1y c\u1ee7a 1kg than n\u00e0y c\u00f3 th\u1ec3 k\u00e9o d\u00e0i 200 ph\u00fat, khi ch\u00e1y kh\u00f4ng c\u00f3 kh\u00f3i v\u00e0 m\u00f9i. H\u00e0m l\u01b0\u1ee3ng carbon trong than sinh h\u1ecdc c\u00f3 th\u1ec3 \u0111\u1ea1t t\u1eeb 75 &#8211; 85%.<\/p>\n<p>Thanh \u00e9p nhi\u00ean li\u1ec7u tuy c\u00f3 nhi\u1ec7t l\u01b0\u1ee3ng th\u1ea5p h\u01a1n than \u0111\u00e1 15 &#8211; 20% (20MJ\/kg) nh\u01b0ng c\u00f3 \u0111\u1ed9 tro r\u1ea5t th\u1ea5p (t\u1ed1i \u0111a 5% kh\u1ed1i l\u01b0\u1ee3ng t\u1ed5ng) n\u00ean s\u1eed d\u1ee5ng hi\u1ec7u qu\u1ea3 h\u01a1n than \u0111\u00e1, d\u1ea7u, c\u1ee7i, kh\u00ed gas. Ngo\u00e0i vi\u1ec7c xu\u1ea5t kh\u1ea9u sang c\u00e1c n\u01b0\u1edbc, s\u1ea3n ph\u1ea9m thanh \u00e9p nhi\u00ean li\u1ec7u \u0111\u1ed1t v\u00e0 than sinh h\u1ecdc c\u00f2n c\u00f3 c\u00e1c kh\u00e1ch h\u00e0ng ti\u1ec1m n\u0103ng l\u00e0 nh\u1eefng c\u01a1 s\u1edf s\u1ea3n xu\u1ea5t, ch\u1ebf bi\u1ebfn n\u00f4ng, l\u00e2m s\u1ea3n c\u00f3 s\u1eed d\u1ee5ng h\u1ec7 th\u1ed1ng nhi\u1ec7t, l\u00f2 h\u01a1i ho\u1ea1t \u0111\u1ed9ng d\u00e2n sinh&#8230;<\/p>\n<p>\u0110\u00e2y l\u00e0 gi\u1ea3i ph\u00e1p kh\u00f4ng ch\u1ec9 t\u1ea1o ra ngu\u1ed3n ch\u1ea5t \u0111\u1ed1t m\u1edbi c\u00f3 nhi\u1ec7t l\u01b0\u1ee3ng cao thay th\u1ebf than \u0111\u00e1 m\u00e0 c\u00f2n gi\u1ea3i quy\u1ebft \u0111\u01b0\u1ee3c l\u01b0\u1ee3ng ph\u1ebf th\u1ea3i l\u00f5i ng\u00f4. S\u1ea3n xu\u1ea5t ch\u1ea5t \u0111\u1ed1t t\u1eeb l\u00f5i ng\u00f4 c\u00f2n g\u00f3p ph\u1ea7n gi\u1ea3i quy\u1ebft \u0111\u01b0\u1ee3c v\u1ea5n \u0111\u1ec1 \u00f4 nhi\u1ec5m m\u00f4i tr\u01b0\u1eddng.<\/p>","protected":false},"excerpt":{"rendered":"<p>S\u1ea3n ph\u1ea9m than sinh h\u1ecdc l\u00e0m t\u1eeb l\u00f5i ng\u00f4 c\u00f3 nhi\u1ec7t l\u01b0\u1ee3ng t\u1eeb 7.000 &#8211; 8.500 calo\/kg, cao h\u01a1n m\u1ed9t<\/p>","protected":false},"featured_media":12881,"comment_status":"open","ping_status":"closed","template":"","meta":{"_acf_changed":false},"product_cat":[529,366,446],"product_tag":[],"class_list":{"0":"post-12877","1":"product","2":"type-product","3":"status-publish","4":"has-post-thumbnail","6":"product_cat-khac","7":"product_cat-hang-cnnt-cap-qg","8":"product_cat-san-pham-cnnt-tb-cap-qg-2019","10":"first","11":"instock","12":"shipping-taxable","13":"product-type-simple"},"acf":[],"_links":{"self":[{"href":"https:\/\/b2c.fairs.vn\/en\/wp-json\/wp\/v2\/product\/12877","targetHints":{"allow":["GET"]}}],"collection":[{"href":"https:\/\/b2c.fairs.vn\/en\/wp-json\/wp\/v2\/product"}],"about":[{"href":"https:\/\/b2c.fairs.vn\/en\/wp-json\/wp\/v2\/types\/product"}],"replies":[{"embeddable":true,"href":"https:\/\/b2c.fairs.vn\/en\/wp-json\/wp\/v2\/comments?post=12877"}],"version-history":[{"count":0,"href":"https:\/\/b2c.fairs.vn\/en\/wp-json\/wp\/v2\/product\/12877\/revisions"}],"wp:featuredmedia":[{"embeddable":true,"href":"https:\/\/b2c.fairs.vn\/en\/wp-json\/wp\/v2\/media\/12881"}],"wp:attachment":[{"href":"https:\/\/b2c.fairs.vn\/en\/wp-json\/wp\/v2\/media?parent=12877"}],"wp:term":[{"taxonomy":"product_cat","embeddable":true,"href":"https:\/\/b2c.fairs.vn\/en\/wp-json\/wp\/v2\/product_cat?post=12877"},{"taxonomy":"product_tag","embeddable":true,"href":"https:\/\/b2c.fairs.vn\/en\/wp-json\/wp\/v2\/product_tag?post=12877"}],"curies":[{"name":"wp","href":"https:\/\/api.w.org\/{rel}","templated":true}]}}