{"id":12860,"date":"2024-03-29T15:41:34","date_gmt":"2024-03-29T08:41:34","guid":{"rendered":"https:\/\/b2c.fairs.vn\/?post_type=product&#038;p=12860"},"modified":"2024-03-29T15:41:34","modified_gmt":"2024-03-29T08:41:34","slug":"keo-sua-dua-nguyen-chat-yen-hoang","status":"publish","type":"product","link":"https:\/\/b2c.fairs.vn\/en\/product\/keo-sua-dua-nguyen-chat-yen-hoang\/","title":{"rendered":"K\u1eb9o s\u1eefa d\u1eeba nguy\u00ean ch\u1ea5t Y\u1ebfn Ho\u00e0ng"},"content":{"rendered":"<p style=\"font-weight: 400;\">K\u1eb9o S\u1eefa D\u1eeba Nguy\u00ean Ch\u1ea5t Y\u1ebfn Ho\u00e0ng \u0111\u01b0\u1ee3c s\u1ea3n xu\u1ea5t cho th\u1ecb tr\u01b0\u1eddng n\u01b0\u1edbc ngo\u00e0i. L\u00e0m th\u1ebf n\u00e0o v\u1eabn gi\u1eef nguy\u00ean h\u01b0\u01a1ng v\u1ecb truy\u1ec1n th\u1ed1ng m\u00e0 ph\u00f9 h\u1ee3p v\u1edbi kh\u1ea9u v\u1ecb, th\u00f3i quen \u1ea9m th\u1ef1c c\u1ee7a ng\u01b0\u1eddi n\u01b0\u1edbc ngo\u00e0i l\u00e0 b\u00e0i to\u00e1n kh\u00f3 gi\u1ea3i m\u00e0 c\u00f4ng ty n\u00e0y g\u1eb7p ph\u1ea3i t\u1eeb nh\u1eefng ng\u00e0y \u0111\u1ea7u ti\u00ean. T\u00f4i \u0111\u00e3 v\u1ea1ch ra nh\u1eefng \u0111\u1ecbnh h\u01b0\u1edbng ph\u00e1t tri\u1ec3n \u0111\u00f3 l\u00e0 c\u1ea3i ti\u1ebfn c\u00f4ng ngh\u1ec7 v\u00e0 ph\u00e1t tri\u1ec3n s\u1ea3n ph\u1ea9m.\u00a0T\u1eeb b\u00ed quy\u1ebft l\u00e0m k\u1eb9o d\u1eeba h\u01a1n 100 n\u0103m tu\u1ed5i c\u1ee7a B\u1ebfn Tre, t\u00f4i v\u1eadn d\u1ee5ng kh\u00e9o l\u00e9o, tu\u00e2n th\u1ee7 ph\u01b0\u01a1ng ch\u00e2m s\u1eed d\u1ee5ng nguy\u00ean li\u1ec7u t\u1ef1 nhi\u00ean t\u1ea1i \u0111\u1ecba ph\u01b0\u01a1ng v\u00e0\u00a0\u0111\u1ea7u t\u01b0 thi\u1ebft b\u1ecb m\u00e1y m\u00f3c, \u00e1p d\u1ee5ng c\u00f4ng ngh\u1ec7 hi\u1ec7n \u0111\u1ea1i, kh\u00e9p k\u00edn v\u00e0o qu\u00e1 tr\u00ecnh s\u1ea3n xu\u1ea5t \u0111\u1ec3 cho ra \u0111\u1eddi nh\u1eefng s\u1ea3n ph\u1ea9m ch\u1ea5t l\u01b0\u1ee3ng.<\/p>\n<p style=\"font-weight: 400;\">M\u1eb7c d\u00f9 th\u01b0\u01a1ng hi\u1ec7u K\u1eb9o S\u1eefa D\u1eeba Y\u1ebfn Ho\u00e0ng l\u00e0 m\u1ed9t th\u01b0\u01a1ng hi\u1ec7u non tr\u1ebb so v\u1edbi l\u1ecbch s\u1eed tr\u0103m n\u0103m c\u1ee7a ngh\u1ec1 l\u00e0m k\u1eb9o x\u1ee9 d\u1eeba. Hi\u1ec7n nay ng\u00e0y c\u00e0ng c\u00f3 nhi\u1ec1u s\u1ea3n ph\u1ea9m k\u1eb9o d\u1eeba ra \u0111\u1eddi tuy nhi\u00ean K\u1eb9o\u00a0S\u1eefa D\u1eeba Nguy\u00ean Ch\u1ea5t Y\u1ebfn Ho\u00e0ng\u00a0\u0111\u00e3 v\u00e0 \u0111ang kh\u1eb3ng \u0111\u1ecbnh \u0111\u01b0\u1ee3c v\u1ecb tr\u00ed quan tr\u1ecdng \u1edf c\u1ea3 th\u1ecb tr\u01b0\u1eddng n\u1ed9i \u0111\u1ecba v\u00e0 xu\u1ea5t kh\u1ea9u b\u1edfi s\u1ea3n ph\u1ea9m lu\u00f4n mang trong m\u00ecnh nh\u1eefng d\u1ea5u \u1ea5n ri\u00eang m\u00e0 kh\u00f4ng ph\u1ea3i s\u1ea3n ph\u1ea9m n\u00e0o c\u0169ng c\u00f3 \u0111\u01b0\u1ee3c. N\u1ebfu nh\u01b0 \u0111a s\u1ed1 c\u00e1c s\u1ea3n ph\u1ea9m k\u1eb9o d\u1eeba c\u1ee7a B\u1ebfn Tre \u0111\u1ec1u c\u00f3 m\u1ed9t nh\u01b0\u1ee3c \u0111i\u1ec3m l\u00e0 d\u00ednh r\u0103ng th\u00ec K\u1eb9o S\u1eefa D\u1eeba Nguy\u00ean Ch\u1ea5t Y\u1ebfn Ho\u00e0ng kh\u1eafc ph\u1ee5c ho\u00e0n to\u00e0n nh\u01b0\u1ee3c \u0111i\u1ec3m n\u00e0y.\u00a0S\u1ea3n ph\u1ea9m c\u0169ng kh\u00f4ng qu\u00e1 m\u1ec1m c\u0169ng kh\u00f4ng c\u1ee9ng n\u00ean khi th\u01b0\u1edfng th\u1ee9c th\u1ef1c kh\u00e1ch s\u1ebd t\u1eeb t\u1eeb t\u1eadn h\u01b0\u1edfng tr\u1ecdn v\u1eb9n c\u1ea3m gi\u00e1c tuy\u1ec7t v\u1eddi c\u1ee7a nh\u1eefng thanh k\u1eb9o d\u1eeba tr\u1ee9 danh. S\u1ea3n ph\u1ea9m mang \u0111\u1ebfn cho th\u1ef1c kh\u00e1ch h\u01b0\u01a1ng v\u1ecb h\u00f2a quy\u1ec7n gi\u1eefa v\u1ecb ng\u1ecdt thanh, h\u01b0\u01a1ng th\u01a1m t\u1ef1 nhi\u00ean, v\u1ecb b\u00e9o ng\u1eady \u0111\u1eb7c tr\u01b0ng c\u1ee7a d\u1eeba khi\u1ebfn th\u1ef1c kh\u00e1ch nh\u1edb \u0111\u1ebfn m\u1ea3nh \u0111\u1ea5t c\u00f9 lao ph\u00f9 sa quanh n\u0103m, ng\u1ecdt l\u00f2ng c\u00e2y tr\u00e1i v\u00e0 nh\u1eefng c\u00f2n ng\u01b0\u1eddi mi\u1ec1n qu\u00ea nh\u1eb9 nh\u00e0ng m\u00e0 s\u1eaft son.<\/p>\n<p style=\"font-weight: 400;\">\u00a0B\u00ean c\u1ea1nh \u0111\u00f3, to\u00e0n b\u1ed9 quy tr\u00ecnh s\u1ea3n xu\u1ea5t K\u1eb9o S\u1eefa D\u1eeba Nguy\u00ean Ch\u1ea5t Y\u1ebfn Ho\u00e0ng \u0111\u1ec1u \u00e1p d\u1ee5ng m\u00e1y m\u00f3c, c\u00f4ng ngh\u1ec7 hi\u1ec7n \u0111\u1ea1i v\u00ec v\u1eady s\u1ea3n ph\u1ea9m c\u00f3 ki\u1ec3u d\u00e1ng, h\u01b0\u01a1ng v\u1ecb \u1ed5n \u0111\u1ecbnh, \u0111\u1ed3ng nh\u1ea5t h\u01a1n so v\u1edbi nh\u1eefng lo\u1ea1i k\u1eb9o d\u1eeba s\u1ea3n xu\u1ea5t th\u1ee7 c\u00f4ng. Ngo\u00e0i ra, m\u1eabu m\u00e3 s\u1ea3n ph\u1ea9m v\u1eabn gi\u1eef nguy\u00ean n\u00e9t m\u1ed9c m\u1ea1c \u0111\u1eb7c tr\u01b0ng c\u1ee7a x\u1ee9 d\u1eeba nh\u01b0ng v\u1eabn to\u00e1t l\u00ean n\u00e9t hi\u1ec7n \u0111\u1ea1i, trang nh\u00e3 \u0111\u00e1p \u1ee9ng y\u00eau c\u1ea7u kh\u1eaft khe c\u1ee7a nh\u1eefng th\u1ecb tr\u01b0\u1eddng kh\u00f3 t\u00ednh.<\/p>\n<p style=\"font-weight: 400;\">T\u1eeb th\u00e0nh c\u00f4ng c\u1ee7a s\u1ea3n ph\u1ea9m K\u1eb9o S\u1eefa D\u1eeba Nguy\u00ean Ch\u1ea5t Y\u1ebfn Ho\u00e0ng v\u00e0 nh\u1eefng s\u1ea3n ph\u1ea9m \u0111\u1ed9c \u0111\u00e1o kh\u00e1c nh\u01b0 B\u00e1nh Hoa D\u1eeba Ti\u1ebfn \u0110\u1ea1t,<b><strong>\u00a0<\/strong><\/b>C\u00f4ng ty TNHH V\u0129nh Ti\u1ebfn\u00a0v\u01b0\u01a1n l\u00ean tr\u1edf th\u00e0nh m\u1ed9t th\u01b0\u01a1ng hi\u1ec7u k\u1eb9o d\u1eeba l\u1edbn trong n\u01b0\u1edbc v\u00e0 t\u00ecm \u0111\u01b0\u1ee3c ch\u1ed7 \u0111\u1ee9ng tr\u00ean th\u1ecb tr\u01b0\u1eddng xu\u1ea5t kh\u1ea9u.\u00a0Ho\u1ea1t \u0111\u1ed9ng s\u1ea3n xu\u1ea5t, ch\u1ebf bi\u1ebfn k\u1eb9o d\u1eeba c\u1ee7a C\u00f4ng ty TNHH V\u0129nh Ti\u1ebfn h\u01a1n 20 n\u0103m qua \u0111\u00e3 g\u00f3p ph\u1ea7n gi\u1eef g\u00ecn ngh\u1ec1 truy\u1ec1n th\u1ed1ng l\u00e0m k\u1eb9o d\u1eeba c\u1ee7a v\u00f9ng \u0111\u1ea5t ba d\u00e3y c\u00f9 lao.<\/p>","protected":false},"excerpt":{"rendered":"<p>K\u1eb9o S\u1eefa D\u1eeba Nguy\u00ean Ch\u1ea5t Y\u1ebfn Ho\u00e0ng \u0111\u01b0\u1ee3c s\u1ea3n xu\u1ea5t cho th\u1ecb tr\u01b0\u1eddng n\u01b0\u1edbc ngo\u00e0i. L\u00e0m th\u1ebf n\u00e0o v\u1eabn gi\u1eef<\/p>","protected":false},"featured_media":12875,"comment_status":"open","ping_status":"closed","template":"","meta":{"_acf_changed":false},"product_cat":[314,366,446,22,313],"product_tag":[],"class_list":{"0":"post-12860","1":"product","2":"type-product","3":"status-publish","4":"has-post-thumbnail","6":"product_cat-do-an-nhanh","7":"product_cat-hang-cnnt-cap-qg","8":"product_cat-san-pham-cnnt-tb-cap-qg-2019","9":"product_cat-sanphamthucpham","10":"product_cat-thuc-pham-che-bien","12":"first","13":"instock","14":"shipping-taxable","15":"purchasable","16":"product-type-simple"},"acf":[],"_links":{"self":[{"href":"https:\/\/b2c.fairs.vn\/en\/wp-json\/wp\/v2\/product\/12860","targetHints":{"allow":["GET"]}}],"collection":[{"href":"https:\/\/b2c.fairs.vn\/en\/wp-json\/wp\/v2\/product"}],"about":[{"href":"https:\/\/b2c.fairs.vn\/en\/wp-json\/wp\/v2\/types\/product"}],"replies":[{"embeddable":true,"href":"https:\/\/b2c.fairs.vn\/en\/wp-json\/wp\/v2\/comments?post=12860"}],"version-history":[{"count":0,"href":"https:\/\/b2c.fairs.vn\/en\/wp-json\/wp\/v2\/product\/12860\/revisions"}],"wp:featuredmedia":[{"embeddable":true,"href":"https:\/\/b2c.fairs.vn\/en\/wp-json\/wp\/v2\/media\/12875"}],"wp:attachment":[{"href":"https:\/\/b2c.fairs.vn\/en\/wp-json\/wp\/v2\/media?parent=12860"}],"wp:term":[{"taxonomy":"product_cat","embeddable":true,"href":"https:\/\/b2c.fairs.vn\/en\/wp-json\/wp\/v2\/product_cat?post=12860"},{"taxonomy":"product_tag","embeddable":true,"href":"https:\/\/b2c.fairs.vn\/en\/wp-json\/wp\/v2\/product_tag?post=12860"}],"curies":[{"name":"wp","href":"https:\/\/api.w.org\/{rel}","templated":true}]}}