{"id":12857,"date":"2024-03-29T15:37:58","date_gmt":"2024-03-29T08:37:58","guid":{"rendered":"https:\/\/b2c.fairs.vn\/?post_type=product&#038;p=12857"},"modified":"2024-03-29T15:37:58","modified_gmt":"2024-03-29T08:37:58","slug":"minh-tam-tra","status":"publish","type":"product","link":"https:\/\/b2c.fairs.vn\/en\/product\/minh-tam-tra\/","title":{"rendered":"Minh T\u00e2m tr\u00e0"},"content":{"rendered":"<p>Tr\u00e0 l\u00e0 1 s\u1ea3n ph\u1ea9m c\u1ee7a HTX Tuy\u1ebft H\u01b0\u01a1ng \u0111\u01b0\u1ee3c ch\u1ebf bi\u1ebfn t\u1eeb 100% b\u00fap ch\u00e8 t\u01b0\u01a1i \u0111\u01b0\u1ee3c tuy\u1ec3n ch\u1ecdn t\u1eeb v\u00f9ng ch\u00e8 n\u1ed5i ti\u1ebfng Tr\u1ea1i C\u00e0i , S\u00f4ng C\u1ea7u -\u0110\u1ed3ng H\u1ef7 -Th\u00e1i Nguy\u00ean . \u0110\u01b0\u1ee3c ch\u1ebf bi\u1ebfn c\u1ea7u k\u1ef3 b\u1edfi b\u00e0n tay c\u1ee7a c\u00e1c ngh\u1ec7 h\u00e2n \u0111\u00e3 \u0111\u01b0\u1ee3c gi\u1ea3 v\u00e0ng t\u1ea1i li\u00ean hoan tr\u00e0 th\u1ee9 nh\u1ea5t t\u1ea1i Th\u00e1i Nguy\u00ean<\/p>","protected":false},"excerpt":{"rendered":"<p>Tr\u00e0 l\u00e0 1 s\u1ea3n ph\u1ea9m c\u1ee7a HTX Tuy\u1ebft H\u01b0\u01a1ng \u0111\u01b0\u1ee3c ch\u1ebf bi\u1ebfn t\u1eeb 100% b\u00fap ch\u00e8 t\u01b0\u01a1i \u0111\u01b0\u1ee3c tuy\u1ec3n ch\u1ecdn<\/p>","protected":false},"featured_media":12861,"comment_status":"open","ping_status":"closed","template":"","meta":{"_acf_changed":false},"product_cat":[321,322,366,398,22],"product_tag":[],"class_list":{"0":"post-12857","1":"product","2":"type-product","3":"status-publish","4":"has-post-thumbnail","6":"product_cat-che","7":"product_cat-che-tuoi-che-bien","8":"product_cat-hang-cnnt-cap-qg","9":"product_cat-san-pham-cnnt-tb-cap-qg-2021","10":"product_cat-sanphamthucpham","12":"first","13":"instock","14":"shipping-taxable","15":"purchasable","16":"product-type-simple"},"acf":[],"_links":{"self":[{"href":"https:\/\/b2c.fairs.vn\/en\/wp-json\/wp\/v2\/product\/12857","targetHints":{"allow":["GET"]}}],"collection":[{"href":"https:\/\/b2c.fairs.vn\/en\/wp-json\/wp\/v2\/product"}],"about":[{"href":"https:\/\/b2c.fairs.vn\/en\/wp-json\/wp\/v2\/types\/product"}],"replies":[{"embeddable":true,"href":"https:\/\/b2c.fairs.vn\/en\/wp-json\/wp\/v2\/comments?post=12857"}],"version-history":[{"count":0,"href":"https:\/\/b2c.fairs.vn\/en\/wp-json\/wp\/v2\/product\/12857\/revisions"}],"wp:featuredmedia":[{"embeddable":true,"href":"https:\/\/b2c.fairs.vn\/en\/wp-json\/wp\/v2\/media\/12861"}],"wp:attachment":[{"href":"https:\/\/b2c.fairs.vn\/en\/wp-json\/wp\/v2\/media?parent=12857"}],"wp:term":[{"taxonomy":"product_cat","embeddable":true,"href":"https:\/\/b2c.fairs.vn\/en\/wp-json\/wp\/v2\/product_cat?post=12857"},{"taxonomy":"product_tag","embeddable":true,"href":"https:\/\/b2c.fairs.vn\/en\/wp-json\/wp\/v2\/product_tag?post=12857"}],"curies":[{"name":"wp","href":"https:\/\/api.w.org\/{rel}","templated":true}]}}