{"id":12850,"date":"2024-03-29T15:37:20","date_gmt":"2024-03-29T08:37:20","guid":{"rendered":"https:\/\/b2c.fairs.vn\/?post_type=product&#038;p=12850"},"modified":"2024-04-23T16:11:13","modified_gmt":"2024-04-23T09:11:13","slug":"nuoc-sam-day-ngoc-linh","status":"publish","type":"product","link":"https:\/\/b2c.fairs.vn\/en\/product\/nuoc-sam-day-ngoc-linh\/","title":{"rendered":"N\u01b0\u1edbc s\u00e2m d\u00e2y Ng\u1ecdc Linh"},"content":{"rendered":"<div class=\"xdj266r x11i5rnm xat24cr x1mh8g0r x1vvkbs x126k92a\">\n<div dir=\"auto\"><span class=\"x3nfvp2 x1j61x8r x1fcty0u xdj266r xhhsvwb xat24cr xgzva0m xxymvpz xlup9mm x1kky2od\"><img decoding=\"async\" class=\"xz74otr\" src=\"https:\/\/static.xx.fbcdn.net\/images\/emoji.php\/v9\/t49\/1.5\/16\/1f338.png\" alt=\"\ud83c\udf38\" width=\"16\" height=\"16\" \/><\/span><span class=\"x3nfvp2 x1j61x8r x1fcty0u xdj266r xhhsvwb xat24cr xgzva0m xxymvpz xlup9mm x1kky2od\"><img decoding=\"async\" class=\"xz74otr\" src=\"https:\/\/static.xx.fbcdn.net\/images\/emoji.php\/v9\/t49\/1.5\/16\/1f338.png\" alt=\"\ud83c\udf38\" width=\"16\" height=\"16\" \/><\/span> CTCP N\u01af\u1edaC GI\u1ea2I KH\u00c1T NG\u1eccC LINH VINH D\u1ef0 NH\u1eacN GI\u1ea4Y CH\u1ee8NG NH\u1eacN S\u1ea2N PH\u1ea8M C\u00d4NG NGHI\u1ec6P N\u00d4NG TH\u00d4N TI\u00caU BI\u1ec2U C\u1ea4P QU\u1ed0C GIA<span class=\"x3nfvp2 x1j61x8r x1fcty0u xdj266r xhhsvwb xat24cr xgzva0m xxymvpz xlup9mm x1kky2od\"><img decoding=\"async\" class=\"xz74otr\" src=\"https:\/\/static.xx.fbcdn.net\/images\/emoji.php\/v9\/t49\/1.5\/16\/1f338.png\" alt=\"\ud83c\udf38\" width=\"16\" height=\"16\" \/><\/span><span class=\"x3nfvp2 x1j61x8r x1fcty0u xdj266r xhhsvwb xat24cr xgzva0m xxymvpz xlup9mm x1kky2od\"><img decoding=\"async\" class=\"xz74otr\" src=\"https:\/\/static.xx.fbcdn.net\/images\/emoji.php\/v9\/t49\/1.5\/16\/1f338.png\" alt=\"\ud83c\udf38\" width=\"16\" height=\"16\" \/><\/span><\/div>\n<\/div>\n<div class=\"x11i5rnm xat24cr x1mh8g0r x1vvkbs xtlvy1s x126k92a\">\n<div dir=\"auto\"><span class=\"x3nfvp2 x1j61x8r x1fcty0u xdj266r xhhsvwb xat24cr xgzva0m xxymvpz xlup9mm x1kky2od\"><img decoding=\"async\" class=\"xz74otr\" src=\"https:\/\/static.xx.fbcdn.net\/images\/emoji.php\/v9\/tb6\/1.5\/16\/2668.png\" alt=\"\u2668\ufe0f\" width=\"16\" height=\"16\" \/><\/span> S\u1ea3n ph\u1ea9m \u201cN\u01b0\u1edbc s\u00e2m d\u00e2y Ng\u1ecdc Linh\u201d c\u1ee7a CTCP n\u01b0\u1edbc gi\u1ea3i kh\u00e1t Ng\u1ecdc Linh vinh d\u1ef1 l\u00e0 1 trong 2 s\u1ea3n ph\u1ea9m duy nh\u1ea5t c\u1ee7a to\u00e0n th\u00e0nh ph\u1ed1 Kon Tum \u0111\u01b0\u1ee3c B\u1ed9 C\u00f4ng Th\u01b0\u01a1ng c\u1ea5p gi\u1ea5y ch\u1ee9ng nh\u1eadn \u201cS\u1ea3n ph\u1ea9m c\u00f4ng nghi\u1ec7p n\u00f4ng th\u00f4n ti\u00eau bi\u1ec3u c\u1ea5p qu\u1ed1c gia\u201d n\u0103m 2021. V\u00ec t\u00ecnh h\u00ecnh d\u1ecbch b\u1ec7nh n\u00ean vi\u1ec7c trao gi\u1ea5y ch\u1ee9ng nh\u1eadn kh\u00f4ng th\u1ec3 di\u1ec5n ra tr\u1ef1c ti\u1ebfp t\u1ea1i H\u00e0 N\u1ed9i m\u00e0 \u0111\u01b0\u1ee3c S\u1edf c\u00f4ng th\u01b0\u01a1ng KonTum t\u1ed5 ch\u1ee9c tr\u1ef1c tuy\u1ebfn.<\/div>\n<\/div>\n<div class=\"x11i5rnm xat24cr x1mh8g0r x1vvkbs xtlvy1s x126k92a\">\n<div dir=\"auto\"><span class=\"x3nfvp2 x1j61x8r x1fcty0u xdj266r xhhsvwb xat24cr xgzva0m xxymvpz xlup9mm x1kky2od\"><img decoding=\"async\" class=\"xz74otr\" src=\"https:\/\/static.xx.fbcdn.net\/images\/emoji.php\/v9\/tdd\/1.5\/16\/1f381.png\" alt=\"\ud83c\udf81\" width=\"16\" height=\"16\" \/><\/span> Ni\u1ec1m vui c\u1ee7a to\u00e0n th\u1ec3 c\u00f4ng ty nh\u1eefng ng\u00e0y cu\u1ed1i n\u0103m! Cho m\u1ed9t qu\u00e1 tr\u00ecnh d\u00e0i n\u1ed7 l\u1ef1c v\u00e0 c\u1ed1 g\u1eafng r\u1ea5t nhi\u1ec1u! S\u1ea3n ph\u1ea9m \u201cN\u01b0\u1edbc s\u00e2m d\u00e2y Ng\u1ecdc Linh\u201d \u0111\u00e3 \u0111\u01b0\u1ee3c c\u1ea5p gi\u1ea5y ch\u1ee9ng nh\u1eadn s\u1ea3n ph\u1ea9m OCOP, s\u1ea3n ph\u1ea9m c\u00f4ng nghi\u1ec7p n\u00f4ng th\u00f4n ti\u00eau bi\u1ec3u c\u1ea5p T\u1ec9nh, s\u1ea3n ph\u1ea9m c\u00f4ng nghi\u1ec7p n\u00f4ng th\u00f4n ti\u00eau bi\u1ec3u c\u1ea5p Khu v\u1ef1c th\u00ec m\u1edbi c\u00f3 th\u1ec3 \u0111\u01b0\u1ee3c l\u00e0m h\u1ed3 s\u01a1 xem x\u00e9t \u0111\u1ec3 \u0111\u01b0\u1ee3c c\u1ea5p gi\u1ea5y ch\u1ee9ng nh\u1eadn s\u1ea3n ph\u1ea9m c\u00f4ng nghi\u1ec7p n\u00f4ng th\u00f4n ti\u00eau bi\u1ec3u c\u1ea5p qu\u1ed1c gia. V\u00ec v\u1eady \u0111\u00e2y l\u00e0 m\u1ed9t ni\u1ec1m vui v\u00e0 vinh d\u1ef1 r\u1ea5t l\u1edbn c\u1ee7a c\u00f4ng ty.<\/div>\n<\/div>","protected":false},"excerpt":{"rendered":"<p>CTCP N\u01af\u1edaC GI\u1ea2I KH\u00c1T NG\u1eccC LINH VINH D\u1ef0 NH\u1eacN GI\u1ea4Y CH\u1ee8NG NH\u1eacN S\u1ea2N PH\u1ea8M C\u00d4NG NGHI\u1ec6P N\u00d4NG TH\u00d4N TI\u00caU BI\u1ec2U<\/p>","protected":false},"featured_media":12851,"comment_status":"open","ping_status":"closed","template":"","meta":{"_acf_changed":false},"product_cat":[325,329,366,398],"product_tag":[],"class_list":{"0":"post-12850","1":"product","2":"type-product","3":"status-publish","4":"has-post-thumbnail","6":"product_cat-san-pham-do-uong","7":"product_cat-do-uong-khong-con","8":"product_cat-hang-cnnt-cap-qg","9":"product_cat-san-pham-cnnt-tb-cap-qg-2021","11":"first","12":"instock","13":"shipping-taxable","14":"product-type-simple"},"acf":[],"_links":{"self":[{"href":"https:\/\/b2c.fairs.vn\/en\/wp-json\/wp\/v2\/product\/12850","targetHints":{"allow":["GET"]}}],"collection":[{"href":"https:\/\/b2c.fairs.vn\/en\/wp-json\/wp\/v2\/product"}],"about":[{"href":"https:\/\/b2c.fairs.vn\/en\/wp-json\/wp\/v2\/types\/product"}],"replies":[{"embeddable":true,"href":"https:\/\/b2c.fairs.vn\/en\/wp-json\/wp\/v2\/comments?post=12850"}],"version-history":[{"count":0,"href":"https:\/\/b2c.fairs.vn\/en\/wp-json\/wp\/v2\/product\/12850\/revisions"}],"wp:featuredmedia":[{"embeddable":true,"href":"https:\/\/b2c.fairs.vn\/en\/wp-json\/wp\/v2\/media\/12851"}],"wp:attachment":[{"href":"https:\/\/b2c.fairs.vn\/en\/wp-json\/wp\/v2\/media?parent=12850"}],"wp:term":[{"taxonomy":"product_cat","embeddable":true,"href":"https:\/\/b2c.fairs.vn\/en\/wp-json\/wp\/v2\/product_cat?post=12850"},{"taxonomy":"product_tag","embeddable":true,"href":"https:\/\/b2c.fairs.vn\/en\/wp-json\/wp\/v2\/product_tag?post=12850"}],"curies":[{"name":"wp","href":"https:\/\/api.w.org\/{rel}","templated":true}]}}