{"id":12814,"date":"2024-03-29T15:42:01","date_gmt":"2024-03-29T08:42:01","guid":{"rendered":"https:\/\/b2c.fairs.vn\/?post_type=product&#038;p=12814"},"modified":"2024-04-19T14:10:21","modified_gmt":"2024-04-19T07:10:21","slug":"nuoc-mam-truyen-thong-cot-nhi-43-dam","status":"publish","type":"product","link":"https:\/\/b2c.fairs.vn\/en\/product\/nuoc-mam-truyen-thong-cot-nhi-43-dam\/","title":{"rendered":"N\u01b0\u1edbc M\u1eafm Truy\u1ec1n Th\u1ed1ng C\u1ed1t Nh\u0129 43 \u0110\u1ea1m"},"content":{"rendered":"<p>N\u01b0\u1edbc m\u1eafm truy\u1ec1n th\u1ed1ng Ph\u00fa Qu\u1ed1c t\u1eeb l\u00e2u \u0111\u00e3 n\u1ed5i ti\u1ebfng c\u1ea3 trong v\u00e0 ngo\u00e0i n\u01b0\u1edbc kh\u00f4ng ch\u1ec9 nh\u1edd \u0111\u1ed9 \u0111\u1ea1m cao, c\u00f3 m\u00e0u, m\u00f9i, v\u1ecb th\u01a1m ngon \u0111\u1eb7c tr\u01b0ng m\u00e0 c\u00f2n b\u1edfi truy\u1ec1n th\u1ed1ng l\u00e0m n\u01b0\u1edbc m\u1eafm l\u00e2u \u0111\u1eddi c\u1ee7a ng\u01b0\u1eddi d\u00e2n n\u01a1i \u0111\u00e2y. N\u01b0\u1edbc m\u1eafm truy\u1ec1n th\u1ed1ng Ph\u00fa Qu\u1ed1c Hu\u1ef3nh khoa \u00a0l\u00e0 m\u1ed9t trong nh\u1eefng c\u01a1 s\u1edf s\u1ea3n xu\u1ea5t n\u01b0\u1edbc m\u1eafm truy\u1ec1n th\u1ed1ng \u201ccha truy\u1ec1n con n\u1ed1i\u201d. Ra \u0111\u1eddi h\u01a1n 100 n\u0103m \u0111\u1ebfn nay, Hu\u1ef3nh Khoa \u0111\u00e3 tr\u1ea3i qua 3 th\u1ebf h\u1ec7 s\u1ea3n xu\u1ea5t v\u00e0 kinh doanh n\u01b0\u1edbc m\u1eafm v\u00e0 hi\u1ec7n nay th\u01b0\u01a1ng hi\u1ec7u Hu\u1ef3nh Khoa \u0111\u00e3 n\u1ed5i ti\u1ebfng t\u1ea1i \u0111\u1ea3o ng\u1ecdc.<\/p>\n<p><strong><em>S\u1ea3n ph\u1ea9m n\u01b0\u1edbc m\u1eafm Hu\u1ef3nh Khoa lu\u00f4n \u0111\u1ea1t c\u00e1c ti\u00eau ch\u00ed:<\/em><\/strong><\/p>\n<p>\u2013 Tr\u00ean chai n\u01b0\u1edbc m\u1eafm ph\u1ea3i d\u00e1n tem ch\u1ec9 d\u1eabn \u0111\u1ecba l\u00fd do Ban ki\u1ec3m so\u00e1t n\u01b0\u1edbc m\u1eafm Ph\u00fa Qu\u1ed1c c\u1ea5p.<\/p>\n<p>\u2013 S\u1ea3n ph\u1ea9m ph\u1ea3i \u0111\u01b0\u1ee3c s\u1ea3n xu\u1ea5t v\u00e0 \u0111\u00f3ng chai t\u1ea1i Ph\u00fa Qu\u1ed1c.<br \/>\nN\u01b0\u1edbc m\u1eafm truy\u1ec1n th\u1ed1ng Hu\u1ef3nh Khoa \u0111\u01b0\u1ee3c s\u1ea3n xu\u1ea5t theo ph\u01b0\u01a1ng ph\u00e1p truy\u1ec1n th\u1ed1ng trong d\u00e2y chuy\u1ec1n kh\u00e9p k\u00edn. Hu\u1ef3nh Khoa c\u00f3 \u0111o\u00e0n t\u00e0u \u0111\u00e1nh b\u1eaft c\u00e1 c\u01a1m v\u00e0 t\u00e0u trung chuy\u1ec3n c\u00e1 v\u1ec1 c\u01a1 s\u1edf s\u1ea3n xu\u1ea5t.\u00a0C\u00e1 c\u01a1m t\u01b0\u01a1i sau khi \u0111\u00e1nh b\u1eaft s\u1ebd \u0111\u01b0\u1ee3c tr\u1ed9n v\u1edbi mu\u1ed1i bi\u1ec3n theo t\u1ef7 l\u1ec7 3:1, t\u1ee9c l\u00e0 3 t\u1ea5n c\u00e1 c\u01a1m s\u1ebd \u0111\u01b0\u1ee3c tr\u1ed9n \u0111\u1ec1u v\u1edbi 1 t\u1ea5n mu\u1ed1i bi\u1ec3n.<\/p>\n<p>\u0110\u00e2y l\u00e0 t\u1ef7 l\u1ec7 pha tr\u1ed9n c\u00e1 v\u00e0 mu\u1ed1i truy\u1ec1n th\u1ed1ng \u0111\u00e3 \u0111\u01b0\u1ee3c s\u1eed d\u1ee5ng b\u1edfi nh\u1eefng kinh nghi\u1ec7m c\u1ee7a ng\u01b0\u1eddi \u00f4ng, ng\u01b0\u1eddi cha l\u1ea7n \u0111\u1ea7u ti\u00ean s\u1ea3n xu\u1ea5t n\u01b0\u1edbc m\u1eafm tr\u00ean h\u00f2n \u0111\u1ea3o Ph\u00fa Qu\u1ed1c.\u00a0Sau khi \u0111\u01b0\u1ee3c tr\u1ed9n \u0111\u1ec1u v\u1edbi mu\u1ed1i bi\u1ec3n, c\u00e1 s\u1ebd \u0111\u01b0\u1ee3c t\u00e0u trung chuy\u1ec3n Hu\u1ef3nh Khoa mang v\u1ec1 nh\u00e0 th\u00f9ng Hu\u1ef3nh Khoa, \u0111\u01b0a v\u00e0o th\u00f9ng ch\u01b0\u1ee3p. Th\u00f9ng ch\u01b0\u1ee3p \u0111\u01b0\u1ee3c l\u00e0m b\u1eb1ng g\u1ed7 v\u00e0 gia c\u1ed1 b\u1eb1ng nh\u1eefng s\u1ee3i \u201cd\u00e2y\u201d to l\u00e0m b\u1eb1ng c\u00e2y m\u00e2y r\u1eebng.<\/p>\n<p>M\u1ed9t l\u1edbp mu\u1ed1i d\u00e0y s\u1ebd \u0111\u01b0\u1ee3c ph\u1ee7 l\u00ean c\u00e1 v\u00e0 g\u00e0i n\u00e9n c\u00e1 l\u1ea1i. C\u00e1 \u0111\u01b0\u1ee3c \u1ee7 trong th\u00f9ng g\u1ed7 t\u1eeb 12 \u0111\u1ebfn 15 th\u00e1ng \u0111\u1ec3 cho ra \u0111\u1eddi nh\u1eefng gi\u1ecdt n\u01b0\u1edbc m\u1eafm \u0111\u1ea7u ti\u00ean, \u0111\u01b0\u1ee3c g\u1ecdi l\u00e0 n\u01b0\u1edbc m\u1eafm c\u1ed1t.\u00a0S\u1ea3n ph\u1ea9m n\u01b0\u1edbc m\u1eafm c\u1ed1t n\u00e0y \u0111\u01b0\u1ee3c \u0111\u00f3ng chai v\u1edbi th\u01b0\u01a1ng hi\u1ec7u Hu\u1ef3nh Khoa v\u00e0 ph\u00e2n ph\u1ed1i \u0111\u1ebfn ng\u01b0\u1eddi ti\u00eau d\u00f9ng.<\/p>\n<p>N\u01b0\u1edbc m\u1eafm truy\u1ec1n th\u1ed1ng Hu\u1ef3nh Khoa ch\u1ea5t l\u01b0\u1ee3ng, \u0111\u1ea3m b\u1ea3o v\u1ec7 sinh an to\u00e0n th\u1ef1c ph\u1ea9m, gi\u00e1 c\u1ea3 c\u1ea1nh tranh, bao b\u00ec m\u1eabu m\u00e3 \u0111\u1eb9p, ki\u1ec3u d\u00e1ng sang tr\u1ecdng n\u00ean r\u1ea5t thu\u1eadn l\u1ee3i cho ng\u01b0\u1eddi ti\u00eau d\u00f9ng v\u00e0 du kh\u00e1ch l\u00e0m qu\u00e0 cho ng\u01b0\u1eddi nh\u00e0, b\u1ea1n th\u00e2n\u2026<\/p>\n<p><strong><u>Chi ti\u1ebft s\u1ea3n ph\u1ea9m:<\/u><\/strong><br \/>\n<strong>Th\u00e0nh ph\u1ea7n:<\/strong><br \/>\n\u2022 \u0110\u1ea1m t\u1ed5ng s\u1ed1<br \/>\n\u2022 \u0110\u1ea1m amin (acid amin)<br \/>\n\u2022 \u0110\u1ea1m amon<br \/>\n\u2022 Vitamin B1, B2, B12, PP<br \/>\n\u2022 C\u00e1 c\u01a1m &amp; mu\u1ed1i NaCl<\/p>\n<p><strong><u>C\u00e1ch s\u1eed d\u1ee5ng:<\/u><\/strong><br \/>\n\u2022 S\u1eed d\u1ee5ng nguy\u00ean ch\u1ea5t \u0111\u1ec3 ch\u1ea5m th\u1ecbt, c\u00e1, rau, \u0111\u1eadu\u2026<br \/>\n\u2022 \u01af\u1edbp, chi\u00ean, x\u00e0o, gia v\u1ecb th\u1ee9c \u0103n<br \/>\n\u2022 Khuy\u1ebfn c\u00e1o s\u1eed d\u1ee5ng trong trong v\u00f2ng 1 th\u00e1ng k\u1ec3 t\u1eeb ng\u00e0y m\u1edf n\u1eafp.<br \/>\n\u2022 Sau khi s\u1eed d\u1ee5ng ph\u1ea3i \u0111\u1eady k\u00edn.<\/p>\n<p><strong>B\u1ea3o qu\u1ea3n:<\/strong>\u00a0N\u01a1i s\u1ea1ch s\u1ebd, kh\u00f4 r\u00e1o, tho\u00e1ng m\u00e1t, tr\u00e1nh \u00e1nh n\u1eafng tr\u1ef1c ti\u1ebfp, m\u00f9i m\u1ea1nh ho\u1eb7c c\u00e1c lo\u1ea1i ho\u00e1 ch\u1ea5t.<br \/>\n<strong>H\u1ea1n s\u1eed d\u1ee5ng:<\/strong>\u00a002 n\u0103m k\u1ec3 t\u1eeb ng\u00e0y s\u1ea3n xu\u1ea5t<\/p>\n<p><strong><u>V\u00ec sao n\u00ean ch\u1ecdn s\u1ea3n ph\u1ea9m c\u1ee7a ch\u00fang t\u00f4i<\/u><\/strong><br \/>\n\u2022 S\u1ea3n ph\u1ea9m ch\u1ea5t l\u01b0\u1ee3ng th\u01a1m ngon, s\u1ea3n xu\u1ea5t theo ph\u01b0\u01a1ng ph\u00e1p truy\u1ec1n th\u1ed1ng<br \/>\n\u2022 100% ch\u1ea5t l\u01b0\u1ee3ng t\u1eeb c\u00e1 t\u1ef1 nhi\u00ean &amp; mu\u1ed1i (kh\u00f4ng ch\u1ea5t b\u1ea3o qu\u1ea3n, kh\u00f4ng ch\u1ea5t \u0111i\u1ec1u v\u1ecb)<br \/>\n\u2022 H\u01a1n 100 n\u0103m\u00a0s\u1ea3n xu\u1ea5t n\u01b0\u1edbc m\u1eafm truy\u1ec1n th\u1ed1ng<br \/>\n\u2022 \u0110\u1ea1t ch\u1ec9 d\u1eabn \u0111\u1ecba l\u00fd do li\u00ean minh 28 n\u01b0\u1edbc Ch\u00e2u \u00c2u c\u00f4ng nh\u1eadn<br \/>\n\u2022 \u0110\u01b0\u1ee3c s\u1ea3n xu\u1ea5t v\u00e0 \u0111\u00f3ng chai t\u1ea1i Ph\u00fa Qu\u1ed1c<\/p>","protected":false},"excerpt":{"rendered":"<p>N\u01b0\u1edbc m\u1eafm truy\u1ec1n th\u1ed1ng Ph\u00fa Qu\u1ed1c t\u1eeb l\u00e2u \u0111\u00e3 n\u1ed5i ti\u1ebfng c\u1ea3 trong v\u00e0 ngo\u00e0i n\u01b0\u1edbc kh\u00f4ng ch\u1ec9 nh\u1edd \u0111\u1ed9<\/p>","protected":false},"featured_media":12822,"comment_status":"open","ping_status":"closed","template":"","meta":{"_acf_changed":false},"product_cat":[318,366,367,22,319],"product_tag":[],"class_list":{"0":"post-12814","1":"product","2":"type-product","3":"status-publish","4":"has-post-thumbnail","6":"product_cat-gia-vi","7":"product_cat-hang-cnnt-cap-qg","8":"product_cat-hang-cnnt-cap-qg-2023","9":"product_cat-sanphamthucpham","10":"product_cat-tuong-nuoc-mam-gia-vi-dang-long-khac","12":"first","13":"instock","14":"shipping-taxable","15":"purchasable","16":"product-type-variable"},"acf":[],"_links":{"self":[{"href":"https:\/\/b2c.fairs.vn\/en\/wp-json\/wp\/v2\/product\/12814","targetHints":{"allow":["GET"]}}],"collection":[{"href":"https:\/\/b2c.fairs.vn\/en\/wp-json\/wp\/v2\/product"}],"about":[{"href":"https:\/\/b2c.fairs.vn\/en\/wp-json\/wp\/v2\/types\/product"}],"replies":[{"embeddable":true,"href":"https:\/\/b2c.fairs.vn\/en\/wp-json\/wp\/v2\/comments?post=12814"}],"version-history":[{"count":0,"href":"https:\/\/b2c.fairs.vn\/en\/wp-json\/wp\/v2\/product\/12814\/revisions"}],"wp:featuredmedia":[{"embeddable":true,"href":"https:\/\/b2c.fairs.vn\/en\/wp-json\/wp\/v2\/media\/12822"}],"wp:attachment":[{"href":"https:\/\/b2c.fairs.vn\/en\/wp-json\/wp\/v2\/media?parent=12814"}],"wp:term":[{"taxonomy":"product_cat","embeddable":true,"href":"https:\/\/b2c.fairs.vn\/en\/wp-json\/wp\/v2\/product_cat?post=12814"},{"taxonomy":"product_tag","embeddable":true,"href":"https:\/\/b2c.fairs.vn\/en\/wp-json\/wp\/v2\/product_tag?post=12814"}],"curies":[{"name":"wp","href":"https:\/\/api.w.org\/{rel}","templated":true}]}}