{"id":12771,"date":"2024-03-29T15:31:50","date_gmt":"2024-03-29T08:31:50","guid":{"rendered":"https:\/\/b2c.fairs.vn\/?post_type=product&#038;p=12771"},"modified":"2024-03-29T15:31:50","modified_gmt":"2024-03-29T08:31:50","slug":"bon-composite-frp","status":"publish","type":"product","link":"https:\/\/b2c.fairs.vn\/en\/product\/bon-composite-frp\/","title":{"rendered":"B\u1ed3n composite FRP"},"content":{"rendered":"<h1>B\u1ed2N COMPOSITE FRP<\/h1>\n<pre>C\u00f3 nhi\u1ec1u lo\u1ea1i t\u00f9y v\u00e0o m\u1ee5c \u0111\u00edch s\u1eed d\u1ee5ng\r\n\r\n1. B\u1ed2N XI M\u1ea0 K\u1ebcM - S\u01a0N T\u0128NH \u0110I\u1ec6N B\u1eb0NG COMPOSITE (FRP)\r\n<img fetchpriority=\"high\" decoding=\"async\" class=\"size-medium wp-image-12791 aligncenter\" src=\"http:\/\/b2c.fairs.vn\/wp-content\/uploads\/2024\/03\/bon-1-300x225.jpeg\" alt=\"\" width=\"300\" height=\"225\" srcset=\"https:\/\/b2c.fairs.vn\/wp-content\/uploads\/2024\/03\/bon-1-300x225.jpeg 300w, https:\/\/b2c.fairs.vn\/wp-content\/uploads\/2024\/03\/bon-1-16x12.jpeg 16w, https:\/\/b2c.fairs.vn\/wp-content\/uploads\/2024\/03\/bon-1-150x113.jpeg 150w, https:\/\/b2c.fairs.vn\/wp-content\/uploads\/2024\/03\/bon-1.jpeg 600w\" sizes=\"(max-width: 300px) 100vw, 300px\" \/>\r\n2.B\u1ed2N CH\u1ee8A AXIT CLOHYDRIC (HCL)\r\n<img decoding=\"async\" class=\"size-medium wp-image-12793 aligncenter\" src=\"http:\/\/b2c.fairs.vn\/wp-content\/uploads\/2024\/03\/bon-4-258x300.jpeg\" alt=\"\" width=\"258\" height=\"300\" srcset=\"https:\/\/b2c.fairs.vn\/wp-content\/uploads\/2024\/03\/bon-4-258x300.jpeg 258w, https:\/\/b2c.fairs.vn\/wp-content\/uploads\/2024\/03\/bon-4-10x12.jpeg 10w, https:\/\/b2c.fairs.vn\/wp-content\/uploads\/2024\/03\/bon-4-150x175.jpeg 150w, https:\/\/b2c.fairs.vn\/wp-content\/uploads\/2024\/03\/bon-4.jpeg 600w\" sizes=\"(max-width: 258px) 100vw, 258px\" \/>\r\n3.B\u1ed2N CH\u1ee8A H\u00d3A CH\u1ea4T COMPOSITE FRP\r\n<img decoding=\"async\" class=\"size-medium wp-image-12796 aligncenter\" src=\"http:\/\/b2c.fairs.vn\/wp-content\/uploads\/2024\/03\/bon-5-300x225.jpeg\" alt=\"\" width=\"300\" height=\"225\" srcset=\"https:\/\/b2c.fairs.vn\/wp-content\/uploads\/2024\/03\/bon-5-300x225.jpeg 300w, https:\/\/b2c.fairs.vn\/wp-content\/uploads\/2024\/03\/bon-5-16x12.jpeg 16w, https:\/\/b2c.fairs.vn\/wp-content\/uploads\/2024\/03\/bon-5-150x113.jpeg 150w, https:\/\/b2c.fairs.vn\/wp-content\/uploads\/2024\/03\/bon-5.jpeg 600w\" sizes=\"(max-width: 300px) 100vw, 300px\" \/>\r\n4.B\u1ed2N KHU\u1ea4Y TR\u1ed8N H\u00d3A CH\u1ea4T C\u00d4NG NGHI\u1ec6P B\u1eb0NG COMPOSITE (FRP)\r\n<img loading=\"lazy\" decoding=\"async\" class=\"size-medium wp-image-12802 aligncenter\" src=\"http:\/\/b2c.fairs.vn\/wp-content\/uploads\/2024\/03\/bon-6-300x225.jpeg\" alt=\"\" width=\"300\" height=\"225\" srcset=\"https:\/\/b2c.fairs.vn\/wp-content\/uploads\/2024\/03\/bon-6-300x225.jpeg 300w, https:\/\/b2c.fairs.vn\/wp-content\/uploads\/2024\/03\/bon-6-16x12.jpeg 16w, https:\/\/b2c.fairs.vn\/wp-content\/uploads\/2024\/03\/bon-6-150x113.jpeg 150w, https:\/\/b2c.fairs.vn\/wp-content\/uploads\/2024\/03\/bon-6.jpeg 600w\" sizes=\"(max-width: 300px) 100vw, 300px\" \/>\r\n5.B\u1ed2N CH\u1ee8A AXIT SULFURIC (H2SO4)\r\n\r\n<img loading=\"lazy\" decoding=\"async\" class=\"size-medium wp-image-12804 aligncenter\" src=\"http:\/\/b2c.fairs.vn\/wp-content\/uploads\/2024\/03\/bon-7-300x225.jpeg\" alt=\"\" width=\"300\" height=\"225\" srcset=\"https:\/\/b2c.fairs.vn\/wp-content\/uploads\/2024\/03\/bon-7-300x225.jpeg 300w, https:\/\/b2c.fairs.vn\/wp-content\/uploads\/2024\/03\/bon-7-16x12.jpeg 16w, https:\/\/b2c.fairs.vn\/wp-content\/uploads\/2024\/03\/bon-7-150x113.jpeg 150w, https:\/\/b2c.fairs.vn\/wp-content\/uploads\/2024\/03\/bon-7.jpeg 600w\" sizes=\"(max-width: 300px) 100vw, 300px\" \/>\r\n6. B\u1ed2N N\u01af\u1edaC L\u1eaeP GH\u00c9P COMPOSITE FRP<\/pre>\n<div class=\"article-info itemToolbar2\"><img loading=\"lazy\" decoding=\"async\" class=\"size-medium wp-image-12811 aligncenter\" src=\"http:\/\/b2c.fairs.vn\/wp-content\/uploads\/2024\/03\/bon-7-1-300x145.jpeg\" alt=\"\" width=\"300\" height=\"145\" srcset=\"https:\/\/b2c.fairs.vn\/wp-content\/uploads\/2024\/03\/bon-7-1-300x145.jpeg 300w, https:\/\/b2c.fairs.vn\/wp-content\/uploads\/2024\/03\/bon-7-1-18x9.jpeg 18w, https:\/\/b2c.fairs.vn\/wp-content\/uploads\/2024\/03\/bon-7-1-150x73.jpeg 150w, https:\/\/b2c.fairs.vn\/wp-content\/uploads\/2024\/03\/bon-7-1.jpeg 633w\" sizes=\"(max-width: 300px) 100vw, 300px\" \/><\/div>\n<div>7. <span style=\"font-family: Consolas, Monaco, monospace;\">B\u1ed2N T\u1ef0 HO\u1ea0I COMPOSITE (FRP)<\/span><\/p>\n<div class=\"article-info itemToolbar2\"><img loading=\"lazy\" decoding=\"async\" class=\"size-medium wp-image-12782 aligncenter\" src=\"http:\/\/b2c.fairs.vn\/wp-content\/uploads\/2024\/03\/bon-2-300x225.jpeg\" alt=\"\" width=\"300\" height=\"225\" srcset=\"https:\/\/b2c.fairs.vn\/wp-content\/uploads\/2024\/03\/bon-2-300x225.jpeg 300w, https:\/\/b2c.fairs.vn\/wp-content\/uploads\/2024\/03\/bon-2-16x12.jpeg 16w, https:\/\/b2c.fairs.vn\/wp-content\/uploads\/2024\/03\/bon-2-150x113.jpeg 150w, https:\/\/b2c.fairs.vn\/wp-content\/uploads\/2024\/03\/bon-2.jpeg 512w\" sizes=\"(max-width: 300px) 100vw, 300px\" \/><\/div>\n<div>8. <span style=\"font-family: Consolas, Monaco, monospace;\">B\u1ed2N CH\u1ee8A TH\u1ef0C PH\u1ea8M COMPOSITE FRP<\/span><\/div>\n<div>\n<div class=\"article-info itemToolbar2\"><img loading=\"lazy\" decoding=\"async\" class=\"size-medium wp-image-12821 aligncenter\" src=\"http:\/\/b2c.fairs.vn\/wp-content\/uploads\/2024\/03\/bon-8-300x225.jpeg\" alt=\"\" width=\"300\" height=\"225\" srcset=\"https:\/\/b2c.fairs.vn\/wp-content\/uploads\/2024\/03\/bon-8-300x225.jpeg 300w, https:\/\/b2c.fairs.vn\/wp-content\/uploads\/2024\/03\/bon-8-16x12.jpeg 16w, https:\/\/b2c.fairs.vn\/wp-content\/uploads\/2024\/03\/bon-8-150x113.jpeg 150w, https:\/\/b2c.fairs.vn\/wp-content\/uploads\/2024\/03\/bon-8.jpeg 600w\" sizes=\"(max-width: 300px) 100vw, 300px\" \/><\/div>\n<div><\/div>\n<div>\n<h2><strong>1. Gi\u1edbi thi\u1ec7u Composite:<\/strong><\/h2>\n<p>Ng\u00e0y nay\u00a0v\u1eadt li\u1ec7u\u00a0<strong>Composite<\/strong>\u00a0(nh\u1ef1a gia c\u01b0\u1eddng s\u1ee3i th\u1ee7y tinh) \u0111\u01b0\u1ee3c s\u1eed d\u1ee5ng r\u1ed9ng r\u00e3i \u0111\u1ec3 ch\u1ebf t\u1ea1o c\u00e1c s\u1ea3n ph\u1ea9m\u00a0<strong>b\u1ed3n composite<\/strong>\u00a0ch\u1ea5t l\u01b0\u1ee3ng cao\u00a0 cung c\u1ea5p trong c\u00e1c ng\u00e0nh c\u00f4ng nghi\u1ec7p h\u00f3a d\u1ea7u, c\u00f4ng nghi\u1ec7p th\u1ef1c ph\u1ea9m, c\u00f4ng nghi\u1ec7p ch\u1ebf t\u1ea1o&#8230; v\u00ec nh\u1eefng t\u00ednh n\u0103ng v\u01b0\u1ee3t\u00a0tr\u1ed9i c\u1ee7a n\u00f3 so v\u1edbi nh\u1eefng lo\u1ea1i v\u1eadt li\u1ec7u kh\u00e1c m\u00e0 \u0111\u1eb7c bi\u1ec7t l\u00e0 kh\u00e1ng h\u00f3a ch\u1ea5t v\u00e0 b\u1ec1n b\u0129 v\u1edbi m\u00f4i tr\u01b0\u1eddng.<\/p>\n<h2><strong>2. 6 t\u00ednh n\u0103ng t\u1ed1t nh\u1ea5t c\u1ee7a b\u1ed3n composite (b\u1ed3n FRP):<\/strong><\/h2>\n<p>&#8211;\u00a0<strong>Ch\u1ed1ng \u0103n m\u00f2n<\/strong>: \u0111\u00e2y l\u00e0 m\u1ed9t trong nh\u1eefng t\u00ednh ch\u1ea5t n\u1ed5i b\u1eadt nh\u1ea5t, b\u1ed3n nh\u1ef1a composite (FRP) c\u00f3 kh\u1ea3 n\u0103ng ch\u1ecbu \u0103n m\u00f2n c\u00f3 th\u1ec3 d\u00f9ng ch\u1ee9a h\u00f3a ch\u1ea5t, dung m\u00f4i h\u1eefu c\u01a1, n\u01b0\u1edbc mu\u1ed1i, n\u01b0\u1edbc th\u1ea3i\u2026 \u0111\u1eb7c bi\u1ec7t l\u00e0 ax\u00edt \u0111\u1eadm \u0111\u1eb7c m\u00e0 kh\u00f4ng lo ng\u1ea1i v\u1ec1 v\u1ea5n \u0111\u1ec1 tu\u1ed5i th\u1ecd c\u1ee7a c\u00f4ng tr\u00ecnh.<\/p>\n<p><strong>&#8211; Kh\u1ea3 n\u0103ng ch\u1ecbu nhi\u1ec7t &amp; C\u00e1ch nhi\u1ec7t<\/strong>:\u00a0<strong>b\u1ed3n FRP<\/strong>\u00a0c\u00f3 d\u1ea3i nhi\u1ec7t \u0111\u1ed9 r\u1ed9ng do v\u1eadt li\u1ec7u nh\u1ef1a composite (FRP) c\u00f3 th\u1ec3 ho\u1ea1t \u0111\u1ed9ng t\u1ed1t trong m\u00f4i tr\u01b0\u1eddng nhi\u1ec7t \u0111\u1ed9 t\u1eeb th\u1ea5p \u0111\u1ebfn cao. \u0110\u1ed3ng th\u1eddi c\u00e1ch nhi\u1ec7t t\u1ed1t v\u1edbi m\u00f4i tr\u01b0\u1eddng, gi\u00fap \u0111\u1ea3m b\u1ea3o vi\u1ec7c duy tr\u00ec nhi\u1ec7t \u0111\u1ed9 b\u00ean trong b\u1ed3n \u0111\u01b0\u1ee3c l\u00e2u h\u01a1n.<\/p>\n<p>&#8211;\u00a0<strong>Nh\u1eb9 &amp; B\u1ec1n &amp; Ch\u1ecbu l\u1ef1c t\u1ed1t:<\/strong>\u00a0so v\u1edbi m\u1ed9t s\u1ed1 v\u1eadt li\u1ec7u nh\u01b0 th\u00e9p, inox, g\u1ed7,\u2026th\u00ec\u00a0<strong>b\u1ed3n<\/strong>\u00a0l\u00e0m b\u1eb1ng\u00a0<em>composite<\/em>\u00a0c\u00f3 tr\u1ecdng l\u01b0\u1ee3ng nh\u1eb9 h\u01a1n nhi\u1ec1u nh\u01b0ng v\u1eabn \u0111\u1ea3m b\u1ea3o \u0111\u01b0\u1ee3c \u0111\u1ed9 b\u1ec1n t\u1ed1t cao nh\u1ea5t, ch\u1ecbu \u0111\u01b0\u1ee3c \u00e1p l\u1ef1c cao (t\u1ef7 tr\u1ecdng c\u1ee7a FRP l\u00e0 1.7).<\/p>\n<p><strong>&#8211; T\u00ednh tr\u01a1 &amp; Ch\u1ed1ng ch\u00e1y:<\/strong>\u00a0trong th\u00e0nh ph\u1ea7n v\u1eadt li\u1ec7u composite FRP c\u00f3 th\u00e0nh ph\u1ea7n ch\u1ed1ng ch\u00e1y v\u00e0\u00a0ch\u1ed1ng oxy h\u00f3a. Do \u0111\u00f3, b\u1ed3n ho\u00e0n to\u00e0n c\u00f3 th\u1ec3 \u0111\u00e1p \u1ee9ng \u0111\u01b0\u1ee3c y\u00eau c\u1ea7u kh\u00f4ng ch\u00e1y v\u00e0 ti\u00eau chu\u1ea9n bi\u1ebfn \u0111\u1ed5i ch\u1ea5t.<\/p>\n<p>&#8211;\u00a0<strong>L\u1eafp \u0111\u1eb7t &amp; V\u1eadn chuy\u1ec3n:<\/strong>\u00a0v\u00ec nh\u1ef1a c\u00f3 \u0111\u1eb7c t\u00ednh nh\u1eb9, \u0111\u1ed9 b\u1ec1n cao v\u00e0 c\u00f3 th\u1ec3 thi\u1ebft k\u1ebf theo y\u00eau c\u1ea7u c\u1ee7a kh\u00e1ch h\u00e0ng n\u00ean vi\u1ec7c v\u1eadn chuy\u1ec3n, l\u1eafp \u0111\u1eb7t, thi c\u00f4ng v\u00e0 s\u1eed d\u1ee5ng \u0111\u01b0\u1ee3c thu\u1eadn ti\u1ec7n h\u01a1n so v\u1edbi nh\u1eefng lo\u1ea1i\u00a0<em>b\u1ed3n<\/em>\u00a0\u0111\u01b0\u1ee3c l\u00e0m b\u1eb1ng v\u1eadt li\u1ec7u kh\u00e1c.<\/p>\n<p><strong>&#8211; Chi ph\u00ed:<\/strong>\u00a0s\u1ea3n ph\u1ea9m b\u1ed3n nh\u1ef1a FRP c\u00f3 chi ph\u00ed thi c\u00f4ng th\u1ea5p h\u01a1n so v\u1edbi c\u00e1c lo\u1ea1i b\u1ed3n th\u00e9p kh\u00f4ng g\u1ec9 nguy\u00ean ch\u1ea5t, ti\u00eau chu\u1ea9n \u0111\u1ed9 b\u1ec1n ngang b\u1eb1ng v\u1edbi th\u00e9p kh\u00f4ng g\u1ec9 n\u00ean ti\u1ebft ki\u1ec7m \u0111\u01b0\u1ee3c chi ph\u00ed \u0111\u00e1ng k\u1ec3 cho doanh nghi\u1ec7p.<\/p>\n<h2><strong>3. \u1ee8ng d\u1ee5ng c\u1ee7a b\u1ed3n composite:<\/strong><\/h2>\n<p>&#8211; Ch\u1ee9a n\u01b0\u1edbc s\u1ea1ch.<\/p>\n<p>&#8211; Ch\u1ee9a dung m\u00f4i, ax\u00edt, b\u1ed3n ch\u1ee9a h\u00f3a ch\u1ea5t.<\/p>\n<p>&#8211; Ch\u1ee9a n\u01b0\u1edbc th\u1ea3i, r\u00e1c th\u1ea3i, kh\u00ed th\u1ea3i.<\/p>\n<p>&#8211; Trong c\u00f4ng nghi\u1ec7p xi m\u1ea1, t\u1ea9y r\u1eefa v\u00e0 s\u01a1n t\u0129nh \u0111i\u1ec7n.<\/p>\n<p>&#8211; B\u1ed3n trung h\u00f2a dung d\u1ecbch trong d\u00e2y chuy\u1ec1n s\u1ea3n xu\u1ea5t n\u01b0\u1edbc ch\u1ea5m.<\/p>\n<p>&#8211; L\u00e0m b\u1ed3n nu\u00f4i tr\u1ed3ng th\u1ee7y h\u1ea3i s\u1ea3n&#8230;<\/p>\n<h2><strong>4. C\u00e1c lo\u1ea1i b\u1ed3n \u0111\u00e3 s\u1ea3n xu\u1ea5t:<\/strong><\/h2>\n<p>&#8211; B\u1ed3n ch\u1ee9a n\u01b0\u1edbc composite<\/p>\n<p>&#8211;\u00a0B\u1ed3n n\u01b0\u1edbc l\u1eafp gh\u00e9p<\/p>\n<p>&#8211;\u00a0B\u1ed3n ch\u1ee9a th\u1ef1c ph\u1ea9m<\/p>\n<p>&#8211;\u00a0B\u1ed3n composite ch\u1ee9a h\u00f3a ch\u1ea5t<\/p>\n<p>&#8211; B\u1ed3n ch\u1ee9a axit \u0111\u1eadm \u0111\u1eb7c<\/p>\n<p>&#8211;\u00a0B\u1ed3n composite x\u1eed l\u00fd n\u01b0\u1edbc th\u1ea3i<\/p>\n<p>&#8211;\u00a0<em>B\u1ed3n composite<\/em>\u00a0nu\u00f4i th\u1ee7y s\u1ea3n<\/p>\n<\/div>\n<\/div>\n<\/div>\n<div><\/div>\n<pre>\r\n\r\n<\/pre>\n<div class=\"article-info itemToolbar2\"><\/div>\n<div><\/div>\n<div><\/div>\n<p>&nbsp;<\/p>\n<div><\/div>\n<div><\/div>","protected":false},"excerpt":{"rendered":"<p>B\u1ed2N COMPOSITE FRP C\u00f3 nhi\u1ec1u lo\u1ea1i t\u00f9y v\u00e0o m\u1ee5c \u0111\u00edch s\u1eed d\u1ee5ng 1. B\u1ed2N XI M\u1ea0 K\u1ebcM &#8211; S\u01a0N T\u0128NH<\/p>","protected":false},"featured_media":12785,"comment_status":"open","ping_status":"closed","template":"","meta":{"_acf_changed":false},"product_cat":[366,446,348,392],"product_tag":[],"class_list":{"0":"post-12771","1":"product","2":"type-product","3":"status-publish","4":"has-post-thumbnail","6":"product_cat-hang-cnnt-cap-qg","7":"product_cat-san-pham-cnnt-tb-cap-qg-2019","8":"product_cat-thiet-bi-co-khi","9":"product_cat-thiet-bi-may-moc-khac","11":"first","12":"instock","13":"shipping-taxable","14":"product-type-simple"},"acf":[],"_links":{"self":[{"href":"https:\/\/b2c.fairs.vn\/en\/wp-json\/wp\/v2\/product\/12771","targetHints":{"allow":["GET"]}}],"collection":[{"href":"https:\/\/b2c.fairs.vn\/en\/wp-json\/wp\/v2\/product"}],"about":[{"href":"https:\/\/b2c.fairs.vn\/en\/wp-json\/wp\/v2\/types\/product"}],"replies":[{"embeddable":true,"href":"https:\/\/b2c.fairs.vn\/en\/wp-json\/wp\/v2\/comments?post=12771"}],"version-history":[{"count":0,"href":"https:\/\/b2c.fairs.vn\/en\/wp-json\/wp\/v2\/product\/12771\/revisions"}],"wp:featuredmedia":[{"embeddable":true,"href":"https:\/\/b2c.fairs.vn\/en\/wp-json\/wp\/v2\/media\/12785"}],"wp:attachment":[{"href":"https:\/\/b2c.fairs.vn\/en\/wp-json\/wp\/v2\/media?parent=12771"}],"wp:term":[{"taxonomy":"product_cat","embeddable":true,"href":"https:\/\/b2c.fairs.vn\/en\/wp-json\/wp\/v2\/product_cat?post=12771"},{"taxonomy":"product_tag","embeddable":true,"href":"https:\/\/b2c.fairs.vn\/en\/wp-json\/wp\/v2\/product_tag?post=12771"}],"curies":[{"name":"wp","href":"https:\/\/api.w.org\/{rel}","templated":true}]}}