{"id":12769,"date":"2024-03-29T15:10:04","date_gmt":"2024-03-29T08:10:04","guid":{"rendered":"https:\/\/b2c.fairs.vn\/?post_type=product&#038;p=12769"},"modified":"2024-04-19T14:31:26","modified_gmt":"2024-04-19T07:31:26","slug":"hat-dieu-toi-ot","status":"publish","type":"product","link":"https:\/\/b2c.fairs.vn\/en\/product\/hat-dieu-toi-ot\/","title":{"rendered":"H\u1ea1t \u0111i\u1ec1u t\u1ecfi \u1edbt"},"content":{"rendered":"<p><u>T\u00e1c d\u1ee5ng\u00a0<\/u><u>\u0103n<\/u><u>\u00a0h\u1ea1t \u0111i\u1ec1u<\/u>: Ch\u1ea5t proanthocyanidins trong h\u1ea1t \u0111i\u1ec1u c\u00f3 t\u00e1c d\u1ee5ng Ng\u0103n ng\u1eeba ung th\u01b0, ch\u1ea5t b\u00e9o kh\u00f4ng b\u00e3o h\u00f2a \u0111\u01a1n\u00a0 axit oleic (Omega 9) c\u00f3 l\u1ee3i cho s\u1ee9c kh\u1ecfe tim b\u1ec7nh tim m\u1ea1ch, gi\u00e0u canxi, Magi\u00ea gi\u00fap x\u01b0\u01a1ng ch\u1eafc kh\u1ecfe, t\u1ed1t cho d\u00e2y th\u1ea7n kinh, gi\u00e0u kho\u00e1ng ch\u1ea5t \u0111\u1ed3ng enzym gi\u00fap \u0111\u1eb9p da, ng\u1eeba s\u1ecfi m\u1eadt, th\u1ef1c ph\u1ea9m gi\u1ea3m c\u00e2n r\u1ea5t t\u1ed1t.<\/p>\n<p><u>H\u01b0\u1edbng d\u1eabn s\u1eed d\u1ee5ng<\/u>: D\u00f9ng tr\u1ef1c ti\u1ebfp.\u00a0S\u1ea3n ph\u1ea9m th\u01a1m ngon, b\u00e9o c\u1ee7a nh\u00e2n h\u1ea1t \u0111i\u1ec1u, v\u1ecb ng\u1ecdt thanh c\u1ee7a gia v\u1ecb, v\u00e0 cay nh\u1eb9 c\u1ee7a \u1edbt ti\u00eau.<\/p>\n<p>S\u1ea3n ph\u1ea9m t\u1ef1 nhi\u00ean, kh\u00f4ng ch\u1ea5t b\u1ea3o qu\u1ea3n n\u00ean khi \u0111\u1ec3 ngo\u00e0i kh\u00f4ng kh\u00ed s\u1ebd h\u00fat \u1ea9m nhanh n\u00ean xo\u00e1y n\u1eafp h\u1ed9p k\u00edn khi s\u1eed d\u1ee5ng kh\u00f4ng h\u1ebft.<\/p>\n<p><u>H\u01b0\u1edbng d\u1eabn b\u1ea3o qu\u1ea3n<\/u>: B\u1ea3o qu\u1ea3n n\u01a1i kh\u00f4 m\u00e1t, tr\u00e1nh \u00e1nh n\u1eafng tr\u1ef1c ti\u1ebfp.<a href=\"https:\/\/nongsanbinhphuoc.vn\/\"><img decoding=\"async\" title=\"h\u1ea1t \u0111i\u1ec1u b\u00ecnh ph\u01b0\u1edbc\" src=\"https:\/\/nongsanbinhphuoc.vn\/resource\/files\/h%E1%BA%A1t%20%C4%91i%E1%BB%81u%20t%E1%BB%8Fi%20%E1%BB%9Bt%201.jpg\" alt=\"h\u1ea1t \u0111i\u1ec1u t\u1ecfi \u1edbt\" longdesc=\"https:\/\/nongsanbinhphuoc.vn\/\" \/><\/a><\/p>\n<p><u>Th\u00f4ng tin c\u1ea3nh b\u00e1o<\/u>: Kh\u00f4ng d\u00f9ng s\u1ea3n ph\u1ea9m khi h\u1ebft h\u1ea1n s\u1eed d\u1ee5ng, b\u1ecb m\u1ed1c ho\u1eb7c c\u00f3 m\u00f9i v\u1ecb l\u1ea1.<\/p>\n<p><u>Th\u1eddi h\u1ea1n s\u1eed d\u1ee5ng s\u1ea3n ph\u1ea9m<\/u>:<\/p>\n<p>&#8211; Ng\u00e0y s\u1ea3n xu\u1ea5t: xem tr\u00ean bao b\u00ec s\u1ea3n ph\u1ea9m.<\/p>\n<p>&#8211; H\u1ea1n s\u1eed d\u1ee5ng: 12 th\u00e1ng k\u1ec3 t\u1eeb ng\u00e0y s\u1ea3n xu\u1ea5t.<\/p>\n<p><u>Xu\u1ea5t x\u1ee9:<\/u>\u00a0Vi\u1ec7t Nam<\/p>","protected":false},"excerpt":{"rendered":"<p>T\u00e1c d\u1ee5ng\u00a0\u0103n\u00a0h\u1ea1t \u0111i\u1ec1u: Ch\u1ea5t proanthocyanidins trong h\u1ea1t \u0111i\u1ec1u c\u00f3 t\u00e1c d\u1ee5ng Ng\u0103n ng\u1eeba ung th\u01b0, ch\u1ea5t b\u00e9o kh\u00f4ng b\u00e3o h\u00f2a<\/p>","protected":false},"featured_media":12773,"comment_status":"open","ping_status":"closed","template":"","meta":{"_acf_changed":false},"product_cat":[314,366,367,22,313],"product_tag":[],"class_list":{"0":"post-12769","1":"product","2":"type-product","3":"status-publish","4":"has-post-thumbnail","6":"product_cat-do-an-nhanh","7":"product_cat-hang-cnnt-cap-qg","8":"product_cat-hang-cnnt-cap-qg-2023","9":"product_cat-sanphamthucpham","10":"product_cat-thuc-pham-che-bien","12":"first","13":"instock","14":"shipping-taxable","15":"product-type-simple"},"acf":[],"_links":{"self":[{"href":"https:\/\/b2c.fairs.vn\/en\/wp-json\/wp\/v2\/product\/12769","targetHints":{"allow":["GET"]}}],"collection":[{"href":"https:\/\/b2c.fairs.vn\/en\/wp-json\/wp\/v2\/product"}],"about":[{"href":"https:\/\/b2c.fairs.vn\/en\/wp-json\/wp\/v2\/types\/product"}],"replies":[{"embeddable":true,"href":"https:\/\/b2c.fairs.vn\/en\/wp-json\/wp\/v2\/comments?post=12769"}],"version-history":[{"count":0,"href":"https:\/\/b2c.fairs.vn\/en\/wp-json\/wp\/v2\/product\/12769\/revisions"}],"wp:featuredmedia":[{"embeddable":true,"href":"https:\/\/b2c.fairs.vn\/en\/wp-json\/wp\/v2\/media\/12773"}],"wp:attachment":[{"href":"https:\/\/b2c.fairs.vn\/en\/wp-json\/wp\/v2\/media?parent=12769"}],"wp:term":[{"taxonomy":"product_cat","embeddable":true,"href":"https:\/\/b2c.fairs.vn\/en\/wp-json\/wp\/v2\/product_cat?post=12769"},{"taxonomy":"product_tag","embeddable":true,"href":"https:\/\/b2c.fairs.vn\/en\/wp-json\/wp\/v2\/product_tag?post=12769"}],"curies":[{"name":"wp","href":"https:\/\/api.w.org\/{rel}","templated":true}]}}