{"id":12749,"date":"2024-03-29T15:04:09","date_gmt":"2024-03-29T08:04:09","guid":{"rendered":"https:\/\/b2c.fairs.vn\/?post_type=product&#038;p=12749"},"modified":"2024-03-29T15:18:35","modified_gmt":"2024-03-29T08:18:35","slug":"tra-tom-non","status":"publish","type":"product","link":"https:\/\/b2c.fairs.vn\/en\/product\/tra-tom-non\/","title":{"rendered":"Tr\u00e0 T\u00f4m N\u00f5n"},"content":{"rendered":"<div class=\"b__product--detail_ls\">\n<div class=\"b__product--description ng-pristine ng-untouched ng-valid ta-bind\">\n<p>Tr\u00e0 Ngon Th\u01b0\u1ee3ng h\u1ea1ng Th\u00e1i Nguy\u00ean- Tr\u00e0 T\u00f4m N\u00f5n h\u1ed9p 300gr \u0111\u00f3ng g\u00f3i h\u00fat ch\u00e2n kh\u00f4ng 100g \u2013 Tr\u00e0 Xanh Th\u00e1i Nguy\u00ean :\u00a0\u2714Nguy\u00ean li\u1ec7u l\u00e0 b\u00fap non ch\u00e8 N\u00d5N 1 t\u00f4m 1 l\u00e1 \u0111\u00e3 \u0111\u01b0\u1ee3c l\u1ef1a ch\u1ecdn v\u00f9ng Ch\u00e8 Tr\u1ea1i C\u00e0i \u2013 Th\u00e1i Nguy\u00ean \u0111\u01b0\u1ee3c sao kh\u00f4 theo ph\u01b0\u01a1ng ph\u00e1p b\u00ed truy\u1ec1n \u0111\u1ec3 gi\u1eef \u0111\u01b0\u1ee3c ch\u1ea5t, v\u1ecb, h\u01b0\u01a1ng ch\u00e8 t\u1ef1 nhi\u00ean, sau khi sao kh\u00f4 ch\u1ebf bi\u1ebfn th\u00e0nh Tr\u00e0 \u0111\u01b0\u1ee3c \u0111\u00f3ng g\u00f3i b\u1eb1ng t\u00fai h\u00fat ch\u00e2n kh\u00f4ng 100g \u0111\u1ebf ti\u1ec7n l\u1ee3i khi s\u1eed d\u1ee5ng v\u00e0 b\u1ea3o qu\u1ea3n Tr\u00e0 \u0111\u01b0\u1ee3c t\u1ed1t v\u00e0 l\u00e2u h\u01a1n<\/p>\n<\/div>\n<\/div>\n<div id=\"user_manual_section\" class=\"b__product--detail_ls\">\n<h3>H\u01af\u1edaNG D\u1eaaN S\u1eec D\u1ee4NG<\/h3>\n<p><em>B\u01b0\u1edbc 1: Chu\u1ea9n b\u1ecb 8gr tr\u00e0 (ch\u00e8) v\u00e0 c\u00e1c d\u1ee5ng c\u1ee5 li\u00ean quan nh\u01b0 \u1ea5m tr\u00e0, ch\u00e9n T\u1ed1ng, ch\u00e9n qu\u00e2n, d\u1ee5ng c\u1ee5 g\u1eafp tr\u00e0 v\u00e0 n\u01b0\u1edbc s\u00f4i.<\/em><\/p>\n<p><em>B\u01b0\u1edbc 2: Tr\u00e1ng \u1ea5m ch\u00e9n b\u1eb1ng n\u01b0\u1edbc s\u00f4i. B\u1ea1n n\u00ean d\u00f9ng n\u01b0\u1edbc s\u00f4i \u0111\u1ec3 tr\u00e1ng \u1ea5m ch\u00e9n tr\u00e0 nh\u1eb1m m\u1ee5c \u0111\u00edch ti\u1ec7t tr\u00f9ng d\u1ee5ng c\u1ee5 pha tr\u00e0<br \/>\nv\u00e0 l\u00e0m \u1ea5m \u1ea5m ch\u00e9n pha tr\u00e0.<\/em><\/p>\n<p><em>B\u01b0\u1edbc 3: Tr\u00e1ng tr\u00e0. Cho\u00a0<\/em><strong><i>tr\u00e0<\/i><\/strong><em>\u00a0v\u00e0o \u1ea5m, sau \u0111\u00f3 ch\u1ebf n\u01b0\u1edbc \u1edf nhi\u1ec7t \u0111\u1ed9 80 \u0111\u1ed9 C v\u00e0o \u1ea5m r\u1ed3i nhanh ch\u00f3ng r\u00f3t h\u1ebft n\u01b0\u1edbc ra.<\/em><\/p>\n<p><em>B\u01b0\u1edbc 4: Pha tr\u00e0. Ch\u00e2m 200ml n\u01b0\u1edbc s\u00f4i \u1edf nhi\u1ec7t \u0111\u1ed9 75-80 \u0111\u1ed9 C v\u00e0o \u1ea5m r\u1ed3i h\u00e3m 20-25 gi\u00e2y. Sau \u0111\u00f3 r\u00f3t h\u1ebft l\u01b0\u1ee3ng tr\u00e0 t\u1eeb trong \u1ea5m ra ch\u00e9n T\u1ed1ng qua chi\u1ebfc l\u1ecdc tr\u00e0, tr\u00e1nh \u0111\u1ec3 n\u01b0\u1edbc trong \u1ea5m. Chi\u1ebfc l\u1ecdc tr\u00e0 c\u00f3 t\u00e1c d\u1ee5ng gi\u1eef l\u1ea1i nh\u1eefng x\u00e1c tr\u00e0 nh\u1ecf gi\u00fap tr\u00e0 trong v\u00e0 tinh khi\u1ebft h\u01a1n. Cu\u1ed1i c\u00f9ng, r\u00f3t tr\u00e0 t\u1eeb ch\u00e9n T\u1ed1ng ra c\u00e1c ch\u00e9n qu\u00e2n \u0111\u1ec3 th\u01b0\u1edfng th\u1ee9c.<\/em><\/p>\n<p><em>B\u01b0\u1edbc 5: Th\u01b0\u1edfng th\u1ee9c.\u00a0<\/em><\/p>\n<\/div>","protected":false},"excerpt":{"rendered":"<p>Tr\u00e0 Ngon Th\u01b0\u1ee3ng h\u1ea1ng Th\u00e1i Nguy\u00ean- Tr\u00e0 T\u00f4m N\u00f5n h\u1ed9p 300gr \u0111\u00f3ng g\u00f3i h\u00fat ch\u00e2n kh\u00f4ng 100g \u2013 Tr\u00e0 Xanh<\/p>","protected":false},"featured_media":12794,"comment_status":"open","ping_status":"closed","template":"","meta":{"_acf_changed":false},"product_cat":[321,322,366,398,22],"product_tag":[],"class_list":{"0":"post-12749","1":"product","2":"type-product","3":"status-publish","4":"has-post-thumbnail","6":"product_cat-che","7":"product_cat-che-tuoi-che-bien","8":"product_cat-hang-cnnt-cap-qg","9":"product_cat-san-pham-cnnt-tb-cap-qg-2021","10":"product_cat-sanphamthucpham","12":"first","13":"instock","14":"shipping-taxable","15":"purchasable","16":"product-type-simple"},"acf":[],"_links":{"self":[{"href":"https:\/\/b2c.fairs.vn\/en\/wp-json\/wp\/v2\/product\/12749","targetHints":{"allow":["GET"]}}],"collection":[{"href":"https:\/\/b2c.fairs.vn\/en\/wp-json\/wp\/v2\/product"}],"about":[{"href":"https:\/\/b2c.fairs.vn\/en\/wp-json\/wp\/v2\/types\/product"}],"replies":[{"embeddable":true,"href":"https:\/\/b2c.fairs.vn\/en\/wp-json\/wp\/v2\/comments?post=12749"}],"version-history":[{"count":0,"href":"https:\/\/b2c.fairs.vn\/en\/wp-json\/wp\/v2\/product\/12749\/revisions"}],"wp:featuredmedia":[{"embeddable":true,"href":"https:\/\/b2c.fairs.vn\/en\/wp-json\/wp\/v2\/media\/12794"}],"wp:attachment":[{"href":"https:\/\/b2c.fairs.vn\/en\/wp-json\/wp\/v2\/media?parent=12749"}],"wp:term":[{"taxonomy":"product_cat","embeddable":true,"href":"https:\/\/b2c.fairs.vn\/en\/wp-json\/wp\/v2\/product_cat?post=12749"},{"taxonomy":"product_tag","embeddable":true,"href":"https:\/\/b2c.fairs.vn\/en\/wp-json\/wp\/v2\/product_tag?post=12749"}],"curies":[{"name":"wp","href":"https:\/\/api.w.org\/{rel}","templated":true}]}}