{"id":12739,"date":"2024-03-29T15:19:18","date_gmt":"2024-03-29T08:19:18","guid":{"rendered":"https:\/\/b2c.fairs.vn\/?post_type=product&#038;p=12739"},"modified":"2024-04-01T09:40:26","modified_gmt":"2024-04-01T02:40:26","slug":"hat-dieu-rang-muoi-500gr","status":"publish","type":"product","link":"https:\/\/b2c.fairs.vn\/en\/product\/hat-dieu-rang-muoi-500gr\/","title":{"rendered":"H\u1ea1t \u0111i\u1ec1u rang mu\u1ed1i &#8211; 500gr"},"content":{"rendered":"<ul>\n<li>H\u1ea1t \u0111i\u1ec1u \u0111\u01b0\u1ee3c \u0111\u00f3ng g\u00f3i b\u1eb1ng h\u1ed9p nh\u1ef1a d\u1ec5 d\u00e0ng b\u1ea3o qu\u1ea3n<\/li>\n<li>L\u00e0 s\u1ea3n ph\u1ea9m c\u1ee7a CTY TNHH MTV S\u1ea3n xu\u1ea5t Th\u01b0\u01a1ng m\u1ea1i \u0110\u1ee9c Th\u1ecbnh<\/li>\n<li>Cam k\u1ebft b\u00e1n h\u00e0ng chu\u1ea9n size nh\u01b0 m\u00f4 t\u1ea3<\/li>\n<li>Ch\u1ea5t l\u01b0\u1ee3ng lu\u00f4n \u0111\u1eb7t l\u00ean h\u00e0ng \u0111\u1ea7u<\/li>\n<li>Chu\u1ea9n h\u00e0ng Vi\u1ec7t Nam 100%, kh\u00f4ng tr\u1ed9n h\u00e0ng n\u01b0\u1edbc ngo\u00e0i v\u00ec m\u1ee5c ti\u00eau l\u1ee3i nhu\u1eadn<\/li>\n<li>H\u00e0ng rang m\u1ed7i ng\u00e0y n\u00ean ch\u1ea5t l\u01b0\u1ee3ng th\u01a1m ngon b\u00e9o ng\u1eady<\/li>\n<li>S\u1ea3n ph\u1ea9m KH\u00d4NG ch\u1ea5t b\u1ea3o qu\u1ea3n, 100% THI\u00caN NHI\u00caN<\/li>\n<li>H\u1ea1t \u0111i\u1ec1u Rang Mu\u1ed1i \u0111\u00e3 t\u1eeb l\u00e2u l\u00e0 m\u00f3n \u0103n quen thu\u1ed9c \u0111\u01b0\u1ee3c r\u1ea5t nhi\u1ec1u ng\u01b0\u1eddi y\u00eau th\u00edch, trong th\u00e0nh ph\u1ea7n h\u1ea1t \u0111i\u1ec1u gi\u00e0u kho\u00e1ng ch\u1ea5t nh\u01b0 \u0110\u1ed3ng, K\u1ebdm, Magie v\u00e0 ch\u1ee9a nhi\u1ec1u ch\u1ea5t b\u00e9o kh\u00f4ng b\u00e3o h\u00f2a \u0111\u01a1n. Ngo\u00e0i ra h\u1ea1t \u0111i\u1ec1u c\u00f2n ch\u1ee9a nhi\u1ec1u n\u0103ng l\u01b0\u1ee3ng v\u00e0 c\u00f3 nhi\u1ec1u t\u00e1c d\u1ee5ng t\u1ed1t \u0111\u1ed1i v\u1edbi s\u1ee9c kh\u1ecfe con ng\u01b0\u1eddi<\/li>\n<li>H\u1ea1n s\u1eed d\u1ee5ng c\u1ee7a s\u1ea3n ph\u1ea9m H\u1ea1t \u0110i\u1ec1u rang mu\u1ed1i l\u00e0 6 th\u00e1ng, nh\u01b0ng c\u00e1c b\u1ea1n n\u00ean s\u1eed d\u1ee5ng tr\u01b0\u1edbc 3 th\u00e1ng s\u1ebd ngon v\u00e0 gi\u00f2n, sau khi khui h\u1ed9p th\u00ec 1 th\u00e1ng th\u00f4i \u1ea1.<\/li>\n<\/ul>\n<p>CH\u00daC C\u00c1C B\u1ea0N NGON MI\u1ec6NG V\u00c0 H\u00c0I L\u00d2NG KHI MUA S\u1ea2N PH\u1ea8M B\u00caN SHOP<\/p>\n<p>NSX : IN TR\u00caN BAO B\u00cc<\/p>\n<p>HSD: 6 TH\u00c1NG K\u1ec2 T\u1eea NSX<\/p>","protected":false},"excerpt":{"rendered":"<p>H\u1ea1t \u0111i\u1ec1u \u0111\u01b0\u1ee3c \u0111\u00f3ng g\u00f3i b\u1eb1ng h\u1ed9p nh\u1ef1a d\u1ec5 d\u00e0ng b\u1ea3o qu\u1ea3n L\u00e0 s\u1ea3n ph\u1ea9m c\u1ee7a CTY TNHH MTV S\u1ea3n<\/p>","protected":false},"featured_media":12780,"comment_status":"open","ping_status":"closed","template":"","meta":{"_acf_changed":false},"product_cat":[315,366,446,398,22,313],"product_tag":[],"class_list":{"0":"post-12739","1":"product","2":"type-product","3":"status-publish","4":"has-post-thumbnail","6":"product_cat-che-bien-tu-gao-ngu-coc","7":"product_cat-hang-cnnt-cap-qg","8":"product_cat-san-pham-cnnt-tb-cap-qg-2019","9":"product_cat-san-pham-cnnt-tb-cap-qg-2021","10":"product_cat-sanphamthucpham","11":"product_cat-thuc-pham-che-bien","13":"first","14":"instock","15":"shipping-taxable","16":"purchasable","17":"product-type-simple"},"acf":[],"_links":{"self":[{"href":"https:\/\/b2c.fairs.vn\/en\/wp-json\/wp\/v2\/product\/12739","targetHints":{"allow":["GET"]}}],"collection":[{"href":"https:\/\/b2c.fairs.vn\/en\/wp-json\/wp\/v2\/product"}],"about":[{"href":"https:\/\/b2c.fairs.vn\/en\/wp-json\/wp\/v2\/types\/product"}],"replies":[{"embeddable":true,"href":"https:\/\/b2c.fairs.vn\/en\/wp-json\/wp\/v2\/comments?post=12739"}],"version-history":[{"count":0,"href":"https:\/\/b2c.fairs.vn\/en\/wp-json\/wp\/v2\/product\/12739\/revisions"}],"wp:featuredmedia":[{"embeddable":true,"href":"https:\/\/b2c.fairs.vn\/en\/wp-json\/wp\/v2\/media\/12780"}],"wp:attachment":[{"href":"https:\/\/b2c.fairs.vn\/en\/wp-json\/wp\/v2\/media?parent=12739"}],"wp:term":[{"taxonomy":"product_cat","embeddable":true,"href":"https:\/\/b2c.fairs.vn\/en\/wp-json\/wp\/v2\/product_cat?post=12739"},{"taxonomy":"product_tag","embeddable":true,"href":"https:\/\/b2c.fairs.vn\/en\/wp-json\/wp\/v2\/product_tag?post=12739"}],"curies":[{"name":"wp","href":"https:\/\/api.w.org\/{rel}","templated":true}]}}