{"id":12732,"date":"2024-03-29T15:04:55","date_gmt":"2024-03-29T08:04:55","guid":{"rendered":"https:\/\/b2c.fairs.vn\/?post_type=product&#038;p=12732"},"modified":"2024-03-29T15:04:55","modified_gmt":"2024-03-29T08:04:55","slug":"keo-dau-phong-vien","status":"publish","type":"product","link":"https:\/\/b2c.fairs.vn\/en\/product\/keo-dau-phong-vien\/","title":{"rendered":"K\u1eb8O \u0110\u1eacU PH\u1ed8NG VI\u00caN"},"content":{"rendered":"<p>K\u1eb9o \u0111\u1eadu ph\u1ed9ng d\u1ea1ng vi\u00ean ( hay c\u00f2n g\u1ecdi l\u00e0 th\u00e8o l\u00e8o ) \u0111\u01b0\u1ee3c ra \u0111\u1eddi v\u1edbi quy tr\u00ecnh c\u00f4ng ngh\u1ec7 \u0111\u00f3ng g\u00f3i hi\u1ec7n \u0111\u1ea1i, \u0111\u1ea3m b\u1ea3o v\u1ec7 sinh nghi\u00eam ng\u1eb7t t\u1eeb kh\u00e2u ch\u1ecdn, l\u1ef1a \u0111\u1eadu cho \u0111\u1ebfn th\u00e0nh ph\u1ea9m. K\u1eb9o \u0111\u1eadu ph\u1ed9ng vi\u00ean L\u00ea Trang v\u1edbi \u0111\u1eb7c t\u00ednh kh\u00e1c v\u1edbi s\u1ea3n ph\u1ea9m tr\u00ean th\u1ecb tr\u01b0\u1eddng l\u00e0 \u0111\u1ed9 ng\u1ecdt th\u1ea5p, ph\u00f9 h\u1ee3p cho ng\u01b0\u1eddi ki\u00ean \u0111\u01b0\u1eddng, \u0111\u1ed9 gi\u00f2n, x\u1ed1p, b\u00f9i, \u0111\u1ed9 b\u00e9o v\u1eeba ph\u1ea3i c\u1ee7a h\u1ea1t \u0111\u1eadu \u0111\u01b0\u1ee3c gi\u1eef nguy\u00ean, c\u00f9ng v\u1edbi m\u1eabu m\u00e3 \u0111\u1eb9p, nhi\u1ec1u n\u0103m qua, L\u00ea Trang r\u1ea5t h\u00e2n h\u1ea1nh c\u00f3 m\u1eb7t \u1edf kh\u1eafp m\u1ecdi n\u01a1i tr\u00ean c\u1ea3 n\u01b0\u1edbc.<\/p>\n<p>Sau m\u1ed9t th\u1eddi gian \u0111\u1ee9ng v\u1eefng tr\u00ean th\u1ecb tr\u01b0\u1eddng v\u1edbi ti\u00eau ch\u00ed &#8221; s\u1ef1 h\u00e0i l\u00f2ng c\u1ee7a kh\u00e1ch h\u00e0ng l\u00e0 ni\u1ec1m t\u1ef1 h\u00e0o c\u1ee7a ch\u00fang t\u00f4i &#8220;, L\u00ea Trang \u0111\u00e3 kh\u00f4ng ng\u1eebng c\u1ea3i ti\u1ebfn v\u00e0 cho ra \u0111\u1eddi di\u1ec7n m\u1ea1o m\u1edbi s\u1ebd \u0111em \u0111\u1ebfn s\u1ef1 h\u00e0i l\u00f2ng c\u1ea3 v\u1ec1 ch\u1ea5t l\u01b0\u1ee3ng v\u00e0 m\u1eabu m\u00e3 sang tr\u1ecdng, tinh t\u1ebf cho qu\u00fd kh\u00e1ch h\u00e0ng.<\/p>\n<p>\u0110\u00f3ng g\u00f3i: 200g &#8211; 250g &#8211; 500g<\/p>","protected":false},"excerpt":{"rendered":"<p>K\u1eb9o \u0111\u1eadu ph\u1ed9ng d\u1ea1ng vi\u00ean ( hay c\u00f2n g\u1ecdi l\u00e0 th\u00e8o l\u00e8o ) \u0111\u01b0\u1ee3c ra \u0111\u1eddi v\u1edbi quy tr\u00ecnh c\u00f4ng<\/p>","protected":false},"featured_media":12754,"comment_status":"open","ping_status":"closed","template":"","meta":{"_acf_changed":false},"product_cat":[315,366,446,22,313],"product_tag":[],"class_list":{"0":"post-12732","1":"product","2":"type-product","3":"status-publish","4":"has-post-thumbnail","6":"product_cat-che-bien-tu-gao-ngu-coc","7":"product_cat-hang-cnnt-cap-qg","8":"product_cat-san-pham-cnnt-tb-cap-qg-2019","9":"product_cat-sanphamthucpham","10":"product_cat-thuc-pham-che-bien","12":"first","13":"instock","14":"shipping-taxable","15":"product-type-simple"},"acf":[],"_links":{"self":[{"href":"https:\/\/b2c.fairs.vn\/en\/wp-json\/wp\/v2\/product\/12732","targetHints":{"allow":["GET"]}}],"collection":[{"href":"https:\/\/b2c.fairs.vn\/en\/wp-json\/wp\/v2\/product"}],"about":[{"href":"https:\/\/b2c.fairs.vn\/en\/wp-json\/wp\/v2\/types\/product"}],"replies":[{"embeddable":true,"href":"https:\/\/b2c.fairs.vn\/en\/wp-json\/wp\/v2\/comments?post=12732"}],"version-history":[{"count":0,"href":"https:\/\/b2c.fairs.vn\/en\/wp-json\/wp\/v2\/product\/12732\/revisions"}],"wp:featuredmedia":[{"embeddable":true,"href":"https:\/\/b2c.fairs.vn\/en\/wp-json\/wp\/v2\/media\/12754"}],"wp:attachment":[{"href":"https:\/\/b2c.fairs.vn\/en\/wp-json\/wp\/v2\/media?parent=12732"}],"wp:term":[{"taxonomy":"product_cat","embeddable":true,"href":"https:\/\/b2c.fairs.vn\/en\/wp-json\/wp\/v2\/product_cat?post=12732"},{"taxonomy":"product_tag","embeddable":true,"href":"https:\/\/b2c.fairs.vn\/en\/wp-json\/wp\/v2\/product_tag?post=12732"}],"curies":[{"name":"wp","href":"https:\/\/api.w.org\/{rel}","templated":true}]}}