{"id":12719,"date":"2024-03-29T15:21:14","date_gmt":"2024-03-29T08:21:14","guid":{"rendered":"https:\/\/b2c.fairs.vn\/?post_type=product&#038;p=12719"},"modified":"2024-04-04T09:35:09","modified_gmt":"2024-04-04T02:35:09","slug":"phan-bon-hoa-hoc-dong-xanh-6","status":"publish","type":"product","link":"https:\/\/b2c.fairs.vn\/en\/product\/phan-bon-hoa-hoc-dong-xanh-6\/","title":{"rendered":"Ph\u00e2n b\u00f3n h\u00f3a h\u1ecdc \u0110\u1ed3ng xanh 6"},"content":{"rendered":"<p>Ph\u00e2n b\u00f3n h\u00f3a h\u1ecdc \u0110\u1ed3ng xanh 6<\/p>","protected":false},"excerpt":{"rendered":"<p>Ph\u00e2n b\u00f3n h\u00f3a h\u1ecdc \u0110\u1ed3ng xanh 6<\/p>","protected":false},"featured_media":12805,"comment_status":"open","ping_status":"closed","template":"","meta":{"_acf_changed":false},"product_cat":[522,366,446,521],"product_tag":[],"class_list":{"0":"post-12719","1":"product","2":"type-product","3":"status-publish","4":"has-post-thumbnail","6":"product_cat-phan-bon","7":"product_cat-hang-cnnt-cap-qg","8":"product_cat-san-pham-cnnt-tb-cap-qg-2019","9":"product_cat-vat-tu-nong-nghiep","11":"first","12":"instock","13":"shipping-taxable","14":"purchasable","15":"product-type-variable"},"acf":[],"_links":{"self":[{"href":"https:\/\/b2c.fairs.vn\/en\/wp-json\/wp\/v2\/product\/12719","targetHints":{"allow":["GET"]}}],"collection":[{"href":"https:\/\/b2c.fairs.vn\/en\/wp-json\/wp\/v2\/product"}],"about":[{"href":"https:\/\/b2c.fairs.vn\/en\/wp-json\/wp\/v2\/types\/product"}],"replies":[{"embeddable":true,"href":"https:\/\/b2c.fairs.vn\/en\/wp-json\/wp\/v2\/comments?post=12719"}],"version-history":[{"count":0,"href":"https:\/\/b2c.fairs.vn\/en\/wp-json\/wp\/v2\/product\/12719\/revisions"}],"wp:featuredmedia":[{"embeddable":true,"href":"https:\/\/b2c.fairs.vn\/en\/wp-json\/wp\/v2\/media\/12805"}],"wp:attachment":[{"href":"https:\/\/b2c.fairs.vn\/en\/wp-json\/wp\/v2\/media?parent=12719"}],"wp:term":[{"taxonomy":"product_cat","embeddable":true,"href":"https:\/\/b2c.fairs.vn\/en\/wp-json\/wp\/v2\/product_cat?post=12719"},{"taxonomy":"product_tag","embeddable":true,"href":"https:\/\/b2c.fairs.vn\/en\/wp-json\/wp\/v2\/product_tag?post=12719"}],"curies":[{"name":"wp","href":"https:\/\/api.w.org\/{rel}","templated":true}]}}