{"id":12680,"date":"2024-03-29T14:55:52","date_gmt":"2024-03-29T07:55:52","guid":{"rendered":"https:\/\/b2c.fairs.vn\/?post_type=product&#038;p=12680"},"modified":"2024-04-22T09:18:04","modified_gmt":"2024-04-22T02:18:04","slug":"nam-linh-chi-kora-7","status":"publish","type":"product","link":"https:\/\/b2c.fairs.vn\/en\/product\/nam-linh-chi-kora-7\/","title":{"rendered":"N\u00e2\u0301m Linh Chi KORA 7%"},"content":{"rendered":"<h3><b>N\u00e2\u0301m Linh Chi 7%:<\/b><\/h3>\n<ul>\n<li><b>Tha\u0300nh ph\u00e2\u0300n<\/b>: N\u00e2\u0301m linh chi r\u01b0\u0300ng mo\u0323c t\u01b0\u0323 nhi\u00ean ta\u0323i nu\u0301i Ngo\u0323c linh 7%; M\u00e2\u0323t ong; Vitamin C.<\/li>\n<\/ul>\n<ul>\n<li><b>Ca\u0301ch du\u0300ng<\/b>: U\u00f4\u0301ng tr\u01b0\u0323c ti\u00ea\u0301p, ngon h\u01a1n khi du\u0300ng la\u0323nh.<\/li>\n<\/ul>\n<ul>\n<li><b>C\u00f4ng du\u0323ng<\/b>:<\/li>\n<\/ul>\n<p><b>+ D\u1ee9t c\u01a1n \u0111au &amp; ph\u1ee5c h\u1ed3i da\u0323 da\u0300y<\/b>: Du\u0300ng 01 chai\/ l\u00e2\u0300n, nga\u0300y du\u0300ng 3 l\u00e2\u0300n sa\u0301ng, tr\u01b0a, \u00a0t\u00f4\u0301i tr\u01b0\u01a1\u0301c khi \u0103n 30-60 phu\u0301t. V\u01a1\u0301i nh\u01b0\u0303ng c\u01a1n \u0111au da\u0323 da\u0300y (k\u00ea\u0309 ca\u0309 khi \u0111au qu\u0103\u0300n qua\u0323i) chi\u0309 c\u00e2\u0300n u\u00f4\u0301ng 1 chai l\u00e2\u0323p t\u01b0\u0301c h\u00ea\u0301t \u0111au da\u0323 da\u0300y sau 2 phu\u0301t. N\u00ean u\u00f4\u0301ng tr\u01b0\u01a1\u0301c khi \u0103n, V\u01a1\u0301i nh\u01b0\u0303ng ng\u01b0\u01a1\u0300i \u0111au da\u0323 da\u0300y ma\u0300 k pha\u0309i do virus HP (do suy nghi\u0303 nhi\u00ea\u0300u, \u0103n u\u00f4\u0301ng kh\u00f4ng \u0111i\u00ea\u0300u \u0111\u00f4\u0323) thi\u0300 chi\u0309 c\u00e2\u0300n u\u00f4\u0301ng nh\u01b0 h\u01b0\u01a1\u0301ng d\u00e2\u0303n se\u0303 kho\u0309i h\u0103\u0309n (k\u00ea\u0309 ca\u0309 vi\u00eam loe\u0301t). \u0110\u00f4\u0301i v\u01a1\u0301i nh\u01b0\u0303ng ng\u01b0\u01a1\u0300i bi\u0323 \u0111au da\u0323 da\u0300y do vi khu\u00e2\u0309n HP u\u00f4\u0301ng sa\u0309n ph\u00e2\u0309m cu\u0303ng la\u0300m m\u00e2\u0301t c\u01a1n \u0111au, tuy nhi\u00ean \u0111\u00ea\u0309 \u0111i\u00ea\u0300u tri\u0323 l\u00e2u da\u0300i kh\u00f4ng ta\u0301i pha\u0301t c\u00e2\u0300n \u0111i kha\u0301m \u0111i\u00ea\u0300u tri\u0323 HP tri\u00ea\u0323t \u0111\u00ea\u0309.<\/p>\n<p><b>+ Gia\u0309i \u0111\u00f4\u0323c gan<\/b>: Du\u0300ng 01 chai\/ l\u00e2\u0300n, nga\u0300y du\u0300ng 2 l\u00e2\u0300n sa\u0301ng, t\u00f4\u0301i tr\u01b0\u01a1\u0301c khi \u0103n 30-60 phu\u0301t.<\/p>\n<p><b>+ B\u00f4\u0309 th\u00e2\u0323n<\/b>: Du\u0300ng 01 chai\/ l\u00e2\u0300n, nga\u0300y du\u0300ng 2 l\u00e2\u0300n sa\u0301ng, t\u00f4\u0301i tr\u01b0\u01a1\u0301c khi \u0103n 30-60 phu\u0301t.<\/p>\n<p><strong>+ \u0110i\u1ec1u h\u00f2a huy\u1ebft \u00e1p<\/strong><\/p>\n<p>&nbsp;<\/p>\n<p><strong>* Ch\u00fa \u00fd<\/strong><\/p>\n<ul>\n<li><b>H\u01b0\u01a1ng vi\u0323 cu\u0309a n\u01b0\u01a1\u0301c N\u00e2\u0301m linh chi KoRa:<\/b>\u00a0Vi\u0323 h\u01a1i nh\u00e2\u0303n \u0111\u0103\u0301ng cu\u0309a N\u00e2\u0301m linh chi ke\u0300m vi\u0323 ngo\u0323t n\u00f4\u0300ng vi\u0323 m\u00e2\u0323t ong, th\u01a1m ro\u0303 r\u00ea\u0323t mu\u0300i N\u00e2\u0301m linh chi; Nh\u01b0\u0303ng ng\u01b0\u01a1\u0300i kh\u00f4ng thi\u0301ch vi\u0323 \u0111\u0103\u0301ng cu\u0303ng co\u0301 th\u00ea\u0309 d\u00ea\u0303 da\u0300ng u\u00f4\u0301ng h\u00ea\u0301t 1 chai 1 lu\u0301c. Ng\u01b0\u01a1\u0300i du\u0300ng n\u00ean u\u00f4\u0301ng la\u0323nh \u0111\u00ea\u0309 co\u0301 tra\u0309i nghi\u00ea\u0323m ngon h\u01a1n.<\/li>\n<\/ul>\n<ul>\n<li>Ng\u01b0\u01a1\u0300i bi\u0323 huy\u00ea\u0301t a\u0301p cao, huy\u00ea\u0301t a\u0301p th\u00e2\u0301p n\u00ean s\u01b0\u0309 du\u0323ng n\u01b0\u01a1\u0301c N\u00e2\u0301m linh chi KoRa trong qua\u0301 tri\u0300nh \u0111i\u00ea\u0300u tri\u0323.<\/li>\n<li>Khi s\u01b0\u0309 du\u0323ng n\u00ean ki\u00eang bia r\u01b0\u01a1\u0323u \u0111\u00ea\u0309 \u0111a\u0323t hi\u00ea\u0323u qua\u0309 \u0111i\u00ea\u0300u tri\u0323 cao nh\u00e2\u0301t, sau khi s\u01b0\u0309 du\u0323ng 02 tu\u00e2\u0300n tr\u01a1\u0309 l\u00ean, ng\u01b0\u01a1\u0300i du\u0300ng se\u0303 nh\u00e2\u0323n th\u00e2\u0301y thay \u0111\u00f4\u0309i ro\u0303 r\u00ea\u0323t t\u01b0\u0300 c\u01a1 th\u00ea\u0309: Kh\u00f4ng bi\u0323 ti\u00ea\u0309u \u0111\u00eam, u\u00f4\u0301ng bia r\u01b0\u01a1\u0323u l\u00e2u say &amp; nhanh ti\u0309nh h\u01a1n, tinh th\u00e2\u0300n minh m\u00e2\u0303n, ti\u0309nh ta\u0301o, c\u01a1 th\u00ea\u0309 h\u00e2\u0301p thu t\u00f4\u0301t h\u01a1n va\u0300 c\u01a1 b\u0103\u0301p de\u0309o dai h\u01a1n tr\u01b0\u01a1\u0301c.<\/li>\n<\/ul>","protected":false},"excerpt":{"rendered":"<p>N\u00e2\u0301m Linh Chi 7%: Tha\u0300nh ph\u00e2\u0300n: N\u00e2\u0301m linh chi r\u01b0\u0300ng mo\u0323c t\u01b0\u0323 nhi\u00ean ta\u0323i nu\u0301i Ngo\u0323c linh 7%; M\u00e2\u0323t ong;<\/p>","protected":false},"featured_media":12714,"comment_status":"open","ping_status":"closed","template":"","meta":{"_acf_changed":false},"product_cat":[366,398,22],"product_tag":[],"class_list":{"0":"post-12680","1":"product","2":"type-product","3":"status-publish","4":"has-post-thumbnail","6":"product_cat-hang-cnnt-cap-qg","7":"product_cat-san-pham-cnnt-tb-cap-qg-2021","8":"product_cat-sanphamthucpham","10":"first","11":"instock","12":"shipping-taxable","13":"product-type-simple"},"acf":[],"_links":{"self":[{"href":"https:\/\/b2c.fairs.vn\/en\/wp-json\/wp\/v2\/product\/12680","targetHints":{"allow":["GET"]}}],"collection":[{"href":"https:\/\/b2c.fairs.vn\/en\/wp-json\/wp\/v2\/product"}],"about":[{"href":"https:\/\/b2c.fairs.vn\/en\/wp-json\/wp\/v2\/types\/product"}],"replies":[{"embeddable":true,"href":"https:\/\/b2c.fairs.vn\/en\/wp-json\/wp\/v2\/comments?post=12680"}],"version-history":[{"count":0,"href":"https:\/\/b2c.fairs.vn\/en\/wp-json\/wp\/v2\/product\/12680\/revisions"}],"wp:featuredmedia":[{"embeddable":true,"href":"https:\/\/b2c.fairs.vn\/en\/wp-json\/wp\/v2\/media\/12714"}],"wp:attachment":[{"href":"https:\/\/b2c.fairs.vn\/en\/wp-json\/wp\/v2\/media?parent=12680"}],"wp:term":[{"taxonomy":"product_cat","embeddable":true,"href":"https:\/\/b2c.fairs.vn\/en\/wp-json\/wp\/v2\/product_cat?post=12680"},{"taxonomy":"product_tag","embeddable":true,"href":"https:\/\/b2c.fairs.vn\/en\/wp-json\/wp\/v2\/product_tag?post=12680"}],"curies":[{"name":"wp","href":"https:\/\/api.w.org\/{rel}","templated":true}]}}