{"id":12671,"date":"2024-03-29T14:52:57","date_gmt":"2024-03-29T07:52:57","guid":{"rendered":"https:\/\/b2c.fairs.vn\/?post_type=product&#038;p=12671"},"modified":"2024-04-23T15:53:43","modified_gmt":"2024-04-23T08:53:43","slug":"nuoc-mam-chi-dan-dia-ly-phu-quoc-thanh-quoc-35n","status":"publish","type":"product","link":"https:\/\/b2c.fairs.vn\/en\/product\/nuoc-mam-chi-dan-dia-ly-phu-quoc-thanh-quoc-35n\/","title":{"rendered":"N\u01b0\u1edbc M\u1eafm Ch\u1ec9 D\u1eabn \u0110\u1ecba L\u00fd Ph\u00fa Qu\u1ed1c &#8211; Thanh Qu\u1ed1c 35N"},"content":{"rendered":"<p><strong>N\u01af\u1edaC M\u1eaeM CH\u1ec8 D\u1eaaN \u0110\u1ecaA L\u00dd PH\u00da QU\u1ed0C\u00a0<\/strong><strong>&#8211;\u00a0<\/strong><strong>THANH QU\u1ed0C 35\u00a0\u0110\u1ed8 \u0110\u1ea0M<\/strong><\/p>\n<p><strong>GI\u1edaI THI\u1ec6U:<\/strong><\/p>\n<ul>\n<li>N\u01b0\u1edbc m\u1eafm ch\u1ec9 d\u1eabn \u0111\u1ecba l\u00fd Ph\u00fa Qu\u1ed1c &#8211; Thanh Qu\u1ed1c 35 \u0111\u1ed9 \u0111\u1ea1m l\u00e0 s\u1ea3n ph\u1ea9m \u0111\u01b0\u1ee3c Li\u00ean Minh Ch\u00e2u \u00c2u v\u00e0 Vi\u1ec7t Nam b\u1ea3o h\u1ed9 ch\u1ec9 d\u1eabn \u0111\u1ecba l\u00fd ngu\u1ed3n g\u1ed1c xu\u1ea5t x\u1ee9 \u201cPh\u00fa Qu\u1ed1c\u201d.<\/li>\n<li>S\u1ea3n ph\u1ea9m \u0111\u01b0\u1ee3c s\u1ea3n xu\u1ea5t theo ti\u00eau chu\u1ea9n v\u1ec7 sinh an to\u00e0n th\u1ef1c ph\u1ea9m qu\u1ed1c t\u1ebf HACCP, ISO 22000:2018, v\u00e0 HALAL.<\/li>\n<li>N\u01b0\u1edbc M\u1eafm ch\u1ec9 d\u1eabn \u0111\u1ecba l\u00fd Ph\u00fa Qu\u1ed1c &#8211; Thanh Qu\u1ed1c s\u1eed d\u1ee5ng hai ngu\u1ed3n nguy\u00ean li\u1ec7u l\u00e0 C\u00e1 c\u01a1m t\u01b0\u01a1i t\u1ea1i v\u00f9ng bi\u1ec3n Ph\u00fa Qu\u1ed1c k\u1ebft h\u1ee3p v\u1edbi Mu\u1ed1i bi\u1ec3n B\u00e0 R\u1ecba &#8211; V\u0169ng T\u00e0u, \u0111\u01b0\u1ee3c \u1ee7 ch\u01b0\u1ee3p trong th\u00f9ng g\u1ed7 v\u00e0 l\u00ean men t\u1ef1 nhi\u00ean t\u1eeb 12-15 th\u00e1ng theo t\u1ef7 l\u1ec7 tr\u1ecdng l\u01b0\u1ee3ng 3-1 cho \u0111\u1ebfn khi ra \u0111\u01b0\u1ee3c th\u00e0nh ph\u1ea9m.<\/li>\n<li>S\u1ea3n ph\u1ea9m thu\u1ea7n khi\u1ebft t\u1ef1 nhi\u00ean, kh\u00f4ng s\u1eed d\u1ee5ng ch\u1ea5t b\u1ea3o qu\u1ea3n, ch\u1ea5t \u0111i\u1ec1u v\u1ecb, hay m\u00e0u, m\u00f9i nh\u00e2n t\u1ea1o.<\/li>\n<li>S\u1ea3n ph\u1ea9m gi\u00e0u dinh d\u01b0\u1ee1ng, \u0111\u1eb7c bi\u1ec7t l\u00e0 c\u00e1c nh\u00f3m Acid Amin t\u1ef1 nhi\u00ean &#8211; th\u00e0nh ph\u1ea7n c\u00f3 vai tr\u00f2 quan tr\u1ecdng c\u1ea5u t\u1ea1o n\u00ean protein c\u1ee7a c\u01a1 th\u1ec3 ng\u01b0\u1eddi d\u00f9ng.<\/li>\n<\/ul>\n<p><strong>M\u00d4 T\u1ea2 S\u1ea2N PH\u1ea8M:<\/strong><\/p>\n<ul>\n<li>\u0110\u1ed9 \u0111\u1ea1m: 35N<\/li>\n<li>Bao b\u00ec c\u00f3 logo\u00a0v\u00e0 tem\u00a0ch\u1ec9 d\u1eabn \u0111\u1ecba l\u00fd Ph\u00fa Qu\u1ed1c.<\/li>\n<li>N\u01b0\u1edbc m\u1eafm c\u00f3 m\u00e0u n\u00e2u c\u00e1nh gi\u00e1n\u00a0t\u1ef1 nhi\u00ean, h\u01b0\u01a1ng v\u1ecb \u0111\u1eadm \u0111\u00e0.<\/li>\n<\/ul>\n<p><strong>H\u01af\u1edaNG D\u1eaaN S\u1eec D\u1ee4NG:<\/strong><\/p>\n<ul>\n<li>L\u00e0 nguy\u00ean li\u1ec7u ch\u1ebf bi\u1ebfn m\u00f3n \u0103n ho\u1eb7c d\u00f9ng \u0111\u1ec3 ch\u1ea5m tr\u1ef1c ti\u1ebfp.<\/li>\n<li>L\u00e0 gia v\u1ecb kh\u00f4ng th\u1ec3 thi\u1ebfu trong b\u1eefa \u0103n gia \u0111\u00ecnh.<\/li>\n<\/ul>\n<p><strong>QUY T\u1eaeC B\u1ea2O QU\u1ea2N:<\/strong><\/p>\n<ul>\n<li>B\u1ea3o qu\u1ea3n n\u01a1i kh\u00f4 r\u00e1o, tho\u00e1ng m\u00e1t, tr\u00e1nh \u00e1nh n\u1eafng tr\u1ef1c ti\u1ebfp.<\/li>\n<li>\u0110\u1eady n\u1eafp k\u00edn sau khi s\u1eed d\u1ee5ng.<\/li>\n<li>N\u01b0\u1edbc m\u1eafm chu\u1ea9n truy\u1ec1n th\u1ed1ng n\u00ean khi \u0111\u1ec3 l\u00e2u n\u01b0\u1edbc m\u1eafm s\u1ebd s\u1eadm m\u00e0u v\u00e0 c\u00f3 th\u1ec3 c\u00f3 k\u1ebft tinh mu\u1ed1i d\u01b0\u1edbi \u0111\u00e1y chai, kh\u00f4ng \u1ea3nh h\u01b0\u1edfng \u0111\u1ebfn ch\u1ea5t l\u01b0\u1ee3ng v\u00e0 an to\u00e0n v\u1ec7 sinh th\u1ef1c ph\u1ea9m.<\/li>\n<\/ul>\n<p><strong>H\u1ea0N S\u1eec D\u1ee4NG:<\/strong><\/p>\n<ul>\n<li>24 th\u00e1ng k\u1ec3 t\u1eeb ng\u00e0y s\u1ea3n xu\u1ea5t<\/li>\n<\/ul>\n<p><strong>TH\u00d4NG TIN N\u01a0I S\u1ea2N XU\u1ea4T:<\/strong><\/p>\n<ul>\n<li>C\u00d4NG TY TNHH S\u1ea2N XU\u1ea4T V\u00c0 KINH DOANH N\u01af\u1edaC M\u1eaeM THANH\u00a0QU\u1ed0C<\/li>\n<li>S\u1ed1 36 Phan \u0110\u00ecnh Ph\u00f9ng, Khu Ph\u1ed1 1, Ph\u01b0\u1eddng D\u01b0\u01a1ng \u0110\u00f4ng,\u00a0TP.\u00a0Ph\u00fa Qu\u1ed1c, T\u1ec9nh Ki\u00ean Giang<\/li>\n<li>Email: nuocmamthanhquoc@gmail.com<\/li>\n<\/ul>\n<div class=\"ddict_btn\" style=\"top: 383px; left: 177.203px;\"><img decoding=\"async\" src=\"chrome-extension:\/\/bpggmmljdiliancllaapiggllnkbjocb\/logo\/48.png\" \/><\/div>","protected":false},"excerpt":{"rendered":"<p>N\u01af\u1edaC M\u1eaeM CH\u1ec8 D\u1eaaN \u0110\u1ecaA L\u00dd PH\u00da QU\u1ed0C\u00a0&#8211;\u00a0THANH QU\u1ed0C 35\u00a0\u0110\u1ed8 \u0110\u1ea0M GI\u1edaI THI\u1ec6U: N\u01b0\u1edbc m\u1eafm ch\u1ec9 d\u1eabn \u0111\u1ecba l\u00fd Ph\u00fa<\/p>","protected":false},"featured_media":12679,"comment_status":"open","ping_status":"closed","template":"","meta":{"_acf_changed":false},"product_cat":[318,366,367,22,319],"product_tag":[],"class_list":{"0":"post-12671","1":"product","2":"type-product","3":"status-publish","4":"has-post-thumbnail","6":"product_cat-gia-vi","7":"product_cat-hang-cnnt-cap-qg","8":"product_cat-hang-cnnt-cap-qg-2023","9":"product_cat-sanphamthucpham","10":"product_cat-tuong-nuoc-mam-gia-vi-dang-long-khac","12":"first","13":"instock","14":"shipping-taxable","15":"purchasable","16":"product-type-variable"},"acf":[],"_links":{"self":[{"href":"https:\/\/b2c.fairs.vn\/en\/wp-json\/wp\/v2\/product\/12671","targetHints":{"allow":["GET"]}}],"collection":[{"href":"https:\/\/b2c.fairs.vn\/en\/wp-json\/wp\/v2\/product"}],"about":[{"href":"https:\/\/b2c.fairs.vn\/en\/wp-json\/wp\/v2\/types\/product"}],"replies":[{"embeddable":true,"href":"https:\/\/b2c.fairs.vn\/en\/wp-json\/wp\/v2\/comments?post=12671"}],"version-history":[{"count":0,"href":"https:\/\/b2c.fairs.vn\/en\/wp-json\/wp\/v2\/product\/12671\/revisions"}],"wp:featuredmedia":[{"embeddable":true,"href":"https:\/\/b2c.fairs.vn\/en\/wp-json\/wp\/v2\/media\/12679"}],"wp:attachment":[{"href":"https:\/\/b2c.fairs.vn\/en\/wp-json\/wp\/v2\/media?parent=12671"}],"wp:term":[{"taxonomy":"product_cat","embeddable":true,"href":"https:\/\/b2c.fairs.vn\/en\/wp-json\/wp\/v2\/product_cat?post=12671"},{"taxonomy":"product_tag","embeddable":true,"href":"https:\/\/b2c.fairs.vn\/en\/wp-json\/wp\/v2\/product_tag?post=12671"}],"curies":[{"name":"wp","href":"https:\/\/api.w.org\/{rel}","templated":true}]}}