{"id":12654,"date":"2024-03-29T14:54:29","date_gmt":"2024-03-29T07:54:29","guid":{"rendered":"https:\/\/b2c.fairs.vn\/?post_type=product&#038;p=12654"},"modified":"2024-03-29T14:54:29","modified_gmt":"2024-03-29T07:54:29","slug":"balo-co-bang-nho","status":"publish","type":"product","link":"https:\/\/b2c.fairs.vn\/en\/product\/balo-co-bang-nho\/","title":{"rendered":"Balo c\u1ecf b\u00e0ng nh\u1ecf"},"content":{"rendered":"<p><strong>Balo B\u00e0ng<\/strong>\u00a0l\u00e0 m\u1ed9t trong c\u00e1c s\u1ea3n ph\u1ea9m n\u1eb1m trong d\u00f2ng balo l\u00e0m t\u1eeb c\u00e2y c\u1ecf b\u00e0ng 100% ngo\u00e0i t\u1ef1 nhi\u00ean. \u0110\u01b0\u1ee3c l\u00e0m th\u1ee7 c\u00f4ng b\u1edfi c\u00e1c ngh\u1ec7 nh\u00e2n \u0111\u1ecba ph\u01b0\u01a1ng, s\u1ea3n ph\u1ea9m \u0111\u01b0\u1ee3c \u0111an t\u1eebng c\u00e2y c\u1ecf kh\u00f4 xen k\u1ebb v\u00e0o nhau, t\u1ea1o ra s\u1ef1 ch\u1eafc ch\u1eafn. Balo c\u00f2n \u0111\u01b0\u1ee3c k\u1ebft h\u1ee3p d\u00e2y k\u00e9o v\u00e0 n\u00fat h\u00edt \u0111\u1ec3 \u0111\u00f3ng m\u1edf balo. C\u00e1c \u0111\u01b0\u1eddng ch\u1ec9 may \u0111\u01b0\u1ee3c ng\u01b0\u1eddi ngh\u1ec7 nh\u00e2n may t\u1ec9 m\u1ec9, ngay ng\u1eafn. Quai \u0111eo \u0111\u01b0\u1ee3c l\u00e0m b\u1eb1ng v\u1ea3i, c\u00f3 ch\u1ee9c n\u0103ng thu n\u1edbi ph\u00f9 h\u1ee3p v\u1edbi h\u00ecnh d\u00e1ng c\u1ee7a t\u1eebng ng\u01b0\u1eddi.<\/p>\n<ul>\n<li><strong>T\u00ean s\u1ea3n ph\u1ea9m:\u00a0<\/strong>Balo B\u00e0ng C\u1ee1 Nh\u1ecf<\/li>\n<li><strong>Th\u00e0nh ph\u1ea7n<\/strong>: C\u1ecf b\u00e0ng Ph\u00fa M\u1ef9 100%<\/li>\n<li><strong>Xu\u1ea5t x\u1ee9:\u00a0<\/strong>Vi\u1ec7t Nam<\/li>\n<li><strong>S\u1ea3n xu\u1ea5t:\u00a0<\/strong>Cty TNHH Th\u1ea3o \u0110i\u1ec1n Ph\u00fa M\u1ef9<\/li>\n<\/ul>\n<p><strong>Balo B\u00e0ng<\/strong>\u00a0l\u00e0 m\u1ed9t trong c\u00e1c s\u1ea3n ph\u1ea9m n\u1eb1m trong d\u00f2ng balo l\u00e0m t\u1eeb c\u00e2y c\u1ecf b\u00e0ng 100% ngo\u00e0i t\u1ef1 nhi\u00ean, balo \u00e9p \u0111\u01b0\u1ee3c c\u00e1c ngh\u1ec7 nh\u00e2n \u0111an t\u1eebng c\u00e2y c\u1ecf b\u00e0ng kh\u00f4 b\u1eb1ng th\u1ee7 c\u00f4ng n\u00ean c\u00e1c \u0111\u01b0\u1eddng n\u00e9t c\u1ee7a balo v\u00f4 c\u00f9ng h\u00e0i ho\u00e0 v\u00e0 ch\u1eafc ch\u1eafn. Balo c\u00f3 2 l\u1edbp.<\/p>\n<ul>\n<li>L\u1edbp b\u00ean ngo\u00e0i \u0111\u01b0\u1ee3c \u0111an ch\u1eafc ch\u1eafn b\u1eb1ng c\u1ecf b\u00e0ng, nh\u1eefng \u0111\u01b0\u1eddng \u0111an chi ti\u1ebft t\u1ec9 m\u1ec9, \u0111\u01b0\u1ee3c l\u00e0m th\u1ee7 c\u00f4ng b\u1edfi c\u00e1c ngh\u1ec7 nh\u00e2n l\u00e0 ng\u01b0\u1eddi d\u00e2n \u0111\u1ecba ph\u01b0\u01a1ng. V\u00ec l\u1edbp ngo\u00e0i l\u00e0 l\u1edbp c\u1ecf kh\u00f4 n\u00ean n\u00f3 r\u1eafn ch\u1eafc, \u0111\u00e0n h\u1ed3i t\u1ed1t, \u0111\u01b0\u1ee3c thi\u1ebft k\u1ebf \u0111\u1ec3 l\u00e0m b\u1ed9 khung cho gi\u1ecf. \u0110\u01b0\u1eddng ch\u1ec9 may ngay ng\u1eafn, ng\u0103n n\u1eafp, \u0111\u1ed3ng \u0111\u1ec1u. M\u00e0u ch\u1ec9 \u0111\u01b0\u1ee3c l\u1ef1a ch\u1ecdn, h\u00e0i ho\u00e0 v\u1edbi t\u1ed5ng th\u1ec3 m\u00e0u c\u1ee7a gi\u1ecf, kh\u00f4ng b\u1ecb ch\u00f5i m\u00e0u. Cho n\u00ean, l\u1edbp v\u1ecf ngo\u00e0i c\u1ee7a balo \u0111\u01b0\u1ee3c v\u00ed nh\u01b0 ng\u01b0\u1eddi ph\u1ee5 n\u1eef\u00a0<strong>Vi\u1ec7t Nam<\/strong>\u00a0r\u1eafn r\u1ecfi, b\u1ea5t khu\u1ea5t.<\/li>\n<li>L\u1edbp b\u00ean trong \u0111\u01b0\u1ee3c l\u1edbp m\u1ed9t l\u1edbp v\u1ea3i m\u1ecfng, m\u1ec1m nh\u1eb9, \u0111\u01b0\u1ee3c may th\u00eam c\u00e1c t\u00fai nh\u1ecf \u0111\u1ec3 ph\u1ee5 v\u1ee5 nhu c\u1ea7u mang \u0111\u1ed3 c\u1ee7a kh\u00e1ch h\u00e0ng. L\u1edbp n\u00e0y t\u01b0\u1ee3ng tr\u01b0ng cho s\u1ef1 m\u1ec1m m\u1ecfng, d\u1ecbu d\u00e0ng, \u0111\u1ea3m \u0111ang v\u1ed1n c\u00f3 c\u1ee7a ng\u01b0\u1eddi ph\u1ee5 n\u1eef Vi\u1ec7t.<\/li>\n<\/ul>\n<p>Xen k\u1ebd gi\u1eefa r\u1eafn r\u00f5i v\u00e0 d\u1ecbu d\u00e0ng, l\u1ea5y c\u1ea3m h\u1ee9ng t\u1eeb \u0111\u00f3 n\u00ean s\u1ea3n ph\u1ea9m\u00a0<strong>Balo B\u00e0ng<\/strong>\u00a0\u0111\u01b0\u1ee3c ra \u0111\u1eddi!<\/p>\n<p>Th\u00eam m\u1ed9t \u0111i\u1ec3m c\u0169ng \u0111\u1ed9c \u0111\u00e1o kh\u00f4ng k\u00e9m, ch\u00ednh l\u00e0 balo ho\u00e0n to\u00e0n c\u00f3 th\u1ec3 g\u1ea5p l\u1ea1i r\u1ea5t g\u1ecdn, ch\u1ec9 nh\u01b0 m\u1ed9t t\u1ea5m b\u00e0ng th\u1eb3ng m\u00e0 th\u00f4i. C\u00e1c kho\u00e1 k\u00e9o c\u1ee7a balo \u0111\u01b0\u1ee3c l\u00e0m n\u1ed1i li\u1ec1n nhau, n\u00ean khi ng\u01b0\u1eddi d\u00f9ng k\u00e9o h\u1ebft kho\u00e1, balo t\u1ef1 kh\u1eafc s\u1ebd tr\u1edf th\u00e0nh t\u1ea5m b\u00e0ng th\u1eb3ng, d\u1ec5 d\u00e0ng g\u1ea5p v\u00e0o vali \u0111\u1ec3 \u0111i du l\u1ecbch xa<\/p>\n<p>Ch\u00fang ta n\u00ean b\u1ea3o qu\u1ea3n balo theo c\u00e1c n\u1ed9i dung d\u01b0\u1edbi \u0111\u00e2y \u0111\u1ec3 gi\u1ecf lu\u00f4n m\u1edbi v\u00e0 b\u1ec1n l\u00e2u<\/p>\n<ul>\n<li>\u0110\u1eb7t s\u1ea3n ph\u1ea9m \u1edf n\u01a1i kh\u00f4 tho\u00e1ng<\/li>\n<li>Tr\u00e1nh ti\u1ebfp x\u00fac tr\u1ef1c ti\u1ebfp nhi\u1ec1u v\u1edbi n\u01b0\u1edbc<\/li>\n<li>Trong tr\u01b0\u1eddng h\u1ee3p gi\u1ecf b\u1ecb ti\u1ebfp x\u00fac v\u1edbi n\u01b0\u1edbc (\u01b0\u1edbt m\u01b0a, t\u1eafm bi\u1ec3n, b\u1ecb r\u01a1i v\u00e0o n\u01b0\u1edbc,&#8230;) c\u00e1c b\u1ea1n c\u00f3 th\u1ec3 \u0111em s\u1ea3n ph\u1ea9m s\u1ea5y b\u1eb1ng m\u00e1y s\u1ea5y, ho\u1eb7c ph\u01a1i d\u01b0\u1edbi \u00e1nh n\u1eafng cho kh\u00f4, tr\u00e1nh b\u1ecb \u1ea9m, m\u1ed1c, th\u00e2m kim kh\u00f3 x\u1eed l\u00fd<\/li>\n<\/ul>","protected":false},"excerpt":{"rendered":"<p>Balo B\u00e0ng\u00a0l\u00e0 m\u1ed9t trong c\u00e1c s\u1ea3n ph\u1ea9m n\u1eb1m trong d\u00f2ng balo l\u00e0m t\u1eeb c\u00e2y c\u1ecf b\u00e0ng 100% ngo\u00e0i t\u1ef1 nhi\u00ean.<\/p>","protected":false},"featured_media":12702,"comment_status":"open","ping_status":"closed","template":"","meta":{"_acf_changed":false},"product_cat":[394,366,367,336,337],"product_tag":[],"class_list":{"0":"post-12654","1":"product","2":"type-product","3":"status-publish","4":"has-post-thumbnail","6":"product_cat-may-tre-dan","7":"product_cat-hang-cnnt-cap-qg","8":"product_cat-hang-cnnt-cap-qg-2023","9":"product_cat-san-pham-thu-cong-my-nghe","10":"product_cat-thu-cong-my-nghe-gia-dung-trang-tri","12":"first","13":"instock","14":"shipping-taxable","15":"purchasable","16":"product-type-simple"},"acf":[],"_links":{"self":[{"href":"https:\/\/b2c.fairs.vn\/en\/wp-json\/wp\/v2\/product\/12654","targetHints":{"allow":["GET"]}}],"collection":[{"href":"https:\/\/b2c.fairs.vn\/en\/wp-json\/wp\/v2\/product"}],"about":[{"href":"https:\/\/b2c.fairs.vn\/en\/wp-json\/wp\/v2\/types\/product"}],"replies":[{"embeddable":true,"href":"https:\/\/b2c.fairs.vn\/en\/wp-json\/wp\/v2\/comments?post=12654"}],"version-history":[{"count":0,"href":"https:\/\/b2c.fairs.vn\/en\/wp-json\/wp\/v2\/product\/12654\/revisions"}],"wp:featuredmedia":[{"embeddable":true,"href":"https:\/\/b2c.fairs.vn\/en\/wp-json\/wp\/v2\/media\/12702"}],"wp:attachment":[{"href":"https:\/\/b2c.fairs.vn\/en\/wp-json\/wp\/v2\/media?parent=12654"}],"wp:term":[{"taxonomy":"product_cat","embeddable":true,"href":"https:\/\/b2c.fairs.vn\/en\/wp-json\/wp\/v2\/product_cat?post=12654"},{"taxonomy":"product_tag","embeddable":true,"href":"https:\/\/b2c.fairs.vn\/en\/wp-json\/wp\/v2\/product_tag?post=12654"}],"curies":[{"name":"wp","href":"https:\/\/api.w.org\/{rel}","templated":true}]}}