{"id":12601,"date":"2024-03-29T14:32:23","date_gmt":"2024-03-29T07:32:23","guid":{"rendered":"https:\/\/b2c.fairs.vn\/?post_type=product&#038;p=12601"},"modified":"2024-04-23T15:41:05","modified_gmt":"2024-04-23T08:41:05","slug":"xa-don-xep","status":"publish","type":"product","link":"https:\/\/b2c.fairs.vn\/en\/product\/xa-don-xep\/","title":{"rendered":"X\u00e0 \u0111\u01a1n x\u1ebfp"},"content":{"rendered":"<p>X\u00e0 \u0111\u01a1n x\u1ebfp VifaSport l\u00e0 d\u1ee5ng c\u1ee5 th\u1ec3 d\u1ee5c th\u1ec3 thao do c\u00f4ng ty TNHH Vi\u1ec7t Ph\u00e1p s\u1ea3n xu\u1ea5t, \u0111\u01b0\u1ee3c s\u1ea3n xu\u1ea5t t\u1eeb Khung th\u00e9p s\u01a1n t\u0129nh \u0111i\u1ec7n, mang l\u1ea1i cho ng\u01b0\u1eddi t\u1eadp m\u1ed9t d\u1ee5ng c\u1ee5 t\u1eadp luy\u1ec7n th\u1ec3 thao t\u1ea1i nh\u00e0 v\u00f4 c\u00f9ng ti\u1ec7n l\u1ee3i v\u00e0 b\u1ec1n b\u1ec9.<\/p>","protected":false},"excerpt":{"rendered":"<p>X\u00e0 \u0111\u01a1n x\u1ebfp VifaSport l\u00e0 d\u1ee5ng c\u1ee5 th\u1ec3 d\u1ee5c th\u1ec3 thao do c\u00f4ng ty TNHH Vi\u1ec7t Ph\u00e1p s\u1ea3n xu\u1ea5t, \u0111\u01b0\u1ee3c<\/p>","protected":false},"featured_media":12613,"comment_status":"open","ping_status":"closed","template":"","meta":{"_acf_changed":false},"product_cat":[529,366,367],"product_tag":[],"class_list":{"0":"post-12601","1":"product","2":"type-product","3":"status-publish","4":"has-post-thumbnail","6":"product_cat-khac","7":"product_cat-hang-cnnt-cap-qg","8":"product_cat-hang-cnnt-cap-qg-2023","10":"first","11":"instock","12":"shipping-taxable","13":"product-type-simple"},"acf":[],"_links":{"self":[{"href":"https:\/\/b2c.fairs.vn\/en\/wp-json\/wp\/v2\/product\/12601","targetHints":{"allow":["GET"]}}],"collection":[{"href":"https:\/\/b2c.fairs.vn\/en\/wp-json\/wp\/v2\/product"}],"about":[{"href":"https:\/\/b2c.fairs.vn\/en\/wp-json\/wp\/v2\/types\/product"}],"replies":[{"embeddable":true,"href":"https:\/\/b2c.fairs.vn\/en\/wp-json\/wp\/v2\/comments?post=12601"}],"version-history":[{"count":0,"href":"https:\/\/b2c.fairs.vn\/en\/wp-json\/wp\/v2\/product\/12601\/revisions"}],"wp:featuredmedia":[{"embeddable":true,"href":"https:\/\/b2c.fairs.vn\/en\/wp-json\/wp\/v2\/media\/12613"}],"wp:attachment":[{"href":"https:\/\/b2c.fairs.vn\/en\/wp-json\/wp\/v2\/media?parent=12601"}],"wp:term":[{"taxonomy":"product_cat","embeddable":true,"href":"https:\/\/b2c.fairs.vn\/en\/wp-json\/wp\/v2\/product_cat?post=12601"},{"taxonomy":"product_tag","embeddable":true,"href":"https:\/\/b2c.fairs.vn\/en\/wp-json\/wp\/v2\/product_tag?post=12601"}],"curies":[{"name":"wp","href":"https:\/\/api.w.org\/{rel}","templated":true}]}}