{"id":12568,"date":"2024-03-29T14:19:05","date_gmt":"2024-03-29T07:19:05","guid":{"rendered":"https:\/\/b2c.fairs.vn\/?post_type=product&#038;p=12568"},"modified":"2024-03-29T14:19:06","modified_gmt":"2024-03-29T07:19:06","slug":"hop-qua-yen-chung-dong-trung-ha-thao","status":"publish","type":"product","link":"https:\/\/b2c.fairs.vn\/en\/product\/hop-qua-yen-chung-dong-trung-ha-thao\/","title":{"rendered":"H\u1ed9p qu\u00e0 y\u1ebfn ch\u01b0ng \u0111\u00f4ng tr\u00f9ng h\u1ea1 th\u1ea3o"},"content":{"rendered":"<ul>\n<li>LO\u1ea0I \u0110\u1eb6C BI\u1ec6T CHO NG\u01af\u1edcI SUY NH\u01af\u1ee2C<\/li>\n<li>H\u1ed9p qu\u00e0 6 h\u0169 x 70ml<\/li>\n<li>Th\u00e0nh ph\u1ea7n: 35% y\u1ebfn, \u0111\u01b0\u1eddng ph\u00e8n, \u0111\u00f4ng tr\u00f9ng h\u1ea1 th\u1ea3o, ph\u1ee5 gia aga, n\u01b0\u1edbc tinh khi\u1ebft<\/li>\n<li>H\u1ea1n s\u1eed d\u1ee5ng: 2 n\u0103m k\u1ec3 t\u1eeb ng\u00e0y s\u1ea3n xu\u1ea5t, 12 ti\u1ebfng k\u1ec3 t\u1eeb khi khui n\u1eafp<\/li>\n<li>\u0110\u1ed9 tu\u1ed5i s\u1eed d\u1ee5ng: Tr\u00ean 4 tu\u1ed5i (Ph\u00f9 h\u1ee3p cho ng\u01b0\u1eddi tr\u01b0\u1edfng th\u00e0nh)<\/li>\n<li>B\u1ea3o qu\u1ea3n: N\u01a1i kh\u00f4 r\u00e1o tho\u00e1ng m\u00e1t, tr\u00e1nh \u00e1nh n\u1eafng tr\u1ef1c ti\u1ebfp, ngon h\u01a1n khi u\u1ed1ng l\u1ea1nh<\/li>\n<\/ul>","protected":false},"excerpt":{"rendered":"<p>LO\u1ea0I \u0110\u1eb6C BI\u1ec6T CHO NG\u01af\u1edcI SUY NH\u01af\u1ee2C H\u1ed9p qu\u00e0 6 h\u0169 x 70ml Th\u00e0nh ph\u1ea7n: 35% y\u1ebfn, \u0111\u01b0\u1eddng ph\u00e8n, \u0111\u00f4ng<\/p>","protected":false},"featured_media":12532,"comment_status":"open","ping_status":"closed","template":"","meta":{"_acf_changed":false},"product_cat":[317,366,398,22,313],"product_tag":[],"class_list":{"0":"post-12568","1":"product","2":"type-product","3":"status-publish","4":"has-post-thumbnail","6":"product_cat-che-bien-tu-thit-trung-sua-thuy-san-cac-san-pham-tu-mat-ong-mat-khac-va-nong-san-thuc-pham-khac","7":"product_cat-hang-cnnt-cap-qg","8":"product_cat-san-pham-cnnt-tb-cap-qg-2021","9":"product_cat-sanphamthucpham","10":"product_cat-thuc-pham-che-bien","12":"first","13":"instock","14":"shipping-taxable","15":"purchasable","16":"product-type-simple"},"acf":[],"_links":{"self":[{"href":"https:\/\/b2c.fairs.vn\/en\/wp-json\/wp\/v2\/product\/12568","targetHints":{"allow":["GET"]}}],"collection":[{"href":"https:\/\/b2c.fairs.vn\/en\/wp-json\/wp\/v2\/product"}],"about":[{"href":"https:\/\/b2c.fairs.vn\/en\/wp-json\/wp\/v2\/types\/product"}],"replies":[{"embeddable":true,"href":"https:\/\/b2c.fairs.vn\/en\/wp-json\/wp\/v2\/comments?post=12568"}],"version-history":[{"count":0,"href":"https:\/\/b2c.fairs.vn\/en\/wp-json\/wp\/v2\/product\/12568\/revisions"}],"wp:featuredmedia":[{"embeddable":true,"href":"https:\/\/b2c.fairs.vn\/en\/wp-json\/wp\/v2\/media\/12532"}],"wp:attachment":[{"href":"https:\/\/b2c.fairs.vn\/en\/wp-json\/wp\/v2\/media?parent=12568"}],"wp:term":[{"taxonomy":"product_cat","embeddable":true,"href":"https:\/\/b2c.fairs.vn\/en\/wp-json\/wp\/v2\/product_cat?post=12568"},{"taxonomy":"product_tag","embeddable":true,"href":"https:\/\/b2c.fairs.vn\/en\/wp-json\/wp\/v2\/product_tag?post=12568"}],"curies":[{"name":"wp","href":"https:\/\/api.w.org\/{rel}","templated":true}]}}