{"id":12554,"date":"2024-03-29T14:13:36","date_gmt":"2024-03-29T07:13:36","guid":{"rendered":"https:\/\/b2c.fairs.vn\/?post_type=product&#038;p=12554"},"modified":"2024-03-29T14:13:37","modified_gmt":"2024-03-29T07:13:37","slug":"rong-nho-tach-nuoc-vmax","status":"publish","type":"product","link":"https:\/\/b2c.fairs.vn\/en\/product\/rong-nho-tach-nuoc-vmax\/","title":{"rendered":"Rong nho t\u00e1ch n\u01b0\u1edbc VMAX"},"content":{"rendered":"<p><strong>TH\u00c0NH PH\u1ea6N<\/strong><\/p>\n<p>Rong nho t\u01b0\u01a1i (90%), mu\u1ed1i m\u1eb7n (1%)<\/p>\n<p><strong>H\u01af\u1edaNG D\u1eaaN S\u1eec D\u1ee4NG<\/strong><\/p>\n<ul>\n<li>B\u01b0\u1edbc 1: Ng\u00e2m rong nho v\u00e0o 0.5 l\u00edt n\u01b0\u1edbc s\u1ea1ch trong 3 ph\u00fat r\u1ed3i \u0111\u1ed5 n\u01b0\u1edbc \u0111i, ng\u00e2m 3-4 l\u1ea7n n\u01b0\u1edbc, \u0111\u1ea3o \u0111\u1ec1u \u0111\u1ec3 rong nho h\u1ebft m\u1eb7n v\u00e0 xanh t\u01b0\u01a1i tr\u1edf l\u1ea1i.<\/li>\n<li>B\u01b0\u1edbc 2: V\u1edbt rong nho t\u01b0\u01a1i ra, cho v\u00e0o 0.5 l\u00edt n\u01b0\u1edbc \u0111\u00e1 l\u1ea1nh trong 3 ph\u00fat \u0111\u1ec3 rong nho h\u1ebft v\u1ecb tanh, gi\u00f2n v\u00e0 ngon h\u01a1n.<\/li>\n<li>B\u01b0\u1edbc 3: D\u00f9ng ngay trong v\u00f2ng 30 ph\u00fat v\u00ec rong nho s\u1ebd x\u1eb9p l\u1ea1i.<\/li>\n<\/ul>\n<p>B\u1ea1n c\u00f3 th\u1ec3 d\u00f9ng rong nho trong m\u00f3n \u0103n khai v\u1ecb v\u1edbi c\u00e1c lo\u1ea1i n\u01b0\u1edbc s\u1ed1t kh\u00e1c nhau nh\u01b0 s\u1ed1t m\u00e8 rang, m\u00f9 t\u1ea1t, mu\u1ed1i ti\u00eau chanh, t\u01b0\u01a1ng \u1edbt, t\u01b0\u01a1ng c\u00e0&#8230; ho\u1eb7c d\u00f9ng thay th\u1ebf rau xanh; l\u00e0m salad, \u0103n k\u00e8m v\u1edbi sushi&#8230; ho\u1eb7c \u0111\u1eafp m\u1eb7t n\u1ea1 l\u00e0m \u0111\u1eb9p.<\/p>\n<p><strong>L\u01b0u \u00fd:<\/strong><\/p>\n<p>Kh\u00f4ng chi\u00ean x\u00e0o, n\u1ea5u ch\u00edn ho\u1eb7c \u0111\u1ed5 n\u01b0\u1edbc s\u1ed1t tr\u1ef1c ti\u1ebfp v\u00e0o rong nho t\u01b0\u01a1i v\u00ec s\u1ebd l\u00e0m cho\u00a0<em class=\"Highlight\">ch\u00fa<\/em>ng x\u1eb9p l\u1ea1i.<\/p>\n<p><strong>QUY C\u00c1CH \u0110\u00d3NG G\u00d3I<\/strong><\/p>\n<p>H\u1ed9p 10 g\u00f3i, m\u1ed7i g\u00f3i 20g<\/p>\n<p><strong>H\u01af\u1edaNG D\u1eaaN B\u1ea2O QU\u1ea2N<\/strong><\/p>\n<p>\u0110\u1ec3 n\u01a1i kh\u00f4 r\u00e1o tho\u00e1ng m\u00e1t, tr\u00e1nh \u00e1nh n\u1eafng m\u1eb7t tr\u1eddi<\/p>\n<p>B\u1ea3o qu\u1ea3n trong h\u1ed9p: 6 th\u00e1ng k\u1ec3 t\u1eeb ng\u00e0y s\u1ea3n xu\u1ea5t, 12 th\u00e1ng trong ng\u0103n m\u00e1t t\u1ee7 l\u1ea1nh.<\/p>\n<p><strong>H\u1ea0N S\u1eec D\u1ee4NG<\/strong><\/p>\n<p>Xem tr\u00ean bao b\u00ec<\/p>\n<p><strong>GI\u1ea4Y CH\u1ee8NG NH\u1eacN C\u01a0 S\u1ede \u0110\u1ee6 \u0110K\u00a0 ATTP:\u00a0<\/strong>S\u1ed1 33\/2020\/NNPTNT &#8211; KH<\/p>\n<p>Rong nho l\u00e0 m\u1ed9t\u00a0<strong>lo\u1ea1i t\u1ea3o bi\u1ec3n<\/strong>,\u00a0<strong>c\u00f3 h\u00ecnh d\u1ea1ng gi\u1ed1ng nh\u01b0 ch\u00f9m nho<\/strong>\u00a0v\u00e0 c\u00f2n \u0111\u01b0\u1ee3c\u00a0<strong>m\u1ec7nh danh l\u00e0 tr\u1ee9ng c\u00e1 mu\u1ed1i xanh<\/strong>\u00a0(caviar\u00a0hay tr\u1ee9ng c\u00e1 mu\u1ed1i). Rong nho \u0111\u01b0\u1ee3c khai th\u00e1c v\u00e0 s\u1eed d\u1ee5ng nh\u01b0 m\u1ed9t lo\u1ea1i rau xanh, c\u00f3 gi\u00e1 tr\u1ecb dinh d\u01b0\u1ee1ng cao h\u01a1n nhi\u1ec1u so v\u1edbi c\u00e1c lo\u1ea1i rau c\u1ee7 th\u00f4ng th\u01b0\u1eddng.<\/p>","protected":false},"excerpt":{"rendered":"<p>TH\u00c0NH PH\u1ea6N Rong nho t\u01b0\u01a1i (90%), mu\u1ed1i m\u1eb7n (1%) H\u01af\u1edaNG D\u1eaaN S\u1eec D\u1ee4NG B\u01b0\u1edbc 1: Ng\u00e2m rong nho v\u00e0o 0.5<\/p>","protected":false},"featured_media":12558,"comment_status":"open","ping_status":"closed","template":"","meta":{"_acf_changed":false},"product_cat":[308,366,367,22,307],"product_tag":[],"class_list":{"0":"post-12554","1":"product","2":"type-product","3":"status-publish","4":"has-post-thumbnail","6":"product_cat-rau-cu-qua-hat-tuoi","7":"product_cat-hang-cnnt-cap-qg","8":"product_cat-hang-cnnt-cap-qg-2023","9":"product_cat-sanphamthucpham","10":"product_cat-thucphamtuoisong","12":"first","13":"instock","14":"shipping-taxable","15":"purchasable","16":"product-type-simple"},"acf":[],"_links":{"self":[{"href":"https:\/\/b2c.fairs.vn\/en\/wp-json\/wp\/v2\/product\/12554","targetHints":{"allow":["GET"]}}],"collection":[{"href":"https:\/\/b2c.fairs.vn\/en\/wp-json\/wp\/v2\/product"}],"about":[{"href":"https:\/\/b2c.fairs.vn\/en\/wp-json\/wp\/v2\/types\/product"}],"replies":[{"embeddable":true,"href":"https:\/\/b2c.fairs.vn\/en\/wp-json\/wp\/v2\/comments?post=12554"}],"version-history":[{"count":0,"href":"https:\/\/b2c.fairs.vn\/en\/wp-json\/wp\/v2\/product\/12554\/revisions"}],"wp:featuredmedia":[{"embeddable":true,"href":"https:\/\/b2c.fairs.vn\/en\/wp-json\/wp\/v2\/media\/12558"}],"wp:attachment":[{"href":"https:\/\/b2c.fairs.vn\/en\/wp-json\/wp\/v2\/media?parent=12554"}],"wp:term":[{"taxonomy":"product_cat","embeddable":true,"href":"https:\/\/b2c.fairs.vn\/en\/wp-json\/wp\/v2\/product_cat?post=12554"},{"taxonomy":"product_tag","embeddable":true,"href":"https:\/\/b2c.fairs.vn\/en\/wp-json\/wp\/v2\/product_tag?post=12554"}],"curies":[{"name":"wp","href":"https:\/\/api.w.org\/{rel}","templated":true}]}}