{"id":12541,"date":"2024-03-29T14:08:11","date_gmt":"2024-03-29T07:08:11","guid":{"rendered":"https:\/\/b2c.fairs.vn\/?post_type=product&#038;p=12541"},"modified":"2024-04-19T13:47:42","modified_gmt":"2024-04-19T06:47:42","slug":"hat-dieu-rang-muoi","status":"publish","type":"product","link":"https:\/\/b2c.fairs.vn\/en\/product\/hat-dieu-rang-muoi\/","title":{"rendered":"H\u1ea1t \u0111i\u1ec1u rang mu\u1ed1i"},"content":{"rendered":"<p>V\u1edbi k\u1ef9 thu\u1eadt rang tinh th\u1ec3 chuy\u00ean d\u1ee5ng, \u0111\u1ed9 m\u1eb7n \u0111\u01b0\u1ee3c ki\u1ec3m so\u00e1t ch\u1eb7t ch\u1ebd \u0111\u1ea3m b\u1ea3o kh\u00f4ng c\u00f2n s\u00f3t th\u00e0nh ph\u1ea7n mu\u1ed1i n\u00e0o tr\u00ean h\u1ea1t \u0111i\u1ec1u, gi\u00fap gi\u1eef tr\u1ecdn h\u01b0\u01a1ng v\u1ecb t\u1ef1 nhi\u00ean c\u1ee7a h\u1ea1t \u0111i\u1ec1u rang mu\u1ed1i h\u1ea3o h\u1ea1ng c\u1ee7a ch\u00fang t\u00f4i.<\/p>","protected":false},"excerpt":{"rendered":"<p>V\u1edbi k\u1ef9 thu\u1eadt rang tinh th\u1ec3 chuy\u00ean d\u1ee5ng, \u0111\u1ed9 m\u1eb7n \u0111\u01b0\u1ee3c ki\u1ec3m so\u00e1t ch\u1eb7t ch\u1ebd \u0111\u1ea3m b\u1ea3o kh\u00f4ng c\u00f2n s\u00f3t<\/p>","protected":false},"featured_media":12542,"comment_status":"open","ping_status":"closed","template":"","meta":{"_acf_changed":false},"product_cat":[314,366,367,22,313],"product_tag":[],"class_list":{"0":"post-12541","1":"product","2":"type-product","3":"status-publish","4":"has-post-thumbnail","6":"product_cat-do-an-nhanh","7":"product_cat-hang-cnnt-cap-qg","8":"product_cat-hang-cnnt-cap-qg-2023","9":"product_cat-sanphamthucpham","10":"product_cat-thuc-pham-che-bien","12":"first","13":"instock","14":"shipping-taxable","15":"product-type-simple"},"acf":[],"_links":{"self":[{"href":"https:\/\/b2c.fairs.vn\/en\/wp-json\/wp\/v2\/product\/12541","targetHints":{"allow":["GET"]}}],"collection":[{"href":"https:\/\/b2c.fairs.vn\/en\/wp-json\/wp\/v2\/product"}],"about":[{"href":"https:\/\/b2c.fairs.vn\/en\/wp-json\/wp\/v2\/types\/product"}],"replies":[{"embeddable":true,"href":"https:\/\/b2c.fairs.vn\/en\/wp-json\/wp\/v2\/comments?post=12541"}],"version-history":[{"count":0,"href":"https:\/\/b2c.fairs.vn\/en\/wp-json\/wp\/v2\/product\/12541\/revisions"}],"wp:featuredmedia":[{"embeddable":true,"href":"https:\/\/b2c.fairs.vn\/en\/wp-json\/wp\/v2\/media\/12542"}],"wp:attachment":[{"href":"https:\/\/b2c.fairs.vn\/en\/wp-json\/wp\/v2\/media?parent=12541"}],"wp:term":[{"taxonomy":"product_cat","embeddable":true,"href":"https:\/\/b2c.fairs.vn\/en\/wp-json\/wp\/v2\/product_cat?post=12541"},{"taxonomy":"product_tag","embeddable":true,"href":"https:\/\/b2c.fairs.vn\/en\/wp-json\/wp\/v2\/product_tag?post=12541"}],"curies":[{"name":"wp","href":"https:\/\/api.w.org\/{rel}","templated":true}]}}