{"id":12501,"date":"2024-03-29T13:55:34","date_gmt":"2024-03-29T06:55:34","guid":{"rendered":"https:\/\/b2c.fairs.vn\/?post_type=product&#038;p=12501"},"modified":"2024-03-29T13:55:34","modified_gmt":"2024-03-29T06:55:34","slug":"ong-composite-frp","status":"publish","type":"product","link":"https:\/\/b2c.fairs.vn\/en\/product\/ong-composite-frp\/","title":{"rendered":"\u1ed0ng composite FRP"},"content":{"rendered":"<p><strong><a href=\"http:\/\/www.composite.com.vn\/vi\/ong-composite-frp\">\u1ed0ng composite<\/a><\/strong>\u00a0(<strong>\u1ed1ng FRP<\/strong>) \u0111\u01b0\u1ee3c ch\u1ebf t\u1ea1o b\u1eb1ng ph\u01b0\u01a1ng ph\u00e1p Filament Wound (qu\u1ea5n s\u1ee3i) ho\u1eb7c Hand-lay up (\u0111\u1eafp tay) theo ti\u00eau chu\u1ea9n qu\u1ed1c t\u1ebf, bao g\u1ed3m h\u1ec7 th\u1ed1ng \u1ed1ng cho c\u00e1c nh\u00e0 m\u00e1y h\u00f3a\u00a0ch\u1ea5t v\u00e0 h\u1ec7 th\u1ed1ng \u1ed1ng d\u1eabn d\u1ea7u.\u00a0Nguy\u00ean l\u00fd ch\u1ebf t\u1ea1o \u0111\u01b0\u1ee3c \u00e1p d\u1ee5ng theo c\u00f4ng ngh\u1ec7 Nh\u1eadt B\u1ea3n, ch\u1ea5t l\u01b0\u1ee3ng cao, \u0111\u1ed9 b\u1ec1n cao, v\u00e0 \u0111\u1eb7c bi\u1ec7t l\u00e0 t\u1eadp trung v\u00e0o m\u1ee9c \u0111\u1ed9 an to\u00e0n tuy\u1ec7t \u0111\u1ed1i 100% trong su\u1ed1t qu\u00e1 tr\u00ecnh s\u1eed d\u1ee5ng.<\/p>\n<p>Nguy\u00ean v\u1eadt li\u1ec7u ch\u00ednh s\u1eed d\u1ee5ng cho s\u1ea3n ph\u1ea9m n\u00e0y thu\u1ed9c nh\u00f3m \u0111\u01b0\u1ee3c ch\u1ee9ng nh\u1eadn \u0111\u1ea1t ti\u00eau chu\u1ea9n qu\u1ed1c t\u1ebf, \u0111\u1eb7c bi\u1ec7t l\u00e0\u00a0 nh\u1ef1a vinylester ch\u1ed1ng \u0103n m\u00f2n.<\/p>\n<p>H\u1ec7 th\u1ed1ng<strong>\u00a0\u1ed1ng composite<\/strong>\u00a0l\u00e0 lo\u1ea1i kh\u00e1ng h\u00f3a ch\u1ea5t, b\u00ecnh th\u01b0\u1eddng \u0111\u01b0\u1ee3c \u1ee9ng d\u1ee5ng trong ng\u00e0nh h\u00f3a ch\u1ea5t nh\u01b0 Sodium Hypochlorite, C\u00e1c nh\u00e0 m\u00e1y s\u1ea3n xu\u1ea5t ph\u00e2n b\u00f3n, Alkali, \u1ee8ng d\u1ee5ng Ph\u00f2ng ch\u00e1y ch\u1eefa ch\u00e1y&#8230;<\/p>\n<div class=\"img_caption none\"><img decoding=\"async\" class=\"caption jch-lazyloaded\" src=\"http:\/\/www.composite.com.vn\/images\/ong-composite-frp\/ong-composite-frp.jpg\" alt=\"\u1ed1ng composite frp\" data-src=\"\/images\/ong-composite-frp\/ong-composite-frp.jpg\" \/><\/p>\n<p class=\"img_caption\">\n<\/div>\n<p><strong>Ch\u1ed1ng \u0102n M\u00f2n:<\/strong><\/p>\n<p>Tu\u1ed5i th\u1ecd thi\u1ebft b\u1ecb\u00a0<strong><a href=\"http:\/\/www.composite.com.vn\/vi\/ong-composite-frp\">\u1ed1ng FRP<\/a><\/strong>\/GRP cao b\u1edfi v\u00ec n\u00f3 kh\u00f4ng b\u1ecb \u0103n m\u00f2n c\u1ea3 b\u00ean trong l\u1eabn b\u00ean ngo\u00e0i, n\u1ebfu nh\u01b0 nh\u1ef1a \u0111\u01b0\u1ee3c d\u00f9ng \u0111\u00fang quy c\u00e1ch theo \u0111i\u1ec1u ki\u1ec7n ho\u1ea1t \u0111\u1ed9ng b\u00ecnh th\u01b0\u1eddng v\u00e0\u00a0 b\u00ean ngo\u00e0i \u0111\u01b0\u1ee3c h\u1ed5 tr\u1ee3 ph\u00f9 h\u1ee3p, th\u00ec th\u1eddi gian s\u1eed d\u1ee5ng s\u1ea3n ph\u1ea9m c\u00f3 th\u1ec3 l\u00ean \u0111\u1ebfn 15-20 n\u0103m.<br \/>\n\u1ed0ng FRP ph\u00f9 h\u1ee3p cho h\u00f3a ch\u1ea5t t\u1eeb c\u00f3 n\u1ed3ng \u0111\u1ed9 t\u1eeb y\u1ebfu \u0111\u1ebfn m\u1ea1nh, t\u1eeb h\u00f3a ch\u1ea5t alkaline \u0111\u1ebfn n\u01b0\u1edbc mu\u1ed1i v\u00e0 dung m\u00f4i<\/p>\n<p><strong>Tr\u1ecdng l\u01b0\u1ee3ng:<\/strong><\/p>\n<p>Tr\u1ecdng l\u01b0\u1ee3ng c\u1ee7a<a href=\"http:\/\/www.composite.com.vn\/vi\/ong-composite-frp\"><strong>\u00a0\u1ed0ng Composite FRP<\/strong><\/a>\u00a0nh\u1eb9 h\u01a1n \u1ed1ng th\u00e9p ho\u1eb7c \u1ed1ng b\u00ea-t\u00f4ng, n\u00ean d\u1ec5 v\u1eadn chuy\u1ec3n, d\u1ec5 l\u1eafp r\u00e1p, d\u1eabn \u0111\u1ebfn gi\u1ea3m chi ph\u00ed l\u1eafp \u0111\u1eb7t \u0111\u01b0\u1eddng \u1ed1ng.<br \/>\nH\u1ec7 th\u1ed1ng n\u00e0y c\u00f3 s\u1ee9c b\u1ec1n v\u01b0\u1ee3t tr\u1ed9i \u0111\u1ed1i v\u1edbi \u0111\u1eb7c t\u00ednh v\u1ec1 tr\u1ecdng l\u01b0\u1ee3ng. N\u1ebfu x\u00e9t t\u1ec9 l\u1ec7 s\u1ee9c b\u1ec1n tr\u00ean m\u1ed9t \u0111\u01a1n v\u1ecb tr\u1ecdng l\u01b0\u1ee3ng, th\u00ec\u00a0<em>\u1ed1ng composite<\/em>\u00a0GRP\/FRP h\u01a1n h\u1eb3n s\u1eaft, carbon, th\u00e9p nh\u01b0 s\u1ed1 li\u1ec7u trong b\u1ea3ng d\u01b0\u1edbi \u0111\u00e2y:<\/p>\n<div align=\"center\">\n<table border=\"1\" cellspacing=\"0\" cellpadding=\"0\">\n<tbody>\n<tr>\n<td width=\"98\">V\u1eadt li\u1ec7u<\/td>\n<td width=\"113\">T\u1ef7 tr\u1ecdng (g\/cm\u00b3)<\/td>\n<td width=\"168\">\u0110\u1ed9 b\u1ec1n k\u00e9o (Mpa)<\/td>\n<\/tr>\n<tr>\n<td width=\"98\">GRP\/FRP<\/td>\n<td width=\"113\">\n<p align=\"center\">1.8<\/p>\n<\/td>\n<td width=\"168\">\n<p align=\"center\">1400<\/p>\n<\/td>\n<\/tr>\n<tr>\n<td width=\"98\">S\u1eaft<\/td>\n<td width=\"113\">\n<p align=\"center\">7.6<\/p>\n<\/td>\n<td width=\"168\">\n<p align=\"center\">420<\/p>\n<\/td>\n<\/tr>\n<tr>\n<td width=\"98\">Th\u00e9p<\/td>\n<td width=\"113\">\n<p align=\"center\">7.83<\/p>\n<\/td>\n<td width=\"168\">\n<p align=\"center\">1034<\/p>\n<\/td>\n<\/tr>\n<\/tbody>\n<\/table>\n<\/div>\n<p><strong>\u0110\u1eb7c t\u00ednh l\u00e0m ch\u1eadm ch\u00e1y<\/strong><\/p>\n<p>\u1ed0ng FRP c\u00f3 th\u1ec3 \u0111\u01b0\u1ee3c s\u1ea3n xu\u1ea5t \u0111\u1eb7c bi\u1ec7t v\u1edbi t\u00ednh n\u0103ng ch\u1eadm ch\u00e1y cho\u00a0 \u1ee9ng d\u1ee5ng ch\u1ed1ng ch\u00e1y.<br \/>\nNh\u1eefng ng\u00e0nh c\u00f4ng nghi\u1ec7p c\u00f3 th\u1ec3 d\u00f9ng \u1ed1ng FRP\/GRP \u0111\u01b0\u1ee3c l\u00e0m t\u1eeb nh\u1ef1a ch\u1eadm ch\u00e1y \u0111\u1ec3 l\u00e0m gi\u1ea3m kh\u1ea3 ng\u0103ng t\u1ef1 b\u1eaft l\u1eeda c\u1ee7a ch\u00fang t\u1ea1i c\u00f9ng th\u1eddi \u0111i\u1ec3m \u0111\u1ea1t \u0111\u01b0\u1ee3c \u00e1p su\u1ea5t h\u1ec7 th\u1ed1ng thi\u1ebft l\u1eadp m\u00e0 kh\u00f4ng s\u1ee3 r\u00f2 r\u0129 do \u0103n m\u00f2n-hi\u1ec7n t\u01b0\u1ee3ng th\u01b0\u1eddng x\u1ea3y ra \u1edf nh\u1eefng \u1ed1ng th\u00e9p m\u1ec1m.<\/p>\n<p><strong>Ph\u01b0\u01a1ng ph\u00e1p s\u1ea3n xu\u1ea5t<\/strong><\/p>\n<p>1. Hand-lay up ( \u0111\u1eafp tay)<br \/>\n&#8211; Nh\u1ef1a nhi\u1ec1u b\u1ec1 m\u1eb7t ti\u1ebfp x\u00fac, n\u00ean ch\u1ed1ng \u0103n m\u00f2n t\u1ed1t h\u01a1n<br \/>\n&#8211; Ph\u00f9 h\u1ee3p cho c\u00e1c \u1ed1ng c\u00f3 \u0111\u01b0\u1eddng k\u00ednh nh\u1ecf v\u00e0 t\u1ec9 l\u1ec7 PN th\u1ea5p<br \/>\n&#8211; C\u00f3 th\u1ec3 s\u1ea3n xu\u1ea5t \u0111\u01b0\u1ee3c d\u1ec5 cho \u0111\u01a1n h\u00e0ng s\u1ed1 l\u01b0\u1ee3ng nh\u1ecf.<br \/>\n2. Ph\u01b0\u01a1ng ph\u00e1p filament windling (Qu\u1ea5n)<br \/>\n&#8211; S\u1eed d\u1ee5ng t\u1ed1t cho \u1ed1ng c\u00f3 \u0111\u01b0\u1eddng k\u00ednh l\u1edbn, v\u00e0 t\u1ec9 l\u1ec7 PN cao<br \/>\n&#8211; Ti\u1ebft ki\u1ec7m chi ph\u00ed h\u01a1n so v\u1edbi ph\u01b0\u01a1ng ph\u00e1p hand-lay up<\/p>\n<p><strong>Ph\u01b0\u01a1ng ph\u00e1p gh\u00e9p n\u1ed1i \u1ed1ng<\/strong><\/p>\n<p>1. \u0110\u1ed1i v\u1edbi<em>\u00a0\u1ed1ng FRP<\/em>\/GRP ho\u00e0n ch\u1ec9nh<br \/>\n&#8211; Ph\u01b0\u01a1ng ph\u00e1p n\u1ed1i t\u1ea5m \u0111\u1ed1i \u0111\u1ea7u<br \/>\n&#8211; G\u1eafn m\u1eb7t b\u00edch c\u1ed1 \u0111\u1ecbnh<br \/>\n&#8211; N\u1ed1i gi\u1ea3m\u00a0 m\u1eb7t b\u00edch<br \/>\n2. \u0110\u1ed1i v\u1edbi \u1ed1ng nh\u1ef1a d\u1ebbo ho\u00e0n ch\u1ec9nh<br \/>\n&#8211; N\u1ed1i \u0111\u1ed1i \u0111\u1ea7u b\u1eb1ng m\u00e1y \u0111\u1ed1i x\u1ee9ng<br \/>\n&#8211; H\u00f3a ch\u1ea5t dung m\u00f4i<br \/>\n&#8211; H\u00e0n \u0111\u1ed1i \u0111\u1ea7u b\u1eb1ng m\u00e1y ho\u1eb7c h\u00e0n tay v\u00e0 n\u1ed1i t\u1ea5m \u0111\u1ed1i \u0111\u1ea7u<br \/>\n3. \u1ed0ng nh\u1ef1a d\u1ebbo + \u1ed0ng FRP\/GRP<br \/>\n&#8211; H\u00e0n \u0111\u1ed1i \u0111\u1ea7u b\u1eb1ng m\u00e1y ho\u1eb7c h\u00e0n tay v\u00e0 v\u00e0 n\u1ed1i t\u1ea5m \u0111\u1ed1i \u0111\u1ea7u<br \/>\n&#8211; H\u00f3a ch\u1ea5t dung m\u00f4i + FRP\/FR<\/p>\n<p><strong>Ti\u00eau chu\u1ea9n thi\u1ebft k\u1ebf d\u00f9ng cho \u1ed1ng composite frp<\/strong><\/p>\n<p>&#8211; DIN<br \/>\n&#8211; ASME<br \/>\n&#8211; PS15-69<\/p>","protected":false},"excerpt":{"rendered":"<p>\u1ed0ng composite\u00a0(\u1ed1ng FRP) \u0111\u01b0\u1ee3c ch\u1ebf t\u1ea1o b\u1eb1ng ph\u01b0\u01a1ng ph\u00e1p Filament Wound (qu\u1ea5n s\u1ee3i) ho\u1eb7c Hand-lay up (\u0111\u1eafp tay) theo ti\u00eau<\/p>","protected":false},"featured_media":12515,"comment_status":"open","ping_status":"closed","template":"","meta":{"_acf_changed":false},"product_cat":[366,398,348,392],"product_tag":[],"class_list":{"0":"post-12501","1":"product","2":"type-product","3":"status-publish","4":"has-post-thumbnail","6":"product_cat-hang-cnnt-cap-qg","7":"product_cat-san-pham-cnnt-tb-cap-qg-2021","8":"product_cat-thiet-bi-co-khi","9":"product_cat-thiet-bi-may-moc-khac","11":"first","12":"instock","13":"shipping-taxable","14":"product-type-simple"},"acf":[],"_links":{"self":[{"href":"https:\/\/b2c.fairs.vn\/en\/wp-json\/wp\/v2\/product\/12501","targetHints":{"allow":["GET"]}}],"collection":[{"href":"https:\/\/b2c.fairs.vn\/en\/wp-json\/wp\/v2\/product"}],"about":[{"href":"https:\/\/b2c.fairs.vn\/en\/wp-json\/wp\/v2\/types\/product"}],"replies":[{"embeddable":true,"href":"https:\/\/b2c.fairs.vn\/en\/wp-json\/wp\/v2\/comments?post=12501"}],"version-history":[{"count":0,"href":"https:\/\/b2c.fairs.vn\/en\/wp-json\/wp\/v2\/product\/12501\/revisions"}],"wp:featuredmedia":[{"embeddable":true,"href":"https:\/\/b2c.fairs.vn\/en\/wp-json\/wp\/v2\/media\/12515"}],"wp:attachment":[{"href":"https:\/\/b2c.fairs.vn\/en\/wp-json\/wp\/v2\/media?parent=12501"}],"wp:term":[{"taxonomy":"product_cat","embeddable":true,"href":"https:\/\/b2c.fairs.vn\/en\/wp-json\/wp\/v2\/product_cat?post=12501"},{"taxonomy":"product_tag","embeddable":true,"href":"https:\/\/b2c.fairs.vn\/en\/wp-json\/wp\/v2\/product_tag?post=12501"}],"curies":[{"name":"wp","href":"https:\/\/api.w.org\/{rel}","templated":true}]}}