{"id":12500,"date":"2024-03-29T14:01:32","date_gmt":"2024-03-29T07:01:32","guid":{"rendered":"https:\/\/b2c.fairs.vn\/?post_type=product&#038;p=12500"},"modified":"2024-03-29T14:01:33","modified_gmt":"2024-03-29T07:01:33","slug":"hop-qua-to-yen-chung-nguyen-chat-for-kids","status":"publish","type":"product","link":"https:\/\/b2c.fairs.vn\/en\/product\/hop-qua-to-yen-chung-nguyen-chat-for-kids\/","title":{"rendered":"H\u1ed9p qu\u00e0 t\u1ed5 y\u1ebfn ch\u01b0ng nguy\u00ean ch\u1ea5t for Kids"},"content":{"rendered":"<ul>\n<li>H\u1ed9p qu\u00e0 6 h\u0169 x 70ml<\/li>\n<li>Th\u00e0nh ph\u1ea7n: 25% y\u1ebfn, \u0111\u01b0\u1eddng ph\u00e8n, ch\u1ea5t t\u1ea1o s\u1ee3i y\u1ebfn aga, n\u01b0\u1edbc tinh khi\u1ebft<\/li>\n<li>H\u1ea1n s\u1eed d\u1ee5ng: 2 n\u0103m k\u1ec3 t\u1eeb ng\u00e0y s\u1ea3n xu\u1ea5t, 12 ti\u1ebfng k\u1ec3 t\u1eeb khi khui n\u1eafp<\/li>\n<li>\u0110\u1ed9 tu\u1ed5i s\u1eed d\u1ee5ng: Tr\u1ebb em tr\u00ean 12 th\u00e1ng tu\u1ed5i<\/li>\n<li>B\u1ea3o qu\u1ea3n: N\u01a1i kh\u00f4 r\u00e1o tho\u00e1ng m\u00e1t, tr\u00e1nh \u00e1nh n\u1eafng tr\u1ef1c ti\u1ebfp, ngon h\u01a1n khi u\u1ed1ng l\u1ea1nh<\/li>\n<\/ul>","protected":false},"excerpt":{"rendered":"<p>H\u1ed9p qu\u00e0 6 h\u0169 x 70ml Th\u00e0nh ph\u1ea7n: 25% y\u1ebfn, \u0111\u01b0\u1eddng ph\u00e8n, ch\u1ea5t t\u1ea1o s\u1ee3i y\u1ebfn aga, n\u01b0\u1edbc tinh khi\u1ebft<\/p>","protected":false},"featured_media":12530,"comment_status":"open","ping_status":"closed","template":"","meta":{"_acf_changed":false},"product_cat":[317,366,398,22,313],"product_tag":[],"class_list":{"0":"post-12500","1":"product","2":"type-product","3":"status-publish","4":"has-post-thumbnail","6":"product_cat-che-bien-tu-thit-trung-sua-thuy-san-cac-san-pham-tu-mat-ong-mat-khac-va-nong-san-thuc-pham-khac","7":"product_cat-hang-cnnt-cap-qg","8":"product_cat-san-pham-cnnt-tb-cap-qg-2021","9":"product_cat-sanphamthucpham","10":"product_cat-thuc-pham-che-bien","12":"first","13":"instock","14":"shipping-taxable","15":"purchasable","16":"product-type-simple"},"acf":[],"_links":{"self":[{"href":"https:\/\/b2c.fairs.vn\/en\/wp-json\/wp\/v2\/product\/12500","targetHints":{"allow":["GET"]}}],"collection":[{"href":"https:\/\/b2c.fairs.vn\/en\/wp-json\/wp\/v2\/product"}],"about":[{"href":"https:\/\/b2c.fairs.vn\/en\/wp-json\/wp\/v2\/types\/product"}],"replies":[{"embeddable":true,"href":"https:\/\/b2c.fairs.vn\/en\/wp-json\/wp\/v2\/comments?post=12500"}],"version-history":[{"count":0,"href":"https:\/\/b2c.fairs.vn\/en\/wp-json\/wp\/v2\/product\/12500\/revisions"}],"wp:featuredmedia":[{"embeddable":true,"href":"https:\/\/b2c.fairs.vn\/en\/wp-json\/wp\/v2\/media\/12530"}],"wp:attachment":[{"href":"https:\/\/b2c.fairs.vn\/en\/wp-json\/wp\/v2\/media?parent=12500"}],"wp:term":[{"taxonomy":"product_cat","embeddable":true,"href":"https:\/\/b2c.fairs.vn\/en\/wp-json\/wp\/v2\/product_cat?post=12500"},{"taxonomy":"product_tag","embeddable":true,"href":"https:\/\/b2c.fairs.vn\/en\/wp-json\/wp\/v2\/product_tag?post=12500"}],"curies":[{"name":"wp","href":"https:\/\/api.w.org\/{rel}","templated":true}]}}