{"id":12474,"date":"2024-03-29T13:52:29","date_gmt":"2024-03-29T06:52:29","guid":{"rendered":"https:\/\/b2c.fairs.vn\/?post_type=product&#038;p=12474"},"modified":"2024-03-29T13:52:30","modified_gmt":"2024-03-29T06:52:30","slug":"tinh-dau-massage-hue","status":"publish","type":"product","link":"https:\/\/b2c.fairs.vn\/en\/product\/tinh-dau-massage-hue\/","title":{"rendered":"Tinh d\u1ea7u Massage Hu\u1ebf"},"content":{"rendered":"<h1>TINH D\u1ea6U MASSAGE HU\u1ebe KIM VUI \u2013 GI\u00daP H\u1ed6 TR\u1ee2 \u0110I\u1ec0U TR\u1eca C\u00c1C CH\u1ee8NG \u0110AU M\u1eceI C\u01a0, X\u01af\u01a0NG KH\u1edaP HI\u1ec6U QU\u1ea2<\/h1>\n<h3>I \u2013 \u0110\u1eb7c \u0111i\u1ec3m sinh l\u00fd h\u1ecdc c\u1ee7a tinh d\u1ea7u massage:<\/h3>\n<p>Khi\u00a0xoa b\u00f3p\u00a0b\u1eb1ng tinh d\u1ea7u massage, d\u1ea7u thu\u1ed1c s\u1ebd ng\u1ea5m d\u1ea7n v\u00e0o c\u00e1c vi m\u1ea1ch ho\u1ea1t \u0111\u1ed9ng gi\u00fap m\u00e1u l\u01b0u th\u00f4ng \u0111i\u1ec1u h\u00f2a kh\u1eafp c\u01a1 th\u1ec3. \u0110\u00fang 4 ph\u00fat sau khi xoa b\u00f3p s\u1ebd th\u1ea5y c\u01a1 b\u1eafp \u1ea5m d\u1ea7n l\u00ean, m\u1ed9t s\u1ef1 \u1ea5m \u00e1p r\u01b0ng r\u1ee9c, s\u1ea3ng kho\u00e1i nh\u1eb9 nh\u00e0ng.<br \/>\nV\u1ec1 \u0111\u00eam sau khi xoa b\u00f3p c\u00e1c th\u00e0nh ph\u1ea7n tinh d\u1ea7u s\u1ebd bay h\u01a1i s\u00e1t khu\u1ea9n l\u00e0m trong l\u00e0nh kh\u00f4ng kh\u00ed gi\u00fap ph\u1ed5i ho\u1ea1t \u0111\u1ed9ng t\u1ed1t, gi\u1ea5c ng\u1ee7 s\u1ebd s\u00e2u \u0111\u01b0\u1ee3c y\u00ean b\u00ecnh kh\u00f4ng m\u1ed9ng m\u1ecb.<br \/>\nSau 10 ng\u00e0y s\u1eed d\u1ee5ng th\u01b0\u1eddng xuy\u00ean s\u1ebd th\u1ea5y r\u00f5 t\u00ednh n\u0103ng h\u1eefu hi\u1ec7u c\u1ee7a d\u1ea7u Xoa B\u00f3p Hu\u1ebf.<\/p>\n<p><img fetchpriority=\"high\" decoding=\"async\" class=\"size-medium wp-image-618 aligncenter\" src=\"https:\/\/tinhdaukimvui.com.vn\/wp-content\/uploads\/2019\/08\/massage-100ml-truoc-300x300.jpg\" sizes=\"(max-width: 300px) 100vw, 300px\" srcset=\"https:\/\/tinhdaukimvui.com.vn\/wp-content\/uploads\/2019\/08\/massage-100ml-truoc-300x300.jpg 300w, https:\/\/tinhdaukimvui.com.vn\/wp-content\/uploads\/2019\/08\/massage-100ml-truoc-150x150.jpg 150w, https:\/\/tinhdaukimvui.com.vn\/wp-content\/uploads\/2019\/08\/massage-100ml-truoc-768x768.jpg 768w, https:\/\/tinhdaukimvui.com.vn\/wp-content\/uploads\/2019\/08\/massage-100ml-truoc-1024x1024.jpg 1024w, https:\/\/tinhdaukimvui.com.vn\/wp-content\/uploads\/2019\/08\/massage-100ml-truoc-600x600.jpg 600w, https:\/\/tinhdaukimvui.com.vn\/wp-content\/uploads\/2019\/08\/massage-100ml-truoc-100x100.jpg 100w, https:\/\/tinhdaukimvui.com.vn\/wp-content\/uploads\/2019\/08\/massage-100ml-truoc.jpg 1280w\" alt=\"\" width=\"300\" height=\"300\" \/><\/p>\n<h3>II \u2013 C\u00f4ng d\u1ee5ng ch\u1eefa tr\u1ecb :<\/h3>\n<h4>Ngo\u00e0i nh\u1eefng t\u00ednh n\u0103ng nh\u01b0 nh\u1eefng lo\u1ea1i d\u1ea7u n\u00f3ng, d\u1ea7u gi\u00f3 xanh, d\u1ea7u gi\u00f3 n\u00e2u,\u2026 D\u1ea7u Xoa B\u00f3p Hu\u1ebf nh\u1edd c\u00f3 th\u00eam th\u00e0nh ph\u1ea7n vi l\u01b0\u1ee3ng c\u1ee7a 30 v\u1ecb thu\u1ed1c qu\u00fd, \u0111\u01b0\u1ee3c tr\u00edch l\u1ecdc v\u00e0 ph\u1ed1i ch\u1ebf \u0111\u00fang t\u1ef7 l\u1ec7 chu\u1ea9n, n\u00ean khi s\u1eed d\u1ee5ng d\u1ea7u thu\u1ed1c s\u1ebd ng\u1ea5m d\u1ea7n v\u00e0o c\u01a1 b\u1eafp da c\u00f3 t\u00e1c d\u1ee5ng m\u1ed9t c\u00e1ch r\u00f5 r\u1ec7t trong vi\u1ec7c ch\u1eefa tr\u1ecb v\u1ebft s\u01b0ng b\u1ea7m \u0111au nh\u1ee9c, h\u1ed7 tr\u1ee3 vi\u1ec7c nu\u00f4i d\u01b0\u1ee1ng da, ng\u0103n ng\u1eeba vi n\u1ea5m da.<br \/>\n<em>\u00a0 \u00a0 \u00a0<\/em><br \/>\n1 \u2013 C\u00f4ng d\u1ee5ng ch\u00ednh y\u1ebfu :<br \/>\n\u2013 \u0110au l\u01b0ng, nh\u1ee9c m\u1ecfi, t\u00ea th\u1ea5p, ho, c\u1ea3m c\u00fam.<br \/>\n\u2013 S\u01b0ng, tr\u1eb7c g\u00e2n, v\u1ebft b\u1ea7m, v\u1ebft mu\u1ed7i, ki\u1ebfn c\u1eafn.<br \/>\n\u2013 \u0110au b\u1ee5ng, tr\u00fang gi\u00f3, say t\u00e0u xe, h\u1ed3i h\u1ed9p.<br \/>\n\u2013 Xoa b\u00f3p khi t\u1ee9 chi b\u1ea3i o\u1ea3i, l\u00e0m vi\u1ec7c nhi\u1ec1u<\/h4>\n<p>2 \u2013 C\u00f4ng d\u1ee5ng \u0111\u1eb7c bi\u1ec7t :<br \/>\n\u2013 Nh\u1ee9c m\u1ecfi \u1edf ng\u01b0\u1eddi l\u1edbn tu\u1ed5i. T\u1eadp d\u01b0\u1ee1ng sinh.<br \/>\n\u2013 V\u00f5 sinh, v\u1eadn \u0111\u1ed9ng vi\u00ean th\u1ec3 d\u1ee5c th\u1ec3 thao, th\u1ea9m m\u1ef9.<br \/>\n\u2013 D\u00f9ng trong xoa b\u00f3p v\u1eadt l\u00fd tr\u1ecb li\u1ec7u<br \/>\n\u2013 B\u1ec7nh phong th\u1ea5p, h\u00f4i ch\u00e2n khi mang v\u1edb, gi\u00e0y.<br \/>\n\u2013 Nh\u00e2n vi\u00ean v\u0103n ph\u00f2ng, bu\u00f4n b\u00e1n ng\u1ed3i l\u00e2u m\u1ed9t ch\u1ed5.<\/p>\n<p>Khi tr\u00e1i gi\u00f3 tr\u1edf tr\u1eddi d\u00f9ng cho ng\u01b0\u1eddi xoa b\u00f3p l\u1edbn tu\u1ed5i \u0111au nh\u1ee9c kinh ni\u00ean, ng\u01b0\u1eddi b\u1ec7nh th\u1ea5t kh\u1edbp, vi\u00eam xoang, hen suy\u1ec5n r\u1ea5t t\u1ed1t.<\/p>\n<p>* \u0110\u1eb6C BI\u1ec6T\u00a0:\u00a0\u00a0D\u00f9ng \u0111\u1ec3 massage, th\u01b0 gi\u00e3n sau khi t\u1eafm,x\u00f4ng h\u01a1i ho\u1eb7c sau khi v\u1eadn \u0111\u1ed9ng l\u00e0m vi\u1ec7c m\u1ec7t m\u1ecfi cu\u1ed1i ng\u00e0y. D\u00f9ng \u0111\u1ec3 xoa b\u00f3p th\u1ea9m m\u1ef9 : c\u01a1, eo, b\u1ee5ng,\u2026 K\u00edch \u1ee9ng s\u0103n c\u01a1 b\u1eafp, gi\u1ea3m m\u1ee1 sau khi t\u1eadp. N\u00ean s\u1eed d\u1ee5ng v\u1ec1 \u0111\u00eam \u0111\u1ec3 tr\u00e1nh b\u1edbt m\u00f9i h\u0103ng c\u1ee7a 30 v\u1ecb thu\u1ed1c.<\/p>\n<p><img decoding=\"async\" class=\"size-medium wp-image-617 aligncenter\" src=\"https:\/\/tinhdaukimvui.com.vn\/wp-content\/uploads\/2019\/08\/massage-100ml-sau-300x300.jpg\" sizes=\"(max-width: 300px) 100vw, 300px\" srcset=\"https:\/\/tinhdaukimvui.com.vn\/wp-content\/uploads\/2019\/08\/massage-100ml-sau-300x300.jpg 300w, https:\/\/tinhdaukimvui.com.vn\/wp-content\/uploads\/2019\/08\/massage-100ml-sau-150x150.jpg 150w, https:\/\/tinhdaukimvui.com.vn\/wp-content\/uploads\/2019\/08\/massage-100ml-sau-768x768.jpg 768w, https:\/\/tinhdaukimvui.com.vn\/wp-content\/uploads\/2019\/08\/massage-100ml-sau-1024x1024.jpg 1024w, https:\/\/tinhdaukimvui.com.vn\/wp-content\/uploads\/2019\/08\/massage-100ml-sau-600x600.jpg 600w, https:\/\/tinhdaukimvui.com.vn\/wp-content\/uploads\/2019\/08\/massage-100ml-sau-100x100.jpg 100w, https:\/\/tinhdaukimvui.com.vn\/wp-content\/uploads\/2019\/08\/massage-100ml-sau.jpg 1280w\" alt=\"\" width=\"300\" height=\"300\" \/><\/p>\n<h3>III \u2013 C\u00e1ch s\u1eed d\u1ee5ng :<\/h3>\n<p>C\u00f3 12 c\u00e1ch s\u1eed d\u1ee5ng :<br \/>\n1 \u2013 \u0110\u1ed1i v\u1edbi ng\u01b0\u1eddi l\u1edbn tu\u1ed5i nh\u1ee9c m\u1ecfi th\u01b0\u1eddng xuy\u00ean :<br \/>\nXoa b\u00f3p tay ch\u00e2n, c\u1ed5, l\u01b0ng, vai, ng\u1ef1c 5 \u0111\u1ebfn 10 ph\u00fat v\u00e0i l\u1ea7n m\u1ed7i ng\u00e0y, nh\u1ea5t l\u00e0 bu\u1ed5i t\u1ed1i tr\u01b0\u1edbc khi \u0111i ng\u1ee7.<br \/>\n2 \u2013 \u00a0\u0110\u1ed1i v\u1edbi ng\u01b0\u1eddi v\u1eadn \u0111\u1ed9ng, l\u00e0m vi\u1ec7c nhi\u1ec1u, nh\u00e2n vi\u00ean v\u0103n ph\u00f2ng, bu\u00f4n b\u00e1n ng\u1ed3i l\u00e2u m\u1ed9t ch\u1ed5 :<br \/>\nXoa b\u00f3p tay ch\u00e2n, kh\u1edbp g\u1ed1i, l\u01b0ng, vai, c\u1ed5, ng\u1ef1c sau ng\u00e0y l\u00e0m vi\u1ec7c nh\u1ea5t l\u00e0 tr\u01b0\u1edbc gi\u1ea5c ng\u1ee7 t\u1ed1i. Xoa b\u00f3p 5 \u0111\u1ebfn 8 ph\u00fat gi\u1ea5c ng\u1ee7 s\u1ebd \u0111\u1ebfn nhanh, \u00eam \u0111\u1ec1m. S\u00e1ng th\u1ee9c d\u1eady s\u1ebd th\u1ea5y h\u1ebft m\u1ec7t m\u1ecfi, c\u01a1 th\u1ec3 th\u01a1 th\u1edbi cho m\u1ed9t ng\u00e0y m\u1edbi.<br \/>\n3 \u2013 V\u1ebft b\u1ea7m, s\u01b0ng, tr\u1eb7c g\u00e2n, \u0111au c\u01a1 b\u1eafp :<br \/>\nXoa b\u00f3p nh\u1eb9 l\u00ean v\u1ebft b\u1ea7m, v\u1ebft s\u01b0ng, c\u01a1 \u0111au m\u1ed9t c\u00e1ch nh\u1eb9 nh\u00e0ng nhi\u1ec1u l\u1ea7n trong ng\u00e0y v\u00e0 tr\u01b0\u1edbc khi \u0111i ng\u1ee7. Sau 3 ng\u00e0y s\u1ebd th\u1ea5y c\u00f4ng hi\u1ec7u.<br \/>\n4 \u2013 Khi \u0111au \u00a0b\u1ee5ng v\u00e0 \u0111\u1ea7y b\u1ee5ng :<br \/>\nB\u00f4i xoa nhi\u1ec1u l\u1ea7n l\u00ean r\u1ed1n v\u00e0 v\u00f2ng quanh v\u1ed1n. Xoa l\u00ean kh\u1edbp g\u1ed1i v\u00e0 hai l\u00f2ng b\u00e0n ch\u00e2n ng\u1ee7 qua \u0111\u00eam s\u1ebd th\u1ea5y t\u00e1c d\u1ee5ng r\u00f5 r\u1ec7t.<br \/>\n5 \u2013 Khi ho, c\u1ea3m c\u00fam, tr\u00fang gi\u00f3 :<br \/>\nB\u00f4i xoa hai b\u00ean th\u00e1i d\u01b0\u01a1ng, d\u01b0\u1edbi m\u0169i, v\u00f9ng quanh c\u1ed5, sau g\u00e1y, \u0111\u00e1nh l\u01b0ng v\u00e0 ng\u1ef1c, xoa n\u1eafn c\u01a1 b\u1eafp tay ch\u00e2n, nh\u1ea5t l\u00e0 xoa n\u1eafn \u1edf hai l\u00f2ng b\u00e0n ch\u00e2n.<br \/>\n6 \u2013 T\u1ee9 chi b\u1ea3i o\u1ea3i h\u00f2i h\u1ed9p :<br \/>\nXoa b\u00f3p c\u01a1 kh\u1edbp tay ch\u00e2n, l\u01b0ng, vai ng\u1ef1c, c\u1ed5 nhi\u1ec1u l\u1ea7n, b\u00e0n tay b\u00e0n ch\u00e2n, c\u00e1c ng\u00f3n tay ng\u00f3n ch\u00e2n s\u1ebd th\u1ea5y c\u00f4ng d\u1ee5ng r\u00f5 r\u1ec7t.<br \/>\n7 \u2013 V\u1ebft mu\u1ed7i, ki\u1ebfn, con tr\u00f9ng c\u1eafn :<br \/>\nXoa tr\u00f2n l\u00ean v\u1ebft c\u1eafn theo chi\u1ec1u kim \u0111\u1ed3ng h\u1ed3, di\u1ec7n t\u00edch xoa c\u1edf mi\u1ec7ng ly n\u01b0\u1edbc, d\u00f9ng ng\u00f3n tay v\u1eeba xoa v\u1eeba \u1ea5n nh\u00e8 nh\u1eb9 l\u00ean v\u1ebft c\u1eafn c\u1ee1 3 l\u1ea7n. V\u00e0i l\u1ea7n s\u1ebd kh\u1ecfi.<br \/>\n8 \u2013 \u0110\u1ed1i v\u1edbi v\u1eadn \u0111\u1ed9ng vi\u00ean TDTT, v\u00f5 sinh, t\u1eadp th\u1ec3 d\u1ee5c th\u1ea9m m\u1ef9, th\u1ec3 h\u00ecnh nam n\u1eef, b\u01a1i l\u1ed9i, \u0111i\u1ec1n kinh, tennis :<br \/>\nXoa b\u00f3p (Massage) tr\u01b0\u1edbc v\u00e0 sau khi v\u1eadn \u0111\u1ed9ng nh\u1ea5t l\u00e0 tr\u01b0\u1edbc l\u00fac ngh\u1ec9 ng\u01a1i sau bu\u1ed5i t\u1eadp s\u1ebd gi\u00fap c\u01a1 b\u1eafp h\u1ed3i ph\u1ee5c nhanh ch\u00f3ng, n\u00e2ng cao s\u1ee9c l\u1ef1c v\u00e0 th\u00e0nh t\u00edch v\u1eadn \u0111\u1ed9ng s\u1ebd chu\u1ea9n x\u00e1c v\u00e0 kh\u00e9o l\u00e9o h\u01a1n.<br \/>\n9 \u2013 Xoa b\u00f3p d\u01b0\u1ee1ng sinh, xoa b\u00f3p v\u1eadt l\u00fd tr\u1ecb li\u1ec7u :<br \/>\nXoa b\u00f3p (Massage) sau bu\u1ed5i t\u1eadp d\u01b0\u1ee1ng sinh, v\u1eadt l\u00fd tr\u1ecb li\u1ec7u (Xoa b\u00f3p khi t\u1eafm r\u1eeda) d\u1ea7u thu\u1ed1c s\u1ebd ng\u1ea5m d\u1ea7n gi\u00fap c\u01a1 th\u1ec3 n\u0103ng \u0111\u1ed9ng d\u1ea7n l\u00ean. N\u00ean xoa b\u00f3p (Massage) l\u1ea1i tr\u01b0\u1edbc khi \u0111i ng\u1ee7, s\u1ebd gi\u00fap gi\u1ea5c ng\u1ee7 s\u00e2u, y\u00ean b\u00ecnh, c\u01a1 th\u1ec3 th\u01b0 gi\u1ea3n, m\u00e1u huy\u1ebft l\u01b0u th\u00f4ng \u0111i\u1ec1u h\u00f2a h\u01a1n.<br \/>\n10 \u2013 B\u1ec7nh vi\u00eam xoang, hen suy\u1ec5n, kh\u00f3 th\u1edf :<br \/>\nXoa hai b\u00ean th\u00e1i d\u01b0\u01a1ng, hai b\u00ean g\u00f2 m\u0169i, d\u01b0\u1edbi m\u0169i, v\u00f9ng quanh c\u1ed5, ng\u1ef1c, g\u00e1y, l\u01b0ng d\u01b0\u1edbi n\u00e1ch nh\u1ea5t l\u00e0 d\u01b0\u1edbi hai l\u00f2ng b\u00e0n ch\u00e2n. Gi\u1ea5c ng\u1ee7 s\u1ebd d\u00e0i v\u00e0 s\u00e2u, y\u00ean t\u00e2m h\u01a1n. D\u00f9ng th\u01b0\u1eddng xuy\u00ean s\u1ebd gi\u1ea3m nh\u1eb9 r\u1ea5t nhi\u1ec1u c\u00e1c c\u0103n b\u1ec7nh kinh ni\u00ean n\u00e0y.<br \/>\n11 \u2013 Khi mang gi\u00e0y v\u1edb :<br \/>\nR\u1eeda s\u1ea1ch lau kh\u00f4, xoa d\u1ea7u d\u01b0\u1edbi 2 l\u00f2ng b\u00e0n ch\u00e2n, ng\u00f3n v\u00e0 k\u1ebb ch\u00e2n tr\u01b0\u1edbc khi mang gi\u00e0y v\u1edb s\u1ebd ng\u0103n ng\u1eeba \u0111\u01b0\u1ee3c b\u1ec7nh h\u00f4i ch\u00e2n, phong th\u1ea5p.<br \/>\n12 \u2013 Khi \u1edf l\u00e2u trong ph\u00f2ng m\u00e1y l\u1ea1nh :<br \/>\nN\u00ean xoa b\u00f3p (Massage) l\u00ean c\u1ed5, ng\u1ef1c, tay ch\u00e2n. Tinh d\u1ea7u s\u1ebd lan t\u1ecfa th\u01a1m nh\u1eb9, gi\u1ea3m b\u1edbt s\u1ef1 l\u1ea1nh l\u1ebdo c\u1ee7a c\u0103n ph\u00f2ng, l\u00e0m ph\u1ed5i \u1ea5m \u00e1p h\u01a1n, n\u0103ng l\u1ef1c l\u00e0m vi\u1ec7c \u0111\u01b0\u1ee3c n\u00e2ng cao h\u01a1n.<\/p>","protected":false},"excerpt":{"rendered":"<p>TINH D\u1ea6U MASSAGE HU\u1ebe KIM VUI \u2013 GI\u00daP H\u1ed6 TR\u1ee2 \u0110I\u1ec0U TR\u1eca C\u00c1C CH\u1ee8NG \u0110AU M\u1eceI C\u01a0, X\u01af\u01a0NG KH\u1edaP HI\u1ec6U<\/p>","protected":false},"featured_media":12477,"comment_status":"open","ping_status":"closed","template":"","meta":{"_acf_changed":false},"product_cat":[332,366,446,335],"product_tag":[],"class_list":{"0":"post-12474","1":"product","2":"type-product","3":"status-publish","4":"has-post-thumbnail","6":"product_cat-san-pham-duoc-lieu-va-san-pham-tu-duoc-lieu","7":"product_cat-hang-cnnt-cap-qg","8":"product_cat-san-pham-cnnt-tb-cap-qg-2019","9":"product_cat-tinh-dau-va-thao-duoc-khac","11":"first","12":"instock","13":"shipping-taxable","14":"purchasable","15":"product-type-variable"},"acf":[],"_links":{"self":[{"href":"https:\/\/b2c.fairs.vn\/en\/wp-json\/wp\/v2\/product\/12474","targetHints":{"allow":["GET"]}}],"collection":[{"href":"https:\/\/b2c.fairs.vn\/en\/wp-json\/wp\/v2\/product"}],"about":[{"href":"https:\/\/b2c.fairs.vn\/en\/wp-json\/wp\/v2\/types\/product"}],"replies":[{"embeddable":true,"href":"https:\/\/b2c.fairs.vn\/en\/wp-json\/wp\/v2\/comments?post=12474"}],"version-history":[{"count":0,"href":"https:\/\/b2c.fairs.vn\/en\/wp-json\/wp\/v2\/product\/12474\/revisions"}],"wp:featuredmedia":[{"embeddable":true,"href":"https:\/\/b2c.fairs.vn\/en\/wp-json\/wp\/v2\/media\/12477"}],"wp:attachment":[{"href":"https:\/\/b2c.fairs.vn\/en\/wp-json\/wp\/v2\/media?parent=12474"}],"wp:term":[{"taxonomy":"product_cat","embeddable":true,"href":"https:\/\/b2c.fairs.vn\/en\/wp-json\/wp\/v2\/product_cat?post=12474"},{"taxonomy":"product_tag","embeddable":true,"href":"https:\/\/b2c.fairs.vn\/en\/wp-json\/wp\/v2\/product_tag?post=12474"}],"curies":[{"name":"wp","href":"https:\/\/api.w.org\/{rel}","templated":true}]}}