{"id":12473,"date":"2024-03-29T13:39:30","date_gmt":"2024-03-29T06:39:30","guid":{"rendered":"https:\/\/b2c.fairs.vn\/?post_type=product&#038;p=12473"},"modified":"2024-03-29T14:19:20","modified_gmt":"2024-03-29T07:19:20","slug":"giam-kim-ngan","status":"publish","type":"product","link":"https:\/\/b2c.fairs.vn\/en\/product\/giam-kim-ngan\/","title":{"rendered":"Gi\u1ea5m Kim Ng\u00e2n"},"content":{"rendered":"<div>Gi\u00e2m Kim Ng\u00e2n kh\u00f4ng s\u1eed d\u1ee5ng ch\u1ea5t b\u1ea3o qu\u1ea3n, ch\u00e1t t\u1ea1o m\u00e0u, t\u1ea1o \u0111\u1ed9 chua n\u00ean ho\u00e0n to\u00e0n c\u00f3<\/div>\n<div>th\u1ec3 y\u00ean t\u00e2m s\u1eed d\u1ee5ng.<\/div>","protected":false},"excerpt":{"rendered":"<p>Gi\u00e2m Kim Ng\u00e2n kh\u00f4ng s\u1eed d\u1ee5ng ch\u1ea5t b\u1ea3o qu\u1ea3n, ch\u00e1t t\u1ea1o m\u00e0u, t\u1ea1o \u0111\u1ed9 chua n\u00ean ho\u00e0n to\u00e0n c\u00f3 th\u1ec3<\/p>","protected":false},"featured_media":12493,"comment_status":"open","ping_status":"closed","template":"","meta":{"_acf_changed":false},"product_cat":[318,366,446,22,319],"product_tag":[],"class_list":{"0":"post-12473","1":"product","2":"type-product","3":"status-publish","4":"has-post-thumbnail","6":"product_cat-gia-vi","7":"product_cat-hang-cnnt-cap-qg","8":"product_cat-san-pham-cnnt-tb-cap-qg-2019","9":"product_cat-sanphamthucpham","10":"product_cat-tuong-nuoc-mam-gia-vi-dang-long-khac","12":"first","13":"instock","14":"shipping-taxable","15":"purchasable","16":"product-type-variable"},"acf":[],"_links":{"self":[{"href":"https:\/\/b2c.fairs.vn\/en\/wp-json\/wp\/v2\/product\/12473","targetHints":{"allow":["GET"]}}],"collection":[{"href":"https:\/\/b2c.fairs.vn\/en\/wp-json\/wp\/v2\/product"}],"about":[{"href":"https:\/\/b2c.fairs.vn\/en\/wp-json\/wp\/v2\/types\/product"}],"replies":[{"embeddable":true,"href":"https:\/\/b2c.fairs.vn\/en\/wp-json\/wp\/v2\/comments?post=12473"}],"version-history":[{"count":0,"href":"https:\/\/b2c.fairs.vn\/en\/wp-json\/wp\/v2\/product\/12473\/revisions"}],"wp:featuredmedia":[{"embeddable":true,"href":"https:\/\/b2c.fairs.vn\/en\/wp-json\/wp\/v2\/media\/12493"}],"wp:attachment":[{"href":"https:\/\/b2c.fairs.vn\/en\/wp-json\/wp\/v2\/media?parent=12473"}],"wp:term":[{"taxonomy":"product_cat","embeddable":true,"href":"https:\/\/b2c.fairs.vn\/en\/wp-json\/wp\/v2\/product_cat?post=12473"},{"taxonomy":"product_tag","embeddable":true,"href":"https:\/\/b2c.fairs.vn\/en\/wp-json\/wp\/v2\/product_tag?post=12473"}],"curies":[{"name":"wp","href":"https:\/\/api.w.org\/{rel}","templated":true}]}}