{"id":12447,"date":"2024-03-29T13:52:00","date_gmt":"2024-03-29T06:52:00","guid":{"rendered":"https:\/\/b2c.fairs.vn\/?post_type=product&#038;p=12447"},"modified":"2024-03-29T14:06:00","modified_gmt":"2024-03-29T07:06:00","slug":"rong-nho-tuoi-okinawa","status":"publish","type":"product","link":"https:\/\/b2c.fairs.vn\/en\/product\/rong-nho-tuoi-okinawa\/","title":{"rendered":"Rong nho t\u01b0\u01a1i Okinawa"},"content":{"rendered":"<p>Rong nho l\u00e0 m\u1ed9t lo\u1ea1i t\u1ea3o bi\u1ec3n, c\u00f3 h\u00ecnh d\u1ea1ng gi\u1ed1ng nh\u01b0 ch\u00f9m nho v\u00e0 c\u00f2n \u0111\u01b0\u1ee3c m\u1ec7nh danh l\u00e0 tr\u1ee9ng c\u00e1 mu\u1ed1i xanh (caviar hay tr\u1ee9ng c\u00e1 mu\u1ed1i). Rong nho \u0111\u01b0\u1ee3c khai th\u00e1c v\u00e0 s\u1eed d\u1ee5ng nh\u01b0 m\u1ed9t lo\u1ea1i rau xanh, c\u00f3 gi\u00e1 tr\u1ecb dinh d\u01b0\u1ee1ng cao h\u01a1n nhi\u1ec1u so v\u1edbi c\u00e1c lo\u1ea1i rau c\u1ee7 th\u00f4ng th\u01b0\u1eddng.<\/p>\n<p>M\u00f9i v\u1ecb c\u1ee7a rong nho kh\u00e1 gi\u1ed1ng v\u1edbi rong t\u01b0\u01a1i v\u00e0 n\u01b0\u1edbc mu\u1ed1i. Rong nho c\u00f3 ch\u1ee9a m\u1ed9t s\u1ed1 ho\u1ea1t ch\u1ea5t nh\u01b0 caulerpicin v\u00e0 caulerpin, gi\u00fap k\u00edch th\u00edch ngon mi\u1ec7ng v\u00e0 mang l\u1ea1i hi\u1ec7u qu\u1ea3 ch\u1eefa b\u1ec7nh.<\/p>\n<p>Rong nho l\u00e0 lo\u1ea1i th\u1ef1c ph\u1ea9m t\u1ef1 nhi\u00ean v\u00e0 ch\u1ee9a h\u00e0m l\u01b0\u1ee3ng dinh d\u01b0\u1ee1ng cao, n\u00ean \u0111\u01b0\u1ee3c d\u00f9ng ph\u1ed5 bi\u1ebfn trong c\u00e1c m\u00f3n \u0103n c\u0169ng nh\u01b0 tr\u1edf th\u00e0nh m\u1ed9t lo\u1ea1i d\u01b0\u1ee3c ph\u1ea9m ch\u1ee9c n\u0103ng \u0111\u1ec3 h\u1ed7 tr\u1ee3 cho s\u1ee9c kh\u1ecfe con ng\u01b0\u1eddi.<\/p>\n<p><img fetchpriority=\"high\" decoding=\"async\" src=\"https:\/\/rongnhokhanhhoa.com\/storage\/pagedata\/100641\/img\/upload\/sanpham\/rong-nho-la-gi-an-rong-nho-nhu-the-nao-cong-dung-1.jpg\" alt=\"\" width=\"426\" height=\"283\" \/><\/p>\n<p>Rong nho c\u00f3 m\u1ed9t s\u1ed1 c\u00f4ng d\u1ee5ng tuy\u1ec7t v\u1eddi nh\u01b0 sau:<\/p>\n<h4 id=\"subqmenu1\">Gi\u00fap x\u01b0\u01a1ng ch\u1eafc kh\u1ecfe<\/h4>\n<h4 id=\"subqmenu2\">T\u0103ng c\u01b0\u1eddng th\u1ecb l\u1ef1c<\/h4>\n<h4 id=\"subqmenu3\">Gi\u1ea3m nguy c\u01a1 m\u1eafc b\u1ec7nh ti\u1ec3u \u0111\u01b0\u1eddng<\/h4>\n<h4 id=\"subqmenu4\">T\u1ed1t cho ho\u1ea1t \u0111\u1ed9ng tim m\u1ea1ch<\/h4>\n<h4 id=\"subqmenu5\">L\u00e0m \u0111\u1eb9p da<\/h4>\n<h4 id=\"subqmenu6\">H\u1ea1n ch\u1ebf t\u00ecnh tr\u1ea1ng t\u00e1o b\u00f3n<\/h4>\n<h4 id=\"subqmenu7\">Ng\u0103n ng\u1eeba c\u01a1 th\u1ec3 b\u00e9o ph\u00ec<\/h4>\n<h4 id=\"subqmenu8\">Ph\u00f2ng ng\u1eeba b\u1ec7nh ung th\u01b0<\/h4>\n<p><strong>H\u01b0\u1edbng d\u1eabn s\u1eed d\u1ee5ng:<\/strong><\/p>\n<p>Rong nho t\u01b0\u01a1i Okinawa d\u00f9ng tr\u1ef1c ti\u1ebfp r\u1ea5t \u0111\u01a1n gi\u1ea3n:<\/p>\n<ul>\n<li>B\u01b0\u1edbc 2 : Ng\u00e2m rong nho t\u01b0\u01a1i Okinawa trong n\u01b0\u1edbc \u0111\u00e1 3 ph\u00fat \u0111\u1ec3 rong gi\u00f2n v\u00e0 ngon h\u01a1n.<\/li>\n<li>B\u01b0\u1edbc 1: R\u1eeda b\u1eb1ng n\u01b0\u1edbc s\u1ea1ch v\u00e0 ng\u00e2m 10\u2032- 15\u2032 cho b\u1edbt m\u1eb7n<\/li>\n<li>B\u01b0\u1edbc 3: V\u1edbt rong nho t\u01b0\u01a1i ra d\u00f9ng hay ch\u1ebf bi\u1ebfn m\u00f3n \u0103n ngay trong 30 ph\u00fat<\/li>\n<\/ul>","protected":false},"excerpt":{"rendered":"<p>Rong nho l\u00e0 m\u1ed9t lo\u1ea1i t\u1ea3o bi\u1ec3n, c\u00f3 h\u00ecnh d\u1ea1ng gi\u1ed1ng nh\u01b0 ch\u00f9m nho v\u00e0 c\u00f2n \u0111\u01b0\u1ee3c m\u1ec7nh danh l\u00e0<\/p>","protected":false},"featured_media":12461,"comment_status":"open","ping_status":"closed","template":"","meta":{"_acf_changed":false},"product_cat":[308,366,367,22,307],"product_tag":[],"class_list":{"0":"post-12447","1":"product","2":"type-product","3":"status-publish","4":"has-post-thumbnail","6":"product_cat-rau-cu-qua-hat-tuoi","7":"product_cat-hang-cnnt-cap-qg","8":"product_cat-hang-cnnt-cap-qg-2023","9":"product_cat-sanphamthucpham","10":"product_cat-thucphamtuoisong","12":"first","13":"instock","14":"shipping-taxable","15":"purchasable","16":"product-type-variable"},"acf":[],"_links":{"self":[{"href":"https:\/\/b2c.fairs.vn\/en\/wp-json\/wp\/v2\/product\/12447","targetHints":{"allow":["GET"]}}],"collection":[{"href":"https:\/\/b2c.fairs.vn\/en\/wp-json\/wp\/v2\/product"}],"about":[{"href":"https:\/\/b2c.fairs.vn\/en\/wp-json\/wp\/v2\/types\/product"}],"replies":[{"embeddable":true,"href":"https:\/\/b2c.fairs.vn\/en\/wp-json\/wp\/v2\/comments?post=12447"}],"version-history":[{"count":0,"href":"https:\/\/b2c.fairs.vn\/en\/wp-json\/wp\/v2\/product\/12447\/revisions"}],"wp:featuredmedia":[{"embeddable":true,"href":"https:\/\/b2c.fairs.vn\/en\/wp-json\/wp\/v2\/media\/12461"}],"wp:attachment":[{"href":"https:\/\/b2c.fairs.vn\/en\/wp-json\/wp\/v2\/media?parent=12447"}],"wp:term":[{"taxonomy":"product_cat","embeddable":true,"href":"https:\/\/b2c.fairs.vn\/en\/wp-json\/wp\/v2\/product_cat?post=12447"},{"taxonomy":"product_tag","embeddable":true,"href":"https:\/\/b2c.fairs.vn\/en\/wp-json\/wp\/v2\/product_tag?post=12447"}],"curies":[{"name":"wp","href":"https:\/\/api.w.org\/{rel}","templated":true}]}}