{"id":12410,"date":"2024-03-29T11:34:51","date_gmt":"2024-03-29T04:34:51","guid":{"rendered":"https:\/\/b2c.fairs.vn\/?post_type=product&#038;p=12410"},"modified":"2024-04-10T14:13:24","modified_gmt":"2024-04-10T07:13:24","slug":"than-hoat-tinh-tu-than-gao-dua","status":"publish","type":"product","link":"https:\/\/b2c.fairs.vn\/en\/product\/than-hoat-tinh-tu-than-gao-dua\/","title":{"rendered":"Than ho\u1ea1t t\u00ednh t\u1eeb than g\u00e1o d\u1eeba"},"content":{"rendered":"<p>&#8211; C\u1ee1 h\u1ea1t (th\u00f4ng d\u1ee5ng): 2.5&#215;8 mesh, 4&#215;8 mesh, 6x12mesh, 8&#215;16 mesh, 8&#215;30 mesh,10&#215;28 mesh,12&#215;30 mesh, 12&#215;40 mesh, 20&#215;70 mesh, 30&#215;60 mesh v\u00e0 8&#215;16 mesh.<\/p>\n<p>&#8211; \u0110\u1ed1i v\u1edbi khai th\u00e1c v\u00e0ng: 6&#215;12 mesh v\u00e0 8&#215;16 mesh<\/p>\n<p>&#8211; B\u1ed9t: nh\u1ecf h\u01a1n 60 mesh v\u00e0 200 mesh<\/p>\n<p>C\u00e1c \u1ee9ng d\u1ee5ng ch\u00ednh:<\/p>\n<p>&#8211; L\u1ecdc n\u01b0\u1edbc<\/p>\n<p>&#8211; L\u1ecdc kh\u00f4ng kh\u00ed<\/p>\n<p>&#8211; Thu h\u1ed3i v\u00e0ng.<\/p>\n<p>&#8211; C\u00e1c \u1ee9ng d\u1ee5ng kh\u00e1c.<\/p>","protected":false},"excerpt":{"rendered":"<p>&#8211; C\u1ee1 h\u1ea1t (th\u00f4ng d\u1ee5ng): 2.5&#215;8 mesh, 4&#215;8 mesh, 6x12mesh, 8&#215;16 mesh, 8&#215;30 mesh,10&#215;28 mesh,12&#215;30 mesh, 12&#215;40 mesh, 20&#215;70 mesh,<\/p>","protected":false},"featured_media":12417,"comment_status":"open","ping_status":"closed","template":"","meta":{"_acf_changed":false},"product_cat":[529,366,447,446,398],"product_tag":[461],"class_list":{"0":"post-12410","1":"product","2":"type-product","3":"status-publish","4":"has-post-thumbnail","6":"product_cat-khac","7":"product_cat-hang-cnnt-cap-qg","8":"product_cat-san-pham-cnnt-tb-cap-qg-2017","9":"product_cat-san-pham-cnnt-tb-cap-qg-2019","10":"product_cat-san-pham-cnnt-tb-cap-qg-2021","11":"product_tag-than","13":"first","14":"instock","15":"shipping-taxable","16":"product-type-simple"},"acf":[],"_links":{"self":[{"href":"https:\/\/b2c.fairs.vn\/en\/wp-json\/wp\/v2\/product\/12410","targetHints":{"allow":["GET"]}}],"collection":[{"href":"https:\/\/b2c.fairs.vn\/en\/wp-json\/wp\/v2\/product"}],"about":[{"href":"https:\/\/b2c.fairs.vn\/en\/wp-json\/wp\/v2\/types\/product"}],"replies":[{"embeddable":true,"href":"https:\/\/b2c.fairs.vn\/en\/wp-json\/wp\/v2\/comments?post=12410"}],"version-history":[{"count":0,"href":"https:\/\/b2c.fairs.vn\/en\/wp-json\/wp\/v2\/product\/12410\/revisions"}],"wp:featuredmedia":[{"embeddable":true,"href":"https:\/\/b2c.fairs.vn\/en\/wp-json\/wp\/v2\/media\/12417"}],"wp:attachment":[{"href":"https:\/\/b2c.fairs.vn\/en\/wp-json\/wp\/v2\/media?parent=12410"}],"wp:term":[{"taxonomy":"product_cat","embeddable":true,"href":"https:\/\/b2c.fairs.vn\/en\/wp-json\/wp\/v2\/product_cat?post=12410"},{"taxonomy":"product_tag","embeddable":true,"href":"https:\/\/b2c.fairs.vn\/en\/wp-json\/wp\/v2\/product_tag?post=12410"}],"curies":[{"name":"wp","href":"https:\/\/api.w.org\/{rel}","templated":true}]}}