{"id":12397,"date":"2024-03-29T11:36:20","date_gmt":"2024-03-29T04:36:20","guid":{"rendered":"https:\/\/b2c.fairs.vn\/?post_type=product&#038;p=12397"},"modified":"2024-03-29T11:36:20","modified_gmt":"2024-03-29T04:36:20","slug":"che-kho-che-trong-nguyen","status":"publish","type":"product","link":"https:\/\/b2c.fairs.vn\/en\/product\/che-kho-che-trong-nguyen\/","title":{"rendered":"Ch\u00e8 kh\u00f4 (Ch\u00e8 Tr\u1ecdng Nguy\u00ean)"},"content":{"rendered":"<p>Ng\u00e0y nay, vi\u1ec7c u\u1ed1ng ch\u00e8 \u0111\u00e3 \u0111i v\u00e0o t\u00e2m th\u1ee9c ng\u01b0\u1eddi Vi\u1ec7t m\u1ed9t c\u00e1ch t\u1ef1 nhi\u00ean, t\u0129nh l\u1eb7ng. D\u1eabu cu\u1ed9c s\u1ed1ng c\u00f3 nhi\u1ec1u thay \u0111\u1ed5i v\u00e0 nhi\u1ec1u \u0111\u1ed3 u\u1ed1ng kh\u00e1c \u0111\u00e3 ra \u0111\u1eddi nh\u01b0ng u\u1ed1ng ch\u00e8 s\u1ebd v\u1eabn l\u00e0 m\u1ed9t n\u00e9t v\u0103n h\u00f3a truy\u1ec1n th\u1ed1ng kh\u00f4ng th\u1ec3 l\u00e3ng qu\u00ean c\u1ee7a ng\u01b0\u1eddi Vi\u1ec7t Nam. Vi\u1ec7c duy tr\u00ec th\u00f3i quen u\u1ed1ng tr\u00e0 m\u1ed7i ng\u00e0y c\u0169ng gi\u00fap n\u00e2ng cao s\u1ee9c \u0111\u1ec1 kh\u00e1ng c\u1ee7a c\u01a1 th\u1ec3, t\u0103ng c\u01b0\u1eddng sinh l\u1ef1c v\u00e0 ph\u00f2ng ch\u1ed1ng b\u1ec7nh t\u1eadt.<\/p>\n<p>Th\u00e0nh ph\u1ea7n: 100% ch\u00e8 b\u00fap non t\u1ef1 nhi\u00ean v\u00f9ng Ph\u1ed3ng L\u00e1i, nguy\u00ean li\u1ec7u t\u1ef1 nhi\u00ean, kh\u00f4ng th\u01b0\u01a1ng hi\u1ec7u, kh\u00f4ng ph\u1ee5 gia, kh\u00f4ng ch\u1ea5t b\u1ea3o qu\u1ea3n.<\/p>\n<p><img decoding=\"async\" src=\"https:\/\/ipc.sonla.gov.vn\/DataFiles\/2022\/01\/Nodes\/20220104-110521-XcRoX4lx.jpg\" data-filename=\"qu\u00e0 2.jpg\" \/><\/p>\n<p>&nbsp;<\/p>\n<p><b>H\u01b0\u1edbng d\u1eabn s\u1eed d\u1ee5ng<\/b><\/p>\n<p>L\u00e0m n\u00f3ng \u1ea5m ch\u00e9n (ngon h\u01a1n khi d\u00f9ng \u1ea5m ch\u00e9n b\u1eb1ng \u0111\u1ea5t nung)<\/p>\n<p>N\u01b0\u1edbc s\u00f4i \u0111\u1ec3 ngu\u1ed9i kho\u1ea3ng 85 \u0111\u1ed9 C &#8211; 90 \u0111\u1ed9 C<\/p>\n<p>Tr\u00e0 s\u1ea1ch kh\u00f4ng c\u1ea7n tr\u00e1ng tr\u00e0 (n\u00ean \u0111\u00e1nh th\u1ee9c tr\u00e0, b\u1ecf n\u01b0\u1edbc \u0111\u1ea7u \u0111i khi nhi\u1ec7t \u0111\u1ed9 b\u00ean ngo\u00e0i d\u01b0\u1edbi 15 \u0111\u1ed9 C)<\/p>\n<p>Cho 5g \u2013 8g tr\u00e0 v\u00e0o \u1ea5m pha, r\u00f3t 150ml ch\u1edd kho\u1ea3ng 3 ph\u00fat v\u00e0 r\u00f3t ra th\u01b0\u1edfng th\u1ee9c<\/p>\n<p><b>Ch\u1ec9 ti\u00eau ch\u1ea5t l\u01b0\u1ee3ng ch\u00ednh<\/b><\/p>\n<p>\u0110\u1ed9 \u1ea9m \u2264 7%<\/p>\n<p>D\u01b0 l\u01b0\u1ee3ng h\u00f3a ch\u1ea5t b\u1ea3o v\u1ec7 th\u1ef1c v\u1eadt: kh\u00f4ng ph\u00e1t hi\u1ec7n<\/p>\n<p><b>H\u01b0\u1edbng d\u1eabn b\u1ea3o qu\u1ea3n<\/b><\/p>\n<p>B\u1ea3o qu\u1ea3n n\u01a1i s\u1ea1ch s\u1ebd, kh\u00f4 r\u00e1o, tho\u00e1ng m\u00e1t<\/p>\n<p>B\u1ea3o qu\u1ea3n \u1edf nhi\u1ec7t \u0111\u1ed9 th\u01b0\u1eddng<\/p>\n<p><b><i>Khuy\u1ebfn c\u00e1o:<\/i><\/b>\u00a0kh\u00f4ng s\u1eed d\u1ee5ng s\u1ea3n ph\u1ea9m khi \u0111\u00e3 qu\u00e1 th\u1eddi h\u1ea1n s\u1eed d\u1ee5ng.<\/p>\n<p><i>S\u1ea3n xu\u1ea5t:<\/i><\/p>\n<p>HTX S\u1ea2N XU\u1ea4T KINH DOANH &amp; D\u1ecaCH V\u1ee4 T\u1ed4NG H\u1ee2P B\u00ccNH THU\u1eacN<\/p>\n<p>\u0110\u1ecba ch\u1ec9: B\u1ea3n Ki\u1ebfn X\u01b0\u01a1ng, x\u00e3 Ph\u1ed5ng L\u00e1i, huy\u1ec7n Thu\u1eadn Ch\u00e2u, t\u1ec9nh S\u01a1n La<\/p>\n<p><i>Ph\u00e2n ph\u1ed1i:<\/i>\u00a0HTX \u0110\u1eb6C S\u1ea2N T\u00c2Y B\u1eaeC<\/p>\n<p>Hotline: 0865 88 99 19<\/p>","protected":false},"excerpt":{"rendered":"<p>Ng\u00e0y nay, vi\u1ec7c u\u1ed1ng ch\u00e8 \u0111\u00e3 \u0111i v\u00e0o t\u00e2m th\u1ee9c ng\u01b0\u1eddi Vi\u1ec7t m\u1ed9t c\u00e1ch t\u1ef1 nhi\u00ean, t\u0129nh l\u1eb7ng. D\u1eabu cu\u1ed9c<\/p>","protected":false},"featured_media":12412,"comment_status":"open","ping_status":"closed","template":"","meta":{"_acf_changed":false},"product_cat":[321,322,366,398,22],"product_tag":[],"class_list":{"0":"post-12397","1":"product","2":"type-product","3":"status-publish","4":"has-post-thumbnail","6":"product_cat-che","7":"product_cat-che-tuoi-che-bien","8":"product_cat-hang-cnnt-cap-qg","9":"product_cat-san-pham-cnnt-tb-cap-qg-2021","10":"product_cat-sanphamthucpham","12":"first","13":"instock","14":"shipping-taxable","15":"product-type-simple"},"acf":[],"_links":{"self":[{"href":"https:\/\/b2c.fairs.vn\/en\/wp-json\/wp\/v2\/product\/12397","targetHints":{"allow":["GET"]}}],"collection":[{"href":"https:\/\/b2c.fairs.vn\/en\/wp-json\/wp\/v2\/product"}],"about":[{"href":"https:\/\/b2c.fairs.vn\/en\/wp-json\/wp\/v2\/types\/product"}],"replies":[{"embeddable":true,"href":"https:\/\/b2c.fairs.vn\/en\/wp-json\/wp\/v2\/comments?post=12397"}],"version-history":[{"count":0,"href":"https:\/\/b2c.fairs.vn\/en\/wp-json\/wp\/v2\/product\/12397\/revisions"}],"wp:featuredmedia":[{"embeddable":true,"href":"https:\/\/b2c.fairs.vn\/en\/wp-json\/wp\/v2\/media\/12412"}],"wp:attachment":[{"href":"https:\/\/b2c.fairs.vn\/en\/wp-json\/wp\/v2\/media?parent=12397"}],"wp:term":[{"taxonomy":"product_cat","embeddable":true,"href":"https:\/\/b2c.fairs.vn\/en\/wp-json\/wp\/v2\/product_cat?post=12397"},{"taxonomy":"product_tag","embeddable":true,"href":"https:\/\/b2c.fairs.vn\/en\/wp-json\/wp\/v2\/product_tag?post=12397"}],"curies":[{"name":"wp","href":"https:\/\/api.w.org\/{rel}","templated":true}]}}