{"id":12393,"date":"2024-03-29T11:31:58","date_gmt":"2024-03-29T04:31:58","guid":{"rendered":"https:\/\/b2c.fairs.vn\/?post_type=product&#038;p=12393"},"modified":"2024-04-19T10:12:36","modified_gmt":"2024-04-19T03:12:36","slug":"yen-sao-fly-dong-trung-ha-thao","status":"publish","type":"product","link":"https:\/\/b2c.fairs.vn\/en\/product\/yen-sao-fly-dong-trung-ha-thao\/","title":{"rendered":"Y\u1ebfn s\u00e0o Fly \u0111\u00f4ng tr\u00f9ng h\u1ea1 th\u1ea3o"},"content":{"rendered":"<p>Th\u00e0nh ph\u1ea7n: M\u1ed7i l\u1ecd 70g ch\u1ee9a: N\u01b0\u1edbc, \u0111\u01b0\u1eddng ph\u00e8n, y\u1ebfn s\u00e0o 18%, \u0110\u00f4ng Tr\u00f9ng H\u1ea1 Th\u1ea3o 15mg, ch\u1ea5t l\u00e0m d\u00e0y (418,415), ch\u1ea5t \u1ed5n \u0111\u1ecbnh (401,466), ch\u1ea5t \u1ed5n \u0111\u1ecbnh \u0111\u1ed9 axit (500(ii)), h\u01b0\u01a1ng li\u1ec7u t\u1ed5ng h\u1ee3p ( h\u01b0\u01a1ng y\u1ebfn).<\/p>\n<p>H\u01b0\u1edbng d\u1eabn s\u1eed d\u1ee5ng: L\u1eafc nh\u1eb9 tr\u01b0\u1edbc khi u\u1ed1ng, ngon h\u01a1n khi u\u1ed1ng l\u1ea1nh.<\/p>\n<p>B\u1ea3o qu\u1ea3n: B\u1ea3o qu\u1ea3n n\u01a1i kh\u00f4 r\u00e1o, tho\u00e1ng m\u00e1t, tr\u00e1nh \u00e1nh n\u1eafng tr\u1ef1c ti\u1ebfp.<\/p>\n<p>L\u01b0u \u00fd: S\u1eed d\u1ee5ng s\u1ea3n ph\u1ea9m trong v\u00f2ng 24 gi\u1edd sau khi m\u1edf n\u1eafp. Kh\u00f4ng s\u1eed d\u1ee5ng s\u1ea3n ph\u1ea9m qu\u00e1 h\u1ea1n s\u1eed d\u1ee5ng ho\u1eb7c c\u00f3 d\u1ea5u hi\u1ec7u h\u01b0 h\u1ecfng. Kh\u00f4ng s\u1eed d\u1ee5ng s\u1ea3n ph\u1ea9m cho tr\u1ebb em d\u01b0\u1edbi 12 tu\u1ed5i.<\/p>","protected":false},"excerpt":{"rendered":"<p>Th\u00e0nh ph\u1ea7n: M\u1ed7i l\u1ecd 70g ch\u1ee9a: N\u01b0\u1edbc, \u0111\u01b0\u1eddng ph\u00e8n, y\u1ebfn s\u00e0o 18%, \u0110\u00f4ng Tr\u00f9ng H\u1ea1 Th\u1ea3o 15mg, ch\u1ea5t l\u00e0m d\u00e0y<\/p>","protected":false},"featured_media":12402,"comment_status":"open","ping_status":"closed","template":"","meta":{"_acf_changed":false},"product_cat":[325,329,331,366,367],"product_tag":[],"class_list":{"0":"post-12393","1":"product","2":"type-product","3":"status-publish","4":"has-post-thumbnail","6":"product_cat-san-pham-do-uong","7":"product_cat-do-uong-khong-con","8":"product_cat-do-uong-khong-con-do-uong-khong-con","9":"product_cat-hang-cnnt-cap-qg","10":"product_cat-hang-cnnt-cap-qg-2023","12":"first","13":"instock","14":"shipping-taxable","15":"purchasable","16":"product-type-variable"},"acf":[],"_links":{"self":[{"href":"https:\/\/b2c.fairs.vn\/en\/wp-json\/wp\/v2\/product\/12393","targetHints":{"allow":["GET"]}}],"collection":[{"href":"https:\/\/b2c.fairs.vn\/en\/wp-json\/wp\/v2\/product"}],"about":[{"href":"https:\/\/b2c.fairs.vn\/en\/wp-json\/wp\/v2\/types\/product"}],"replies":[{"embeddable":true,"href":"https:\/\/b2c.fairs.vn\/en\/wp-json\/wp\/v2\/comments?post=12393"}],"version-history":[{"count":0,"href":"https:\/\/b2c.fairs.vn\/en\/wp-json\/wp\/v2\/product\/12393\/revisions"}],"wp:featuredmedia":[{"embeddable":true,"href":"https:\/\/b2c.fairs.vn\/en\/wp-json\/wp\/v2\/media\/12402"}],"wp:attachment":[{"href":"https:\/\/b2c.fairs.vn\/en\/wp-json\/wp\/v2\/media?parent=12393"}],"wp:term":[{"taxonomy":"product_cat","embeddable":true,"href":"https:\/\/b2c.fairs.vn\/en\/wp-json\/wp\/v2\/product_cat?post=12393"},{"taxonomy":"product_tag","embeddable":true,"href":"https:\/\/b2c.fairs.vn\/en\/wp-json\/wp\/v2\/product_tag?post=12393"}],"curies":[{"name":"wp","href":"https:\/\/api.w.org\/{rel}","templated":true}]}}