{"id":12389,"date":"2024-03-29T11:32:27","date_gmt":"2024-03-29T04:32:27","guid":{"rendered":"https:\/\/b2c.fairs.vn\/?post_type=product&#038;p=12389"},"modified":"2024-04-10T14:13:05","modified_gmt":"2024-04-10T07:13:05","slug":"than-sach-bbq","status":"publish","type":"product","link":"https:\/\/b2c.fairs.vn\/en\/product\/than-sach-bbq\/","title":{"rendered":"Than s\u1ea1ch BBQ"},"content":{"rendered":"<p><strong>\u0110\u00d3NG G\u00d3I:<\/strong><\/p>\n<p>&#8211; T\u00fai PE : 1-5KG\/t\u00fai.<\/p>\n<p>&#8211; Th\u00f9ng carton : 10KG-20 KG<\/p>\n<p>&#8211; Container : 25.000-27.000 kg trong container 40HC theo ti\u00eau chu\u1ea9n xu\u1ea5t kh\u1ea9u.<\/p>\n<p><strong>*Ph\u1ed5 bi\u1ebfn:<\/strong>\u00a0\u0110\u00f3ng \u0111\u1ecbnh h\u00ecnh 25KG\/bao PP.<\/p>\n<p><strong>N\u0102NG L\u1ef0C S\u1ea2N XU\u1ea4T \u2013 CUNG \u1ee8NG:<\/strong>\u00a01.000-1.200 t\u1ea5n\/n\u0103m.<\/p>\n<p><strong>TH\u1eca TR\u01af\u1edcNG CH\u00cdNH:<\/strong>\u00a0Vi\u1ec7t Nam, \u0110\u00e0i Loan, H\u00e0n Qu\u1ed1c, Australia\u2026<\/p>\n<p><strong>TI\u00caU CHU\u1ea8N S\u1ea2N PH\u1ea8M:<\/strong><\/p>\n<p>&#8211; \u0110\u1ed9 \u1ea9m : T\u1ed1i \u0111a 8%<\/p>\n<p>&#8211; Tro : T\u1ed1i \u0111a 10%<\/p>\n<p>&#8211; Ch\u1ea5t b\u1ed1c : 26-29%<\/p>\n<p>&#8211; Nhi\u1ec7t l\u01b0\u1ee3ng : T\u1ed1i thi\u1ec3u 5.800 Kcal\/kg.<\/p>\n<p>&#8211; H\u00ecnh d\u1ea1ng: Tr\u1ee5 tr\u00f2n, l\u1ee5c gi\u00e1c v\u00e0 theo \u0111\u01a1n \u0111\u1eb7t h\u00e0ng.<\/p>\n<p>&#8211; Quy c\u00e1ch vi\u00ean than: 38x50cm; 20x100cm; 45x50cm; 45x60cm; 45x100cm\u2026<\/p>\n<p><strong>\u1ee8NG D\u1ee4NG:<\/strong><\/p>\n<p>&#8211; N\u01b0\u1edbng th\u1ecbt, c\u00e1, th\u1ef1c ph\u1ea9m\u2026<\/p>\n<p>&#8211; S\u01b0\u1edfi \u1ea5m, ch\u1ea5t \u0111\u1ed1t d\u00e2n d\u1ee5ng.<\/p>\n<p>&#8211; \u1ee8ng d\u1ee5ng kh\u00e1c.<\/p>","protected":false},"excerpt":{"rendered":"<p>\u0110\u00d3NG G\u00d3I: &#8211; T\u00fai PE : 1-5KG\/t\u00fai. &#8211; Th\u00f9ng carton : 10KG-20 KG &#8211; Container : 25.000-27.000 kg trong container<\/p>","protected":false},"featured_media":12398,"comment_status":"open","ping_status":"closed","template":"","meta":{"_acf_changed":false},"product_cat":[529,366,447,446,398],"product_tag":[461],"class_list":{"0":"post-12389","1":"product","2":"type-product","3":"status-publish","4":"has-post-thumbnail","6":"product_cat-khac","7":"product_cat-hang-cnnt-cap-qg","8":"product_cat-san-pham-cnnt-tb-cap-qg-2017","9":"product_cat-san-pham-cnnt-tb-cap-qg-2019","10":"product_cat-san-pham-cnnt-tb-cap-qg-2021","11":"product_tag-than","13":"first","14":"instock","15":"shipping-taxable","16":"product-type-simple"},"acf":[],"_links":{"self":[{"href":"https:\/\/b2c.fairs.vn\/en\/wp-json\/wp\/v2\/product\/12389","targetHints":{"allow":["GET"]}}],"collection":[{"href":"https:\/\/b2c.fairs.vn\/en\/wp-json\/wp\/v2\/product"}],"about":[{"href":"https:\/\/b2c.fairs.vn\/en\/wp-json\/wp\/v2\/types\/product"}],"replies":[{"embeddable":true,"href":"https:\/\/b2c.fairs.vn\/en\/wp-json\/wp\/v2\/comments?post=12389"}],"version-history":[{"count":0,"href":"https:\/\/b2c.fairs.vn\/en\/wp-json\/wp\/v2\/product\/12389\/revisions"}],"wp:featuredmedia":[{"embeddable":true,"href":"https:\/\/b2c.fairs.vn\/en\/wp-json\/wp\/v2\/media\/12398"}],"wp:attachment":[{"href":"https:\/\/b2c.fairs.vn\/en\/wp-json\/wp\/v2\/media?parent=12389"}],"wp:term":[{"taxonomy":"product_cat","embeddable":true,"href":"https:\/\/b2c.fairs.vn\/en\/wp-json\/wp\/v2\/product_cat?post=12389"},{"taxonomy":"product_tag","embeddable":true,"href":"https:\/\/b2c.fairs.vn\/en\/wp-json\/wp\/v2\/product_tag?post=12389"}],"curies":[{"name":"wp","href":"https:\/\/api.w.org\/{rel}","templated":true}]}}