{"id":12374,"date":"2024-03-29T11:24:02","date_gmt":"2024-03-29T04:24:02","guid":{"rendered":"https:\/\/b2c.fairs.vn\/?post_type=product&#038;p=12374"},"modified":"2024-03-29T11:24:03","modified_gmt":"2024-03-29T04:24:03","slug":"com-dua-say-kho","status":"publish","type":"product","link":"https:\/\/b2c.fairs.vn\/en\/product\/com-dua-say-kho\/","title":{"rendered":"C\u01a1m d\u1eeba s\u1ea5y kh\u00f4"},"content":{"rendered":"<p><strong>\u0110\u00d3NG G\u00d3I:<\/strong><\/p>\n<p>&#8211; Bao b\u00ec : PE, gi\u1ea5y kraft v\u00e0 PP.<\/p>\n<p>&#8211; Tr\u1ecdng l\u01b0\u1ee3ng : 7KG; 9KG; 10KG; 25 KG v\u00e0 50KG.<\/p>\n<p>&#8211; Container : 25.000-27.000 kg trong container 40HC theo ti\u00eau chu\u1ea9n xu\u1ea5t kh\u1ea9u.<\/p>\n<p><strong>N\u0102NG L\u1ef0C S\u1ea2N XU\u1ea4T &#8211; CUNG \u1ee8NG:<\/strong>\u00a02.500 &#8211; 3.000 t\u1ea5n\/n\u0103m<\/p>\n<p><strong>TH\u1eca TR\u01af\u1edcNG CH\u00cdNH:<\/strong><\/p>\n<p>&#8211; Cung \u1ee9ng xu\u1ea5t kh\u1ea9u.<\/p>\n<p>&#8211; Xu\u1ea5t kh\u1ea9u: Argentina, Chile, Brazil, Nga, Jordan, Ai C\u1eadp, Morocco\u2026<\/p>\n<p><strong>TI\u00caU CHU\u1ea8N S\u1ea2N PH\u1ea8M:<\/strong><\/p>\n<p>&#8211; H\u1ea1t : H\u1ea1t m\u1ecbn, h\u1ea1t trung v\u00e0 h\u1ea1t to.<\/p>\n<p>&#8211; M\u00e0u : Tr\u1eafng tinh khi\u1ebft c\u1ee7a d\u1eeba<\/p>\n<p>&#8211; H\u00e0m l\u01b0\u1ee3ng d\u1ea7u : T\u1ed1i thi\u1ec3u 63%<\/p>\n<p>&#8211; \u0110\u1ed9 \u1ea9m : T\u1ed1i \u0111a 3%<\/p>\n<p>&#8211; H\u00e0m l\u01b0\u1ee3ng FFA : T\u1ed1i \u0111a 0,5%<\/p>\n<p>&#8211; Vi sinh : Kh\u00f4ng nhi\u1ec5m salmonella, E.coli v\u00e0 Aflatoxin.<\/p>\n<p><strong>\u1ee8NG D\u1ee4NG:<\/strong><\/p>\n<p>&#8211; L\u00e0m ch\u1ea5t b\u00e9o trong ch\u1ebf bi\u1ebfn \u0111\u1ed3 u\u1ed1ng, th\u1ef1c ph\u1ea9m, b\u00e1nh k\u1eb9o\u2026<\/p>\n<p>&#8211; S\u1ea3n xu\u1ea5t m\u1ef9 ph\u1ea9m, d\u01b0\u1ee3c ph\u1ea9m&#8230;<\/p>\n<p>&#8211; \u1ee8ng d\u1ee5ng kh\u00e1c.<\/p>","protected":false},"excerpt":{"rendered":"<p>\u0110\u00d3NG G\u00d3I: &#8211; Bao b\u00ec : PE, gi\u1ea5y kraft v\u00e0 PP. &#8211; Tr\u1ecdng l\u01b0\u1ee3ng : 7KG; 9KG; 10KG; 25 KG<\/p>","protected":false},"featured_media":12375,"comment_status":"open","ping_status":"closed","template":"","meta":{"_acf_changed":false},"product_cat":[316,366,447,446,22,313],"product_tag":[457],"class_list":{"0":"post-12374","1":"product","2":"type-product","3":"status-publish","4":"has-post-thumbnail","6":"product_cat-che-bien-tu-rau-cu-qua-hat","7":"product_cat-hang-cnnt-cap-qg","8":"product_cat-san-pham-cnnt-tb-cap-qg-2017","9":"product_cat-san-pham-cnnt-tb-cap-qg-2019","10":"product_cat-sanphamthucpham","11":"product_cat-thuc-pham-che-bien","12":"product_tag-dua","14":"first","15":"instock","16":"shipping-taxable","17":"product-type-simple"},"acf":[],"_links":{"self":[{"href":"https:\/\/b2c.fairs.vn\/en\/wp-json\/wp\/v2\/product\/12374","targetHints":{"allow":["GET"]}}],"collection":[{"href":"https:\/\/b2c.fairs.vn\/en\/wp-json\/wp\/v2\/product"}],"about":[{"href":"https:\/\/b2c.fairs.vn\/en\/wp-json\/wp\/v2\/types\/product"}],"replies":[{"embeddable":true,"href":"https:\/\/b2c.fairs.vn\/en\/wp-json\/wp\/v2\/comments?post=12374"}],"version-history":[{"count":0,"href":"https:\/\/b2c.fairs.vn\/en\/wp-json\/wp\/v2\/product\/12374\/revisions"}],"wp:featuredmedia":[{"embeddable":true,"href":"https:\/\/b2c.fairs.vn\/en\/wp-json\/wp\/v2\/media\/12375"}],"wp:attachment":[{"href":"https:\/\/b2c.fairs.vn\/en\/wp-json\/wp\/v2\/media?parent=12374"}],"wp:term":[{"taxonomy":"product_cat","embeddable":true,"href":"https:\/\/b2c.fairs.vn\/en\/wp-json\/wp\/v2\/product_cat?post=12374"},{"taxonomy":"product_tag","embeddable":true,"href":"https:\/\/b2c.fairs.vn\/en\/wp-json\/wp\/v2\/product_tag?post=12374"}],"curies":[{"name":"wp","href":"https:\/\/api.w.org\/{rel}","templated":true}]}}