{"id":12365,"date":"2024-03-29T11:24:01","date_gmt":"2024-03-29T04:24:01","guid":{"rendered":"https:\/\/b2c.fairs.vn\/?post_type=product&#038;p=12365"},"modified":"2024-04-19T14:11:34","modified_gmt":"2024-04-19T07:11:34","slug":"nuoc-yen-sao-fly-lon","status":"publish","type":"product","link":"https:\/\/b2c.fairs.vn\/en\/product\/nuoc-yen-sao-fly-lon\/","title":{"rendered":"N\u01b0\u1edbc y\u1ebfn s\u00e0o Fly lon"},"content":{"rendered":"<p>N\u01b0\u1edbc Y\u1ebfn Lon Fly l\u00e0 s\u1ea3n ph\u1ea9m n\u01b0\u1edbc gi\u1ea3i kh\u00e1t cao c\u1ea5p s\u1ea3n xu\u1ea5t theo d\u00e2y chuy\u1ec1n hi\u1ec7n \u0111\u1ea1i v\u1edbi nguy\u00ean li\u1ec7u y\u1ebfn s\u00e0o th\u01b0\u1ee3ng h\u1ea1ng \u0111\u01b0\u1ee3c Y\u1ebfn S\u00e0o Fly c\u00e2n, \u0111o, \u0111ong, \u0111\u1ebfm \u0111\u1ec3 k\u1ebft h\u1ee3p v\u1edbi c\u00e1c nguy\u00ean li\u1ec7u kh\u00e1c v\u00e0 t\u1ea1o ra m\u1ed9t th\u1ee9c u\u1ed1ng dinh d\u01b0\u1ee1ng, th\u01a1m ngon \u0111em l\u1ea1i cho ng\u01b0\u1eddi d\u00f9ng nhi\u1ec1u l\u1ee3i \u00edch nh\u01b0 cung c\u1ea5p n\u0103ng l\u01b0\u1ee3ng, gi\u1ea3i kh\u00e1t,\u2026 S\u1ea3n ph\u1ea9m \u0111\u01b0\u1ee3c ch\u1ebf bi\u1ebfn tr\u00ean d\u00e2y chuy\u1ec1n thi\u1ebft b\u1ecb hi\u1ec7n \u0111\u1ea1i, \u0111\u1ea3m b\u1ea3o an to\u00e0n cho ng\u01b0\u1eddi ti\u00eau d\u00f9ng v\u00ec Y\u1ebfn S\u00e0o Fly \u0111\u01b0\u1ee3c \u0111\u00e1nh gi\u00e1 ph\u00f9 h\u1ee3p v\u1edbi c\u00e1c y\u00eau c\u1ea7u c\u1ee7a ti\u00eau chu\u1ea9n qu\u1ed1c t\u1ebf v\u1ec1 h\u1ec7 th\u1ed1ng qu\u1ea3n l\u00fd an to\u00e0n th\u1ef1c ph\u1ea9m theo HACCP cho l\u0129nh v\u1ef1c s\u01a1 ch\u1ebf v\u00e0 ch\u1ebf bi\u1ebfn y\u1ebfn s\u00e0o.<\/p>\n<p><b>Th\u00e0nh ph\u1ea7n:<\/b>\u00a0N\u01b0\u1edbc, \u0111\u01b0\u1eddng ph\u00e8n, y\u1ebfn s\u00e0o (200mg), ch\u1ea5t b\u1ea3o qu\u1ea3n (202), Calcium Lactate (327), Gellan Gum (418), Agar (406), Sodium Alginate (401), Sodium Carboxymethyl Cellulose (466), h\u01b0\u01a1ng y\u1ebfn t\u1ed5ng h\u1ee3p d\u00f9ng trong th\u1ef1c ph\u1ea9m.<\/p>\n<p><b>C\u00e1ch d\u00f9ng:<\/b>\u00a0L\u1eafc nh\u1eb9 tr\u01b0\u1edbc khi u\u1ed1ng, ngon h\u01a1n khi u\u1ed1ng l\u1ea1nh.<\/p>\n<p><b>B\u1ea3o qu\u1ea3n:<\/b>\u00a0B\u1ea3o qu\u1ea3n n\u01a1i kh\u00f4 r\u00e1o, tho\u00e1ng m\u00e1t, tr\u00e1nh \u00e1nh n\u1eafng tr\u1ef1c ti\u1ebfp.<\/p>\n<p><strong>Th\u1ec3 t\u00edch th\u1ef1c:<\/strong> 240ml\/lon.<\/p>\n<p><b>L\u01b0u \u00fd:\u00a0<\/b>Kh\u00f4ng s\u1eed d\u1ee5ng s\u1ea3n ph\u1ea9m qu\u00e1 h\u1ea1n s\u1eed d\u1ee5ng ho\u1eb7c bao b\u00ec b\u1ecb h\u1ecfng h\u00f3c. S\u1eed d\u1ee5ng trong v\u00f2ng 24 gi\u1edd t\u1eeb khi m\u1edf n\u1eafp<\/p>","protected":false},"excerpt":{"rendered":"<p>N\u01b0\u1edbc Y\u1ebfn Lon Fly l\u00e0 s\u1ea3n ph\u1ea9m n\u01b0\u1edbc gi\u1ea3i kh\u00e1t cao c\u1ea5p s\u1ea3n xu\u1ea5t theo d\u00e2y chuy\u1ec1n hi\u1ec7n \u0111\u1ea1i v\u1edbi<\/p>","protected":false},"featured_media":12372,"comment_status":"open","ping_status":"closed","template":"","meta":{"_acf_changed":false},"product_cat":[325,329,331,366,367],"product_tag":[],"class_list":{"0":"post-12365","1":"product","2":"type-product","3":"status-publish","4":"has-post-thumbnail","6":"product_cat-san-pham-do-uong","7":"product_cat-do-uong-khong-con","8":"product_cat-do-uong-khong-con-do-uong-khong-con","9":"product_cat-hang-cnnt-cap-qg","10":"product_cat-hang-cnnt-cap-qg-2023","12":"first","13":"instock","14":"shipping-taxable","15":"purchasable","16":"product-type-variable"},"acf":[],"_links":{"self":[{"href":"https:\/\/b2c.fairs.vn\/en\/wp-json\/wp\/v2\/product\/12365","targetHints":{"allow":["GET"]}}],"collection":[{"href":"https:\/\/b2c.fairs.vn\/en\/wp-json\/wp\/v2\/product"}],"about":[{"href":"https:\/\/b2c.fairs.vn\/en\/wp-json\/wp\/v2\/types\/product"}],"replies":[{"embeddable":true,"href":"https:\/\/b2c.fairs.vn\/en\/wp-json\/wp\/v2\/comments?post=12365"}],"version-history":[{"count":0,"href":"https:\/\/b2c.fairs.vn\/en\/wp-json\/wp\/v2\/product\/12365\/revisions"}],"wp:featuredmedia":[{"embeddable":true,"href":"https:\/\/b2c.fairs.vn\/en\/wp-json\/wp\/v2\/media\/12372"}],"wp:attachment":[{"href":"https:\/\/b2c.fairs.vn\/en\/wp-json\/wp\/v2\/media?parent=12365"}],"wp:term":[{"taxonomy":"product_cat","embeddable":true,"href":"https:\/\/b2c.fairs.vn\/en\/wp-json\/wp\/v2\/product_cat?post=12365"},{"taxonomy":"product_tag","embeddable":true,"href":"https:\/\/b2c.fairs.vn\/en\/wp-json\/wp\/v2\/product_tag?post=12365"}],"curies":[{"name":"wp","href":"https:\/\/api.w.org\/{rel}","templated":true}]}}