{"id":12348,"date":"2024-03-29T11:13:26","date_gmt":"2024-03-29T04:13:26","guid":{"rendered":"https:\/\/b2c.fairs.vn\/?post_type=product&#038;p=12348"},"modified":"2024-03-29T11:13:26","modified_gmt":"2024-03-29T04:13:26","slug":"olong-tra-thanh-tam","status":"publish","type":"product","link":"https:\/\/b2c.fairs.vn\/en\/product\/olong-tra-thanh-tam\/","title":{"rendered":"Olong tr\u00e0 Thanh T\u00e2m"},"content":{"rendered":"<p>Ch\u00e8 \u00f4 long Thanh T\u00e2m M\u1ed9c S\u01b0\u01a1ng l\u00e0 gi\u1ed1ng ch\u00e8 qu\u00fd \u0111\u01b0\u1ee3c nh\u1eadp kh\u1ea9u c\u00e2y gi\u1ed1ng t\u1eeb \u0110\u00e0i Loan. Ch\u00e8 \u0111\u01b0\u1ee3c tr\u1ed3ng tr\u00ean cao nguy\u00ean M\u1ed9c Ch\u00e2u v\u1edbi \u0111\u1ed9 cao 1250m so v\u1edbi m\u1eb7t n\u01b0\u1edbc bi\u1ec3n, \u0111\u01b0\u1ee3c s\u1ea3n xu\u1ea5t tr\u00ean d\u00e2y chuy\u1ec1n hi\u1ec7n \u0111\u1ea1i, c\u00f4ng ngh\u1ec7 c\u1ee7a \u0110\u00e0i Loan.<\/p>\n<p><b>Th\u00f4ng tin s\u1ea3n ph\u1ea9m tr\u00e0 \u00f4 long Thanh T\u00e2m M\u1ed9c S\u01b0\u01a1ng M\u1ed9c Ch\u00e2u<\/b><\/p>\n<p>\u2013 Th\u00e0nh ph\u1ea7n: B\u00fap tr\u00e0 \u00f4 long Thanh T\u00e2m<\/p>\n<p>\u2013 Ch\u1ea5t li\u1ec7u bao b\u00ec: G\u00f3i nilon trong h\u1ed9p kim lo\u1ea1i<\/p>\n<p>\u2013 Quy c\u00e1ch \u0111\u00f3ng g\u00f3i: H\u1ed9p 200g<\/p>\n<p>\u2013 B\u1ea3o qu\u1ea3n: \u0110\u1ec3 n\u01a1i kh\u00f4 r\u00e1o, tho\u00e1ng m\u00e1t, tr\u00e1nh \u00e1nh s\u00e1ng tr\u1ef1c ti\u1ebfp<\/p>\n<p>\u2013 Th\u1eddi h\u1ea1n s\u1eed d\u1ee5ng: 24 th\u00e1ng k\u1ec3 t\u1eeb ng\u00e0y s\u1ea3n xu\u1ea5t<\/p>\n<p>\u2013 Th\u00f4ng tin, c\u1ea3nh b\u00e1o: \u0110\u00f3ng k\u00edn t\u00fai \u0111\u1ef1ng tr\u00e0 sau m\u1ed7i l\u1ea7n s\u1eed d\u1ee5ng<\/p>\n<p><b>Qu\u00e1 tr\u00ecnh ch\u0103m s\u00f3c v\u00e0 ch\u1ebf bi\u1ebfn tr\u00e0 \u00f4 long Thanh T\u00e2m M\u1ed9c S\u01b0\u01a1ng<\/b><\/p>\n<p>Qu\u00e1 tr\u00ecnh tr\u1ed3ng v\u00e0 ch\u0103m s\u00f3c \u0111\u01b0\u1ee3c qu\u1ea3n l\u00fd nghi\u00eam ng\u1eb7t theo ti\u00eau chu\u1ea9n VietGAP. S\u1ea3n ph\u1ea9m \u0111\u01b0\u1ee3c ch\u1ebf bi\u1ebfn tr\u00ean d\u00e2y chuy\u1ec1n c\u00f4ng ngh\u1ec7 hi\u1ec7n \u0111\u1ea1i, k\u1ebft h\u1ee3p ph\u01b0\u01a1ng ph\u00e1p ch\u1ebf bi\u1ebfn truy\u1ec1n th\u1ed1ng c\u00f4ng phu c\u1ee7a \u0110\u00e0i Loan<\/p>\n<p>To\u00e0n b\u1ed9 qu\u00e1 tr\u00ecnh s\u1ea3n xu\u1ea5t \u0111\u01b0\u1ee3c th\u1ef1c hi\u1ec7n t\u1ea1i m\u00e1y \u0111\u1ea1t \u0111i\u1ec1u ki\u1ec7n ATTP, ti\u00eau chu\u1ea9n qu\u1ea3n l\u00fd ch\u1ea5t l\u01b0\u1ee3ng ti\u00ean ti\u1ebfn HACCP. S\u1ea3n ph\u1ea9m Tr\u00e0 \u00f4 long xanh Thanh T\u00e2m c\u1ee7a C\u00f4ng ty M\u1ed9c S\u01b0\u01a1ng c\u00f3 h\u01b0\u01a1ng v\u1ecb \u0111\u1ed9c \u0111\u00e1o, gi\u1eef \u0111\u01b0\u1ee3c nhi\u1ec1u d\u01b0\u1ee1ng ch\u1ea5t qu\u00fd gi\u00e1 v\u1ed1n c\u00f3 c\u1ee7a tr\u00e0.<\/p>\n<p>T\u1eebng b\u00fap ch\u00e8 \u00f4 long xanh Thanh T\u00e2m \u0111\u01b0\u1ee3c thu h\u00e1i th\u1ee7 c\u00f4ng, ch\u1ecdn nh\u1eefng b\u00fap c\u00f3 \u0111\u1ee7 m\u1ed9t n\u1ee5 v\u00e0 hai l\u00e1 non, \u0111\u01b0\u1ee3c ch\u1ebf bi\u1ebfn qua c\u00e1c c\u00f4ng \u0111o\u1ea1n ph\u01a1i n\u1eafng, cho v\u00e0o nh\u00e0 l\u1ea1nh tr\u00ean c\u00e1c nong ch\u00e8, l\u0103n t\u1ea1o h\u01b0\u01a1ng, v\u00f2 ch\u00e8, l\u00ean men\u2026 ch\u1ea5t l\u01b0\u1ee3ng c\u1ee7a s\u1ea3n ph\u1ea9m qua t\u1eebng c\u00f4ng \u0111o\u1ea1n \u0111\u01b0\u1ee3c ki\u1ec3m tra, \u0111i\u1ec1u ch\u1ec9nh tr\u1ef1c ti\u1ebfp b\u1edfi nh\u1eefng ngh\u1ec7 nh\u00e2n \u0111\u1ea7y kinh nghi\u1ec7m \u0111\u1ec3 cho ra s\u1ea3n ph\u1ea9m Tr\u00e0 \u00f4 long xanh Thanh T\u00e2m c\u00f3 m\u00f9i th\u01a1m \u0111\u1eb7c tr\u01b0ng, khi pha n\u01b0\u1edbc c\u00f3 m\u00e0u \u0111\u1ecf n\u00e2u, trong, kh\u00f4ng c\u1eb7n, h\u01b0\u01a1ng th\u01a1m t\u1ef1 nhi\u00ean, v\u1ecb tr\u00e0 \u0111\u1eadm \u0111\u00e0, s\u00e2u l\u1eafng, kh\u00f4ng ch\u00e1t, h\u1eadu v\u1ecb ng\u1ecdt thanh, t\u1ea1o cho ng\u01b0\u1eddi th\u01b0\u1edfng tr\u00e0 c\u1ea3m gi\u00e1c khoan thai, d\u1ec5 ch\u1ecbu. Cho th\u00eam m\u1ed9t l\u00e1t chanh s\u1ebd l\u00e0m t\u0103ng th\u00eam h\u01b0\u01a1ng v\u1ecb \u0111\u1eb7c bi\u1ec7t c\u1ee7a lo\u1ea1i tr\u00e0 n\u00e0y.<\/p>\n<p>Th\u01b0\u1edfng th\u1ee9c s\u1ea3n ph\u1ea9m Tr\u00e0 \u00f4 long xanh Thanh T\u00e2m c\u1ee7a C\u00f4ng ty M\u1ed9c S\u01b0\u01a1ng l\u00e0 \u0111ang t\u1eadn h\u01b0\u1edfng h\u01b0\u01a1ng v\u1ecb c\u1ee7a cao nguy\u00ean M\u1ed9c Ch\u00e2u, c\u1ea3m nh\u1eadn \u0111\u01b0\u1ee3c t\u00ecnh ng\u01b0\u1eddi ch\u00e2n ch\u1ea5t n\u01a1i \u0111\u00e2y, l\u00e0m cho nh\u1eefng ai u\u1ed1ng th\u1eed m\u1ed9t l\u1ea7n c\u0169ng ph\u1ea3i nhung nh\u1edb m\u00e3i v\u1ec1 sau.<\/p>\n<p><b>C\u00e1ch d\u00f9ng Tr\u00e0 \u00f4 long Thanh T\u00e2m M\u1ed9c S\u01b0\u01a1ng<\/b><\/p>\n<p>\u2013 H\u01b0\u1edbng d\u1eabn s\u1eed d\u1ee5ng: \u0110\u1ed5 n\u01b0\u1edbc s\u00f4i v\u00e0o \u1ea5m, tr\u00e1ng \u1ea5m tr\u01b0\u1edbc khi pha. Cho tr\u00e0 v\u00e0o \u1ea5m, l\u01b0\u1ee3ng kho\u1ea3ng 3-4g tr\u00e0 cho \u1ea5m c\u00f3 th\u1ec3 t\u00edch kho\u1ea3ng 150ml. Ch\u1ebf m\u1ed9t l\u01b0\u1ee3ng n\u01b0\u1edbc s\u00f4i v\u1eeba \u0111\u1ee7 \u0111\u1ec3 c\u00f3 \u0111\u1ed9 \u0111\u1eadm theo s\u1edf th\u00edch. H\u00e3m kho\u1ea3ng 3-5 ph\u00fat \u0111\u1ec3 th\u01b0\u1edfng th\u1ee9c h\u01b0\u01a1ng v\u1ecb th\u01a1m ngon v\u00e0 tinh khi\u1ebft c\u1ee7a tr\u00e0.<\/p>\n<p><b>C\u00f4ng d\u1ee5ng c\u1ee7a Tr\u00e0 \u00f4 long Thanh T\u00e2m M\u1ed9c S\u01b0\u01a1ng<\/b><\/p>\n<p>\u2013 Gi\u00fap tinh th\u1ea7n t\u1ec9nh t\u00e1o<\/p>\n<p>M\u1ed7i khi b\u1ea1n c\u1ea3m th\u1ea5y tinh th\u1ea7n u\u1ec3 o\u1ea3i, kh\u00f4ng t\u1ec9nh t\u00e1o b\u1ea1n c\u00f3 th\u1ec3 s\u1eed d\u1ee5ng tr\u00e0 \u00f4 long \u0111\u1ec3 c\u1ea3i thi\u1ec7n t\u00ecnh tr\u1ea1ng ng\u01b0\u1eddi m\u1ec7t m\u1ecfi. Nh\u01b0 ch\u00fang t\u00f4i \u0111\u00e3 n\u00f3i b\u00ean tr\u00ean th\u00ec trong tr\u00e0 \u00f4 long c\u00f3 ch\u1ee9a m\u1ed9t h\u00e0m l\u01b0\u1ee3ng caffeine. \u0110\u00e2y l\u00e0 ch\u1ea5t s\u1ebd gi\u00fap k\u00edch th\u00edch tinh th\u1ea7n b\u1ea1n s\u1ea3ng kho\u00e1i, t\u1ec9nh t\u00e1o, gi\u1ea3m stress, \u0111\u1ea9y cao n\u0103ng su\u1ea5t l\u00e0m vi\u1ec7c c\u1ee7a b\u1ea1n h\u01a1n. \u0110i\u1ec1u n\u00e0y ch\u1ee9ng t\u1ecf r\u1eb1ng tr\u00e0 \u00f4 long s\u1ebd gi\u00fap b\u1ea1n gi\u1ea3m stress v\u00e0 m\u1ec7t m\u1ecfi.<\/p>\n<p>\u2013 Gi\u1ea3i nhi\u1ec7t, thanh l\u1ecdc c\u01a1 th\u1ec3<\/p>\n<p>Trong tr\u00e0 \u00f4 long c\u00f3 ch\u1ee9a r\u1ea5t nhi\u1ec1u ch\u1ea5t ch\u1ed1ng oxy h\u00f3a c\u00f3 t\u00ean l\u00e0 catechin. Lo\u1ea1i ch\u1ea5t n\u00e0y s\u1ebd gi\u00fap c\u01a1 th\u1ec3 lo\u1ea1i b\u1ecf c\u00e1c ch\u1ea5t \u0111\u1ed9c h\u1ea1i th\u00f4ng qua gan. Ngo\u00e0i ra, ch\u1ea5t epigallocatechin gallate (EGCG) trong tr\u00e0 \u00f4 long s\u1ebd gi\u00fap qu\u00e1 tr\u00ecnh trao \u0111\u1ed5i ch\u1ea5t trong c\u01a1 th\u1ec3 b\u1ea1n \u0111\u01b0\u1ee3c c\u1ea3i thi\u1ec7n v\u00e0 ho\u1ea1t \u0111\u1ed9ng t\u1ed1t h\u01a1n. Ch\u00ednh v\u00ec nh\u1eefng \u0111i\u1ec1u n\u00e0y m\u00e0 tr\u00e0 \u0111\u01b0\u1ee3c xem l\u00e0 m\u1ed9t lo\u1ea1i \u0111\u1ed3 u\u1ed1ng gi\u00fap gi\u1ea3i nhi\u1ec7t v\u00e0 thanh l\u1ecdc c\u01a1 th\u1ec3. L\u1ee3i \u00edch c\u1ee7a tr\u00e0 \u00f4 long s\u1ebd gi\u00fap b\u1ea1n th\u1ef1c s\u1ef1 thanh l\u1ecdc \u0111\u01b0\u1ee3c c\u01a1 th\u1ec3, gi\u00fap c\u01a1 th\u1ec3 b\u1ea1n kh\u1ecfe kh\u1eafn, t\u01b0\u01a1i m\u00e1t h\u01a1n, s\u1ee9c kh\u1ecfe c\u1ee7a b\u1ea1n s\u1ebd \u0111\u01b0\u1ee3c c\u1ea3i thi\u1ec7n \u0111\u00e1ng k\u1ec3.<\/p>\n<p>\u2013 Gi\u1ea3m cholesterol, t\u1ed1t cho tim m\u1ea1ch<\/p>\n<p>V\u1edbi c\u00e1c lo\u1ea1i tr\u00e0 \u0111\u01b0\u1ee3c l\u00ean men nh\u01b0 tr\u00e0 \u00f4 long s\u1ebd gi\u00fap ng\u01b0\u1eddi s\u1eed d\u1ee5ng gi\u1ea3m cholesterol v\u00e0 c\u1ea3i thi\u1ec7n s\u1ee9c kh\u1ecfe tim m\u1ea1ch c\u0169ng nh\u01b0 huy\u1ebft \u00e1p cao. M\u1ed9t nghi\u00ean c\u1ee9u tr\u00ean 76.000 ng\u01b0\u1eddi Nh\u1eadt B\u1ea3n \u0111\u00e3 ch\u1ec9 ra r\u1eb1ng: nh\u1eefng ng\u01b0\u1eddi u\u1ed1ng kho\u1ea3ng 240ml (ho\u1eb7c nhi\u1ec1u h\u01a1n) tr\u00e0 \u00f4 long m\u1ed7i ng\u00e0y c\u00f3 nguy c\u01a1 m\u1eafc b\u1ec7nh tim m\u1ea1ch th\u1ea5p h\u01a1n 61%. Ngo\u00e0i ra, th\u01b0\u1eddng xuy\u00ean ti\u00eau th\u1ee5 120ml tr\u00e0 xanh ho\u1eb7c tr\u00e0 \u00f4 long m\u1ed7i ng\u00e0y c\u00f3 th\u1ec3 gi\u1ea3m nguy c\u01a1 b\u1ecb huy\u1ebft \u00e1p cao t\u1edbi 46%.<\/p>\n<p>\u2013 Ch\u1ed1ng oxy h\u00f3a, ng\u0103n ng\u1eeba ung th\u01b0<\/p>\n<p>C\u00e1c nh\u00e0 khoa h\u1ecdc cho r\u1eb1ng c\u00e1c ch\u1ea5t ch\u1ed1ng oxy h\u00f3a c\u00f3 trong tr\u00e0 \u0111en, xanh v\u00e0 \u00f4 long c\u00f3 th\u1ec3 gi\u00fap ng\u0103n ng\u1eeba \u0111\u1ed9t bi\u1ebfn t\u1ebf b\u00e0o c\u00f3 th\u1ec3 d\u1eabn \u0111\u1ebfn ung th\u01b0 trong c\u01a1 th\u1ec3. Polyphenol trong tr\u00e0 c\u0169ng c\u00f3 th\u1ec3 l\u00e0m gi\u1ea3m t\u1ef7 l\u1ec7 ph\u00e2n chia t\u1ebf b\u00e0o ung th\u01b0. H\u01a1n n\u1eefa, m\u1ed9t \u0111\u00e1nh gi\u00e1 b\u00e1o c\u00e1o r\u1eb1ng nh\u1eefng ng\u01b0\u1eddi u\u1ed1ng tr\u00e0 th\u01b0\u1eddng xuy\u00ean c\u00f3 th\u1ec3 c\u00f3 nguy c\u01a1 m\u1eafc ung th\u01b0 mi\u1ec7ng th\u1ea5p h\u01a1n 15%. C\u00e1c b\u00e1o c\u00e1o kh\u00e1c c\u0169ng ch\u1ec9 ra t\u00e1c d\u1ee5ng t\u01b0\u01a1ng t\u1ef1 c\u1ee7a tr\u00e0 \u00f4 long \u0111\u1ed1i v\u1edbi ung th\u01b0 ph\u1ed5i, th\u1ef1c qu\u1ea3n, t\u1ee5y, gan v\u00e0 tr\u1ef1c tr\u00e0ng.<\/p>","protected":false},"excerpt":{"rendered":"<p>Ch\u00e8 \u00f4 long Thanh T\u00e2m M\u1ed9c S\u01b0\u01a1ng l\u00e0 gi\u1ed1ng ch\u00e8 qu\u00fd \u0111\u01b0\u1ee3c nh\u1eadp kh\u1ea9u c\u00e2y gi\u1ed1ng t\u1eeb \u0110\u00e0i Loan. Ch\u00e8<\/p>","protected":false},"featured_media":12352,"comment_status":"open","ping_status":"closed","template":"","meta":{"_acf_changed":false},"product_cat":[22],"product_tag":[],"class_list":{"0":"post-12348","1":"product","2":"type-product","3":"status-publish","4":"has-post-thumbnail","6":"product_cat-sanphamthucpham","8":"first","9":"instock","10":"shipping-taxable","11":"product-type-simple"},"acf":[],"_links":{"self":[{"href":"https:\/\/b2c.fairs.vn\/en\/wp-json\/wp\/v2\/product\/12348","targetHints":{"allow":["GET"]}}],"collection":[{"href":"https:\/\/b2c.fairs.vn\/en\/wp-json\/wp\/v2\/product"}],"about":[{"href":"https:\/\/b2c.fairs.vn\/en\/wp-json\/wp\/v2\/types\/product"}],"replies":[{"embeddable":true,"href":"https:\/\/b2c.fairs.vn\/en\/wp-json\/wp\/v2\/comments?post=12348"}],"version-history":[{"count":0,"href":"https:\/\/b2c.fairs.vn\/en\/wp-json\/wp\/v2\/product\/12348\/revisions"}],"wp:featuredmedia":[{"embeddable":true,"href":"https:\/\/b2c.fairs.vn\/en\/wp-json\/wp\/v2\/media\/12352"}],"wp:attachment":[{"href":"https:\/\/b2c.fairs.vn\/en\/wp-json\/wp\/v2\/media?parent=12348"}],"wp:term":[{"taxonomy":"product_cat","embeddable":true,"href":"https:\/\/b2c.fairs.vn\/en\/wp-json\/wp\/v2\/product_cat?post=12348"},{"taxonomy":"product_tag","embeddable":true,"href":"https:\/\/b2c.fairs.vn\/en\/wp-json\/wp\/v2\/product_tag?post=12348"}],"curies":[{"name":"wp","href":"https:\/\/api.w.org\/{rel}","templated":true}]}}