{"id":12340,"date":"2024-03-29T11:15:14","date_gmt":"2024-03-29T04:15:14","guid":{"rendered":"https:\/\/b2c.fairs.vn\/?post_type=product&#038;p=12340"},"modified":"2024-04-19T10:03:02","modified_gmt":"2024-04-19T03:03:02","slug":"yen-sao-fly-sure","status":"publish","type":"product","link":"https:\/\/b2c.fairs.vn\/en\/product\/yen-sao-fly-sure\/","title":{"rendered":"Y\u1ebfn s\u00e0o Fly Sure"},"content":{"rendered":"<p>Y\u1ebfn s\u00e0o Fly Sure s\u1eed d\u1ee5ng t\u1ed5 y\u1ebfn ch\u1ea5t l\u01b0\u1ee3ng cao t\u1eeb Kh\u00e1nh Ho\u00e0 v\u1edbi t\u1ef7 l\u1ec7 s\u1ee3i y\u1ebfn 18%, b\u1ed5 sung th\u00eam Fibruline, Canxi v\u00e0 Vitamin D3 gi\u00fap th\u00fac \u0111\u1ea9y s\u1ef1 ph\u00e1t tri\u1ec3n c\u1ee7a x\u01b0\u01a1ng, k\u00edch th\u00edch ti\u00eau ho\u00e1, \u0111\u1eb7c bi\u1ec7t gi\u00fap tr\u1ebb \u0103n kh\u1ecfe, ch\u00f3ng l\u1edbn. C\u00f9ng v\u1edbi \u0111\u00f3, Y\u1ebfn S\u00e0o Fly Sure \u0111\u01b0\u1ee3c c\u1ea5p ch\u1ee9ng nh\u1eadn OCOP 3 sao, x\u1ee9ng \u0111\u00e1ng l\u00e0 s\u1ef1 l\u1ef1a ch\u1ecdn v\u00e0ng cho c\u00e1c b\u1eadc ph\u1ee5 huynh khi t\u00ecm ki\u1ebfm m\u1ed9t s\u1ea3n ph\u1ea9m an to\u00e0n \u0111\u1ed1i v\u1edbi s\u1ef1 ph\u00e1t tri\u1ec3n to\u00e0n di\u1ec7n v\u1ec1 c\u1ea3 th\u1ec3 ch\u1ea5t l\u1eabn tr\u00ed tu\u1ec7 c\u1ee7a con em m\u00ecnh<\/p>\n<p><b>Th\u00e0nh ph\u1ea7n:<\/b>\u00a0N\u01b0\u1edbc, y\u1ebfn s\u00e0o (18%), \u0111\u01b0\u1eddng ph\u00e8n, ch\u1ea5t \u0111i\u1ec1u ch\u1ec9nh \u0111\u1ed9 acid (327) (1400 \u03bcg), fibruline (83 \u03bcg), vitamin D3 (15 \u03bcg), ch\u1ea5t \u1ed5n \u0111\u1ecbnh (418, 406, 401), ph\u1ea9m m\u00e0u (150d), h\u01b0\u01a1ng li\u1ec7u t\u1ed5ng h\u1ee3p d\u00f9ng cho th\u1ef1c ph\u1ea9m (h\u01b0\u01a1ng \u0111\u01b0\u1eddng, h\u01b0\u01a1ng y\u1ebfn).<\/p>\n<p><b>C\u00e1ch d\u00f9ng:\u00a0<\/b>L\u1eafc nh\u1eb9 tr\u01b0\u1edbc khi u\u1ed1ng, ngon h\u01a1n khi u\u1ed1ng l\u1ea1nh. N\u00ean s\u1eed d\u1ee5ng 1 l\u1ecd\/ng\u00e0y.<\/p>\n<p><b>B\u1ea3o qu\u1ea3n:<\/b>\u00a0B\u1ea3o qu\u1ea3n n\u01a1i kh\u00f4 r\u00e1o, tho\u00e1ng m\u00e1t, tr\u00e1nh \u00e1nh n\u1eafng tr\u1ef1c ti\u1ebfp.<\/p>\n<p><b>Th\u1ec3 t\u00edch th\u1ef1c:<\/b>\u00a070ml.<\/p>\n<p><b>\u0110\u1ed1i t\u01b0\u1ee3ng s\u1eed d\u1ee5ng:<\/b>\u00a0t\u1eeb 1 tu\u1ed5i tr\u1edf l\u00ean.<\/p>\n<p><b>L\u01b0u \u00fd:\u00a0<\/b>Kh\u00f4ng s\u1eed d\u1ee5ng s\u1ea3n ph\u1ea9m qu\u00e1 h\u1ea1n s\u1eed d\u1ee5ng ho\u1eb7c bao b\u00ec b\u1ecb h\u1ecfng h\u00f3c. S\u1eed d\u1ee5ng trong v\u00f2ng 24 gi\u1edd t\u1eeb khi m\u1edf n\u1eafp.<\/p>","protected":false},"excerpt":{"rendered":"<p>Y\u1ebfn s\u00e0o Fly Sure s\u1eed d\u1ee5ng t\u1ed5 y\u1ebfn ch\u1ea5t l\u01b0\u1ee3ng cao t\u1eeb Kh\u00e1nh Ho\u00e0 v\u1edbi t\u1ef7 l\u1ec7 s\u1ee3i y\u1ebfn 18%,<\/p>","protected":false},"featured_media":12347,"comment_status":"open","ping_status":"closed","template":"","meta":{"_acf_changed":false},"product_cat":[325,329,331,366,367],"product_tag":[],"class_list":{"0":"post-12340","1":"product","2":"type-product","3":"status-publish","4":"has-post-thumbnail","6":"product_cat-san-pham-do-uong","7":"product_cat-do-uong-khong-con","8":"product_cat-do-uong-khong-con-do-uong-khong-con","9":"product_cat-hang-cnnt-cap-qg","10":"product_cat-hang-cnnt-cap-qg-2023","12":"first","13":"instock","14":"shipping-taxable","15":"purchasable","16":"product-type-variable"},"acf":[],"_links":{"self":[{"href":"https:\/\/b2c.fairs.vn\/en\/wp-json\/wp\/v2\/product\/12340","targetHints":{"allow":["GET"]}}],"collection":[{"href":"https:\/\/b2c.fairs.vn\/en\/wp-json\/wp\/v2\/product"}],"about":[{"href":"https:\/\/b2c.fairs.vn\/en\/wp-json\/wp\/v2\/types\/product"}],"replies":[{"embeddable":true,"href":"https:\/\/b2c.fairs.vn\/en\/wp-json\/wp\/v2\/comments?post=12340"}],"version-history":[{"count":0,"href":"https:\/\/b2c.fairs.vn\/en\/wp-json\/wp\/v2\/product\/12340\/revisions"}],"wp:featuredmedia":[{"embeddable":true,"href":"https:\/\/b2c.fairs.vn\/en\/wp-json\/wp\/v2\/media\/12347"}],"wp:attachment":[{"href":"https:\/\/b2c.fairs.vn\/en\/wp-json\/wp\/v2\/media?parent=12340"}],"wp:term":[{"taxonomy":"product_cat","embeddable":true,"href":"https:\/\/b2c.fairs.vn\/en\/wp-json\/wp\/v2\/product_cat?post=12340"},{"taxonomy":"product_tag","embeddable":true,"href":"https:\/\/b2c.fairs.vn\/en\/wp-json\/wp\/v2\/product_tag?post=12340"}],"curies":[{"name":"wp","href":"https:\/\/api.w.org\/{rel}","templated":true}]}}