{"id":12337,"date":"2024-03-29T11:14:42","date_gmt":"2024-03-29T04:14:42","guid":{"rendered":"https:\/\/b2c.fairs.vn\/?post_type=product&#038;p=12337"},"modified":"2024-03-29T11:14:43","modified_gmt":"2024-03-29T04:14:43","slug":"bec-tuoi-bu-ap-x9000-95l-h-co-loc-duoi-bec","status":"publish","type":"product","link":"https:\/\/b2c.fairs.vn\/en\/product\/bec-tuoi-bu-ap-x9000-95l-h-co-loc-duoi-bec\/","title":{"rendered":"B\u00c9C T\u01af\u1edaI B\u00d9 \u00c1P X9000 95L\/H (c\u00f3 l\u1ecdc \u0111u\u00f4i b\u00e9c)"},"content":{"rendered":"<p>MSPC0195BL<\/p>\n<div class=\"product-trademark\">Th\u01b0\u01a1ng hi\u1ec7u:<\/p>\n<p class=\"product-trademark trademark\">ASOP<\/p>\n<\/div>","protected":false},"excerpt":{"rendered":"<p>MSPC0195BL Th\u01b0\u01a1ng hi\u1ec7u: ASOP<\/p>","protected":false},"featured_media":12354,"comment_status":"open","ping_status":"closed","template":"","meta":{"_acf_changed":false},"product_cat":[391,366,446,348,392],"product_tag":[],"class_list":{"0":"post-12337","1":"product","2":"type-product","3":"status-publish","4":"has-post-thumbnail","6":"product_cat-may-nong-nghiep","7":"product_cat-hang-cnnt-cap-qg","8":"product_cat-san-pham-cnnt-tb-cap-qg-2019","9":"product_cat-thiet-bi-co-khi","10":"product_cat-thiet-bi-may-moc-khac","12":"first","13":"instock","14":"shipping-taxable","15":"purchasable","16":"product-type-simple"},"acf":[],"_links":{"self":[{"href":"https:\/\/b2c.fairs.vn\/en\/wp-json\/wp\/v2\/product\/12337","targetHints":{"allow":["GET"]}}],"collection":[{"href":"https:\/\/b2c.fairs.vn\/en\/wp-json\/wp\/v2\/product"}],"about":[{"href":"https:\/\/b2c.fairs.vn\/en\/wp-json\/wp\/v2\/types\/product"}],"replies":[{"embeddable":true,"href":"https:\/\/b2c.fairs.vn\/en\/wp-json\/wp\/v2\/comments?post=12337"}],"version-history":[{"count":0,"href":"https:\/\/b2c.fairs.vn\/en\/wp-json\/wp\/v2\/product\/12337\/revisions"}],"wp:featuredmedia":[{"embeddable":true,"href":"https:\/\/b2c.fairs.vn\/en\/wp-json\/wp\/v2\/media\/12354"}],"wp:attachment":[{"href":"https:\/\/b2c.fairs.vn\/en\/wp-json\/wp\/v2\/media?parent=12337"}],"wp:term":[{"taxonomy":"product_cat","embeddable":true,"href":"https:\/\/b2c.fairs.vn\/en\/wp-json\/wp\/v2\/product_cat?post=12337"},{"taxonomy":"product_tag","embeddable":true,"href":"https:\/\/b2c.fairs.vn\/en\/wp-json\/wp\/v2\/product_tag?post=12337"}],"curies":[{"name":"wp","href":"https:\/\/api.w.org\/{rel}","templated":true}]}}