{"id":12328,"date":"2024-03-29T11:15:48","date_gmt":"2024-03-29T04:15:48","guid":{"rendered":"https:\/\/b2c.fairs.vn\/?post_type=product&#038;p=12328"},"modified":"2024-03-29T11:15:48","modified_gmt":"2024-03-29T04:15:48","slug":"bot-gao-mien-tay","status":"publish","type":"product","link":"https:\/\/b2c.fairs.vn\/en\/product\/bot-gao-mien-tay\/","title":{"rendered":"B\u1ed9t g\u1ea1o mi\u1ec1n T\u00e2y"},"content":{"rendered":"<p>B\u1ed9t g\u1ea1o Mi\u1ec1n T\u00e2y \u0111\u01b0\u1ee3c \u0111\u00f3ng g\u00f3i \u0111\u1ea3m b\u1ea3o an to\u00e0n, v\u1ec7 sinh th\u1ef1c ph\u1ea9m, s\u1eed d\u1ee5ng ti\u1ec7n l\u1ee3i, ti\u1ebft ki\u1ec7m th\u1eddi gian. D\u00f9ng ch\u1ebf bi\u1ebfn m\u1ed9t s\u1ed1 s\u1ea3n ph\u1ea9m nh\u01b0: b\u00e1nh m\u1eb7n, b\u00e1nh b\u00e8o, b\u00e1nh chu\u1ed1i, b\u00e1nh cu\u1ed1n, b\u00fan, ph\u1edf,&#8230;<\/p>\n<p>Th\u00e0nh ph\u1ea7n:100% b\u1ed9t g\u1ea1o.<\/p>\n<p>Ch\u1ec9 ti\u00eau ch\u1ea5t l\u01b0\u1ee3ng Protein &gt;= 8%<\/p>\n<p>**B\u1ea3o qu\u1ea3n: N\u01a1i kh\u00f4 r\u00e1o, tho\u00e1ng m\u00e1t, tr\u00e1nh \u00e1nh n\u1eafng m\u1eb7t tr\u1eddi.<\/p>\n<p>***Ch\u1ea5t l\u01b0\u1ee3ng b\u1ed9t \u1ed5n \u0111\u1ecbnh, ti\u1ec7n l\u1ee3i cho ng\u01b0\u1eddi s\u1eed d\u1ee5ng.,<\/p>\n<p>****H\u1ea1n s\u1eed d\u1ee5ng d\u00e0i, h\u00e0ng lu\u00f4n li\u00ean t\u1ee5c s\u1ea3n xu\u1ea5t m\u1edbi.<\/p>","protected":false},"excerpt":{"rendered":"<p>B\u1ed9t g\u1ea1o Mi\u1ec1n T\u00e2y \u0111\u01b0\u1ee3c \u0111\u00f3ng g\u00f3i \u0111\u1ea3m b\u1ea3o an to\u00e0n, v\u1ec7 sinh th\u1ef1c ph\u1ea9m, s\u1eed d\u1ee5ng ti\u1ec7n l\u1ee3i, ti\u1ebft<\/p>","protected":false},"featured_media":12351,"comment_status":"open","ping_status":"closed","template":"","meta":{"_acf_changed":false},"product_cat":[311,366,446,22,310],"product_tag":[],"class_list":{"0":"post-12328","1":"product","2":"type-product","3":"status-publish","4":"has-post-thumbnail","6":"product_cat-gao-ngu-coc-hat-so-che-khac","7":"product_cat-hang-cnnt-cap-qg","8":"product_cat-san-pham-cnnt-tb-cap-qg-2019","9":"product_cat-sanphamthucpham","10":"product_cat-thuc-pham-tho-so-che","12":"first","13":"instock","14":"shipping-taxable","15":"purchasable","16":"product-type-variable"},"acf":[],"_links":{"self":[{"href":"https:\/\/b2c.fairs.vn\/en\/wp-json\/wp\/v2\/product\/12328","targetHints":{"allow":["GET"]}}],"collection":[{"href":"https:\/\/b2c.fairs.vn\/en\/wp-json\/wp\/v2\/product"}],"about":[{"href":"https:\/\/b2c.fairs.vn\/en\/wp-json\/wp\/v2\/types\/product"}],"replies":[{"embeddable":true,"href":"https:\/\/b2c.fairs.vn\/en\/wp-json\/wp\/v2\/comments?post=12328"}],"version-history":[{"count":0,"href":"https:\/\/b2c.fairs.vn\/en\/wp-json\/wp\/v2\/product\/12328\/revisions"}],"wp:featuredmedia":[{"embeddable":true,"href":"https:\/\/b2c.fairs.vn\/en\/wp-json\/wp\/v2\/media\/12351"}],"wp:attachment":[{"href":"https:\/\/b2c.fairs.vn\/en\/wp-json\/wp\/v2\/media?parent=12328"}],"wp:term":[{"taxonomy":"product_cat","embeddable":true,"href":"https:\/\/b2c.fairs.vn\/en\/wp-json\/wp\/v2\/product_cat?post=12328"},{"taxonomy":"product_tag","embeddable":true,"href":"https:\/\/b2c.fairs.vn\/en\/wp-json\/wp\/v2\/product_tag?post=12328"}],"curies":[{"name":"wp","href":"https:\/\/api.w.org\/{rel}","templated":true}]}}