{"id":12312,"date":"2024-03-29T11:06:23","date_gmt":"2024-03-29T04:06:23","guid":{"rendered":"https:\/\/b2c.fairs.vn\/?post_type=product&#038;p=12312"},"modified":"2024-04-04T09:28:45","modified_gmt":"2024-04-04T02:28:45","slug":"nuoc-lau-san-tinh-dau-sa-bo-hon-nhien-thao-quang-tri","status":"publish","type":"product","link":"https:\/\/b2c.fairs.vn\/en\/product\/nuoc-lau-san-tinh-dau-sa-bo-hon-nhien-thao-quang-tri\/","title":{"rendered":"N\u01b0\u1edbc lau s\u00e0n tinh d\u1ea7u s\u1ea3 &#8211; b\u1ed3 h\u00f2n Nhi\u00ean Th\u1ea3o Qu\u1ea3ng Tr\u1ecb"},"content":{"rendered":"<p>Th\u00e0nh ph\u1ea7n: B\u1ed3 h\u00f2n, tinh d\u1ea7u s\u1ea3, n\u01b0\u1edbc c\u1ea5t tinh d\u1ea7u s\u1ea3 T\u00e1c d\u1ee5ng: Di\u1ec7t khu\u1ea9n, kh\u1eed m\u00f9i. Xua \u0111u\u1ed5i c\u00f4n tr\u00f9ng, ki\u1ebfn, gi\u00e1n. Gi\u00fap n\u1ec1n s\u1ea1ch s\u00e1ng b\u00f3ng.ng\u00e2m r\u1eeda \u0111\u1ed3 ch\u01a1i tr\u1ebb em C\u00e1ch d\u00f9ng: Pha 50ml v\u1edbi n\u01b0\u1edbc s\u1ea1ch trong x\u00f4 n\u01b0\u1edbc lau s\u00e0n. Ch\u1ec9 c\u1ea7n lau 1 l\u1ea7n l\u00e0 s\u1ea1ch. C\u00f3 th\u1ec3 pha v\u00e0o b\u00ecnh x\u1ecbt \u0111\u1ec3 x\u1ecbt r\u1eeda, lau k\u00ednh S\u1ea2N PH\u1ea8M \u0110\u01af\u1ee2C S\u1ea2N XU\u1ea4T B\u1edeI C\u00d4NG TY TNHH NHI\u00caN TH\u1ea2O QU\u1ea2NG TR\u1eca<\/p>","protected":false},"excerpt":{"rendered":"<p>Th\u00e0nh ph\u1ea7n: B\u1ed3 h\u00f2n, tinh d\u1ea7u s\u1ea3, n\u01b0\u1edbc c\u1ea5t tinh d\u1ea7u s\u1ea3 T\u00e1c d\u1ee5ng: Di\u1ec7t khu\u1ea9n, kh\u1eed m\u00f9i. Xua \u0111u\u1ed5i<\/p>","protected":false},"featured_media":12336,"comment_status":"open","ping_status":"closed","template":"","meta":{"_acf_changed":false},"product_cat":[332,401,366,398,519,335],"product_tag":[],"class_list":{"0":"post-12312","1":"product","2":"type-product","3":"status-publish","4":"has-post-thumbnail","6":"product_cat-san-pham-duoc-lieu-va-san-pham-tu-duoc-lieu","7":"product_cat-hoa-my-pham","8":"product_cat-hang-cnnt-cap-qg","9":"product_cat-san-pham-cnnt-tb-cap-qg-2021","10":"product_cat-suc-khoe-va-sac-dep","11":"product_cat-tinh-dau-va-thao-duoc-khac","13":"first","14":"instock","15":"shipping-taxable","16":"purchasable","17":"product-type-variable"},"acf":[],"_links":{"self":[{"href":"https:\/\/b2c.fairs.vn\/en\/wp-json\/wp\/v2\/product\/12312","targetHints":{"allow":["GET"]}}],"collection":[{"href":"https:\/\/b2c.fairs.vn\/en\/wp-json\/wp\/v2\/product"}],"about":[{"href":"https:\/\/b2c.fairs.vn\/en\/wp-json\/wp\/v2\/types\/product"}],"replies":[{"embeddable":true,"href":"https:\/\/b2c.fairs.vn\/en\/wp-json\/wp\/v2\/comments?post=12312"}],"version-history":[{"count":0,"href":"https:\/\/b2c.fairs.vn\/en\/wp-json\/wp\/v2\/product\/12312\/revisions"}],"wp:featuredmedia":[{"embeddable":true,"href":"https:\/\/b2c.fairs.vn\/en\/wp-json\/wp\/v2\/media\/12336"}],"wp:attachment":[{"href":"https:\/\/b2c.fairs.vn\/en\/wp-json\/wp\/v2\/media?parent=12312"}],"wp:term":[{"taxonomy":"product_cat","embeddable":true,"href":"https:\/\/b2c.fairs.vn\/en\/wp-json\/wp\/v2\/product_cat?post=12312"},{"taxonomy":"product_tag","embeddable":true,"href":"https:\/\/b2c.fairs.vn\/en\/wp-json\/wp\/v2\/product_tag?post=12312"}],"curies":[{"name":"wp","href":"https:\/\/api.w.org\/{rel}","templated":true}]}}