{"id":12299,"date":"2024-03-29T11:03:24","date_gmt":"2024-03-29T04:03:24","guid":{"rendered":"https:\/\/b2c.fairs.vn\/?post_type=product&#038;p=12299"},"modified":"2024-04-19T10:12:11","modified_gmt":"2024-04-19T03:12:11","slug":"yen-sao-fly-for-kids","status":"publish","type":"product","link":"https:\/\/b2c.fairs.vn\/en\/product\/yen-sao-fly-for-kids\/","title":{"rendered":"Y\u1ebfn s\u00e0o Fly For Kids"},"content":{"rendered":"<p>&nbsp;<\/p>\n<div class=\"shop-container\">\n<div id=\"product-179\" class=\"product type-product post-179 status-publish first instock product_cat-nuoc-yen-sao has-post-thumbnail shipping-taxable purchasable product-type-simple\">\n<div class=\"product-container\">\n<div class=\"product-main\">\n<div class=\"row content-row mb-0\">\n<div class=\"product-info summary col-fit col entry-summary product-summary\">\n<div class=\"product-short-description\">\n<p>N\u01b0\u1edbc y\u1ebfn s\u00e0o tr\u1ebb em \u0111\u01b0\u1ee3c ch\u1ebf bi\u1ebfn theo ph\u01b0\u01a1ng ph\u00e1p c\u1ed5 truy\u1ec1n k\u1ebft h\u1ee3p v\u1edbi khoa h\u1ecdc c\u00f4ng ngh\u1ec7 ti\u00ean ti\u1ebfn tr\u00ean d\u00e2y chuy\u1ec1n thi\u1ebft b\u1ecb hi\u1ec7n \u0111\u1ea1i. \u0110\u1eb7c bi\u1ec7t, s\u1ea3n ph\u1ea9m c\u00f3 ch\u1ee9a Taurine v\u00e0 Fibruline h\u1ed7 tr\u1ee3 cho s\u1ef1 ph\u00e1t tri\u1ec3n c\u1ee7a tr\u1ebb em nh\u01b0 gi\u00fap h\u1ea5p th\u1ee5 ch\u1ea5t b\u00e9o cho tr\u1ebb, \u0111\u1ea3m b\u1ea3o s\u1ef1 ph\u00e1t tri\u1ec3n c\u1ee7a tr\u00ed n\u00e3o, th\u00ednh gi\u00e1c v\u00e0 th\u1ecb gi\u00e1c,\u2026 Ngo\u00e0i ra, s\u1ea3n ph\u1ea9m \u0111\u1ea3m b\u1ea3o an to\u00e0n cho tr\u1ebb v\u00ec Y\u1ebfn S\u00e0o Fly \u0111\u01b0\u1ee3c \u0111\u00e1nh gi\u00e1 ph\u00f9 h\u1ee3p v\u1edbi c\u00e1c y\u00eau c\u1ea7u c\u1ee7a ti\u00eau chu\u1ea9n qu\u1ed1c t\u1ebf v\u1ec1 h\u1ec7 th\u1ed1ng qu\u1ea3n l\u00fd an to\u00e0n th\u1ef1c ph\u1ea9m theo HACCP cho l\u0129nh v\u1ef1c s\u01a1 ch\u1ebf v\u00e0 ch\u1ebf bi\u1ebfn y\u1ebfn s\u00e0o.<\/p>\n<\/div>\n<\/div>\n<\/div>\n<\/div>\n<div class=\"product-footer\">\n<div class=\"container\">\n<div class=\"woocommerce-tabs wc-tabs-wrapper container tabbed-content\">\n<div class=\"tab-panels\">\n<div id=\"tab-description\" class=\"woocommerce-Tabs-panel woocommerce-Tabs-panel--description panel entry-content active\" role=\"tabpanel\" aria-labelledby=\"tab-title-description\">\n<p><strong>Th\u00e0nh ph\u1ea7n:\u00a0<\/strong><span class=\"TextRun SCXW261433007 BCX0\" lang=\"VI-VN\" xml:lang=\"VI-VN\" data-contrast=\"none\"><span class=\"NormalTextRun SCXW261433007 BCX0\">Nguy\u00ean li\u1ec7u (n\u01b0\u1edbc, y\u1ebfn s\u00e0o 15%, Taurine, Fibruline, \u0111\u01b0\u1eddng ph\u00e8n), c\u00e1c ph\u1ee5 gia th\u1ef1c ph\u1ea9m (Ch\u1ea5t \u1ed5n \u0111\u1ecbnh:\u00a0<\/span><span class=\"NormalTextRun SCXW261433007 BCX0\">Gellan\u00a0<\/span><span class=\"NormalTextRun SCXW261433007 BCX0\">Gum<\/span><span class=\"NormalTextRun SCXW261433007 BCX0\">\u00a0(418),\u00a0<\/span><span class=\"NormalTextRun SCXW261433007 BCX0\">Agar<\/span><span class=\"NormalTextRun SCXW261433007 BCX0\">\u00a0(406),\u00a0<\/span><span class=\"NormalTextRun SCXW261433007 BCX0\">Sodium\u00a0<\/span><span class=\"NormalTextRun SCXW261433007 BCX0\">Alginate<\/span><span class=\"NormalTextRun SCXW261433007 BCX0\">\u00a0(401),\u00a0<\/span><span class=\"NormalTextRun SCXW261433007 BCX0\">Caramel<\/span><span class=\"NormalTextRun SCXW261433007 BCX0\">\u00a0IV (150d), h\u01b0\u01a1ng li\u1ec7u d\u00f9ng cho\u00a0<\/span><span class=\"NormalTextRun SCXW261433007 BCX0\">th\u1ef1c<\/span><span class=\"NormalTextRun SCXW261433007 BCX0\">\u00a0ph\u1ea9m).<\/span><\/span><\/p>\n<p><strong>H\u01b0\u1edbng d\u1eabn s\u1eed d\u1ee5ng:\u00a0<\/strong>L\u1eafc nh\u1eb9 tr\u01b0\u1edbc khi u\u1ed1ng, ngon h\u01a1n khi u\u1ed1ng l\u1ea1nh.<\/p>\n<p><strong>B\u1ea3o qu\u1ea3n:\u00a0<\/strong>N\u01a1i kh\u00f4 r\u00e1o, tho\u00e1ng m\u00e1t, tr\u00e1nh \u00e1nh n\u1eafng tr\u1ef1c ti\u1ebfp.<\/p>\n<p><strong>Th\u1ec3 t\u00edch th\u1ef1c:<\/strong>\u00a070ml.<\/p>\n<p><strong>\u0110\u1ed1i t\u01b0\u1ee3ng s\u1eed d\u1ee5ng:<\/strong>\u00a0D\u00e0nh cho tr\u1ebb em tr\u00ean 12 th\u00e1ng.<\/p>\n<p><b>L\u01b0u \u00fd:\u00a0<\/b>Kh\u00f4ng s\u1eed d\u1ee5ng s\u1ea3n ph\u1ea9m qu\u00e1 h\u1ea1n s\u1eed d\u1ee5ng ho\u1eb7c bao b\u00ec b\u1ecb h\u1ecfng h\u00f3c. S\u1eed d\u1ee5ng trong v\u00f2ng 24 gi\u1edd t\u1eeb khi m\u1edf n\u1eafp.<\/p>\n<\/div>\n<\/div>\n<\/div>\n<div class=\"related related-products-wrapper product-section\">\n<div class=\"row large-columns-4 medium-columns-3 small-columns-2 row-small slider row-slider slider-nav-reveal slider-nav-push is-draggable flickity-enabled\" tabindex=\"0\" data-flickity-options=\"{&quot;imagesLoaded&quot;: true, &quot;groupCells&quot;: &quot;100%&quot;, &quot;dragThreshold&quot; : 5, &quot;cellAlign&quot;: &quot;left&quot;,&quot;wrapAround&quot;: true,&quot;prevNextButtons&quot;: true,&quot;percentPosition&quot;: true,&quot;pageDots&quot;: false, &quot;rightToLeft&quot;: false, &quot;autoPlay&quot; : false}\">\n<div class=\"flickity-viewport\">\n<div class=\"flickity-slider\">\n<div class=\"product-small col has-hover product type-product post-953 status-publish instock product_cat-nuoc-yen-sao has-post-thumbnail featured shipping-taxable purchasable product-type-simple is-selected\">\n<div class=\"col-inner\">\n<div class=\"product-small box\">\n<div class=\"box-image\"><\/div>\n<div class=\"box-text box-text-products\">\n<div class=\"price-wrapper\"><\/div>\n<\/div>\n<\/div>\n<\/div>\n<\/div>\n<div class=\"product-small col has-hover product type-product post-1146 status-publish instock product_cat-nuoc-yen-sao has-post-thumbnail shipping-taxable purchasable product-type-simple is-selected\">\n<div class=\"col-inner\">\n<div class=\"badge-container absolute left top z-1\"><\/div>\n<div class=\"product-small box\">\n<div class=\"box-image\"><\/div>\n<\/div>\n<\/div>\n<\/div>\n<div class=\"product-small col has-hover product type-product post-1430 status-publish instock product_cat-nuoc-yen-sao has-post-thumbnail featured shipping-taxable purchasable product-type-simple\" aria-hidden=\"true\">\n<div class=\"col-inner\">\n<div class=\"badge-container absolute left top z-1\"><\/div>\n<div class=\"product-small box\">\n<div class=\"box-image\"><\/div>\n<\/div>\n<\/div>\n<\/div>\n<div class=\"product-small col has-hover product type-product post-180 status-publish last instock product_cat-nuoc-yen-sao has-post-thumbnail shipping-taxable purchasable product-type-simple\" aria-hidden=\"true\">\n<div class=\"col-inner\">\n<div class=\"badge-container absolute left top z-1\"><\/div>\n<div class=\"product-small box\">\n<div class=\"box-image\"><\/div>\n<\/div>\n<\/div>\n<\/div>\n<\/div>\n<\/div>\n<\/div>\n<\/div>\n<\/div>\n<\/div>\n<\/div>\n<\/div>\n<\/div>\n<p>&nbsp;<\/p>\n<footer id=\"footer\" class=\"footer-wrapper\">\n<section id=\"section_1601795605\" class=\"section dark\">\n<div class=\"section-content relative\">\n<div id=\"row-1249228499\" class=\"row\">\n<div id=\"col-421641950\" class=\"col medium-4 small-12 large-4\">\n<p>&nbsp;<\/p>\n<div class=\"col-inner\">\n<div id=\"text-1642099533\" class=\"text\">\n<div class=\"ring\">\n<div class=\"coccoc-alo-phone coccoc-alo-green coccoc-alo-show\"><\/div>\n<\/div>\n<\/div>\n<\/div>\n<\/div>\n<\/div>\n<\/div>\n<\/section>\n<\/footer>","protected":false},"excerpt":{"rendered":"<p>&nbsp; N\u01b0\u1edbc y\u1ebfn s\u00e0o tr\u1ebb em \u0111\u01b0\u1ee3c ch\u1ebf bi\u1ebfn theo ph\u01b0\u01a1ng ph\u00e1p c\u1ed5 truy\u1ec1n k\u1ebft h\u1ee3p v\u1edbi khoa h\u1ecdc c\u00f4ng<\/p>","protected":false},"featured_media":12315,"comment_status":"open","ping_status":"closed","template":"","meta":{"_acf_changed":false},"product_cat":[325,329,331,366,367],"product_tag":[],"class_list":{"0":"post-12299","1":"product","2":"type-product","3":"status-publish","4":"has-post-thumbnail","6":"product_cat-san-pham-do-uong","7":"product_cat-do-uong-khong-con","8":"product_cat-do-uong-khong-con-do-uong-khong-con","9":"product_cat-hang-cnnt-cap-qg","10":"product_cat-hang-cnnt-cap-qg-2023","12":"first","13":"instock","14":"shipping-taxable","15":"purchasable","16":"product-type-variable"},"acf":[],"_links":{"self":[{"href":"https:\/\/b2c.fairs.vn\/en\/wp-json\/wp\/v2\/product\/12299","targetHints":{"allow":["GET"]}}],"collection":[{"href":"https:\/\/b2c.fairs.vn\/en\/wp-json\/wp\/v2\/product"}],"about":[{"href":"https:\/\/b2c.fairs.vn\/en\/wp-json\/wp\/v2\/types\/product"}],"replies":[{"embeddable":true,"href":"https:\/\/b2c.fairs.vn\/en\/wp-json\/wp\/v2\/comments?post=12299"}],"version-history":[{"count":0,"href":"https:\/\/b2c.fairs.vn\/en\/wp-json\/wp\/v2\/product\/12299\/revisions"}],"wp:featuredmedia":[{"embeddable":true,"href":"https:\/\/b2c.fairs.vn\/en\/wp-json\/wp\/v2\/media\/12315"}],"wp:attachment":[{"href":"https:\/\/b2c.fairs.vn\/en\/wp-json\/wp\/v2\/media?parent=12299"}],"wp:term":[{"taxonomy":"product_cat","embeddable":true,"href":"https:\/\/b2c.fairs.vn\/en\/wp-json\/wp\/v2\/product_cat?post=12299"},{"taxonomy":"product_tag","embeddable":true,"href":"https:\/\/b2c.fairs.vn\/en\/wp-json\/wp\/v2\/product_tag?post=12299"}],"curies":[{"name":"wp","href":"https:\/\/api.w.org\/{rel}","templated":true}]}}