{"id":12294,"date":"2024-03-29T11:26:15","date_gmt":"2024-03-29T04:26:15","guid":{"rendered":"https:\/\/b2c.fairs.vn\/?post_type=product&#038;p=12294"},"modified":"2024-03-29T11:34:16","modified_gmt":"2024-03-29T04:34:16","slug":"tui-tinh-bot-nghe","status":"publish","type":"product","link":"https:\/\/b2c.fairs.vn\/en\/product\/tui-tinh-bot-nghe\/","title":{"rendered":"T\u00fai tinh b\u1ed9t ngh\u1ec7"},"content":{"rendered":"<p>Ngh\u1ec7 ch\u1ee9a ho\u1ea1t ch\u1ea5t Curcumin gi\u00fap th\u1ea3i c\u00e1c \u0111\u1ed9c t\u1ed1 trong c\u01a1 th\u1ec3, h\u1ed7 tr\u1ee3 \u0111i\u1ec1u tr\u1ecb b\u1ec7nh d\u1ea1 d\u00e0y, t\u00e1 tr\u00e0ng; h\u1ed7 tr\u1ee3 n\u00e2ng cao \u0111\u1ec1 kh\u00e1ng sau x\u1ea1 tr\u1ecb, h\u00f3a tr\u1ecb; b\u1ed5 m\u00e1u; t\u1ed1t cho ph\u1ee5 n\u1eef sau sinh; c\u1ea3i thi\u1ec7n l\u00e0m s\u00e1ng da. Ngh\u1ec7 v\u00e0ng ru\u1ed9t \u0111\u1ecf hay c\u00f2n g\u1ecdi l\u00e0 ngh\u1ec7 n\u1ebfp \u0111\u1ecf H\u01b0ng Y\u00ean l\u00e0\u00a0d\u00f2ng ngh\u1ec7 ch\u1ee9a h\u00e0m l\u01b0\u1ee3ng curcumin cao nh\u1ea5t trong t\u1ea5t c\u1ea3 c\u00e1c d\u00f2ng ngh\u1ec7 v\u00e0ng.<\/p>\n<p>C\u00f4ng ty Ho\u00e0ng Minh Ch\u00e2u H\u01b0ng Y\u00ean l\u00e0 \u0111\u01a1n v\u1ecb \u0111\u1ea7u ti\u00ean t\u1ea1i Vi\u1ec7t Nam\u00a0ph\u1ed1i h\u1ee3p v\u1edbi Vi\u1ec7n D\u01b0\u1ee3c li\u1ec7u v\u00e0 Vi\u1ec7n H\u00f3a h\u1ecdc thu\u1ed9c B\u1ed9 Khoa h\u1ecdc C\u00f4ng ngh\u1ec7 Vi\u1ec7t Nam th\u1ef1c hi\u1ec7n d\u1ef1 \u00e1n quy m\u00f4 l\u1edbn trong \u1ee9ng d\u1ee5ng KHKT v\u00e0o tr\u1ed3ng v\u00e0 s\u1ea3n xu\u1ea5t c\u00e1c s\u1ea3n ph\u1ea9m ngh\u1ec7 n\u1ebfp \u0111\u1ecf H\u01b0ng Y\u00ean\u00a0\u0111\u1ea1t<a href=\"https:\/\/tinhbotnghehoangminhchauhungyen.com\/phoi-hop-voi-vien-han-lam-khcn-viet-nam-trong-ung-dung-khcn-triet-xuat-curcumin-tu-cu-nghe-truyen-thong-hung-yen\/\"> ti\u00eau chu\u1ea9n GlobalGAP.<\/a><\/p>\n<p>C\u00f4ng ty Ho\u00e0ng Minh Ch\u00e2u H\u01b0ng Y\u00ean c\u00f3 g\u1ea7n 20 n\u0103m kinh nghi\u1ec7m trong tr\u1ed3ng v\u00e0 s\u1ea3n xu\u1ea5t d\u01b0\u1ee3c li\u1ec7u ngh\u1ec7 v\u00e0ng ru\u1ed9t \u0111\u1ecf, chuy\u00ean xu\u1ea5t kh\u1ea9u ch\u00ednh ng\u1ea1ch sang c\u00e1c th\u1ecb tr\u01b0\u1eddng kh\u00f3 t\u00ednh b\u1eadc nh\u1ea5t th\u1ebf gi\u1edbi nh\u01b0:\u00a0<a href=\"https:\/\/www.youtube.com\/watch?v=RFG1je_sjAc\">Nh\u1eadt B\u1ea3n<\/a>\u00a0,\u00a0<a href=\"https:\/\/www.youtube.com\/watch?v=pKdHy6kQrh4\">Ytalia<\/a>, \u0110\u1ee9c, M\u1ef9, \u1ea4n \u0110\u1ed9, \u0110\u00f4ng \u00c2u\u2026..Thu\u1eadn l\u1ee3i l\u1edbn nh\u1ea5t l\u00e0 n\u1eb1m trong v\u00f9ng nguy\u00ean li\u1ec7u ngh\u1ec7 l\u1edbn nh\u1ea5t c\u1ee7a c\u1ea3 n\u01b0\u1edbc n\u00ean c\u00f4ng ty Ho\u00e0ng Minh Ch\u00e2u lu\u00f4n \u0111\u01b0\u1ee3c truy\u1ec1n h\u00ecnh v\u00e0 b\u00e1o ch\u00ed Vi\u1ec7t Nam quan t\u00e2m \u0111\u01b0a tin. D\u01b0\u1edbi \u0111\u00e2y l\u00e0 m\u1ed9t v\u00e0i video v\u00e0 h\u00ecnh \u1ea3nh c\u1ee7a c\u00f4ng ty \u0111\u01b0\u1ee3c l\u00ean s\u00f3ng truy\u1ec1n h\u00ecnh v\u00e0 b\u00e1o ch\u00ed. R\u1ea5t mong qu\u00fd kh\u00e1ch h\u00e0ng b\u1edbt ch\u00fat th\u1eddi gian xem qua \u0111\u1ec3 hi\u1ec3u h\u01a1n v\u1ec1 d\u01b0\u1ee3c li\u1ec7u ngh\u1ec7 \u2013 m\u1ed9t lo\u1ea1i d\u01b0\u1ee3c li\u1ec7u r\u1ea5t t\u1ed1t cho s\u1ee9c kh\u1ecfe m\u00e0 ng\u01b0\u1eddi Vi\u1ec7t c\u00f3 th\u1ec3 ph\u00e1t tri\u1ec3n n\u00f3 l\u00ean m\u1ed9t t\u1ea7m cao m\u1edbi.<\/p>","protected":false},"excerpt":{"rendered":"<p>Ngh\u1ec7 ch\u1ee9a ho\u1ea1t ch\u1ea5t Curcumin gi\u00fap th\u1ea3i c\u00e1c \u0111\u1ed9c t\u1ed1 trong c\u01a1 th\u1ec3, h\u1ed7 tr\u1ee3 \u0111i\u1ec1u tr\u1ecb b\u1ec7nh d\u1ea1 d\u00e0y,<\/p>","protected":false},"featured_media":12376,"comment_status":"open","ping_status":"closed","template":"","meta":{"_acf_changed":false},"product_cat":[312,366,398,22,310],"product_tag":[],"class_list":{"0":"post-12294","1":"product","2":"type-product","3":"status-publish","4":"has-post-thumbnail","6":"product_cat-mat-ong-mat-khac-va-nong-san-thuc-pham-khac","7":"product_cat-hang-cnnt-cap-qg","8":"product_cat-san-pham-cnnt-tb-cap-qg-2021","9":"product_cat-sanphamthucpham","10":"product_cat-thuc-pham-tho-so-che","12":"first","13":"instock","14":"shipping-taxable","15":"purchasable","16":"product-type-variable"},"acf":[],"_links":{"self":[{"href":"https:\/\/b2c.fairs.vn\/en\/wp-json\/wp\/v2\/product\/12294","targetHints":{"allow":["GET"]}}],"collection":[{"href":"https:\/\/b2c.fairs.vn\/en\/wp-json\/wp\/v2\/product"}],"about":[{"href":"https:\/\/b2c.fairs.vn\/en\/wp-json\/wp\/v2\/types\/product"}],"replies":[{"embeddable":true,"href":"https:\/\/b2c.fairs.vn\/en\/wp-json\/wp\/v2\/comments?post=12294"}],"version-history":[{"count":0,"href":"https:\/\/b2c.fairs.vn\/en\/wp-json\/wp\/v2\/product\/12294\/revisions"}],"wp:featuredmedia":[{"embeddable":true,"href":"https:\/\/b2c.fairs.vn\/en\/wp-json\/wp\/v2\/media\/12376"}],"wp:attachment":[{"href":"https:\/\/b2c.fairs.vn\/en\/wp-json\/wp\/v2\/media?parent=12294"}],"wp:term":[{"taxonomy":"product_cat","embeddable":true,"href":"https:\/\/b2c.fairs.vn\/en\/wp-json\/wp\/v2\/product_cat?post=12294"},{"taxonomy":"product_tag","embeddable":true,"href":"https:\/\/b2c.fairs.vn\/en\/wp-json\/wp\/v2\/product_tag?post=12294"}],"curies":[{"name":"wp","href":"https:\/\/api.w.org\/{rel}","templated":true}]}}