{"id":12273,"date":"2024-03-29T10:37:20","date_gmt":"2024-03-29T03:37:20","guid":{"rendered":"https:\/\/b2c.fairs.vn\/?post_type=product&#038;p=12273"},"modified":"2024-04-02T10:49:00","modified_gmt":"2024-04-02T03:49:00","slug":"ca-duc-nuong-tam-gia-vi","status":"publish","type":"product","link":"https:\/\/b2c.fairs.vn\/en\/product\/ca-duc-nuong-tam-gia-vi\/","title":{"rendered":"C\u00e1 \u0111\u1ee5c n\u01b0\u1edbng t\u1ea9m gia v\u1ecb Thu\u1eadn Hu\u1ec7 100G"},"content":{"rendered":"<ul>\n<li>C\u00e1 \u0110\u1ee5c N\u01b0\u1edbng T\u1ea9m Gia V\u1ecb Thu\u1eadn Hu\u1ec7 \u0111\u01b0\u1ee3c s\u1ea3n xu\u1ea5t v\u00e0 \u0111\u00f3ng g\u00f3i k\u0129 c\u00e0ng, s\u1ea3n ph\u1ea9m \u0103n li\u1ec1n v\u1edbi h\u01b0\u01a1ng v\u1ecb th\u01a1m ngon, h\u1ea5p d\u1eabn, \u0111\u01b0\u1ee3c nhi\u1ec1u ng\u01b0\u1eddi y\u00eau th\u00edch. Th\u00e0nh ph\u1ea7n: Th\u00e0nh ph\u1ea7n: C\u00e1, mu\u1ed1i, \u0111\u01b0\u1eddng, b\u1ed9t ng\u1ecdt, Sorbitol.<\/li>\n<li>H\u01b0\u1edbng d\u1eabn s\u1eed d\u1ee5ng: D\u00f9ng \u0111\u1ec3 \u0103n tr\u1ef1c ti\u1ebfp, d\u00f9ng ngay sau khi m\u1edf bao. C\u00f3 th\u1ec3 d\u00f9ng chung v\u1edbi t\u01b0\u01a1ng \u1edbt.<br \/>\nH\u1ea1n s\u1eed d\u1ee5ng: 12 th\u00e1ng k\u1ec3 t\u1eeb ng\u00e0y s\u1ea3n xu\u1ea5t.<\/li>\n<li>B\u1ea3o qu\u1ea3n: N\u01a1i kh\u00f4 r\u00e1o, tho\u00e1ng m\u00e1t.<\/li>\n<li>Xu\u1ea5t x\u1ee9: Vi\u1ec7t Nam.<\/li>\n<\/ul>","protected":false},"excerpt":{"rendered":"<p>C\u00e1 \u0110\u1ee5c N\u01b0\u1edbng T\u1ea9m Gia V\u1ecb Thu\u1eadn Hu\u1ec7 \u0111\u01b0\u1ee3c s\u1ea3n xu\u1ea5t v\u00e0 \u0111\u00f3ng g\u00f3i k\u0129 c\u00e0ng, s\u1ea3n ph\u1ea9m \u0103n li\u1ec1n<\/p>","protected":false},"featured_media":12275,"comment_status":"open","ping_status":"closed","template":"","meta":{"_acf_changed":false},"product_cat":[317,366,446,22,313],"product_tag":[],"class_list":{"0":"post-12273","1":"product","2":"type-product","3":"status-publish","4":"has-post-thumbnail","6":"product_cat-che-bien-tu-thit-trung-sua-thuy-san-cac-san-pham-tu-mat-ong-mat-khac-va-nong-san-thuc-pham-khac","7":"product_cat-hang-cnnt-cap-qg","8":"product_cat-san-pham-cnnt-tb-cap-qg-2019","9":"product_cat-sanphamthucpham","10":"product_cat-thuc-pham-che-bien","12":"first","13":"instock","14":"shipping-taxable","15":"purchasable","16":"product-type-simple"},"acf":[],"_links":{"self":[{"href":"https:\/\/b2c.fairs.vn\/en\/wp-json\/wp\/v2\/product\/12273","targetHints":{"allow":["GET"]}}],"collection":[{"href":"https:\/\/b2c.fairs.vn\/en\/wp-json\/wp\/v2\/product"}],"about":[{"href":"https:\/\/b2c.fairs.vn\/en\/wp-json\/wp\/v2\/types\/product"}],"replies":[{"embeddable":true,"href":"https:\/\/b2c.fairs.vn\/en\/wp-json\/wp\/v2\/comments?post=12273"}],"version-history":[{"count":0,"href":"https:\/\/b2c.fairs.vn\/en\/wp-json\/wp\/v2\/product\/12273\/revisions"}],"wp:featuredmedia":[{"embeddable":true,"href":"https:\/\/b2c.fairs.vn\/en\/wp-json\/wp\/v2\/media\/12275"}],"wp:attachment":[{"href":"https:\/\/b2c.fairs.vn\/en\/wp-json\/wp\/v2\/media?parent=12273"}],"wp:term":[{"taxonomy":"product_cat","embeddable":true,"href":"https:\/\/b2c.fairs.vn\/en\/wp-json\/wp\/v2\/product_cat?post=12273"},{"taxonomy":"product_tag","embeddable":true,"href":"https:\/\/b2c.fairs.vn\/en\/wp-json\/wp\/v2\/product_tag?post=12273"}],"curies":[{"name":"wp","href":"https:\/\/api.w.org\/{rel}","templated":true}]}}