{"id":12270,"date":"2024-03-29T12:04:24","date_gmt":"2024-03-29T05:04:24","guid":{"rendered":"https:\/\/b2c.fairs.vn\/?post_type=product&#038;p=12270"},"modified":"2024-04-02T15:25:29","modified_gmt":"2024-04-02T08:25:29","slug":"dau-dua-tinh-khiet-ngoc-an","status":"publish","type":"product","link":"https:\/\/b2c.fairs.vn\/en\/product\/dau-dua-tinh-khiet-ngoc-an\/","title":{"rendered":"D\u1ea7u d\u1eeba tinh khi\u1ebft Ng\u1ecdc An"},"content":{"rendered":"<ul>\n<li>S\u1eed d\u1ee5ng nh\u01b0 th\u1ef1c ph\u1ea9m, t\u1ed1t cho vi\u1ec7c b\u1ed5 sung th\u00eam ch\u1ea5t dinh d\u01b0\u1ee1ng trong b\u1eefa \u0103n c\u1ee7a b\u00e9<\/li>\n<li>D\u1ea7u d\u1eeba ch\u1ee9a c\u00e1c ch\u1ea5t nh\u01b0: axit caprylic, axit lauric, axit capric c\u00f3 t\u00e1c d\u1ee5ng kh\u00e1ng khu\u1ea9n, kh\u00e1ng n\u1ea5m n\u00ean b\u1ea3o v\u1ec7 da kh\u1ecfi b\u1ecb vi\u00eam nhi\u1ec5m, d\u01b0\u1ee1ng \u1ea9m cho da v\u00e0 t\u00f3c. \u0110\u1eb7c bi\u1ec7t, s\u1ea3n ph\u1ea9m c\u00f3 h\u00e0m l\u01b0\u1ee3ng Vitamin E cao n\u00ean ph\u00f9 h\u1ee3p cho vi\u1ec7c ch\u0103m s\u00f3c l\u00e0n da.<\/li>\n<\/ul>","protected":false},"excerpt":{"rendered":"<p>S\u1eed d\u1ee5ng nh\u01b0 th\u1ef1c ph\u1ea9m, t\u1ed1t cho vi\u1ec7c b\u1ed5 sung th\u00eam ch\u1ea5t dinh d\u01b0\u1ee1ng trong b\u1eefa \u0103n c\u1ee7a b\u00e9 D\u1ea7u<\/p>","protected":false},"featured_media":12459,"comment_status":"open","ping_status":"closed","template":"","meta":{"_acf_changed":false},"product_cat":[316,332,334,366,447,446,398,22,313],"product_tag":[],"class_list":{"0":"post-12270","1":"product","2":"type-product","3":"status-publish","4":"has-post-thumbnail","6":"product_cat-che-bien-tu-rau-cu-qua-hat","7":"product_cat-san-pham-duoc-lieu-va-san-pham-tu-duoc-lieu","8":"product_cat-my-pham-co-thanh-phan-tu-thao-duoc","9":"product_cat-hang-cnnt-cap-qg","10":"product_cat-san-pham-cnnt-tb-cap-qg-2017","11":"product_cat-san-pham-cnnt-tb-cap-qg-2019","12":"product_cat-san-pham-cnnt-tb-cap-qg-2021","13":"product_cat-sanphamthucpham","14":"product_cat-thuc-pham-che-bien","16":"first","17":"instock","18":"shipping-taxable","19":"purchasable","20":"product-type-variable"},"acf":[],"_links":{"self":[{"href":"https:\/\/b2c.fairs.vn\/en\/wp-json\/wp\/v2\/product\/12270","targetHints":{"allow":["GET"]}}],"collection":[{"href":"https:\/\/b2c.fairs.vn\/en\/wp-json\/wp\/v2\/product"}],"about":[{"href":"https:\/\/b2c.fairs.vn\/en\/wp-json\/wp\/v2\/types\/product"}],"replies":[{"embeddable":true,"href":"https:\/\/b2c.fairs.vn\/en\/wp-json\/wp\/v2\/comments?post=12270"}],"version-history":[{"count":0,"href":"https:\/\/b2c.fairs.vn\/en\/wp-json\/wp\/v2\/product\/12270\/revisions"}],"wp:featuredmedia":[{"embeddable":true,"href":"https:\/\/b2c.fairs.vn\/en\/wp-json\/wp\/v2\/media\/12459"}],"wp:attachment":[{"href":"https:\/\/b2c.fairs.vn\/en\/wp-json\/wp\/v2\/media?parent=12270"}],"wp:term":[{"taxonomy":"product_cat","embeddable":true,"href":"https:\/\/b2c.fairs.vn\/en\/wp-json\/wp\/v2\/product_cat?post=12270"},{"taxonomy":"product_tag","embeddable":true,"href":"https:\/\/b2c.fairs.vn\/en\/wp-json\/wp\/v2\/product_tag?post=12270"}],"curies":[{"name":"wp","href":"https:\/\/api.w.org\/{rel}","templated":true}]}}