{"id":12236,"date":"2024-03-29T10:28:29","date_gmt":"2024-03-29T03:28:29","guid":{"rendered":"https:\/\/b2c.fairs.vn\/?post_type=product&#038;p=12236"},"modified":"2024-04-23T15:37:23","modified_gmt":"2024-04-23T08:37:23","slug":"thuc-pham-bao-ve-suc-khoe-tacumin","status":"publish","type":"product","link":"https:\/\/b2c.fairs.vn\/en\/product\/thuc-pham-bao-ve-suc-khoe-tacumin\/","title":{"rendered":"Th\u1ef1c ph\u1ea9m b\u1ea3o v\u1ec7 s\u1ee9c kh\u1ecfe Tacumin"},"content":{"rendered":"<p><strong>TH\u1ef0C PH\u1ea8M B\u1ea2O V\u1ec6 S\u1ee8C KH\u1eceE TACUMIN\u00a0<\/strong><br \/>\n<strong>\u0110\u1eb6T TR\u1eccN NI\u1ec0M TIN CHO S\u1ee8C KH\u1eceE<\/strong><\/p>\n<p>Tacumin l\u00e0 s\u1ef1 k\u1ebft h\u1ee3p ho\u00e0n h\u1ea3o gi\u1eefa: m\u1eadt ong t\u1ef1 nhi\u00ean, s\u1eefa ong ch\u00faa t\u01b0\u01a1i v\u00e0 Curcumin ch\u1ea5t qu\u00fd chi\u1ebft xu\u1ea5t t\u1eeb c\u1ee7 ngh\u1ec7 v\u00e0ng v\u1edbi gi\u1ea3i ph\u00e1p k\u1ef9 thu\u1eadt ti\u00ean ti\u1ebfn, c\u00f4ng th\u1ee9c t\u1ed1i \u01b0u, l\u00e0m v\u01b0\u1ee3t tr\u1ed9i v\u00e0 c\u1ed9ng h\u01b0\u1edfng c\u00f4ng d\u1ee5ng c\u1ee7a s\u1ea3n ph\u1ea9m gi\u00fap h\u1ed7 tr\u1ee3 b\u1ea3o v\u1ec7 ni\u00eam m\u1ea1c \u0111\u01b0\u1eddng ti\u00eau h\u00f3a, h\u1ed7 tr\u1ee3 trung h\u00f2a acid d\u1ea1 d\u00e0y, gi\u1ea3m vi\u00eam lo\u00e9t d\u1ea1 d\u00e0y, t\u00e1 tr\u00e0ng.<\/p>\n<p>Tacumin l\u00e0 m\u1ed9t th\u1ef1c ph\u1ea9m c\u00f3 t\u00ednh \u0111\u1ed3ng nh\u1ea5t cao, c\u00f3 m\u00e0u v\u00e0ng t\u1ef1 nhi\u00ean c\u1ee7a c\u1ee7 ngh\u1ec7 v\u00e0ng, s\u00e1nh m\u1ecbn th\u01a1m ngon b\u1ed5 d\u01b0\u1ee1ng c\u1ee7a m\u1eadt ong v\u00e0 gi\u1eef tr\u1ecdn \u0111\u01b0\u1ee3c c\u00e1c ch\u1ea5t qu\u00fd c\u1ee7a s\u1eefa ong ch\u00faa t\u01b0\u01a1i gi\u00fap c\u01a1 th\u1ec3 d\u1ec5 d\u00e0ng h\u1ea5p th\u1ee5.<\/p>\n<p><strong>Th\u00e0nh ph\u1ea7n Tacumin<\/strong><br \/>\nTrong 100g Tacumin c\u00f3:<\/p>\n<p>\u00b7 \u00a0Curcumin: 3.500 mg<\/p>\n<p>\u00b7 \u00a0S\u1eefa ong ch\u00faa: 3.500 mg<\/p>\n<p>\u00b7 \u00a0M\u1eadt ong t\u1ef1 nhi\u00ean 93g.<\/p>\n<p><strong>8 axit amin trong Tacumin c\u01a1 th\u1ec3 kh\u00f4ng t\u1ef1 t\u1ed5ng h\u1ee3p<\/strong><br \/>\n1. Isoleucine<\/p>\n<p>2. Leucin<\/p>\n<p>3. Lysine<\/p>\n<p>4. Methionine<\/p>\n<p>5. Phenylalanine<\/p>\n<p>6. Threonine<\/p>\n<p>7. Tryptophan<\/p>\n<p>8. Valine<\/p>\n<p>9. Histidine<\/p>\n<p><strong>C\u00f4ng d\u1ee5ng<\/strong><br \/>\nNh\u01b0 v\u1eady b\u1ed9 3 tinh ch\u1ea5t Curcumin, m\u1eadt ong t\u1ef1 nhi\u00ean v\u00e0 s\u1eefa ong ch\u00faa \u0111\u00e3 t\u1ea1o th\u00e0nh h\u00e0ng r\u00e0o gi\u00fap:<br \/>\n\u00b7 \u00a0H\u1ed7 tr\u1ee3 gi\u00fap b\u1ea3o v\u1ec7 ni\u00eam m\u1ea1c \u0111\u01b0\u1eddng ti\u00eau h\u00f3a.<\/p>\n<p>\u00b7 \u00a0H\u1ed7 tr\u1ee3 trung h\u00f2a acid d\u1ea1 d\u00e0y.<\/p>\n<p>\u00b7 \u00a0Gi\u00fap gi\u1ea3m vi\u00eam lo\u00e9t d\u1ea1 d\u00e0y, t\u00e1 tr\u00e0ng.<\/p>\n<p><strong>\u0110\u1ed1i t\u01b0\u1ee3ng s\u1eed d\u1ee5ng<\/strong><br \/>\n\u00b7 \u00a0Ng\u01b0\u1eddi b\u1ecb vi\u00eam lo\u00e9t d\u1ea1 d\u00e0y, t\u00e1 tr\u00e0ng v\u1edbi c\u00e1c bi\u1ec3u hi\u1ec7n: \u1ee3 h\u01a1i, \u1ee3 chua, \u0111au th\u01b0\u1ee3ng v\u1ecb, \u0111\u1ea7y b\u1ee5ng, ch\u00e1n \u0103n, bu\u1ed3n n\u00f4n\u2026<\/p>\n<p><strong>H\u01b0\u1edbng d\u1eabn s\u1eed d\u1ee5ng\u00a0<\/strong><br \/>\n\u00b7 \u00a0Ng\u00e0y u\u1ed1ng 2 l\u1ea7n, m\u1ed7i l\u1ea7n l\u1ea5y 4-5 th\u00eca cafe Tacumin pha v\u1edbi 180ml n\u01b0\u1edbc \u1ea5m u\u1ed1ng v\u00e0o tr\u01b0\u1edbc b\u1eefa \u0103n s\u00e1ng v\u00e0 t\u1ed1i tr\u01b0\u1edbc khi \u0111i ng\u1ee7 (u\u1ed1ng l\u00fac \u0111\u00f3i).<\/p>\n<p>\u00b7 \u00a0Tr\u1ebb em d\u00f9ng l\u01b0\u1ee3ng b\u1eb1ng 1\/2 ng\u01b0\u1eddi l\u1edbn.<\/p>\n<p><strong>C\u00e1ch b\u1ea3o qu\u1ea3n<\/strong><br \/>\n\u00b7 \u00a0 \u0110\u1eady k\u00edn, \u1edf n\u01a1i kh\u00f4 r\u00e1o tho\u00e1ng m\u00e1t tr\u00e1nh \u00e1nh n\u1eafng tr\u1ef1c ti\u1ebfp.<\/p>\n<p><strong>Ngu\u1ed3n nguy\u00ean li\u1ec7u<\/strong><br \/>\nM\u1eadt ong \u0111\u01b0\u1ee3c khai th\u00e1c t\u1ea1i v\u00f9ng r\u1eebng t\u1ef1 nhi\u00ean d\u00e3y n\u00fai Tam \u0110\u1ea3o t\u1ea1o n\u00ean ngu\u1ed3n m\u1eadt ch\u1ea5t l\u01b0\u1ee3ng cao, m\u00f9i v\u1ecb kh\u00e1c bi\u1ec7t so v\u1edbi ngu\u1ed3n hoa \u0111\u1ea1i tr\u00e0.<\/p>\n<p>S\u1eefa ong ch\u00faa l\u00e0 m\u1ed9t trong nh\u1eefng si\u00eau th\u1ef1c ph\u1ea9m qu\u00fd hi\u1ebfm, \u0111\u01b0\u1ee3c khai th\u00e1c t\u1ea1i Tam \u0110\u1ea3o, M\u1ed9c Ch\u00e2u v\u00e0 L\u00e2m \u0110\u1ed3ng.<\/p>\n<p>Curcumin ho\u1ea1t ch\u1ea5t qu\u00fd chi\u1ebft xu\u1ea5t t\u1eeb c\u1ee7 ngh\u1ec7 v\u00e0ng c\u1ee7a d\u00e3y n\u00fai Tam \u0110\u1ea3o tr\u00ean d\u00e2y chuy\u1ec1n s\u1ea3n xu\u1ea5t hi\u1ec7n \u0111\u1ea1i. S\u1ea3n ph\u1ea9m kh\u00f4ng c\u00f3 v\u1ecb \u0111\u1eafng c\u1ee7a tinh d\u1ea7u, kh\u00f4ng c\u00f2n m\u00f9i kh\u00f3 ch\u1ecbu c\u1ee7a ngh\u1ec7 t\u01b0\u01a1i ch\u1ec9 c\u00f2n l\u1ea1i tinh ch\u1ea5t qu\u00fd hi\u1ebfm r\u1ea5t t\u1ed1t cho s\u1ee9c kh\u1ecfe.<\/p>\n<p><strong>Quy tr\u00ecnh s\u1ea3n xu\u1ea5t Tacumin<\/strong><br \/>\nTh\u1ef1c ph\u1ea9m b\u1ea3o v\u1ec7 s\u1ee9c kh\u1ecfe tacumin \u0111\u01b0\u1ee3c ki\u1ec3m so\u00e1t ch\u1eb7t ch\u1ebd t\u1eeb ngu\u1ed3n nguy\u00ean li\u1ec7u \u0111\u1ea7u v\u00e0o \u0111\u1ea3m b\u1ea3o l\u00e0 ngu\u1ed3n t\u1ef1 nhi\u00ean, ch\u1ea5t l\u01b0\u1ee3ng, \u0111\u01b0\u1ee3c s\u1ea3n xu\u1ea5t theo ti\u00eau chu\u1ea9n GMP.<\/p>\n<p>Th\u1ef1c ph\u1ea9m b\u1ea3o v\u1ec7 s\u1ee9c kh\u1ecfe Tacumin 500g \u0111\u01b0\u1ee3c ng\u01b0\u1eddi ti\u00eau d\u00f9ng \u0111\u00f3n nh\u1eadn, \u0111\u00e1nh gi\u00e1 cao, \u0111\u1ed3ng th\u1eddi nh\u1eadn \u0111\u01b0\u1ee3c nhi\u1ec1u gi\u1ea3i th\u01b0\u1edfng uy t\u00edn c\u1ea5p t\u1ec9nh v\u00e0 c\u1ea5p qu\u1ed1c gia nh\u01b0 : S\u1ea3n ph\u1ea9m OCOP 4 sao 2019; Gi\u1ea3i khuy\u1ebfn kh\u00edch h\u1ed9i thi S\u00e1ng t\u1ea1o K\u1ef9 thu\u1eadt to\u00e0n qu\u1ed1c l\u1ea7n th\u1ee9 15 (2018-12019); Gi\u1ea3i nh\u00ec H\u1ed9i thi S\u00e1ng t\u1ea1o K\u1ef9 thu\u1eadt t\u1ec9nh V\u0129nh Ph\u00fac l\u1ea7n th\u1ee9 7 (2018-2019); Ch\u1ee9ng nh\u1eadn S\u1ea3n ph\u1ea9m C\u00f4ng nghi\u1ec7p N\u00f4ng th\u00f4n ti\u00eau bi\u1ec3u c\u1ea5p t\u1ec9nh 2019; v\u00e0 \u0111\u1eb7c bi\u1ec7t v\u1edbi gi\u1ea3i ph\u00e1p k\u1ef9 thu\u1eadt s\u00e1ng t\u1ea1o cho s\u1ea3n ph\u1ea9m Tacumin \u0111\u00e3 \u0111\u01b0\u1ee3c ghi v\u00e0o \u201cS\u00e1ch v\u00e0ng s\u00e1ng t\u1ea1o Vi\u1ec7t Nam n\u0103m 2020\u201d.<\/p>","protected":false},"excerpt":{"rendered":"<p>TH\u1ef0C PH\u1ea8M B\u1ea2O V\u1ec6 S\u1ee8C KH\u1eceE TACUMIN\u00a0 \u0110\u1eb6T TR\u1eccN NI\u1ec0M TIN CHO S\u1ee8C KH\u1eceE Tacumin l\u00e0 s\u1ef1 k\u1ebft h\u1ee3p ho\u00e0n<\/p>","protected":false},"featured_media":12241,"comment_status":"open","ping_status":"closed","template":"","meta":{"_acf_changed":false},"product_cat":[312,366,446,22,310],"product_tag":[],"class_list":{"0":"post-12236","1":"product","2":"type-product","3":"status-publish","4":"has-post-thumbnail","6":"product_cat-mat-ong-mat-khac-va-nong-san-thuc-pham-khac","7":"product_cat-hang-cnnt-cap-qg","8":"product_cat-san-pham-cnnt-tb-cap-qg-2019","9":"product_cat-sanphamthucpham","10":"product_cat-thuc-pham-tho-so-che","12":"first","13":"instock","14":"shipping-taxable","15":"purchasable","16":"product-type-variable"},"acf":[],"_links":{"self":[{"href":"https:\/\/b2c.fairs.vn\/en\/wp-json\/wp\/v2\/product\/12236","targetHints":{"allow":["GET"]}}],"collection":[{"href":"https:\/\/b2c.fairs.vn\/en\/wp-json\/wp\/v2\/product"}],"about":[{"href":"https:\/\/b2c.fairs.vn\/en\/wp-json\/wp\/v2\/types\/product"}],"replies":[{"embeddable":true,"href":"https:\/\/b2c.fairs.vn\/en\/wp-json\/wp\/v2\/comments?post=12236"}],"version-history":[{"count":0,"href":"https:\/\/b2c.fairs.vn\/en\/wp-json\/wp\/v2\/product\/12236\/revisions"}],"wp:featuredmedia":[{"embeddable":true,"href":"https:\/\/b2c.fairs.vn\/en\/wp-json\/wp\/v2\/media\/12241"}],"wp:attachment":[{"href":"https:\/\/b2c.fairs.vn\/en\/wp-json\/wp\/v2\/media?parent=12236"}],"wp:term":[{"taxonomy":"product_cat","embeddable":true,"href":"https:\/\/b2c.fairs.vn\/en\/wp-json\/wp\/v2\/product_cat?post=12236"},{"taxonomy":"product_tag","embeddable":true,"href":"https:\/\/b2c.fairs.vn\/en\/wp-json\/wp\/v2\/product_tag?post=12236"}],"curies":[{"name":"wp","href":"https:\/\/api.w.org\/{rel}","templated":true}]}}