{"id":12229,"date":"2024-03-29T10:19:55","date_gmt":"2024-03-29T03:19:55","guid":{"rendered":"https:\/\/b2c.fairs.vn\/?post_type=product&#038;p=12229"},"modified":"2024-04-23T16:27:36","modified_gmt":"2024-04-23T09:27:36","slug":"sua-ong-chua-tam-dao","status":"publish","type":"product","link":"https:\/\/b2c.fairs.vn\/en\/product\/sua-ong-chua-tam-dao\/","title":{"rendered":"S\u1eefa ong ch\u00faa Tam \u0110\u1ea3o"},"content":{"rendered":"<p><strong>S\u1eeeA ONG CH\u00daA TAM \u0110\u1ea2O<\/strong><br \/>\n<strong>B\u1ea2O V\u1eacT N\u00cdU GI\u1eee S\u1ee8C KH\u1eceE V\u00c0 S\u1eaeC \u0110\u1eb8P<\/strong><\/p>\n<p>S\u1eefa ong ch\u00faa t\u1eeb ng\u00e0n x\u01b0a \u0111\u00e3 \u0111\u01b0\u1ee3c coi l\u00e0 th\u1ea7n d\u01b0\u1ee3c \u0111\u1ed1i v\u1edbi s\u1ee9c kh\u1ecfe v\u00e0 s\u1eafc \u0111\u1eb9p m\u00e0 ch\u1ec9 b\u1eadc vua ch\u00faa m\u1edbi \u0111\u01b0\u1ee3c d\u00f9ng b\u1edfi c\u00f4ng d\u1ee5ng tuy\u1ec7t v\u1eddi c\u1ee7a s\u1eefa ong ch\u00faa \u0111\u1ed1i v\u1edbi s\u1ee9c kh\u1ecfe v\u00e0 s\u1eafc \u0111\u1eb9p v\u00e0 kh\u00f4ng th\u1ec3 ph\u1ee7 nh\u1eadn song l\u01b0\u1ee3ng s\u1eefa ong ch\u00faa trong t\u1ef1 nhi\u00ean l\u1ea1i v\u00f4 c\u00f9ng \u00edt \u1ecfi so v\u1edbi nhu c\u1ea7u s\u1eed d\u1ee5ng c\u1ee7a con ng\u01b0\u1eddi.<\/p>\n<p>Ng\u00e0y nay, b\u1eb1ng k\u1ef9 thu\u1eadt nu\u00f4i ong chuy\u00ean khai th\u00e1c s\u1eefa ong ch\u00faa, t\u1ea1o m\u0169 ch\u00faa gi\u1ea3 \u0111\u1ec3 ong th\u1ee3 ti\u1ebft s\u1eefa, ng\u01b0\u1eddi nu\u00f4i ong \u0111\u00e3 c\u00f3 th\u1ec3 khai th\u00e1c \u0111\u01b0\u1ee3c l\u01b0\u1ee3ng s\u1eefa ong ch\u00faa l\u1edbn \u0111\u1ec3 ph\u1ee5c v\u1ee5 nhu c\u1ea7u ng\u00e0y c\u00e0ng t\u0103ng c\u1ee7a th\u1ecb tr\u01b0\u1eddng.<\/p>\n<p>V\u00f9ng \u0111\u1ea5t Tam \u0110\u1ea3o quanh n\u0103m kh\u00ed h\u1eadu \u00f4n h\u00f2a, kh\u00f4ng ch\u1ec9 nu\u00f4i d\u01b0\u1ee1ng nh\u1eefng c\u00e1nh r\u1eebng b\u1ea1t ng\u00e0n v\u1edbi nhi\u1ec1u lo\u1ea1i hoa qu\u00fd m\u00e0 c\u00f2n cho ra \u0111\u1eddi s\u1eefa ong ch\u00faa t\u01b0\u01a1i ngon, tuy\u1ec7t h\u1ea3o, ch\u1ea5t l\u01b0\u1ee3ng t\u1ed1t.<br \/>\nS\u1eefa ong ch\u00faa t\u01b0\u01a1i l\u00e0 s\u1ea3n ph\u1ea9m \u0111\u1eb7c bi\u1ec7t \u0111\u01b0\u1ee3c ti\u1ebft ra t\u1eeb h\u00e0m c\u1ee7a ong th\u1ee3 \u0111\u1ec3 nu\u00f4i ong ch\u00faa v\u00e0 \u1ea5u tr\u00f9ng tu\u1ed5i nh\u1ecf, c\u00f3 m\u00e0u tr\u1eafng ng\u00e0, \u0111\u1eb7c nh\u01b0 b\u01a1. S\u1eefa ong ch\u00faa gi\u00e0u vitamin, protein, c\u00e1c kho\u00e1ng ch\u1ea5t, axit amin v\u00e0 nhi\u1ec1u th\u00e0nh ph\u1ea7n c\u00e1c ch\u1ea5t b\u1ed5 d\u01b0\u1ee1ng kh\u00e1c\u2026<\/p>\n<p><strong>S\u1eefa ong ch\u00faa t\u01b0\u01a1i l\u00e0 g\u00ec?<\/strong><br \/>\nS\u1eefa ong ch\u00faa kh\u00f4ng ph\u1ea3i l\u00e0 s\u1eefa c\u1ee7a ong ch\u00faa b\u1edfi ong l\u00e0 lo\u00e0i c\u00f4n tr\u00f9ng kh\u00f4ng th\u1ec3 c\u00f3 s\u1eefa.Th\u1ef1c ra, s\u1eefa ong ch\u00faa t\u01b0\u01a1i l\u00e0 s\u1ef1 k\u1ebft h\u1ee3p gi\u1eefa m\u1eadt ong, ph\u1ea5n ong v\u00e0 enzym c\u1ee7a ong th\u1ee3, t\u1ea1o n\u00ean m\u1ed9t d\u01b0\u1ee1ng ch\u1ea5t \u0111\u1eb7c bi\u1ec7t, c\u00f3 m\u00e0u tr\u1eafng h\u01a1i ng\u00e0, \u0111\u1eb7c nh\u01b0 b\u01a1, v\u00e0 s\u1ebd \u0111\u01b0\u1ee3c ti\u1ebft ra t\u1eeb h\u00e0m c\u1ee7a ong th\u1ee3 \u0111\u1ec3 nu\u00f4i ong ch\u00faa v\u00e0 \u1ea5u tr\u00f9ng tu\u1ed5i nh\u1ecf.<\/p>\n<p><strong>T\u1ea1i sao s\u1eefa ong ch\u00faa l\u1ea1i qu\u00fd hi\u1ebfm nh\u1ea5t trong c\u00e1c s\u1ea3n ph\u1ea9m ng\u00e0nh ong?<\/strong><br \/>\nTrong m\u1ed9t t\u1ed5 ong c\u00f3 h\u00e0ng ng\u00e0n con ong th\u1ee3 nh\u01b0ng ch\u1ec9 c\u00f3 duy nh\u1ea5t m\u1ed9t con ong ch\u00faa. \u00a0\u1ea4u tr\u00f9ng \u0111\u01b0\u1ee3c nu\u00f4i d\u01b0\u1ee1ng b\u1eb1ng lo\u1ea1i th\u1ee9c \u0103n \u0111\u1eb7c bi\u1ec7t n\u00e0y c\u00f3 tu\u1ed5i th\u1ecd trung b\u00ecnh t\u1eeb 5 \u0111\u1ebfn 6 n\u0103m, g\u1ea5p 40 \u2013 50 l\u1ea7n tu\u1ed5i th\u1ecd c\u1ee7a ong th\u1ee3 v\u00e0 c\u00f3 kh\u1ea3 n\u0103ng sinh s\u1ea3n 2000 tr\u1ee9ng\/ ng\u00e0y.<\/p>\n<p>C\u00f2n \u1ea5u tr\u00f9ng \u0111\u01b0\u1ee3c nu\u00f4i d\u01b0\u1ee1ng \u0111\u1ec3 tr\u1edf th\u00e0nh ong th\u1ee3 th\u00ec ch\u1ec9 \u0111\u01b0\u1ee3c \u0103n s\u1eefa ong ch\u00faa trong 3 ng\u00e0y \u0111\u1ea7u, r\u1ed3i \u0111\u01b0\u1ee3c ong th\u1ee3 cho \u0103n ph\u1ea5n hoa v\u00e0 m\u1eadt ong \u0111\u1ebfn khi tr\u01b0\u1edfng th\u00e0nh. V\u00ec ch\u1ec9 \u0111\u01b0\u1ee3c \u0103n m\u1eadt ong v\u00e0 ph\u1ea5n hoa \u0111\u1ebfn su\u1ed1t \u0111\u1eddi n\u00ean n\u00f3 ch\u1ec9 s\u1ed1ng \u0111\u01b0\u1ee3c trung b\u00ecnh kho\u1ea3ng 2 t\u1edbi 3 th\u00e1ng.<\/p>\n<p><strong>V\u00ec sao m\u1ed9t t\u1ed5 ong ch\u1ec9 c\u00f3 1 con ong ch\u00faa nh\u01b0ng Ong Tam \u0110\u1ea3o l\u1ea1i c\u00f3 nhi\u1ec1u s\u1eefa ong ch\u00faa nh\u01b0 th\u1ebf \u0111\u1ec3 b\u00e1n?<\/strong><\/p>\n<p>S\u1edf d\u0129, Ong Tam \u0110\u1ea3o c\u00f3 th\u1ec3 khai th\u00e1c s\u1ea3n l\u01b0\u1ee3ng s\u1eefa ong ch\u00faa l\u1edbn nh\u01b0 v\u1eady l\u00e0 nh\u1edd c\u00f4ng tr\u00ecnh nghi\u00ean c\u1ee9u khoa h\u1ecdc t\u1eeb C\u1ed9ng H\u00f2a Li\u00ean Bang \u0110\u1ee9c. Sau khi quan s\u00e1t t\u1ec9 m\u1ec9 v\u1ec1 h\u00e0nh vi c\u1ee7a lo\u00e0i ong h\u1ecd \u0111\u00e3 s\u00e1ng ch\u1ebf ra c\u00e1c n\u1ee5 ong ch\u00faa gi\u1ea3. C\u00f3 k\u00edch th\u01b0\u1edbc v\u00e0 m\u00e0u s\u1eafc gi\u1ed1ng h\u1ec7t nh\u01b0 n\u1ee5 ong ch\u00faa th\u1eadt \u0111\u1ec3 b\u1ecf v\u00e0o c\u00e1c th\u00f9ng ong, khi\u1ebfn c\u00e1c ch\u00fa ong th\u1ee3 ti\u1ebft ra s\u1eefa ong ch\u00faa \u0111\u1ec3 b\u01a1m v\u00e0o c\u00e1c n\u1ee5 ong ch\u00faa gi\u1ea3 n\u00e0y, v\u00ec c\u1ee9 t\u01b0\u1edfng \u0111\u00f3 l\u00e0 nh\u1eefng n\u1ee5 ong ch\u00faa th\u1eadt.<\/p>\n<p><strong>Quy tr\u00ecnh s\u1ea3n xu\u1ea5t s\u1eefa ong ch\u00faa Tam \u0110\u1ea3o:<\/strong><br \/>\nPh\u1ea5n hoa d\u00ednh \u1edf ch\u00e2n sau c\u1ee7a ong, khi tha v\u1ec1 t\u1ed5 ng\u01b0\u1eddi th\u1ee3 nu\u00f4i ong d\u00f9ng c\u00e1c t\u1ea5m nh\u1ef1a c\u00f3 \u0111\u1ee5c l\u1ed7 v\u1eeba \u0111\u1ee7 cho ong c\u00f3 th\u1ec3 chui l\u1ecdt qua \u0111\u1ec3 v\u1ec1 t\u1ed5, ph\u1ea5n hoa s\u1ebd \u0111\u01b0\u1ee3c gi\u1eef l\u1ea1i v\u00e0 r\u01a1i xu\u1ed1ng m\u00e1ng \u0111\u1ef1ng \u1edf ph\u00eda tr\u01b0\u1edbc mi\u1ec7ng m\u1ed7i th\u00f9ng ong.<\/p>\n<p><strong>C\u00e1ch s\u1eed d\u1ee5ng s\u1eefa ong ch\u00faa<\/strong><br \/>\n\u2022 \u00a0 \u00a0Ng\u01b0\u1eddi l\u1edbn ng\u00e0y d\u00f9ng 2 l\u1ea7n, m\u1ed7i l\u1ea7n t\u1eeb 1 -2 \u00a0th\u00eca (5-10g), u\u1ed1ng v\u00e0o tr\u01b0\u1edbc b\u1eefa \u0103n s\u00e1ng v\u00e0 t\u1ed1i tr\u01b0\u1edbc khi ng\u1ee7.<br \/>\n\u2022 \u00a0 \u00a0\u0102n tr\u1ef1c ti\u1ebfp b\u1eb1ng c\u00e1ch ng\u1eadm d\u01b0\u1edbi l\u01b0\u1ee1i ho\u1eb7c pha v\u1edbi n\u01b0\u1edbc \u1ea5m, ch\u1ebf th\u00eam m\u1ed9t ch\u00fat m\u1eadt ong cho d\u1ec5 u\u1ed1ng.<br \/>\n\u2022 \u00a0 \u00a0R\u1eeda m\u1eb7t s\u1ea1ch r\u1ed3i d\u00f9ng s\u1eefa ong ch\u00faa b\u00f4i tr\u1ef1c ti\u1ebfp l\u00ean m\u1eb7t \u0111\u1ec3 d\u01b0\u1ee1ng da.<\/p>\n<p><strong>B\u1ea3o qu\u1ea3n<\/strong><br \/>\n\u2022 \u00a0 \u00a0\u0110\u1eady k\u00edn, nhi\u1ec7t \u0111\u1ed9 b\u1ea3o qu\u1ea3n t\u1ed1t nh\u1ea5t d\u01b0\u1edbi 0\u00b0C.<br \/>\n\u2022 \u00a0 \u00a0Sau khi m\u1edf n\u1eafp, b\u1ea3o qu\u1ea3n trong ng\u0103n m\u00e1t t\u1ee7 l\u1ea1nh.<\/p>\n<p><strong>L\u01b0u \u00fd khi s\u1eed d\u1ee5ng<\/strong><br \/>\n\u2022 \u00a0 \u00a0Nh\u1eefng ng\u01b0\u1eddi c\u00f3 ti\u1ec1n s\u1eed d\u1ecb \u1ee9ng v\u1edbi s\u1eefa ong ch\u00faa th\u00ec kh\u00f4ng n\u00ean s\u1eed d\u1ee5ng.<\/p>","protected":false},"excerpt":{"rendered":"<p>S\u1eeeA ONG CH\u00daA TAM \u0110\u1ea2O B\u1ea2O V\u1eacT N\u00cdU GI\u1eee S\u1ee8C KH\u1eceE V\u00c0 S\u1eaeC \u0110\u1eb8P S\u1eefa ong ch\u00faa t\u1eeb ng\u00e0n x\u01b0a<\/p>","protected":false},"featured_media":12230,"comment_status":"open","ping_status":"closed","template":"","meta":{"_acf_changed":false},"product_cat":[312,366,446,22,310],"product_tag":[],"class_list":{"0":"post-12229","1":"product","2":"type-product","3":"status-publish","4":"has-post-thumbnail","6":"product_cat-mat-ong-mat-khac-va-nong-san-thuc-pham-khac","7":"product_cat-hang-cnnt-cap-qg","8":"product_cat-san-pham-cnnt-tb-cap-qg-2019","9":"product_cat-sanphamthucpham","10":"product_cat-thuc-pham-tho-so-che","12":"first","13":"instock","14":"shipping-taxable","15":"purchasable","16":"product-type-simple"},"acf":[],"_links":{"self":[{"href":"https:\/\/b2c.fairs.vn\/en\/wp-json\/wp\/v2\/product\/12229","targetHints":{"allow":["GET"]}}],"collection":[{"href":"https:\/\/b2c.fairs.vn\/en\/wp-json\/wp\/v2\/product"}],"about":[{"href":"https:\/\/b2c.fairs.vn\/en\/wp-json\/wp\/v2\/types\/product"}],"replies":[{"embeddable":true,"href":"https:\/\/b2c.fairs.vn\/en\/wp-json\/wp\/v2\/comments?post=12229"}],"version-history":[{"count":0,"href":"https:\/\/b2c.fairs.vn\/en\/wp-json\/wp\/v2\/product\/12229\/revisions"}],"wp:featuredmedia":[{"embeddable":true,"href":"https:\/\/b2c.fairs.vn\/en\/wp-json\/wp\/v2\/media\/12230"}],"wp:attachment":[{"href":"https:\/\/b2c.fairs.vn\/en\/wp-json\/wp\/v2\/media?parent=12229"}],"wp:term":[{"taxonomy":"product_cat","embeddable":true,"href":"https:\/\/b2c.fairs.vn\/en\/wp-json\/wp\/v2\/product_cat?post=12229"},{"taxonomy":"product_tag","embeddable":true,"href":"https:\/\/b2c.fairs.vn\/en\/wp-json\/wp\/v2\/product_tag?post=12229"}],"curies":[{"name":"wp","href":"https:\/\/api.w.org\/{rel}","templated":true}]}}